{"id":91,"date":"2016-05-23T12:14:23","date_gmt":"2016-05-23T10:14:23","guid":{"rendered":"http:\/\/wordpress.nibis.de\/gsftssol\/?page_id=91"},"modified":"2020-06-03T09:07:22","modified_gmt":"2020-06-03T07:07:22","slug":"schulprofil","status":"publish","type":"page","link":"https:\/\/wordpress.nibis.de\/gsftssol\/schulprofil\/","title":{"rendered":"Einzugsbereiche&#8230;"},"content":{"rendered":"<p><strong><em>&#8230;unserer Freudenthalschule Soltau<\/em><\/strong><\/p>\n<p>Die Stadt Soltau hat seit dem 1.08.2013 neue Schulbezirke festgelegt. Es gelten damit die folgenden Gebiete:<\/p>\n<p style=\"text-align: justify\">Zum Einzugsbereich der Freudenthalschule &#8211; Grundschule 1 geh\u00f6ren die Westseite der Winsener Stra\u00dfe, alle westlich davon gelegenen Stra\u00dfen und alle n\u00f6rdlich der B\u00f6hmheide und der Bahnlinie Bremen &#8211; Soltau &#8211; Uelzen gelegenen Stra\u00dfen (ausgenommen Sch\u00e4fersort). Im Osten liegt die Grenze an der Ostseite der Charlottenstra\u00dfe.<br \/>\nDie Ortschaften Ahlften, Deimern, Dittmern, Wiedingen und Wolterdingen geh\u00f6ren weiterhin zu uns.<\/p>\n<blockquote>\n<div class=\"kleinerPfeil\">\n<map id=\"kleinerPfeil\" name=\"kleinerPfeil\"> <\/map>\n<\/div>\n<\/blockquote>\n","protected":false},"excerpt":{"rendered":"<p>&#8230;unserer Freudenthalschule Soltau Die Stadt Soltau hat seit dem 1.08.2013 neue Schulbezirke festgelegt. Es gelten damit die folgenden Gebiete: Zum Einzugsbereich der Freudenthalschule &#8211; Grundschule 1 geh\u00f6ren die Westseite der Winsener Stra\u00dfe, alle westlich davon gelegenen Stra\u00dfen und alle n\u00f6rdlich der B\u00f6hmheide und der Bahnlinie Bremen &#8211; Soltau &#8211; Uelzen gelegenen Stra\u00dfen (ausgenommen Sch\u00e4fersort). Im &hellip; <a href=\"https:\/\/wordpress.nibis.de\/gsftssol\/schulprofil\/\" class=\"more-link\">Weiterlesen <span class=\"screen-reader-text\">Einzugsbereiche&#8230;<\/span><\/a><\/p>\n","protected":false},"author":1010,"featured_media":976,"parent":0,"menu_order":0,"comment_status":"closed","ping_status":"closed","template":"","meta":{"footnotes":""},"class_list":["post-91","page","type-page","status-publish","has-post-thumbnail","hentry","with-featured-image"],"_links":{"self":[{"href":"https:\/\/wordpress.nibis.de\/gsftssol\/wp-json\/wp\/v2\/pages\/91","targetHints":{"allow":["GET"]}}],"collection":[{"href":"https:\/\/wordpress.nibis.de\/gsftssol\/wp-json\/wp\/v2\/pages"}],"about":[{"href":"https:\/\/wordpress.nibis.de\/gsftssol\/wp-json\/wp\/v2\/types\/page"}],"author":[{"embeddable":true,"href":"https:\/\/wordpress.nibis.de\/gsftssol\/wp-json\/wp\/v2\/users\/1010"}],"replies":[{"embeddable":true,"href":"https:\/\/wordpress.nibis.de\/gsftssol\/wp-json\/wp\/v2\/comments?post=91"}],"version-history":[{"count":15,"href":"https:\/\/wordpress.nibis.de\/gsftssol\/wp-json\/wp\/v2\/pages\/91\/revisions"}],"predecessor-version":[{"id":978,"href":"https:\/\/wordpress.nibis.de\/gsftssol\/wp-json\/wp\/v2\/pages\/91\/revisions\/978"}],"wp:featuredmedia":[{"embeddable":true,"href":"https:\/\/wordpress.nibis.de\/gsftssol\/wp-json\/wp\/v2\/media\/976"}],"wp:attachment":[{"href":"https:\/\/wordpress.nibis.de\/gsftssol\/wp-json\/wp\/v2\/media?parent=91"}],"curies":[{"name":"wp","href":"https:\/\/api.w.org\/{rel}","templated":true}]}}