{"id":1346,"date":"2026-04-07T22:56:05","date_gmt":"2026-04-07T20:56:05","guid":{"rendered":"https:\/\/wordpress.nibis.de\/gsgebruedergrimm\/?page_id=1346"},"modified":"2026-05-06T22:52:10","modified_gmt":"2026-05-06T20:52:10","slug":"aktuelles","status":"publish","type":"page","link":"https:\/\/wordpress.nibis.de\/gsgebruedergrimm\/aktuelles\/","title":{"rendered":"Aktuelles aus dem Schulleben"},"content":{"rendered":"\n<h4>April 2026<\/h4>\n<h3><strong>Ausflug der 1. Klassen in den Schaapskooi Bargerveen<\/strong><\/h3>\n<p>Als Abschluss ihrer Sachunterrichtseinheit zum Thema &#8222;Schaf&#8220; besuchten die beiden ersten Klassen den Schaapskooi Bargerveen. Bei strahlendem Sonnenschein konnten die Kinder gemeinsam mit den Naturparkrangern die Schafe auf die Weide begleiten und aus der Schafswolle einen kleinen Schl\u00fcsselanh\u00e4nger herstellen. Au\u00dferdem konnten die Kinder den Lebensraum Moor erkunden und die typischen Pflanzen, wie zum Beispiel Sonnentau oder Wollgras, entdecken.\u00a0<\/p>\n<p>Vielen Dank an das gesamte Team vom Naturpark f\u00fcr diesen tollen Vormittag!<\/p>\n\n\n\n<figure class=\"wp-block-image size-large\"><img loading=\"lazy\" decoding=\"async\" width=\"800\" height=\"600\" src=\"https:\/\/wordpress.nibis.de\/gsgebruedergrimm\/files\/2026\/05\/1000218157-5-800x600.jpg\" alt=\"\" class=\"wp-image-1396\" srcset=\"https:\/\/wordpress.nibis.de\/gsgebruedergrimm\/files\/2026\/05\/1000218157-5-800x600.jpg 800w, https:\/\/wordpress.nibis.de\/gsgebruedergrimm\/files\/2026\/05\/1000218157-5-300x225.jpg 300w, https:\/\/wordpress.nibis.de\/gsgebruedergrimm\/files\/2026\/05\/1000218157-5-768x576.jpg 768w, https:\/\/wordpress.nibis.de\/gsgebruedergrimm\/files\/2026\/05\/1000218157-5-100x75.jpg 100w, https:\/\/wordpress.nibis.de\/gsgebruedergrimm\/files\/2026\/05\/1000218157-5-1536x1152.jpg 1536w, https:\/\/wordpress.nibis.de\/gsgebruedergrimm\/files\/2026\/05\/1000218157-5-2048x1536.jpg 2048w, https:\/\/wordpress.nibis.de\/gsgebruedergrimm\/files\/2026\/05\/1000218157-5-360x270.jpg 360w\" sizes=\"auto, (max-width: 800px) 100vw, 800px\" \/><\/figure>\n\n\n\n<figure class=\"wp-block-gallery has-nested-images columns-default is-cropped wp-block-gallery-1 is-layout-flex wp-block-gallery-is-layout-flex\">\n<figure class=\"wp-block-image size-large\"><img loading=\"lazy\" decoding=\"async\" width=\"800\" height=\"600\" data-id=\"1395\" src=\"https:\/\/wordpress.nibis.de\/gsgebruedergrimm\/files\/2026\/05\/1000218184-4-800x600.jpg\" alt=\"\" class=\"wp-image-1395\" srcset=\"https:\/\/wordpress.nibis.de\/gsgebruedergrimm\/files\/2026\/05\/1000218184-4-800x600.jpg 800w, https:\/\/wordpress.nibis.de\/gsgebruedergrimm\/files\/2026\/05\/1000218184-4-300x225.jpg 300w, https:\/\/wordpress.nibis.de\/gsgebruedergrimm\/files\/2026\/05\/1000218184-4-768x576.jpg 768w, https:\/\/wordpress.nibis.de\/gsgebruedergrimm\/files\/2026\/05\/1000218184-4-100x75.jpg 100w, https:\/\/wordpress.nibis.de\/gsgebruedergrimm\/files\/2026\/05\/1000218184-4-1536x1152.jpg 1536w, https:\/\/wordpress.nibis.de\/gsgebruedergrimm\/files\/2026\/05\/1000218184-4-2048x1536.jpg 2048w, https:\/\/wordpress.nibis.de\/gsgebruedergrimm\/files\/2026\/05\/1000218184-4-360x270.jpg 360w\" sizes=\"auto, (max-width: 800px) 100vw, 800px\" \/><\/figure>\n\n\n\n<figure class=\"wp-block-image size-large\"><img loading=\"lazy\" decoding=\"async\" width=\"800\" height=\"600\" data-id=\"1394\" src=\"https:\/\/wordpress.nibis.de\/gsgebruedergrimm\/files\/2026\/05\/1000218164-2-800x600.jpg\" alt=\"\" class=\"wp-image-1394\" srcset=\"https:\/\/wordpress.nibis.de\/gsgebruedergrimm\/files\/2026\/05\/1000218164-2-800x600.jpg 800w, https:\/\/wordpress.nibis.de\/gsgebruedergrimm\/files\/2026\/05\/1000218164-2-300x225.jpg 300w, https:\/\/wordpress.nibis.de\/gsgebruedergrimm\/files\/2026\/05\/1000218164-2-768x576.jpg 768w, https:\/\/wordpress.nibis.de\/gsgebruedergrimm\/files\/2026\/05\/1000218164-2-100x75.jpg 100w, https:\/\/wordpress.nibis.de\/gsgebruedergrimm\/files\/2026\/05\/1000218164-2-1536x1152.jpg 1536w, https:\/\/wordpress.nibis.de\/gsgebruedergrimm\/files\/2026\/05\/1000218164-2-2048x1536.jpg 2048w, https:\/\/wordpress.nibis.de\/gsgebruedergrimm\/files\/2026\/05\/1000218164-2-360x270.jpg 360w\" sizes=\"auto, (max-width: 800px) 100vw, 800px\" \/><\/figure>\n\n\n\n<figure class=\"wp-block-image size-large\"><img loading=\"lazy\" decoding=\"async\" width=\"800\" height=\"600\" data-id=\"1393\" src=\"https:\/\/wordpress.nibis.de\/gsgebruedergrimm\/files\/2026\/05\/1000218179-3-800x600.jpg\" alt=\"\" class=\"wp-image-1393\" srcset=\"https:\/\/wordpress.nibis.de\/gsgebruedergrimm\/files\/2026\/05\/1000218179-3-800x600.jpg 800w, https:\/\/wordpress.nibis.de\/gsgebruedergrimm\/files\/2026\/05\/1000218179-3-300x225.jpg 300w, https:\/\/wordpress.nibis.de\/gsgebruedergrimm\/files\/2026\/05\/1000218179-3-768x576.jpg 768w, https:\/\/wordpress.nibis.de\/gsgebruedergrimm\/files\/2026\/05\/1000218179-3-100x75.jpg 100w, https:\/\/wordpress.nibis.de\/gsgebruedergrimm\/files\/2026\/05\/1000218179-3-1536x1152.jpg 1536w, https:\/\/wordpress.nibis.de\/gsgebruedergrimm\/files\/2026\/05\/1000218179-3-2048x1536.jpg 2048w, https:\/\/wordpress.nibis.de\/gsgebruedergrimm\/files\/2026\/05\/1000218179-3-360x270.jpg 360w\" sizes=\"auto, (max-width: 800px) 100vw, 800px\" \/><\/figure>\n<\/figure>\n\n\n\n<h4>\u00a0<\/h4>\n<h4>M\u00e4rz 2026<\/h4>\n<h3><strong>Kreatives Upcycling-Projekt\u00a0 &#8222;Aus alt mach neu&#8220; mit dem Kindergarten<\/strong><\/h3>\n<p>Gemeinsam kreativ sein \u2013 das konnten unsere Grundschulkinder und die Kinder des Kindergartens bei unserem j\u00fcngsten Projekt. In gemischten Gruppen entstanden aus alten Materialien wie Milcht\u00fcten, Gl\u00e4sern, Plastikflaschen, Konservendosen und vielem mehr kleine, bunte Kunstwerke. Ein herzliches Dankesch\u00f6n an alle, die im Vorfeld flei\u00dfig Materialien gesammelt haben und so dieses wunderbare Projekt m\u00f6glich gemacht haben! Die Ergebnisse des Projekttages wurden einen Tag sp\u00e4ter in Form einer Ausstellung in der Turnhalle pr\u00e4sentiert.<\/p>\n<p>Auf den beiden Collagen sind einige der entstandenen Kunstwerke zu sehen.<\/p>\n\n\n\n<figure class=\"wp-block-gallery has-nested-images columns-default is-cropped wp-block-gallery-2 is-layout-flex wp-block-gallery-is-layout-flex\">\n<figure class=\"wp-block-image size-large\"><img loading=\"lazy\" decoding=\"async\" width=\"600\" height=\"600\" data-id=\"1390\" src=\"https:\/\/wordpress.nibis.de\/gsgebruedergrimm\/files\/2026\/05\/1000217875-600x600.jpg\" alt=\"\" class=\"wp-image-1390\" srcset=\"https:\/\/wordpress.nibis.de\/gsgebruedergrimm\/files\/2026\/05\/1000217875-600x600.jpg 600w, https:\/\/wordpress.nibis.de\/gsgebruedergrimm\/files\/2026\/05\/1000217875-300x300.jpg 300w, https:\/\/wordpress.nibis.de\/gsgebruedergrimm\/files\/2026\/05\/1000217875-150x150.jpg 150w, https:\/\/wordpress.nibis.de\/gsgebruedergrimm\/files\/2026\/05\/1000217875-768x768.jpg 768w, https:\/\/wordpress.nibis.de\/gsgebruedergrimm\/files\/2026\/05\/1000217875-100x100.jpg 100w, https:\/\/wordpress.nibis.de\/gsgebruedergrimm\/files\/2026\/05\/1000217875-1536x1536.jpg 1536w, https:\/\/wordpress.nibis.de\/gsgebruedergrimm\/files\/2026\/05\/1000217875-2048x2048.jpg 2048w, https:\/\/wordpress.nibis.de\/gsgebruedergrimm\/files\/2026\/05\/1000217875-270x270.jpg 270w\" sizes=\"auto, (max-width: 600px) 100vw, 600px\" \/><\/figure>\n\n\n\n<figure class=\"wp-block-image size-large\"><img loading=\"lazy\" decoding=\"async\" width=\"600\" height=\"600\" data-id=\"1389\" src=\"https:\/\/wordpress.nibis.de\/gsgebruedergrimm\/files\/2026\/05\/1000217876-600x600.jpg\" alt=\"\" class=\"wp-image-1389\" srcset=\"https:\/\/wordpress.nibis.de\/gsgebruedergrimm\/files\/2026\/05\/1000217876-600x600.jpg 600w, https:\/\/wordpress.nibis.de\/gsgebruedergrimm\/files\/2026\/05\/1000217876-300x300.jpg 300w, https:\/\/wordpress.nibis.de\/gsgebruedergrimm\/files\/2026\/05\/1000217876-150x150.jpg 150w, https:\/\/wordpress.nibis.de\/gsgebruedergrimm\/files\/2026\/05\/1000217876-768x768.jpg 768w, https:\/\/wordpress.nibis.de\/gsgebruedergrimm\/files\/2026\/05\/1000217876-100x100.jpg 100w, https:\/\/wordpress.nibis.de\/gsgebruedergrimm\/files\/2026\/05\/1000217876-1536x1536.jpg 1536w, https:\/\/wordpress.nibis.de\/gsgebruedergrimm\/files\/2026\/05\/1000217876-2048x2048.jpg 2048w, https:\/\/wordpress.nibis.de\/gsgebruedergrimm\/files\/2026\/05\/1000217876-270x270.jpg 270w\" sizes=\"auto, (max-width: 600px) 100vw, 600px\" \/><\/figure>\n<\/figure>\n","protected":false},"excerpt":{"rendered":"<p>April 2026 Ausflug der 1. Klassen in den Schaapskooi Bargerveen Als Abschluss ihrer Sachunterrichtseinheit zum Thema &#8222;Schaf&#8220; besuchten die beiden ersten Klassen den Schaapskooi Bargerveen. Bei strahlendem Sonnenschein konnten die Kinder gemeinsam mit den Naturparkrangern die Schafe auf die Weide begleiten und aus der Schafswolle einen kleinen Schl\u00fcsselanh\u00e4nger herstellen. Au\u00dferdem konnten die Kinder den Lebensraum Moor erkunden und die typischen Pflanzen, wie zum Beispiel Sonnentau oder Wollgras, entdecken.\u00a0 Vielen Dank an das gesamte Team vom Naturpark f\u00fcr diesen tollen Vormittag!&#8230;<\/p>\n<p class=\"read-more\"><a class=\"btn btn-default\" href=\"https:\/\/wordpress.nibis.de\/gsgebruedergrimm\/aktuelles\/\">Weiterlesen<span class=\"screen-reader-text\"> Weiterlesen<\/span><\/a><\/p>\n","protected":false},"author":9192624,"featured_media":0,"parent":0,"menu_order":0,"comment_status":"closed","ping_status":"closed","template":"","meta":{"footnotes":""},"class_list":["post-1346","page","type-page","status-publish","hentry"],"_links":{"self":[{"href":"https:\/\/wordpress.nibis.de\/gsgebruedergrimm\/wp-json\/wp\/v2\/pages\/1346","targetHints":{"allow":["GET"]}}],"collection":[{"href":"https:\/\/wordpress.nibis.de\/gsgebruedergrimm\/wp-json\/wp\/v2\/pages"}],"about":[{"href":"https:\/\/wordpress.nibis.de\/gsgebruedergrimm\/wp-json\/wp\/v2\/types\/page"}],"author":[{"embeddable":true,"href":"https:\/\/wordpress.nibis.de\/gsgebruedergrimm\/wp-json\/wp\/v2\/users\/9192624"}],"replies":[{"embeddable":true,"href":"https:\/\/wordpress.nibis.de\/gsgebruedergrimm\/wp-json\/wp\/v2\/comments?post=1346"}],"version-history":[{"count":13,"href":"https:\/\/wordpress.nibis.de\/gsgebruedergrimm\/wp-json\/wp\/v2\/pages\/1346\/revisions"}],"predecessor-version":[{"id":1399,"href":"https:\/\/wordpress.nibis.de\/gsgebruedergrimm\/wp-json\/wp\/v2\/pages\/1346\/revisions\/1399"}],"wp:attachment":[{"href":"https:\/\/wordpress.nibis.de\/gsgebruedergrimm\/wp-json\/wp\/v2\/media?parent=1346"}],"curies":[{"name":"wp","href":"https:\/\/api.w.org\/{rel}","templated":true}]}}