{"id":28,"date":"2018-07-27T11:45:55","date_gmt":"2018-07-27T09:45:55","guid":{"rendered":"http:\/\/wordpress.nibis.de\/gsgebruedergrimm\/?page_id=28"},"modified":"2018-10-25T08:44:44","modified_gmt":"2018-10-25T06:44:44","slug":"schulsozialarbeit","status":"publish","type":"page","link":"https:\/\/wordpress.nibis.de\/gsgebruedergrimm\/schule\/schulsozialarbeit\/","title":{"rendered":"Schulsozialarbeit"},"content":{"rendered":"<p>Seit 2012 haben wir an unserer Schule eine Schulsozialarbeiterin, die auch f\u00fcr die drei weiteren Grundschulen in der Gemeinde Geeste t\u00e4tig ist. Seit dem Schuljahr 2017\/18 ist Frau Sandra Backhaus an unserer Schule als Schulsozialarbeiterin eingesetzt.<\/p>\n<p>Hier sind ihre Kontaktdaten:<\/p>\n<p style=\"text-align: center\"><strong>Tel: 0175\/2228990<\/strong><\/p>\n<p style=\"text-align: center\"><strong>Email: S&#99;&#x68;&#x75;l&#115;&#x6f;&#x7a;i&#97;&#x6c;&#x61;r&#98;&#x65;&#x69;t&#64;&#x67;&#x65;e&#115;&#116;&#x65;&#x2e;d&#101;<\/strong><\/p>\n<p>Neben wichtigen Gespr\u00e4chen mit Eltern, Sch\u00fclern und Lehrern f\u00fchrt Frau Backhaus in jedem Schuljahr in einigen Klassen Sozialtrainings zu ausgew\u00e4hlten Themen durch.<\/p>\n<p><img loading=\"lazy\" decoding=\"async\" class=\"aligncenter wp-image-192 size-medium\" src=\"http:\/\/wordpress.nibis.de\/gsgebruedergrimm\/files\/2018\/10\/Sozialtraining-300x225.jpg\" alt=\"\" width=\"300\" height=\"225\" srcset=\"https:\/\/wordpress.nibis.de\/gsgebruedergrimm\/files\/2018\/10\/Sozialtraining-300x225.jpg 300w, https:\/\/wordpress.nibis.de\/gsgebruedergrimm\/files\/2018\/10\/Sozialtraining-768x576.jpg 768w, https:\/\/wordpress.nibis.de\/gsgebruedergrimm\/files\/2018\/10\/Sozialtraining.jpg 800w\" sizes=\"auto, (max-width: 300px) 100vw, 300px\" \/><\/p>\n","protected":false},"excerpt":{"rendered":"<p>Seit 2012 haben wir an unserer Schule eine Schulsozialarbeiterin, die auch f\u00fcr die drei weiteren Grundschulen in der Gemeinde Geeste t\u00e4tig ist. Seit dem Schuljahr 2017\/18 ist Frau Sandra Backhaus an unserer Schule als Schulsozialarbeiterin eingesetzt. Hier sind ihre Kontaktdaten: Tel: 0175\/2228990 Email: S&#99;&#x68;&#x75;l&#115;&#x6f;&#x7a;i&#97;&#x6c;&#x61;r&#98;&#x65;&#x69;t&#64;&#x67;&#x65;e&#115;&#116;&#x65;&#x2e;d&#101; Neben wichtigen Gespr\u00e4chen mit Eltern, Sch\u00fclern und Lehrern f\u00fchrt Frau Backhaus in jedem Schuljahr in einigen Klassen Sozialtrainings zu ausgew\u00e4hlten Themen durch.<\/p>\n","protected":false},"author":9192624,"featured_media":0,"parent":20,"menu_order":4,"comment_status":"closed","ping_status":"closed","template":"","meta":{"footnotes":""},"class_list":["post-28","page","type-page","status-publish","hentry"],"_links":{"self":[{"href":"https:\/\/wordpress.nibis.de\/gsgebruedergrimm\/wp-json\/wp\/v2\/pages\/28","targetHints":{"allow":["GET"]}}],"collection":[{"href":"https:\/\/wordpress.nibis.de\/gsgebruedergrimm\/wp-json\/wp\/v2\/pages"}],"about":[{"href":"https:\/\/wordpress.nibis.de\/gsgebruedergrimm\/wp-json\/wp\/v2\/types\/page"}],"author":[{"embeddable":true,"href":"https:\/\/wordpress.nibis.de\/gsgebruedergrimm\/wp-json\/wp\/v2\/users\/9192624"}],"replies":[{"embeddable":true,"href":"https:\/\/wordpress.nibis.de\/gsgebruedergrimm\/wp-json\/wp\/v2\/comments?post=28"}],"version-history":[{"count":5,"href":"https:\/\/wordpress.nibis.de\/gsgebruedergrimm\/wp-json\/wp\/v2\/pages\/28\/revisions"}],"predecessor-version":[{"id":193,"href":"https:\/\/wordpress.nibis.de\/gsgebruedergrimm\/wp-json\/wp\/v2\/pages\/28\/revisions\/193"}],"up":[{"embeddable":true,"href":"https:\/\/wordpress.nibis.de\/gsgebruedergrimm\/wp-json\/wp\/v2\/pages\/20"}],"wp:attachment":[{"href":"https:\/\/wordpress.nibis.de\/gsgebruedergrimm\/wp-json\/wp\/v2\/media?parent=28"}],"curies":[{"name":"wp","href":"https:\/\/api.w.org\/{rel}","templated":true}]}}