{"id":282,"date":"2019-02-08T12:29:01","date_gmt":"2019-02-08T11:29:01","guid":{"rendered":"https:\/\/wordpress.nibis.de\/gsgebruedergrimm\/?page_id=282"},"modified":"2024-09-12T08:40:58","modified_gmt":"2024-09-12T06:40:58","slug":"streitschlichter","status":"publish","type":"page","link":"https:\/\/wordpress.nibis.de\/gsgebruedergrimm\/schule\/streitschlichter\/","title":{"rendered":"Streitschlichter"},"content":{"rendered":"<p>In der Schule kommt es manchmal vor, dass Kinder sich streiten. Wenn es den Streitenden nicht gelingt, den Streit allein zu l\u00f6sen, k\u00f6nnen sie sich an unsere Streitschlichter wenden. Diese sind in den Pausen gut an den Warnwesten, die sie tragen, zu erkennen.\u00a0 Au\u00dferdem steht auf einer Tafel in der Pausenhalle, welcher Streitschlichter wann &#8222;Dienst&#8220; hat.<\/p>\n<p>Streitschlichter werden k\u00f6nnen alle Sch\u00fcler und Sch\u00fclerinnen aus Klasse 3 und 4. In einer Ausbildung, die ein halbes Jahr dauert, lernen die Kinder wie man einen Streit l\u00f6st. Die Ausbildung wird mit einer Pr\u00fcfung abgeschlossen. Nach erfolgreich bestandener Pr\u00fcfung werden die Streitschlichter schlie\u00dflich f\u00fcr ihren Dienst eingeteilt.<\/p>\n<p>Wir freuen uns, dass wir viele motivierte Sch\u00fcler und Sch\u00fclerinnen haben, die freiwillig die Ausbildung absolvieren und die wichtige Funktion als Streitschlichter an unserer Schule \u00fcbernehmen!<\/p>\n","protected":false},"excerpt":{"rendered":"<p>In der Schule kommt es manchmal vor, dass Kinder sich streiten. Wenn es den Streitenden nicht gelingt, den Streit allein zu l\u00f6sen, k\u00f6nnen sie sich an unsere Streitschlichter wenden. Diese sind in den Pausen gut an den Warnwesten, die sie tragen, zu erkennen.\u00a0 Au\u00dferdem steht auf einer Tafel in der Pausenhalle, welcher Streitschlichter wann &#8222;Dienst&#8220; hat. Streitschlichter werden k\u00f6nnen alle Sch\u00fcler und Sch\u00fclerinnen aus Klasse 3 und 4. In einer Ausbildung, die ein halbes Jahr dauert, lernen die Kinder wie&#8230;<\/p>\n<p class=\"read-more\"><a class=\"btn btn-default\" href=\"https:\/\/wordpress.nibis.de\/gsgebruedergrimm\/schule\/streitschlichter\/\">Weiterlesen<span class=\"screen-reader-text\"> Weiterlesen<\/span><\/a><\/p>\n","protected":false},"author":9192624,"featured_media":0,"parent":20,"menu_order":7,"comment_status":"closed","ping_status":"closed","template":"","meta":{"footnotes":""},"class_list":["post-282","page","type-page","status-publish","hentry"],"_links":{"self":[{"href":"https:\/\/wordpress.nibis.de\/gsgebruedergrimm\/wp-json\/wp\/v2\/pages\/282","targetHints":{"allow":["GET"]}}],"collection":[{"href":"https:\/\/wordpress.nibis.de\/gsgebruedergrimm\/wp-json\/wp\/v2\/pages"}],"about":[{"href":"https:\/\/wordpress.nibis.de\/gsgebruedergrimm\/wp-json\/wp\/v2\/types\/page"}],"author":[{"embeddable":true,"href":"https:\/\/wordpress.nibis.de\/gsgebruedergrimm\/wp-json\/wp\/v2\/users\/9192624"}],"replies":[{"embeddable":true,"href":"https:\/\/wordpress.nibis.de\/gsgebruedergrimm\/wp-json\/wp\/v2\/comments?post=282"}],"version-history":[{"count":6,"href":"https:\/\/wordpress.nibis.de\/gsgebruedergrimm\/wp-json\/wp\/v2\/pages\/282\/revisions"}],"predecessor-version":[{"id":1051,"href":"https:\/\/wordpress.nibis.de\/gsgebruedergrimm\/wp-json\/wp\/v2\/pages\/282\/revisions\/1051"}],"up":[{"embeddable":true,"href":"https:\/\/wordpress.nibis.de\/gsgebruedergrimm\/wp-json\/wp\/v2\/pages\/20"}],"wp:attachment":[{"href":"https:\/\/wordpress.nibis.de\/gsgebruedergrimm\/wp-json\/wp\/v2\/media?parent=282"}],"curies":[{"name":"wp","href":"https:\/\/api.w.org\/{rel}","templated":true}]}}