{"id":32,"date":"2018-07-27T11:47:20","date_gmt":"2018-07-27T09:47:20","guid":{"rendered":"http:\/\/wordpress.nibis.de\/gsgebruedergrimm\/?page_id=32"},"modified":"2022-09-22T10:14:27","modified_gmt":"2022-09-22T08:14:27","slug":"schuelervertretung","status":"publish","type":"page","link":"https:\/\/wordpress.nibis.de\/gsgebruedergrimm\/schule\/schuelervertretung\/","title":{"rendered":"Sch\u00fclervertretung"},"content":{"rendered":"<p>Die Sch\u00fclervertretung setzt sich aus den KlassensprecherInnen der einzelnen Klassen zusammen. In regelm\u00e4\u00dfigen Abst\u00e4nden trifft sich die Sch\u00fclervertretung, um W\u00fcnsche oder Anregungen von Sch\u00fclern oder einzelnen Klassen vorzutragen. Au\u00dferdem w\u00e4hlt die Sch\u00fclervertretung die Sch\u00fclersprechInnen.<\/p>\n<p>Wenn ihr als Sch\u00fclerIn W\u00fcnsche oder Verbesserungsvorschl\u00e4ge habt, dann wendet euch an eure jeweiligen KlassensprecherInnen. Sie k\u00f6nnen diese beim n\u00e4chsten gemeinsamen Treffen ansprechen und diskutieren.<\/p>\n<p style=\"text-align: center\">\n","protected":false},"excerpt":{"rendered":"<p>Die Sch\u00fclervertretung setzt sich aus den KlassensprecherInnen der einzelnen Klassen zusammen. In regelm\u00e4\u00dfigen Abst\u00e4nden trifft sich die Sch\u00fclervertretung, um W\u00fcnsche oder Anregungen von Sch\u00fclern oder einzelnen Klassen vorzutragen. Au\u00dferdem w\u00e4hlt die Sch\u00fclervertretung die Sch\u00fclersprechInnen. Wenn ihr als Sch\u00fclerIn W\u00fcnsche oder Verbesserungsvorschl\u00e4ge habt, dann wendet euch an eure jeweiligen KlassensprecherInnen. Sie k\u00f6nnen diese beim n\u00e4chsten gemeinsamen Treffen ansprechen und diskutieren.<\/p>\n","protected":false},"author":9192624,"featured_media":0,"parent":20,"menu_order":6,"comment_status":"closed","ping_status":"closed","template":"","meta":{"footnotes":""},"class_list":["post-32","page","type-page","status-publish","hentry"],"_links":{"self":[{"href":"https:\/\/wordpress.nibis.de\/gsgebruedergrimm\/wp-json\/wp\/v2\/pages\/32","targetHints":{"allow":["GET"]}}],"collection":[{"href":"https:\/\/wordpress.nibis.de\/gsgebruedergrimm\/wp-json\/wp\/v2\/pages"}],"about":[{"href":"https:\/\/wordpress.nibis.de\/gsgebruedergrimm\/wp-json\/wp\/v2\/types\/page"}],"author":[{"embeddable":true,"href":"https:\/\/wordpress.nibis.de\/gsgebruedergrimm\/wp-json\/wp\/v2\/users\/9192624"}],"replies":[{"embeddable":true,"href":"https:\/\/wordpress.nibis.de\/gsgebruedergrimm\/wp-json\/wp\/v2\/comments?post=32"}],"version-history":[{"count":11,"href":"https:\/\/wordpress.nibis.de\/gsgebruedergrimm\/wp-json\/wp\/v2\/pages\/32\/revisions"}],"predecessor-version":[{"id":833,"href":"https:\/\/wordpress.nibis.de\/gsgebruedergrimm\/wp-json\/wp\/v2\/pages\/32\/revisions\/833"}],"up":[{"embeddable":true,"href":"https:\/\/wordpress.nibis.de\/gsgebruedergrimm\/wp-json\/wp\/v2\/pages\/20"}],"wp:attachment":[{"href":"https:\/\/wordpress.nibis.de\/gsgebruedergrimm\/wp-json\/wp\/v2\/media?parent=32"}],"curies":[{"name":"wp","href":"https:\/\/api.w.org\/{rel}","templated":true}]}}