{"id":34,"date":"2018-07-27T11:47:41","date_gmt":"2018-07-27T09:47:41","guid":{"rendered":"http:\/\/wordpress.nibis.de\/gsgebruedergrimm\/?page_id=34"},"modified":"2026-04-07T22:18:14","modified_gmt":"2026-04-07T20:18:14","slug":"schulelternrat","status":"publish","type":"page","link":"https:\/\/wordpress.nibis.de\/gsgebruedergrimm\/schule\/schulelternrat\/","title":{"rendered":"Schulelternrat"},"content":{"rendered":"<p>Zu Beginn des neuen Schuljahres findet in jeder Klasse ein Elternabend statt. An diesem Abend werden insbesondere Inhalte und Ziele des laufenden Schuljahres von den jeweiligen Klassenlehrern erl\u00e4utert. In den Klassen 1 und 3 werden zwei Elternvertreter als Klassenelternratsvorsitzende f\u00fcr die folgenden zwei Jahre gew\u00e4hlt.<\/p>\n<p>Der Schulelternrat wird aus den Klassenelternratsvorsitzenden einer jeden Klasse gebildet. Er stellt das Bindeglied zwischen Elternschaft und Schule her, vertritt die Interessen der Eltern, gibt Anregungen f\u00fcr die weitere Arbeit der Schule und ist an vielen Entscheidungen, die die Schule betreffen, beteiligt.<\/p>\n<p>Folgende Eltern haben ein ehrenamtliches Mandat \u00fcbernommen:<\/p>\n<p><em><strong>Klassenelternr\u00e4te<\/strong>:<\/em><\/p>\n<table style=\"height: 85px;width: 98.9483%;border-collapse: collapse\" border=\"1\">\n<tbody>\n<tr style=\"height: 32px\">\n<td style=\"width: 14.3402%;height: 35px;background-color: #d4d2d2;text-align: center\"><strong>Klasse 1a<\/strong><\/td>\n<td style=\"width: 18.036%;background-color: #d4d2d2;height: 35px;text-align: center\"><strong>Klasse 1b<br \/><\/strong><\/td>\n<td style=\"width: 16.9202%;height: 35px;background-color: #d4d2d2;text-align: center\"><strong>Klasse 2a<br \/><\/strong><\/td>\n<td style=\"width: 14.8752%;background-color: #d4d2d2;height: 35px;text-align: center\"><strong>Klasse 2b<\/strong><\/td>\n<td style=\"width: 19.0669%;height: 35px;background-color: #d4d2d2;text-align: center\"><strong>Klasse 3<\/strong><\/td>\n<td style=\"width: 16.5304%;height: 35px;background-color: #d4d2d2;text-align: center\"><strong>Klasse 4<\/strong><\/td>\n<\/tr>\n<tr style=\"height: 32px\">\n<td style=\"width: 14.3402%;height: 32px;background-color: #d4d2d2;text-align: center\">Jorina Teipen<\/td>\n<td style=\"width: 18.036%;background-color: #d4d2d2;height: 32px;text-align: center\">Katharina Wilmes<\/td>\n<td style=\"width: 16.9202%;height: 32px;background-color: #d4d2d2;text-align: center\">Claudia Kleine<\/td>\n<td style=\"width: 14.8752%;background-color: #d4d2d2;height: 32px;text-align: center\">Karin Penning<\/td>\n<td style=\"width: 19.0669%;height: 32px;background-color: #d4d2d2;text-align: center\">Natali L\u00fcch<\/td>\n<td style=\"width: 16.5304%;height: 32px;background-color: #d4d2d2;text-align: center\">Birgit Leitmann<\/td>\n<\/tr>\n<tr style=\"height: 61px\">\n<td style=\"width: 14.3402%;height: 18px;background-color: #d4d2d2;text-align: center\">Kristin Jansen<\/td>\n<td style=\"width: 18.036%;background-color: #d4d2d2;height: 18px;text-align: center\">Natalie N\u00fcnning<\/td>\n<td style=\"width: 16.9202%;height: 18px;background-color: #d4d2d2;text-align: center\">Daniela Knoll<\/td>\n<td style=\"width: 14.8752%;background-color: #d4d2d2;height: 18px;text-align: center\">Jana Kurze<\/td>\n<td style=\"width: 19.0669%;height: 18px;background-color: #d4d2d2;text-align: center\">Ines Kramer<\/td>\n<td style=\"width: 16.5304%;height: 18px;background-color: #d4d2d2;text-align: center\">Heiner Kalmer<\/td>\n<\/tr>\n<\/tbody>\n<\/table>\n<p><em><strong>Elternvertreter im Schulvorstand und in der Gesamtkonferenz: <\/strong><\/em>Karin Penning (1. Vorsitzende), Natali L\u00fcch (2. Vorsitzende), Heiner Kalmer, Birgit Leitmann<strong><br \/><\/strong><\/p>\n<p><em><strong>Gemeindeelternrat: <\/strong><\/em>Kristin Jansen, Katharina Wilmes<strong><br \/><\/strong><\/p>\n<p><em><strong>Kreiselternrat: <\/strong><\/em>Kristin Jansen, Ines Kramer<strong><br \/><\/strong><\/p>\n<p><em><strong>Kassenwart:<\/strong><\/em> Heiner Kalmer<\/p>\n\n","protected":false},"excerpt":{"rendered":"<p>Zu Beginn des neuen Schuljahres findet in jeder Klasse ein Elternabend statt. An diesem Abend werden insbesondere Inhalte und Ziele des laufenden Schuljahres von den jeweiligen Klassenlehrern erl\u00e4utert. In den Klassen 1 und 3 werden zwei Elternvertreter als Klassenelternratsvorsitzende f\u00fcr die folgenden zwei Jahre gew\u00e4hlt. Der Schulelternrat wird aus den Klassenelternratsvorsitzenden einer jeden Klasse gebildet. Er stellt das Bindeglied zwischen Elternschaft und Schule her, vertritt die Interessen der Eltern, gibt Anregungen f\u00fcr die weitere Arbeit der Schule und ist an&#8230;<\/p>\n<p class=\"read-more\"><a class=\"btn btn-default\" href=\"https:\/\/wordpress.nibis.de\/gsgebruedergrimm\/schule\/schulelternrat\/\">Weiterlesen<span class=\"screen-reader-text\"> Weiterlesen<\/span><\/a><\/p>\n","protected":false},"author":9192624,"featured_media":0,"parent":20,"menu_order":7,"comment_status":"closed","ping_status":"closed","template":"","meta":{"footnotes":""},"class_list":["post-34","page","type-page","status-publish","hentry"],"_links":{"self":[{"href":"https:\/\/wordpress.nibis.de\/gsgebruedergrimm\/wp-json\/wp\/v2\/pages\/34","targetHints":{"allow":["GET"]}}],"collection":[{"href":"https:\/\/wordpress.nibis.de\/gsgebruedergrimm\/wp-json\/wp\/v2\/pages"}],"about":[{"href":"https:\/\/wordpress.nibis.de\/gsgebruedergrimm\/wp-json\/wp\/v2\/types\/page"}],"author":[{"embeddable":true,"href":"https:\/\/wordpress.nibis.de\/gsgebruedergrimm\/wp-json\/wp\/v2\/users\/9192624"}],"replies":[{"embeddable":true,"href":"https:\/\/wordpress.nibis.de\/gsgebruedergrimm\/wp-json\/wp\/v2\/comments?post=34"}],"version-history":[{"count":20,"href":"https:\/\/wordpress.nibis.de\/gsgebruedergrimm\/wp-json\/wp\/v2\/pages\/34\/revisions"}],"predecessor-version":[{"id":1328,"href":"https:\/\/wordpress.nibis.de\/gsgebruedergrimm\/wp-json\/wp\/v2\/pages\/34\/revisions\/1328"}],"up":[{"embeddable":true,"href":"https:\/\/wordpress.nibis.de\/gsgebruedergrimm\/wp-json\/wp\/v2\/pages\/20"}],"wp:attachment":[{"href":"https:\/\/wordpress.nibis.de\/gsgebruedergrimm\/wp-json\/wp\/v2\/media?parent=34"}],"curies":[{"name":"wp","href":"https:\/\/api.w.org\/{rel}","templated":true}]}}