{"id":40,"date":"2018-07-27T11:49:37","date_gmt":"2018-07-27T09:49:37","guid":{"rendered":"http:\/\/wordpress.nibis.de\/gsgebruedergrimm\/?page_id=40"},"modified":"2022-10-10T12:52:12","modified_gmt":"2022-10-10T10:52:12","slug":"leitbild","status":"publish","type":"page","link":"https:\/\/wordpress.nibis.de\/gsgebruedergrimm\/informationen\/leitbild\/","title":{"rendered":"Leitbild"},"content":{"rendered":"<p style=\"text-align: center\"><span style=\"font-size: 14pt\"><strong>\u201eIn jedem Kind das Besondere sehen\u201c<\/strong><\/span><\/p>\n<p>Wir sind eine Verl\u00e4ssliche Grundschule mit offenem Ganztagsangebot f\u00fcr <u>alle<\/u> Kinder aus Osterbrock, Bramhar und Varloh.<\/p>\n<p><strong>Wir, <\/strong>alle am Schulleben Beteiligten, insbesondere: Sch\u00fclerinnen und Sch\u00fcler, Eltern, Lehrerinnen und Lehrer, p\u00e4dagogische Mitarbeiterinnen und die Schulsozialarbeiterin streben als Grundlage unserer Arbeit die Teamf\u00e4higkeit aller Beteiligten an. Im Mittelpunkt sehen wir jedes einzelne Kind. Daraus ergeben sich folgende Leits\u00e4tze.<\/p>\n<ol>\n<li>Wir gehen freundlich und offen miteinander um. Wir leben und lernen gemeinsam, verhalten uns dabei hilfsbereit und r\u00fccksichtsvoll und legen besonderen Wert auf das soziale Lernen.<\/li>\n<li>Wir nehmen die F\u00e4higkeiten der Sch\u00fclerinnen und Sch\u00fcler in den Blick und nutzen diese, um jedes Kind individuell zu f\u00f6rdern und zu fordern und positiv zu st\u00e4rken. Wir unterst\u00fctzen die Kinder bei der Entwicklung ihrer Pers\u00f6nlichkeit, damit sie ihren Platz in der Gemeinschaft finden.<\/li>\n<li>Wir leisten als Sportfreundliche Schule mit unterschiedlichen Bewegungsangeboten und Projekten einen Beitrag zur Gesundheitsf\u00f6rderung der Kinder.<\/li>\n<li>Wir legen als Naturparkschule besonderen Wert auf einen verantwortungsvollen Umgang mit der Natur und Umwelt.<\/li>\n<li>Wir \u00fcbernehmen Verantwortung zum Wohle des Kindes und l\u00f6sen Probleme gemeinsam. Dabei legen wir Wert auf die Zusammenarbeit mit dem Kindergarten St. Isidor, den Schulen des Schulverbundes, den weiterf\u00fchrenden Schulen und anderen Bildungs- und Beratungseinrichtungen.<\/li>\n<li>Wir bilden uns kontinuierlich weiter, um Sch\u00fclerinnen und Sch\u00fcler kompetent zu unterst\u00fctzen sowie Eltern zu informieren und zu beraten. Wir legen Wert auf eine gute Kooperation im Kollegium und den Austausch im Team.<\/li>\n<\/ol>\n","protected":false},"excerpt":{"rendered":"<p>\u201eIn jedem Kind das Besondere sehen\u201c Wir sind eine Verl\u00e4ssliche Grundschule mit offenem Ganztagsangebot f\u00fcr alle Kinder aus Osterbrock, Bramhar und Varloh. Wir, alle am Schulleben Beteiligten, insbesondere: Sch\u00fclerinnen und Sch\u00fcler, Eltern, Lehrerinnen und Lehrer, p\u00e4dagogische Mitarbeiterinnen und die Schulsozialarbeiterin streben als Grundlage unserer Arbeit die Teamf\u00e4higkeit aller Beteiligten an. Im Mittelpunkt sehen wir jedes einzelne Kind. Daraus ergeben sich folgende Leits\u00e4tze. Wir gehen freundlich und offen miteinander um. Wir leben und lernen gemeinsam, verhalten uns dabei hilfsbereit und r\u00fccksichtsvoll&#8230;<\/p>\n<p class=\"read-more\"><a class=\"btn btn-default\" href=\"https:\/\/wordpress.nibis.de\/gsgebruedergrimm\/informationen\/leitbild\/\">Weiterlesen<span class=\"screen-reader-text\"> Weiterlesen<\/span><\/a><\/p>\n","protected":false},"author":9192624,"featured_media":0,"parent":38,"menu_order":1,"comment_status":"closed","ping_status":"closed","template":"","meta":{"footnotes":""},"class_list":["post-40","page","type-page","status-publish","hentry"],"_links":{"self":[{"href":"https:\/\/wordpress.nibis.de\/gsgebruedergrimm\/wp-json\/wp\/v2\/pages\/40","targetHints":{"allow":["GET"]}}],"collection":[{"href":"https:\/\/wordpress.nibis.de\/gsgebruedergrimm\/wp-json\/wp\/v2\/pages"}],"about":[{"href":"https:\/\/wordpress.nibis.de\/gsgebruedergrimm\/wp-json\/wp\/v2\/types\/page"}],"author":[{"embeddable":true,"href":"https:\/\/wordpress.nibis.de\/gsgebruedergrimm\/wp-json\/wp\/v2\/users\/9192624"}],"replies":[{"embeddable":true,"href":"https:\/\/wordpress.nibis.de\/gsgebruedergrimm\/wp-json\/wp\/v2\/comments?post=40"}],"version-history":[{"count":5,"href":"https:\/\/wordpress.nibis.de\/gsgebruedergrimm\/wp-json\/wp\/v2\/pages\/40\/revisions"}],"predecessor-version":[{"id":846,"href":"https:\/\/wordpress.nibis.de\/gsgebruedergrimm\/wp-json\/wp\/v2\/pages\/40\/revisions\/846"}],"up":[{"embeddable":true,"href":"https:\/\/wordpress.nibis.de\/gsgebruedergrimm\/wp-json\/wp\/v2\/pages\/38"}],"wp:attachment":[{"href":"https:\/\/wordpress.nibis.de\/gsgebruedergrimm\/wp-json\/wp\/v2\/media?parent=40"}],"curies":[{"name":"wp","href":"https:\/\/api.w.org\/{rel}","templated":true}]}}