{"id":43,"date":"2018-07-27T11:53:12","date_gmt":"2018-07-27T09:53:12","guid":{"rendered":"http:\/\/wordpress.nibis.de\/gsgebruedergrimm\/?page_id=43"},"modified":"2025-06-03T10:49:30","modified_gmt":"2025-06-03T08:49:30","slug":"schul-abc","status":"publish","type":"page","link":"https:\/\/wordpress.nibis.de\/gsgebruedergrimm\/informationen\/schul-abc\/","title":{"rendered":"Schul-ABC"},"content":{"rendered":"<p><strong>Aufsicht<\/strong><\/p>\n<p>Die Aufsicht wird ab 7.15 Uhr gef\u00fchrt. Die Aufsicht gilt f\u00fcr den Unterricht, die Spielstunden, das Nachmittagsangebot und alle Pausen. Die Sch\u00fclerInnen d\u00fcrfen w\u00e4hrend der gesamten Unterrichtszeit das Schulgel\u00e4nde ohne Aufsichtsperson nicht verlassen.<\/p>\n<p><strong>Ausk\u00fcnfte<\/strong><\/p>\n<p>F\u00fcr alle schulischen Fragen und Anliegen stehen den Erziehungsberechtigten die KlassenlehrerInnen und die Schulleitung zur Verf\u00fcgung. Die Kontaktadressen finden Sie in der Stay-Informed-App. Dort finden Sie ebenfalls die B\u00fcrozeiten der Schulsekret\u00e4rin.<\/p>\n<p>Geben Sie bitte \u00c4nderungen zu Ihren Telefonnummern oder Adressen umgehend an die Schule weiter.<\/p>\n<p><strong>Beurlaubungen<\/strong><\/p>\n<p>In Niedersachsen gilt die Schulpflicht w\u00e4hrend der gesamten Unterrichtswochen. Ausnahmen kann es nur in begr\u00fcndeten Notf\u00e4llen geben.\u00a0 In solchen F\u00e4llen muss ein Antrag im Voraus schriftlich bei der Klassenlehrkraft gestellt werden und wird von dieser je nach Dauer der Beurlaubung ggf. an die Schulleitung weitergeleitet. Eine Beurlaubung zur Verl\u00e4ngerung der Ferien, des Wochenendes oder f\u00fcr Tagesreisen ist grunds\u00e4tzlich nicht zul\u00e4ssig.<\/p>\n<p><strong>Elternabend<\/strong><\/p>\n<p>Elternabende finden in der Regel zu Beginn jedes Schuljahres statt. Diese werden von den Vorsitzenden der Klassenelternschaft nach R\u00fccksprache mit der Klassenlehrkraft einberufen. Die Elternabende befassen sich inhaltlich mit den Belangen der gesamten Lerngruppe, z.B. Unterrichtsinhalten und Methoden.<\/p>\n<p><strong>Elternsprechtage<\/strong><\/p>\n<p>Besondere Gelegenheit f\u00fcr Gespr\u00e4che bieten die Elternsprechtage, die zweimal im Schuljahr in den Klassenr\u00e4umen der Kinder stattfinden. Zu den Sprechzeiten k\u00f6nnen sich die Eltern anmelden. In der vierten Klasse findet zweimal im Jahr ein Beratungsgespr\u00e4ch zum \u00dcbergang an die weiterf\u00fchrende Schule statt. Bei zus\u00e4tzlichem Bedarf kann jederzeit mit der Klassenlehrkraft ein Gespr\u00e4chstermin vereinbart werden.<\/p>\n<p><strong>Erkrankungen <\/strong><\/p>\n<p>Wenn Ihr Kind erkrankt, melden Sie es bitte \u00fcber die Stay-Informed-App ab. GGf. kann ein Attest notwendig sein. Bei meldepflichtigen Krankheiten oder dem Befall von Kopfl\u00e4usen m\u00fcssen Sie die Schule umgehend informieren (s. Belehrung zum Infektionsschutzgesetz). Damit Sie Ihr Kind im Fall eines Unfalls oder einer pl\u00f6tzlich auftretenden Erkrankung abholen k\u00f6nnen, ben\u00f6tigen die KlassenlehrerInnen von jedem Kind eine sog. &#8222;Notfalltelefonnummer&#8220;, unter der Sie vormittags \u00fcblicherweise zu erreichen sind.<\/p>\n<p><strong>Ferien<\/strong><\/p>\n<p>Ferien- und Feiertage entnehmen Sie bitte den Grimmfos, der Stay-Informed-App oder unserer Schulhomepage unter <u>www.ggs-osterbrock.de<\/u>.<\/p>\n<p><strong>Ganztagsschule<\/strong><\/p>\n<p>Wir sind eine offene Ganztagsschule in der die Kinder von montags bis donnerstags bis 15.45 Uhr betreut werden k\u00f6nnen. Nach dem Mittagessen erledigen die Kinder ihre Hausaufgaben und k\u00f6nnen anschlie\u00dfend an einer AG oder dem offenen Spiel- und Bastelangebot teilnehmen. Die Anmeldungen erfolgen zu den Halbjahren und sind f\u00fcr ein Halbjahr verbindlich.<\/p>\n<p><strong>Hausaufgaben <\/strong><\/p>\n<p>Hausaufgaben sind Aufgaben f\u00fcr Kinder, nicht f\u00fcr Eltern. Die Kinder \u00fcben zu Hause Unterrichtsinhalte weiter oder bereiten sich auf den Unterricht vor. F\u00fcr Sch\u00fcler der Grundschule ist ein zeitlicher Rahmen von t\u00e4glich 30 Minuten vorgesehen.<\/p>\n<p><strong>Klassenelternschaft<\/strong><\/p>\n<p>Die Erziehungsberechtigten einer Klasse bilden zusammen die Klassenelternschaft. Sie w\u00e4hlen aus ihrer Mitte eine(n) Vorsitzende(n) und eine(n) Stellvertreter(in). Die Klassenelternvertreter sind bei Bedarf die Ansprechpartner f\u00fcr Lehrer und Eltern. Die Klassenelternvertreter sind gleichzeitig Mitglieder des Schulelternrats.<\/p>\n<p><strong>Mittagessen<\/strong><\/p>\n<p>Von montags bis donnerstags haben die Kinder die M\u00f6glichkeit, in der Schule ein Mittagessen zu erhalten. Dieses wird vom Christophoruswerk aus Lingen zubereitet und geliefert und kostet 3,99 \u20ac pro Mahlzeit. Die Kinder k\u00f6nnen alternativ auch als Selbstversorger angemeldet werden und ein eigenes Essen von zu Hause mitbringen.<\/p>\n<p><strong>Naturpark-Schule<\/strong><\/p>\n<p>Als Naturpark-Schule wollen wir uns besonders mit der Natur in unserer n\u00e4heren Umgebung besch\u00e4ftigen. Im Rahmen des Sachunterrichts besuchen die Sch\u00fclerInnen z.B. das Moormuseum in Gro\u00df Hesepe oder erkunden den Wald mit einem Ranger des Naturparks Bourtanger Moor.<\/p>\n<p><strong>Grimmfos<\/strong><\/p>\n<p>Zu Beginn eines neuen Monats werden die Grimmfos \u00fcber die Stay-Informed-App versendet. Den Grimmfos k\u00f6nnen Sie Termine und wichtige Informationen zum Schulleben entnehmen.<\/p>\n<p><strong>Schulordnung<\/strong><\/p>\n<p>An unserer Schule haben wir Regeln f\u00fcr unser Zusammenleben erarbeitet, an die sich alle Mitglieder unserer Schulgemeinschaft halten sollen, um das Zusammenleben f\u00fcr alle angenehm zu machen. Diese Schulregeln werden am Anfang eines jeden Schuljahres mit den Kindern der Klasse besprochen.<\/p>\n<p><strong>Schulelternrat (SER)<\/strong><\/p>\n<p>Der SER ist ein Gremium von Vorsitzenden der Klassenelternschaften sowie deren Stellvertretern. Eingeladen zu den Treffen des SER wird zudem die Schulleitung. Im SER werden verschiedene Aspekte des Schullebens er\u00f6rtert, aber auch Informationen aus anderen Gremien wie Gemeinde- oder Kreiselternrat.<\/p>\n<p><strong>Schulvorstand<\/strong><\/p>\n<p>Im Schulvorstand wirken die Schulleiterin oder der Schulleiter mit Vertreterinnen oder Vertretern der Lehrkr\u00e4fte und der Erziehungsberechtigten zusammen, um die Arbeit der Schule mit dem Ziel der Qualit\u00e4tsentwicklung zu gestalten.<\/p>\n<p><strong>Schwimmunterricht<\/strong><\/p>\n<p>Unsere Kinder erhalten normalerweise in einem Halbjahr der Klasse 3 und in einem Halbjahr der Klasse 4 Schwimmunterricht in der Schwimmhalle Dalum. An diesen Tagen fahren die Kinder mit dem Schulbus bis zur Schwimmhalle in Dalum.<\/p>\n<p><strong>Sportfreundliche Schule<\/strong><\/p>\n<p>Als \u201eSportfreundliche Schule\u201c legen wir besonderen Wert auf sportliche Aktivit\u00e4ten. An einem Vormittag zum Ende eines Schuljahres beteiligen sich alle Kinder unserer Schule an einem Spiel- und Sporttag. Ein weiterer sportlicher H\u00f6hepunkt ist der Lauftag, an dem die Kinder ihre l\u00e4uferische Ausdauer unter Beweis stellen und das Laufabzeichen erwerben k\u00f6nnen. Weiterhin finden an unserer Schule im Laufe des Schuljahres verschiedene Turniere statt, wie z. B. das Soccerturnier (im Schulverbund Geeste), das V\u00f6lkerballturnier der M\u00e4dchen (im Schulverbund Geeste) und das Low-T-Ball-Turnier in Zusammenarbeit mit dem TSC Osterbrock. Auch der Gesundheitstag bildet einen wichtigen Teil im Rahmen der \u201eSportfreundlichen Schule\u201c.<\/p>\n<p><strong>Stay-Informed-App<\/strong><\/p>\n<p>\u00dcber die Stay-Informed-App erhalten die Erziehungsberechtigten wichtige Informationen \u00fcber das Schulleben. So werden z.B. die Grimmfos, Elternbriefe, Einladungen zu Elternsprechtagen, kurzfristige Stundenplan\u00e4nderungen o.\u00e4. \u00fcber die App versendet. Au\u00dferdem k\u00f6nnen die Erziehungsberechtigten die Kinder \u00fcber die App krankmelden oder den Speiseplan einsehen.<\/p>\n<p><strong>\u00dcbergang zu den weiterf\u00fchrenden Schulen<\/strong><\/p>\n<p>Zu Beginn des 4. Schuljahres werden die Eltern der 4. Klassen auf dem Elternabend allgemein \u00fcber die weiterf\u00fchrenden Schulen informiert. Zum Halbjahr werden Sch\u00fcler und Eltern individuell \u00fcber den richtigen \u00dcbergang beraten (Beratungsgespr\u00e4che). Die weiterf\u00fchrenden Schulen laden ebenfalls zu Elternabenden und einem &#8222;Schnuppertag&#8220; ein.<\/p>\n<p><strong>Unfallversicherung <\/strong><\/p>\n<p>Alle Schulkinder sind gegen Unf\u00e4lle versichert. Der Versicherungsschutz erstreckt sich auf den <em>direkten<\/em> Schulweg, den Unterricht und die Pausen sowie auf alle Veranstaltungen der Schule. Bei einem Unfall muss die Schule umgehend benachrichtigt werden.<\/p>\n<p><strong>Unterrichtszeiten (ab Schuljahr 2025\/2026)<\/strong><\/p>\n<p>Offener Anfang: 7.15 Uhr \u2013 7.45 Uhr<\/p>\n<ol>\n<li>Stunde\u00a0 7.50 Uhr \u2013 8.35 Uhr<\/li>\n<li>Stunde\u00a0 8.40 Uhr &#8211; 9.30 Uhr<\/li>\n<\/ol>\n<p>Pause: 10 min Fr\u00fchst\u00fcck, 15 min Spielpause<\/p>\n<p>3. Stunde 9.55 Uhr \u2013 10.40 Uhr<\/p>\n<p>4. Stunde 10.45 Uhr \u2013 11.30 Uhr<\/p>\n<p>(15 min Pause)<\/p>\n<p>5. Stunde 11.45 Uhr \u2013 12.34 Uhr<\/p>\n<p>Mittagessen: 12.34 Uhr \u2013 13.15 Uhr<\/p>\n<p>Hausaufgabenbetreuung: 13.15 Uhr \u2013 14.15 Uhr<\/p>\n<p>AG-Angebot: 14.15 Uhr \u2013 15.45 Uhr<\/p>\n<p><strong>Verl\u00e4ssliche Grundschule \/ Vertretungsunterricht<\/strong><\/p>\n<p>Die Gebr\u00fcder-Grimm-Schule ist eine &#8222;Verl\u00e4ssliche Grundschule&#8220;, d.h. die Betreuung und Unterrichtung der Sch\u00fclerInnen ist t\u00e4glich von 7.50 Uhr bis 12.34 Uhr gew\u00e4hrleistet. Bei Erkrankung einer Lehrerkraft werden die Kinder nicht fr\u00fchzeitig nach Hause geschickt. Den ausfallenden Unterricht \u00fcbernimmt eine p\u00e4dagogische Fachkraft.<\/p>\n<p><strong>Zeugnisse<\/strong><\/p>\n<p>Die Gestaltung der Zeugnisse in der Grundschule ist per Erlass geregelt.<br \/>\nIhr erstes Zeugnis erhalten die Kinder am Ende der ersten Klasse. In den Klassen 1 und 2 bestehen die Zeugnisse aus Berichten \u00fcber die Entwicklung der Kinder im Arbeits- und Sozialverhalten sowie \u00fcber ihre Lernentwicklung und den Lernstand in den F\u00e4chern Deutsch und Mathematik. Ab Klasse 3 erhalten sie Zensurenzeugnisse mit Aussagen \u00fcber das Sozial- und Arbeitsverhalten.<\/p>\n","protected":false},"excerpt":{"rendered":"<p>Aufsicht Die Aufsicht wird ab 7.15 Uhr gef\u00fchrt. Die Aufsicht gilt f\u00fcr den Unterricht, die Spielstunden, das Nachmittagsangebot und alle Pausen. Die Sch\u00fclerInnen d\u00fcrfen w\u00e4hrend der gesamten Unterrichtszeit das Schulgel\u00e4nde ohne Aufsichtsperson nicht verlassen. Ausk\u00fcnfte F\u00fcr alle schulischen Fragen und Anliegen stehen den Erziehungsberechtigten die KlassenlehrerInnen und die Schulleitung zur Verf\u00fcgung. Die Kontaktadressen finden Sie in der Stay-Informed-App. Dort finden Sie ebenfalls die B\u00fcrozeiten der Schulsekret\u00e4rin. Geben Sie bitte \u00c4nderungen zu Ihren Telefonnummern oder Adressen umgehend an die Schule weiter&#8230;.<\/p>\n<p class=\"read-more\"><a class=\"btn btn-default\" href=\"https:\/\/wordpress.nibis.de\/gsgebruedergrimm\/informationen\/schul-abc\/\">Weiterlesen<span class=\"screen-reader-text\"> Weiterlesen<\/span><\/a><\/p>\n","protected":false},"author":9192624,"featured_media":0,"parent":38,"menu_order":2,"comment_status":"closed","ping_status":"closed","template":"","meta":{"footnotes":""},"class_list":["post-43","page","type-page","status-publish","hentry"],"_links":{"self":[{"href":"https:\/\/wordpress.nibis.de\/gsgebruedergrimm\/wp-json\/wp\/v2\/pages\/43","targetHints":{"allow":["GET"]}}],"collection":[{"href":"https:\/\/wordpress.nibis.de\/gsgebruedergrimm\/wp-json\/wp\/v2\/pages"}],"about":[{"href":"https:\/\/wordpress.nibis.de\/gsgebruedergrimm\/wp-json\/wp\/v2\/types\/page"}],"author":[{"embeddable":true,"href":"https:\/\/wordpress.nibis.de\/gsgebruedergrimm\/wp-json\/wp\/v2\/users\/9192624"}],"replies":[{"embeddable":true,"href":"https:\/\/wordpress.nibis.de\/gsgebruedergrimm\/wp-json\/wp\/v2\/comments?post=43"}],"version-history":[{"count":9,"href":"https:\/\/wordpress.nibis.de\/gsgebruedergrimm\/wp-json\/wp\/v2\/pages\/43\/revisions"}],"predecessor-version":[{"id":1123,"href":"https:\/\/wordpress.nibis.de\/gsgebruedergrimm\/wp-json\/wp\/v2\/pages\/43\/revisions\/1123"}],"up":[{"embeddable":true,"href":"https:\/\/wordpress.nibis.de\/gsgebruedergrimm\/wp-json\/wp\/v2\/pages\/38"}],"wp:attachment":[{"href":"https:\/\/wordpress.nibis.de\/gsgebruedergrimm\/wp-json\/wp\/v2\/media?parent=43"}],"curies":[{"name":"wp","href":"https:\/\/api.w.org\/{rel}","templated":true}]}}