{"id":45,"date":"2018-07-27T11:53:45","date_gmt":"2018-07-27T09:53:45","guid":{"rendered":"http:\/\/wordpress.nibis.de\/gsgebruedergrimm\/?page_id=45"},"modified":"2023-08-28T13:08:08","modified_gmt":"2023-08-28T11:08:08","slug":"schulordnung","status":"publish","type":"page","link":"https:\/\/wordpress.nibis.de\/gsgebruedergrimm\/informationen\/schulordnung\/","title":{"rendered":"Schulordnung"},"content":{"rendered":"<p><strong><u>Schulordnung \u2013 April 2023<\/u><\/strong><\/p>\n<p><strong>Wir m\u00f6chten uns in unserer Schule wohlf\u00fchlen.<\/strong><\/p>\n<p><strong>Deshalb m\u00fcssen wir uns alle an die Regeln in unserer Schule halten.<\/strong><\/p>\n<p><strong>\u00a0<\/strong><\/p>\n<p><strong>Umgang miteinander: <\/strong><\/p>\n<ul>\n<li>Jeder von uns ist einzigartig. Das respektieren wir.<\/li>\n<li>Wir sind freundlich zueinander.<\/li>\n<li>Wir helfen einander.<\/li>\n<li>Wir vertragen uns nach einem Streit. Wir nehmen bei Bedarf die Hilfe eines Streitschlichters oder einer Lehrperson in Anspruch.<\/li>\n<li>Wir nehmen keine Dinge von anderen, ohne zu fragen.<\/li>\n<li>Wir gehen gewaltfrei miteinander um und beachten das Stopp-Zeichen.<\/li>\n<li>W\u00e4hrend des Unterrichts und bei Schulveranstaltungen d\u00fcrfen Handys und Smartwatches nicht genutzt werden.<\/li>\n<\/ul>\n<p><strong>\u00a0<\/strong><\/p>\n<p><strong>Schulhof\/Schulgeb\u00e4ude: <\/strong><\/p>\n<ul>\n<li>Der Schulhof beginnt an der Hausecke: Vorher rennen wir nicht!<\/li>\n<li>Wir turnen nicht am Gel\u00e4nder vor dem Schulgeb\u00e4ude.<\/li>\n<li>Wir werfen nicht mit Schneeb\u00e4llen und anderen Gegenst\u00e4nden.<\/li>\n<li>W\u00e4hrend der Schulzeit bleiben wir auf dem Schulgel\u00e4nde.<\/li>\n<li>Wir schieben die Fahrr\u00e4der auf dem Schulhof, stellen das Fahrrad ordentlich ab und beachten die Anweisungen des Fahrraddienstes.<\/li>\n<li>Wenn es klingelt, gehen wir SOFORT ins Schulgeb\u00e4ude.<\/li>\n<li>Wir halten uns an die Regeln f\u00fcrs Soccerfeld, f\u00fcr die Racer, die Nestschaukel und den Spielzeugraum.<\/li>\n<li>Wir spielen im Schulgeb\u00e4ude nicht mit B\u00e4llen.<\/li>\n<li>Auf den Fluren <strong>gehen <\/strong><\/li>\n<li>Wir verhalten uns im Schulgeb\u00e4ude, auf dem Schulgel\u00e4nde und auf den Toiletten so, dass es ordentlich und sauber bleibt.<\/li>\n<\/ul>\n","protected":false},"excerpt":{"rendered":"<p>Schulordnung \u2013 April 2023 Wir m\u00f6chten uns in unserer Schule wohlf\u00fchlen. Deshalb m\u00fcssen wir uns alle an die Regeln in unserer Schule halten. \u00a0 Umgang miteinander: Jeder von uns ist einzigartig. Das respektieren wir. Wir sind freundlich zueinander. Wir helfen einander. Wir vertragen uns nach einem Streit. Wir nehmen bei Bedarf die Hilfe eines Streitschlichters oder einer Lehrperson in Anspruch. Wir nehmen keine Dinge von anderen, ohne zu fragen. Wir gehen gewaltfrei miteinander um und beachten das Stopp-Zeichen. W\u00e4hrend des&#8230;<\/p>\n<p class=\"read-more\"><a class=\"btn btn-default\" href=\"https:\/\/wordpress.nibis.de\/gsgebruedergrimm\/informationen\/schulordnung\/\">Weiterlesen<span class=\"screen-reader-text\"> Weiterlesen<\/span><\/a><\/p>\n","protected":false},"author":9192624,"featured_media":0,"parent":38,"menu_order":3,"comment_status":"closed","ping_status":"closed","template":"","meta":{"footnotes":""},"class_list":["post-45","page","type-page","status-publish","hentry"],"_links":{"self":[{"href":"https:\/\/wordpress.nibis.de\/gsgebruedergrimm\/wp-json\/wp\/v2\/pages\/45","targetHints":{"allow":["GET"]}}],"collection":[{"href":"https:\/\/wordpress.nibis.de\/gsgebruedergrimm\/wp-json\/wp\/v2\/pages"}],"about":[{"href":"https:\/\/wordpress.nibis.de\/gsgebruedergrimm\/wp-json\/wp\/v2\/types\/page"}],"author":[{"embeddable":true,"href":"https:\/\/wordpress.nibis.de\/gsgebruedergrimm\/wp-json\/wp\/v2\/users\/9192624"}],"replies":[{"embeddable":true,"href":"https:\/\/wordpress.nibis.de\/gsgebruedergrimm\/wp-json\/wp\/v2\/comments?post=45"}],"version-history":[{"count":3,"href":"https:\/\/wordpress.nibis.de\/gsgebruedergrimm\/wp-json\/wp\/v2\/pages\/45\/revisions"}],"predecessor-version":[{"id":971,"href":"https:\/\/wordpress.nibis.de\/gsgebruedergrimm\/wp-json\/wp\/v2\/pages\/45\/revisions\/971"}],"up":[{"embeddable":true,"href":"https:\/\/wordpress.nibis.de\/gsgebruedergrimm\/wp-json\/wp\/v2\/pages\/38"}],"wp:attachment":[{"href":"https:\/\/wordpress.nibis.de\/gsgebruedergrimm\/wp-json\/wp\/v2\/media?parent=45"}],"curies":[{"name":"wp","href":"https:\/\/api.w.org\/{rel}","templated":true}]}}