{"id":47,"date":"2018-07-27T11:54:12","date_gmt":"2018-07-27T09:54:12","guid":{"rendered":"http:\/\/wordpress.nibis.de\/gsgebruedergrimm\/?page_id=47"},"modified":"2026-02-04T08:30:29","modified_gmt":"2026-02-04T07:30:29","slug":"ganztagsschule","status":"publish","type":"page","link":"https:\/\/wordpress.nibis.de\/gsgebruedergrimm\/informationen\/ganztagsschule\/","title":{"rendered":"Ganztagsschule"},"content":{"rendered":"<p>Seit August 2009 sind wir eine offene Ganztagsschule. Von Montag bis Donnerstag k\u00f6nnen Sch\u00fcler nach Anmeldung in der Schule zu Mittag essen, an einer Hausaufgabenbetreuung teilnehmen und sich f\u00fcr verschiedene Projekte am Nachmittag anmelden.<\/p>\n<p>Das <strong>Mittagessen (12.35 &#8211; 13.15 Uhr)<\/strong> wird vom Christophorus-Werk in Lingen zubereitet und in W\u00e4rmebeh\u00e4ltern geliefert. Die Kosten belaufen sich auf ca. 3,99 Euro pro Tag\/Mahlzeit. Kinder, deren Eltern Wohngeld, Kinderzuschlag, Leistungen nach dem Sozialgesetzbuch II (Arbeitslosengeld II und Sozialgeld), dem Sozialgesetzbuch XII oder Leistungen nach dem Asylbewerberleistungsgesetz erhalten, k\u00f6nnen kostenfrei am Mittagessen teilnehmen. Die Bestellung des Mittagessens erfolgt \u00fcber ein Online-System direkt beim Christophoruswerk.<\/p>\n<p>Auch eine <strong>Hausaufgabenbetreuung<\/strong> kann im Rahmen der offenen Ganztagsschule an diesen Tagen in der Zeit von <strong>13.15 &#8211; 14.15 Uhr<\/strong> in Anspruch genommen werden.<\/p>\n<p>In der Zeit von <strong>14.15 &#8211; 15.45 Uhr<\/strong> k\u00f6nnen die Sch\u00fcler an verschiedenen <strong>Arbeitsgemeinschaften<\/strong> teilnehmen. Folgende Angebote finden im ersten Halbjahr 2024\/2025 an unserer Schule statt:<\/p>\n<table style=\"width: 100.714%;border-collapse: collapse;background-color: #d4d2d2;height: 112px\" border=\"1\">\n<tbody>\n<tr style=\"height: 23px\">\n<td style=\"width: 25%;text-align: center;height: 23px\"><strong>Montag<\/strong><\/td>\n<td style=\"width: 25%;text-align: center;height: 23px\"><strong>Dienstag<\/strong><\/td>\n<td style=\"width: 25%;text-align: center;height: 23px\"><strong>Mittwoch<\/strong><\/td>\n<td style=\"width: 25%;text-align: center;height: 23px\"><strong>Donnerstag<\/strong><\/td>\n<\/tr>\n<tr style=\"height: 81px\">\n<td style=\"width: 25%;text-align: center;height: 89px\">Offenes Spiel- und Bastelangebot<\/td>\n<td style=\"width: 25%;text-align: center;height: 89px\">Offenes Spiel- und Bastelangebot<\/p>\n<p>Fu\u00dfball-AG<\/td>\n<td style=\"width: 25%;text-align: center;height: 89px\">Offenes Spiel- und Bastelangebot<\/p>\n<p>Knobel- und Forscher-AG<\/td>\n<td style=\"width: 25%;text-align: center;height: 89px\">Offenes Spiel- und Bastelangebot<\/td>\n<\/tr>\n<\/tbody>\n<\/table>\n<p>Die <strong>Anzahl<\/strong> der von Ihnen gew\u00e4hlten Angebote ist <strong>frei<\/strong> <strong>w\u00e4hlbar. <\/strong><\/p>\n<p>Grunds\u00e4tzlich ist die Teilnahme an den Ganztagsangeboten <strong>freiwillig<\/strong> und <strong>kostenfrei<\/strong>. Bei einigen Angeboten k\u00f6nnen Material- oder Fahrtkosten entstehen. <em><br \/>\n<\/em><\/p>\n<p>Die <strong>Anmeldungen<\/strong> hierzu finden immer <strong>zu Beginn eines Schulhalbjahres<\/strong> statt. Sie erhalten dazu schriftlich Informationen mit den verschiedenen Wahlm\u00f6glichkeiten. Die <strong>Anmeldungen<\/strong> gelten dann <strong>verbindlich<\/strong> <strong>f\u00fcr das gesamte Halbjahr<\/strong>. F\u00fcr einige Angebote gibt es eine begrenzte Teilnehmerzahl. Wir bem\u00fchen uns immer, alle W\u00fcnsche zu ber\u00fccksichtigen.<\/p>\n","protected":false},"excerpt":{"rendered":"<p>Seit August 2009 sind wir eine offene Ganztagsschule. Von Montag bis Donnerstag k\u00f6nnen Sch\u00fcler nach Anmeldung in der Schule zu Mittag essen, an einer Hausaufgabenbetreuung teilnehmen und sich f\u00fcr verschiedene Projekte am Nachmittag anmelden. Das Mittagessen (12.35 &#8211; 13.15 Uhr) wird vom Christophorus-Werk in Lingen zubereitet und in W\u00e4rmebeh\u00e4ltern geliefert. Die Kosten belaufen sich auf ca. 3,99 Euro pro Tag\/Mahlzeit. Kinder, deren Eltern Wohngeld, Kinderzuschlag, Leistungen nach dem Sozialgesetzbuch II (Arbeitslosengeld II und Sozialgeld), dem Sozialgesetzbuch XII oder Leistungen nach&#8230;<\/p>\n<p class=\"read-more\"><a class=\"btn btn-default\" href=\"https:\/\/wordpress.nibis.de\/gsgebruedergrimm\/informationen\/ganztagsschule\/\">Weiterlesen<span class=\"screen-reader-text\"> Weiterlesen<\/span><\/a><\/p>\n","protected":false},"author":9192624,"featured_media":0,"parent":38,"menu_order":4,"comment_status":"closed","ping_status":"closed","template":"","meta":{"footnotes":""},"class_list":["post-47","page","type-page","status-publish","hentry"],"_links":{"self":[{"href":"https:\/\/wordpress.nibis.de\/gsgebruedergrimm\/wp-json\/wp\/v2\/pages\/47","targetHints":{"allow":["GET"]}}],"collection":[{"href":"https:\/\/wordpress.nibis.de\/gsgebruedergrimm\/wp-json\/wp\/v2\/pages"}],"about":[{"href":"https:\/\/wordpress.nibis.de\/gsgebruedergrimm\/wp-json\/wp\/v2\/types\/page"}],"author":[{"embeddable":true,"href":"https:\/\/wordpress.nibis.de\/gsgebruedergrimm\/wp-json\/wp\/v2\/users\/9192624"}],"replies":[{"embeddable":true,"href":"https:\/\/wordpress.nibis.de\/gsgebruedergrimm\/wp-json\/wp\/v2\/comments?post=47"}],"version-history":[{"count":23,"href":"https:\/\/wordpress.nibis.de\/gsgebruedergrimm\/wp-json\/wp\/v2\/pages\/47\/revisions"}],"predecessor-version":[{"id":1307,"href":"https:\/\/wordpress.nibis.de\/gsgebruedergrimm\/wp-json\/wp\/v2\/pages\/47\/revisions\/1307"}],"up":[{"embeddable":true,"href":"https:\/\/wordpress.nibis.de\/gsgebruedergrimm\/wp-json\/wp\/v2\/pages\/38"}],"wp:attachment":[{"href":"https:\/\/wordpress.nibis.de\/gsgebruedergrimm\/wp-json\/wp\/v2\/media?parent=47"}],"curies":[{"name":"wp","href":"https:\/\/api.w.org\/{rel}","templated":true}]}}