{"id":49,"date":"2018-07-27T11:54:32","date_gmt":"2018-07-27T09:54:32","guid":{"rendered":"http:\/\/wordpress.nibis.de\/gsgebruedergrimm\/?page_id=49"},"modified":"2018-10-25T08:38:31","modified_gmt":"2018-10-25T06:38:31","slug":"geschichte","status":"publish","type":"page","link":"https:\/\/wordpress.nibis.de\/gsgebruedergrimm\/informationen\/geschichte\/","title":{"rendered":"Geschichte"},"content":{"rendered":"<p>Schon auf dem Gut Geeste war zur Unterrichtung der Kinder im Jahre 1915 eine Gutsschule errichtet worden. Bereits im Jahre 1919 musste sie aufgrund der st\u00e4ndig steigenden Kinderzahl erweitert werden. 1923 richtete das Gut eine Schulb\u00fccherei, 1924 einen Schulkindergarten sowie eine Schulk\u00fcche und 1925 eine Sch\u00fclerwerkstatt ein.<\/p>\n<p><img loading=\"lazy\" decoding=\"async\" class=\"size-medium wp-image-185 aligncenter\" src=\"http:\/\/wordpress.nibis.de\/gsgebruedergrimm\/files\/2018\/10\/35_alte__schule-300x206.jpg\" alt=\"\" width=\"300\" height=\"206\" srcset=\"https:\/\/wordpress.nibis.de\/gsgebruedergrimm\/files\/2018\/10\/35_alte__schule-300x206.jpg 300w, https:\/\/wordpress.nibis.de\/gsgebruedergrimm\/files\/2018\/10\/35_alte__schule.jpg 337w\" sizes=\"auto, (max-width: 300px) 100vw, 300px\" \/><\/p>\n<p style=\"text-align: center\"><em>Alte Dorfschule neben der Kirche mit Lehrerwohnung<\/em><\/p>\n<p>Erster Lehrer der neuen Gemeinde Osterbrock war Herr ,,Vatti&#8220; Klein (1933-1937).<\/p>\n<p>Nach dem zweiten Weltkrieg war kaum noch brauchbares Schulinventar vorhanden. Eine Instandsetzung des Schulgeb\u00e4udes war erforderlich. Im Gemeindehaus wurde ein Notklassenraum eingerichtet. Der Notklassenraum war den Anforderungen eines normalen Schulbetriebes jedoch bald nicht mehr gewachsen. Aufgrund der st\u00e4ndig anwachsenden Kinderzahl stellten die damaligen Lehrer beim Gemeinderat den Antrag auf einen Schulerweiterungsbau. Doch statt eines Erweiterungsbaus wurde von Seiten der Bezirksregierung Osnabr\u00fcck ein Neubau einer dreiklassigen Schule angeregt. Nach langen Bem\u00fchungen gelang es dem Gemeinderat, im Tausch gemeindeeigener Grundst\u00fccke einen geeigneten Platz f\u00fcr den Neubau der Schule zu finden. Dabei handelte es sich um ein ca. drei Morgen gro\u00dfes Grundst\u00fcck des Einwohners Kurk. Bevor jedoch mit dem Neubau der Dorfschule begonnen werden konnte, musste die Siedlungsschule, die im Jahre 1935 eingerichtet worden war, um eine Klasse erweitert werden. Ab dem 27.03.1952 konnte die neue dreiklassige Dorfschule von den Osterbrocker Sch\u00fclern besucht werden.<\/p>\n<p><img loading=\"lazy\" decoding=\"async\" class=\"size-medium wp-image-187 aligncenter\" src=\"http:\/\/wordpress.nibis.de\/gsgebruedergrimm\/files\/2018\/10\/35_neue_schule-300x201.jpg\" alt=\"\" width=\"300\" height=\"201\" srcset=\"https:\/\/wordpress.nibis.de\/gsgebruedergrimm\/files\/2018\/10\/35_neue_schule-300x201.jpg 300w, https:\/\/wordpress.nibis.de\/gsgebruedergrimm\/files\/2018\/10\/35_neue_schule.jpg 350w\" sizes=\"auto, (max-width: 300px) 100vw, 300px\" \/><\/p>\n<p style=\"text-align: center\"><em>Neue Schule 1952<\/em><\/p>\n<p>Die Sch\u00fclerzahlen wuchsen jedoch in den folgenden Jahren in Osterbrock weiter an. Hinzu kam die Einf\u00fchrung des 9. Schuljahres. Beides machte einen Erweiterungsbau der Dorfschule erforderlich, der 1964 fertig gestellt und eingeweiht wurde. Im Jahre 1971 fanden weitere Umbau- und Erweiterungsarbeiten vorerst ihren Abschluss.<\/p>\n<p><img loading=\"lazy\" decoding=\"async\" class=\"size-medium wp-image-186 aligncenter\" src=\"http:\/\/wordpress.nibis.de\/gsgebruedergrimm\/files\/2018\/10\/35_grund_schule-300x205.jpg\" alt=\"\" width=\"300\" height=\"205\" srcset=\"https:\/\/wordpress.nibis.de\/gsgebruedergrimm\/files\/2018\/10\/35_grund_schule-300x205.jpg 300w, https:\/\/wordpress.nibis.de\/gsgebruedergrimm\/files\/2018\/10\/35_grund_schule.jpg 350w\" sizes=\"auto, (max-width: 300px) 100vw, 300px\" \/><\/p>\n<p style=\"text-align: center\"><em>Grund-und Hauptschule Osterbrock im Jahre 1971<\/em><\/p>\n<p>Seit 1935 besuchten die Kinder aus Osterbrock-Dorf und Bramhar die Dorfschule, die Kinder aus Osterbrock-Siedlung die Siedlungsschule.<\/p>\n<p><img loading=\"lazy\" decoding=\"async\" class=\"size-medium wp-image-188 aligncenter\" src=\"http:\/\/wordpress.nibis.de\/gsgebruedergrimm\/files\/2018\/10\/35_siedlung_2-300x174.jpg\" alt=\"\" width=\"300\" height=\"174\" srcset=\"https:\/\/wordpress.nibis.de\/gsgebruedergrimm\/files\/2018\/10\/35_siedlung_2-300x174.jpg 300w, https:\/\/wordpress.nibis.de\/gsgebruedergrimm\/files\/2018\/10\/35_siedlung_2.jpg 480w\" sizes=\"auto, (max-width: 300px) 100vw, 300px\" \/><\/p>\n<p style=\"text-align: center\"><em>Siedlungsschule<\/em><\/p>\n<p>1992 wurde die ehemalige Grundschule zum Kindergarten Sankt Isidor umgebaut. Seitdem befinden sich die Grundschule und der Kindergarten unter einem Dach.<\/p>\n<p>Durch Ratsbeschluss vom 31.01.2002 entschied die Gemeinde Geeste, dass die Grundschulen ,,Gebr\u00fcder-Grimm&#8220; (Dorf) und ,,Astrid-Lindgren&#8220; (Siedlung) ab dem 01.08.2002 zu einer Grundschule mit dem Namen ,,Grundschule Osterbrock&#8220; zusammengelegt werden. Standort der ,,Grundschule Osterbrock&#8220; sollte der Sitz der ,,Gebr\u00fcder-Grimm-Schule&#8220; sein. Die ,,Astrid-Lindgren-Schule&#8220; wurde zu einer Au\u00dfenstelle.<\/p>\n<p>Mit Wirkung zum 01.08.06 wurde die Au\u00dfenstelle im ehemaligen Geb\u00e4ude der ,,Astrid-Lindgren-Schule&#8220; aufgehoben und alle Kinder der ,,Grundschule Osterbrock&#8220; k\u00f6nnen ab diesem Zeitpunkt gemeinsam im Geb\u00e4ude der ehemaligen ,,Gebr\u00fcder-Grimm-Schule&#8220; unterrichtet werden.<\/p>\n<p>Der Standort dieser Schule ist aufgrund der zentralen Lage in der Mitte des Dorfes Osterbrock geeignet, um die Infrastruktur des Dorfes mit Kirche, Gemeindeb\u00fccherei, Turnhalle und Sportplatz zu nutzen.<\/p>\n<p>Die Grundschule teilt sich das Geb\u00e4ude, das urspr\u00fcnglich f\u00fcr eine Grund- und Hauptschule konzipiert wurde, mit dem Kindergarten St. Isidor.<\/p>\n<p>Durch die immer ge\u00f6ffnete Verbindungst\u00fcr innerhalb des Geb\u00e4udes besteht ein sehr enger Kontakt mit dem Kindergarten.<\/p>\n<p>Die Schule tr\u00e4gt auf Beschluss der Gemeinde Geeste vom 18.12.2008 den urspr\u00fcnglichen Namen &#8222;Gebr\u00fcder-Grimm-Schule&#8220;.<\/p>\n<p>(Quelle: Droste, A. u.a. : Osterbrock im Wandel der Zeit. Chronik hrsg. zum 50 j\u00e4hrigen Ortsjubil\u00e4um im Jahre 1983.)<\/p>\n","protected":false},"excerpt":{"rendered":"<p>Schon auf dem Gut Geeste war zur Unterrichtung der Kinder im Jahre 1915 eine Gutsschule errichtet worden. Bereits im Jahre 1919 musste sie aufgrund der st\u00e4ndig steigenden Kinderzahl erweitert werden. 1923 richtete das Gut eine Schulb\u00fccherei, 1924 einen Schulkindergarten sowie eine Schulk\u00fcche und 1925 eine Sch\u00fclerwerkstatt ein. Alte Dorfschule neben der Kirche mit Lehrerwohnung Erster Lehrer der neuen Gemeinde Osterbrock war Herr ,,Vatti&#8220; Klein (1933-1937). Nach dem zweiten Weltkrieg war kaum noch brauchbares Schulinventar vorhanden. Eine Instandsetzung des Schulgeb\u00e4udes war&#8230;<\/p>\n<p class=\"read-more\"><a class=\"btn btn-default\" href=\"https:\/\/wordpress.nibis.de\/gsgebruedergrimm\/informationen\/geschichte\/\">Weiterlesen<span class=\"screen-reader-text\"> Weiterlesen<\/span><\/a><\/p>\n","protected":false},"author":9192624,"featured_media":0,"parent":38,"menu_order":6,"comment_status":"closed","ping_status":"closed","template":"","meta":{"footnotes":""},"class_list":["post-49","page","type-page","status-publish","hentry"],"_links":{"self":[{"href":"https:\/\/wordpress.nibis.de\/gsgebruedergrimm\/wp-json\/wp\/v2\/pages\/49","targetHints":{"allow":["GET"]}}],"collection":[{"href":"https:\/\/wordpress.nibis.de\/gsgebruedergrimm\/wp-json\/wp\/v2\/pages"}],"about":[{"href":"https:\/\/wordpress.nibis.de\/gsgebruedergrimm\/wp-json\/wp\/v2\/types\/page"}],"author":[{"embeddable":true,"href":"https:\/\/wordpress.nibis.de\/gsgebruedergrimm\/wp-json\/wp\/v2\/users\/9192624"}],"replies":[{"embeddable":true,"href":"https:\/\/wordpress.nibis.de\/gsgebruedergrimm\/wp-json\/wp\/v2\/comments?post=49"}],"version-history":[{"count":4,"href":"https:\/\/wordpress.nibis.de\/gsgebruedergrimm\/wp-json\/wp\/v2\/pages\/49\/revisions"}],"predecessor-version":[{"id":189,"href":"https:\/\/wordpress.nibis.de\/gsgebruedergrimm\/wp-json\/wp\/v2\/pages\/49\/revisions\/189"}],"up":[{"embeddable":true,"href":"https:\/\/wordpress.nibis.de\/gsgebruedergrimm\/wp-json\/wp\/v2\/pages\/38"}],"wp:attachment":[{"href":"https:\/\/wordpress.nibis.de\/gsgebruedergrimm\/wp-json\/wp\/v2\/media?parent=49"}],"curies":[{"name":"wp","href":"https:\/\/api.w.org\/{rel}","templated":true}]}}