{"id":55,"date":"2018-07-27T11:55:58","date_gmt":"2018-07-27T09:55:58","guid":{"rendered":"http:\/\/wordpress.nibis.de\/gsgebruedergrimm\/?page_id=55"},"modified":"2026-04-22T13:33:01","modified_gmt":"2026-04-22T11:33:01","slug":"foerderverein","status":"publish","type":"page","link":"https:\/\/wordpress.nibis.de\/gsgebruedergrimm\/foerderverein\/","title":{"rendered":"F\u00f6rderverein"},"content":{"rendered":"<p>Wir sind ein seit 1998 eingetragener, gemeinn\u00fctziger Verein mit dem Ziel der F\u00f6rderung der Erziehungs- und Bildungsarbeit der Grundschule.<\/p>\n<p>Als einige von vielen Aktivit\u00e4ten seien hier die Umgestaltung des Schulhofes und die Unterst\u00fctzung der Kinder bei Schulfahrten genannt.<\/p>\n<p>Die finanziellen Mittel hierf\u00fcr werden durch Mitgliederbeitr\u00e4ge und freiwillige Spenden erwirtschaftet.<\/p>\n<p>Wir freuen uns, wenn auch Sie sich, zum Wohl Ihrer Kinder, f\u00fcr eine Mitgliedschaft entscheiden. Den Mitgliedsantrag finden Sie hier: <a href=\"https:\/\/wordpress.nibis.de\/gsgebruedergrimm\/files\/2026\/04\/Aufnahmeantrag-Foerderverein.pdf\">Aufnahmeantrag Fo\u0308rderverein<\/a><\/p>\n<p>Wenn Sie weiteren Informationsbedarf haben, so wenden Sie sich gerne an uns.<\/p>\n<p><em><strong>Der Vorstand vom F\u00f6rderverein: <\/strong><\/em>Birgit Leitmann (1. Vorsitzende),\u00a0Susanne Vo\u00df (2. Vorsitzende),\u00a0Jessica H\u00f6lscher (Kassenwartin), Christina Roling (Schriftf\u00fchrerin),\u00a0Claudia Kleine (Beisitzerin)<\/p>\n<p><em><strong>Ansprechpartnerin:<\/strong><\/em><\/p>\n<p>Birgit Leitmann (1. Vorsitzende), Mukenweg 10a, 49744 Geeste-Osterbrock<\/p>\n<p>Tel.: 05907\/2513274<\/p>\n<p>Mail: &#x66;\u00f6&#114;d&#x65;&#114;&#x76;&#x65;r&#x65;&#105;n&#x2d;&#103;&#x72;&#117;n&#x64;&#115;c&#x68;&#117;&#x6c;&#101;o&#x73;&#116;&#x65;&#x72;b&#x72;&#111;c&#x6b;&#64;&#x67;&#x6d;x&#x2e;&#100;e<\/p>\n<p><em><strong>Bankverbindung<\/strong><\/em><\/p>\n<p>Institut: Sparkasse Emsland<\/p>\n<p>BIC: NOLADE21EMS<\/p>\n<p>IBAN: DE34 2665 0001 0004 0030 67<\/p>\n\n","protected":false},"excerpt":{"rendered":"<p>Wir sind ein seit 1998 eingetragener, gemeinn\u00fctziger Verein mit dem Ziel der F\u00f6rderung der Erziehungs- und Bildungsarbeit der Grundschule. Als einige von vielen Aktivit\u00e4ten seien hier die Umgestaltung des Schulhofes und die Unterst\u00fctzung der Kinder bei Schulfahrten genannt. Die finanziellen Mittel hierf\u00fcr werden durch Mitgliederbeitr\u00e4ge und freiwillige Spenden erwirtschaftet. Wir freuen uns, wenn auch Sie sich, zum Wohl Ihrer Kinder, f\u00fcr eine Mitgliedschaft entscheiden. Den Mitgliedsantrag finden Sie hier: Aufnahmeantrag Fo\u0308rderverein Wenn Sie weiteren Informationsbedarf haben, so wenden Sie sich&#8230;<\/p>\n<p class=\"read-more\"><a class=\"btn btn-default\" href=\"https:\/\/wordpress.nibis.de\/gsgebruedergrimm\/foerderverein\/\">Weiterlesen<span class=\"screen-reader-text\"> Weiterlesen<\/span><\/a><\/p>\n","protected":false},"author":9192624,"featured_media":0,"parent":0,"menu_order":7,"comment_status":"closed","ping_status":"closed","template":"","meta":{"footnotes":""},"class_list":["post-55","page","type-page","status-publish","hentry"],"_links":{"self":[{"href":"https:\/\/wordpress.nibis.de\/gsgebruedergrimm\/wp-json\/wp\/v2\/pages\/55","targetHints":{"allow":["GET"]}}],"collection":[{"href":"https:\/\/wordpress.nibis.de\/gsgebruedergrimm\/wp-json\/wp\/v2\/pages"}],"about":[{"href":"https:\/\/wordpress.nibis.de\/gsgebruedergrimm\/wp-json\/wp\/v2\/types\/page"}],"author":[{"embeddable":true,"href":"https:\/\/wordpress.nibis.de\/gsgebruedergrimm\/wp-json\/wp\/v2\/users\/9192624"}],"replies":[{"embeddable":true,"href":"https:\/\/wordpress.nibis.de\/gsgebruedergrimm\/wp-json\/wp\/v2\/comments?post=55"}],"version-history":[{"count":21,"href":"https:\/\/wordpress.nibis.de\/gsgebruedergrimm\/wp-json\/wp\/v2\/pages\/55\/revisions"}],"predecessor-version":[{"id":1352,"href":"https:\/\/wordpress.nibis.de\/gsgebruedergrimm\/wp-json\/wp\/v2\/pages\/55\/revisions\/1352"}],"wp:attachment":[{"href":"https:\/\/wordpress.nibis.de\/gsgebruedergrimm\/wp-json\/wp\/v2\/media?parent=55"}],"curies":[{"name":"wp","href":"https:\/\/api.w.org\/{rel}","templated":true}]}}