{"id":57,"date":"2018-07-27T11:56:11","date_gmt":"2018-07-27T09:56:11","guid":{"rendered":"http:\/\/wordpress.nibis.de\/gsgebruedergrimm\/?page_id=57"},"modified":"2026-04-07T22:41:42","modified_gmt":"2026-04-07T20:41:42","slug":"termine","status":"publish","type":"page","link":"https:\/\/wordpress.nibis.de\/gsgebruedergrimm\/termine\/","title":{"rendered":"Termine"},"content":{"rendered":"\n<p><em><strong>April<\/strong><\/em><\/p>\n<ul>\n<li>13. + 14.04.26 Erste-Hilfe-Kurs f\u00fcr die Klassen 2 bis 4<\/li>\n<li>15.04.26 B\u00fccherei<\/li>\n<li>16.04.26 Schulelternratssitzung\u00a0<\/li>\n<li>23.04.26 Gesamtkonferenz und Schulvorstandssitzung\u00a0<\/li>\n<li>29.04.26 Besichtigung des Schafsstalls Klasse 1a und 1b (Naturparkschule)<\/li>\n<\/ul>\n<p><strong><em>Mai<\/em><\/strong><\/p>\n<ul>\n<li>11.05.26 &#8211; 13.05.26 Trommelprojekt<\/li>\n<li>13.05.26 Pr\u00e4sentation Trommelzauber 15 Uhr<\/li>\n<li>20.05.26 Schultenniscup<\/li>\n<li>20.05.26 B\u00fccherei<\/li>\n<\/ul>\n<p><em><strong>Juni<\/strong><\/em><\/p>\n<ul>\n<li>05.06.26 Lauftag<\/li>\n<li>09.06.26 Elternabend Kindergarten neue Erstkl\u00e4ssler<\/li>\n<li>11.06.26 Sport- und Spielefest<\/li>\n<li>18.06.26 Freilichtb\u00fchne Meppen &#8222;Der R\u00e4uber Hotzenplotz&#8220;<\/li>\n<li>24.06.26 B\u00fccherei<\/li>\n<li>25.06.26 Zeugniskonferenzen<\/li>\n<li>26.06.26 Soccerturnier und Zwei-Felder-Ball-Turnier in der Antoniusschule, Geeste<\/li>\n<li>30.06.26 10 Uhr Schuljahresabschlussgottesdienst<\/li>\n<\/ul>\n<p><em><strong>Juli<\/strong><\/em><\/p>\n<ul>\n<li>01.07.26 Zeugnisausgabe in der 3. Stunde<\/li>\n<\/ul>\n<p><em>02.07.26 &#8211; 12.08.26 Sommerferien\u00a0<\/em> \u00a0 \u00a0 \u00a0 \u00a0 \u00a0 \u00a0 \u00a0 \u00a0 \u00a0 \u00a0 \u00a0 \u00a0 \u00a0 \u00a0 \u00a0 \u00a0 \u00a0 \u00a0 \u00a0 \u00a0 \u00a0 \u00a0 \u00a0 \u00a0 \u00a0 \u00a0\u00a0<\/p>\n<p>\u00a0<\/p>\n","protected":false},"excerpt":{"rendered":"<p>April 13. + 14.04.26 Erste-Hilfe-Kurs f\u00fcr die Klassen 2 bis 4 15.04.26 B\u00fccherei 16.04.26 Schulelternratssitzung\u00a0 23.04.26 Gesamtkonferenz und Schulvorstandssitzung\u00a0 29.04.26 Besichtigung des Schafsstalls Klasse 1a und 1b (Naturparkschule) Mai 11.05.26 &#8211; 13.05.26 Trommelprojekt 13.05.26 Pr\u00e4sentation Trommelzauber 15 Uhr 20.05.26 Schultenniscup 20.05.26 B\u00fccherei Juni 05.06.26 Lauftag 09.06.26 Elternabend Kindergarten neue Erstkl\u00e4ssler 11.06.26 Sport- und Spielefest 18.06.26 Freilichtb\u00fchne Meppen &#8222;Der R\u00e4uber Hotzenplotz&#8220; 24.06.26 B\u00fccherei 25.06.26 Zeugniskonferenzen 26.06.26 Soccerturnier und Zwei-Felder-Ball-Turnier in der Antoniusschule, Geeste 30.06.26 10 Uhr Schuljahresabschlussgottesdienst Juli 01.07.26 Zeugnisausgabe in&#8230;<\/p>\n<p class=\"read-more\"><a class=\"btn btn-default\" href=\"https:\/\/wordpress.nibis.de\/gsgebruedergrimm\/termine\/\">Weiterlesen<span class=\"screen-reader-text\"> Weiterlesen<\/span><\/a><\/p>\n","protected":false},"author":9192624,"featured_media":0,"parent":0,"menu_order":6,"comment_status":"closed","ping_status":"closed","template":"","meta":{"footnotes":""},"class_list":["post-57","page","type-page","status-publish","hentry"],"_links":{"self":[{"href":"https:\/\/wordpress.nibis.de\/gsgebruedergrimm\/wp-json\/wp\/v2\/pages\/57","targetHints":{"allow":["GET"]}}],"collection":[{"href":"https:\/\/wordpress.nibis.de\/gsgebruedergrimm\/wp-json\/wp\/v2\/pages"}],"about":[{"href":"https:\/\/wordpress.nibis.de\/gsgebruedergrimm\/wp-json\/wp\/v2\/types\/page"}],"author":[{"embeddable":true,"href":"https:\/\/wordpress.nibis.de\/gsgebruedergrimm\/wp-json\/wp\/v2\/users\/9192624"}],"replies":[{"embeddable":true,"href":"https:\/\/wordpress.nibis.de\/gsgebruedergrimm\/wp-json\/wp\/v2\/comments?post=57"}],"version-history":[{"count":3,"href":"https:\/\/wordpress.nibis.de\/gsgebruedergrimm\/wp-json\/wp\/v2\/pages\/57\/revisions"}],"predecessor-version":[{"id":1316,"href":"https:\/\/wordpress.nibis.de\/gsgebruedergrimm\/wp-json\/wp\/v2\/pages\/57\/revisions\/1316"}],"wp:attachment":[{"href":"https:\/\/wordpress.nibis.de\/gsgebruedergrimm\/wp-json\/wp\/v2\/media?parent=57"}],"curies":[{"name":"wp","href":"https:\/\/api.w.org\/{rel}","templated":true}]}}