{"id":115,"date":"2023-03-16T13:53:44","date_gmt":"2023-03-16T12:53:44","guid":{"rendered":"https:\/\/wordpress.nibis.de\/gsglocke\/?page_id=115"},"modified":"2023-03-16T14:12:03","modified_gmt":"2023-03-16T13:12:03","slug":"schulweg","status":"publish","type":"page","link":"https:\/\/wordpress.nibis.de\/gsglocke\/schulweg\/","title":{"rendered":"Schulweg"},"content":{"rendered":"\n<div class=\"wp-block-media-text alignwide is-stacked-on-mobile is-style-tw-shadow\"><figure class=\"wp-block-media-text__media\"><img loading=\"lazy\" decoding=\"async\" width=\"1024\" height=\"681\" src=\"https:\/\/wordpress.nibis.de\/gsglocke\/files\/2023\/03\/pexels-pixabay-269790-1024x681.jpg\" alt=\"\" class=\"wp-image-116 size-full\" srcset=\"https:\/\/wordpress.nibis.de\/gsglocke\/files\/2023\/03\/pexels-pixabay-269790-1024x681.jpg 1024w, https:\/\/wordpress.nibis.de\/gsglocke\/files\/2023\/03\/pexels-pixabay-269790-300x200.jpg 300w, https:\/\/wordpress.nibis.de\/gsglocke\/files\/2023\/03\/pexels-pixabay-269790-768x511.jpg 768w, https:\/\/wordpress.nibis.de\/gsglocke\/files\/2023\/03\/pexels-pixabay-269790-1536x1022.jpg 1536w, https:\/\/wordpress.nibis.de\/gsglocke\/files\/2023\/03\/pexels-pixabay-269790-2048x1363.jpg 2048w, https:\/\/wordpress.nibis.de\/gsglocke\/files\/2023\/03\/pexels-pixabay-269790-406x270.jpg 406w\" sizes=\"auto, (max-width: 1024px) 100vw, 1024px\" \/><\/figure><div class=\"wp-block-media-text__content\">\n<p class=\"has-medium-font-size\">Ein sicherer Schulweg braucht Zutrauen und Vertrauen<\/p>\n<\/div><\/div>\n\n\n\n<p><\/p>\n\n\n\n<p>Die Sommerferien sind vorbei und die ABC-Sch\u00fctzen machen sich auf den Weg zur Schule. Die Samtgemeinde Hollenstedt macht in jedem Jahr mit Bannern an den Hauptverkehrspunkten auf die Anf\u00e4nger im Stra\u00dfenverkehr aufmerksam. Trotzdem f\u00fchlen wir uns verpflichtet diesen Schritt in die Selbstst\u00e4ndigkeit der Kinder zu unterst\u00fctzen. Au\u00dferdem sehen wir auch die Eltern in der Pflicht ihre Kinder den Schulweg zuzutrauen und ihnen zu vertrauen. Darum sind Verkehrstraining, Bustraining, Hindernisparcours und Fahrradpr\u00fcfung in Theorie und Praxis ein fester Bestandteil des Unterrichts.<\/p>\n\n\n\n<p>Ein sicherer Schulweg bedeutet nicht, dass Unmengen an Eltern-Taxis vor der Schule parken, sondern dass wir die Kinder gemeinsam fit f\u00fcr den Stra\u00dfenverkehr machen, ob zu Fu\u00df, mit dem Fahrrad oder dem Bus.<br>Mit der Aktion \u201eKleine F\u00fc\u00dfe\u201c und der Aktion \u201eDer Sichere Schulweg\u201c wollen wir, als der zust\u00e4ndige Unfallversicherungstr\u00e4ger auf Gefahren aufmerksam machen und Hilfestellungen geben.<br>Wir bitten daher alle Eltern Ihren Kindern einen selbstst\u00e4ndigen Schulweg zu erm\u00f6glichen. <\/p>\n\n\n\n<p><strong>Zu Fu\u00df, mit dem Roller oder mit dem Rad zur Schule<\/strong><\/p>\n\n\n\n<figure class=\"wp-block-pullquote has-border-color has-vivid-cyan-blue-border-color\"><blockquote><p><a href=\"https:\/\/www.gefahrenstellen.de\/?start=schulwege\" data-type=\"URL\" data-id=\"https:\/\/www.gefahrenstellen.de\/?start=schulwege\" target=\"_blank\" rel=\"noreferrer noopener\">digitaler Schulwegplaner<\/a><\/p><\/blockquote><\/figure>\n\n\n\n<p class=\"has-text-align-left\">Der digitale Schulwegplaner kann Ihnen bei der Wahl des sichersten Schulwegs helfen. Wie bei anderen Routenplanern kann Start und Ziel eingegeben werden. Au\u00dferdem k\u00f6nnen Sie Gefahrenpunkte markieren, die dann umgangen werden.&nbsp;Gestalten Sie&nbsp;gemeinsam mit Ihrem Kind den besten Schulweg.&nbsp;<\/p>\n\n\n\n<p><\/p>\n\n\n\n<p><strong>Mit dem Bus zur Schule<\/strong><\/p>\n\n\n\n<p>Aus den umliegenden Gemeinden kommen unsere Sch\u00fclerinnen und Sch\u00fcler kostenlos mit dem Bus zur Schule. Die Fahrpl\u00e4ne finden Sie unter den nachstehenden Links.<\/p>\n\n\n\n<p><a href=\"https:\/\/www.kvg-bus.de\/fileadmin\/user\/pdf\/fahrplaene\/4643.pdf\" target=\"_blank\" rel=\"noreferrer noopener\"><strong>4643 |<\/strong>&nbsp;Holvede \u2013 Heidenau \u2013 Hollenstedt \u2013 Tostedt \u2013 Wistedt und zur\u00fcck<\/a><\/p>\n\n\n\n<p><a href=\"https:\/\/www.kvg-bus.de\/fileadmin\/user\/pdf\/fahrplaene\/4681.pdf\" target=\"_blank\" rel=\"noreferrer noopener\"><strong>4681 |<\/strong>&nbsp;Halvesbostel \u2013 Hollenstedt \u2013 Moisburg \u2013 Neu Wulmstorf und zur\u00fcck<\/a><\/p>\n\n\n\n<p><a href=\"https:\/\/www.kvg-bus.de\/fileadmin\/user\/pdf\/fahrplaene\/4683.pdf\" target=\"_blank\" rel=\"noreferrer noopener\"><strong>4683 |<\/strong>&nbsp;Moisburg \/ Rahmstorf \/ Eversen \/ Wennerstorf \u2013 SZ Hollenstedt und zur\u00fcck<\/a><\/p>\n\n\n\n<p><a rel=\"noreferrer noopener\" href=\"https:\/\/www.kvg-bus.de\/fileadmin\/user\/pdf\/fahrplaene\/4684.pdf\" target=\"_blank\"><strong>4684 |<\/strong>&nbsp;Holtorfsbostel \u2013 Regesbostel \u2013 Moisburg und zur\u00fcck<\/a><\/p>\n\n\n\n<p>Alle Sch\u00fclerinnen und Sch\u00fcler, die mit dem Bus zur Schule kommen, erhalten eine vom Landkreis finanzierte HVV Card mit einem Sch\u00fclerabo. Weitere Informationen finden Sie&nbsp;<a rel=\"noreferrer noopener\" href=\"http:\/\/www.glockenbergschule-hollenstedt.de\/files\/gbsh\/galerien\/Flohmarkt\/pdf\/Infoblatt%20HVV-Card%20Jan.%202023.pdf\" target=\"_blank\">hier<\/a>.<\/p>\n","protected":false},"excerpt":{"rendered":"<p>Ein sicherer Schulweg braucht Zutrauen und Vertrauen Die Sommerferien sind vorbei und die ABC-Sch\u00fctzen machen sich auf den Weg zur Schule. Die Samtgemeinde Hollenstedt macht in jedem Jahr mit Bannern an den Hauptverkehrspunkten auf die Anf\u00e4nger im Stra\u00dfenverkehr aufmerksam. Trotzdem f\u00fchlen wir uns verpflichtet diesen Schritt in die Selbstst\u00e4ndigkeit der Kinder zu unterst\u00fctzen. Au\u00dferdem sehen wir auch die Eltern in der Pflicht ihre Kinder den Schulweg zuzutrauen und ihnen zu vertrauen. Darum sind Verkehrstraining, Bustraining, Hindernisparcours und Fahrradpr\u00fcfung in Theorie&#8230;<\/p>\n<p class=\"read-more\"><a class=\"btn btn-default\" href=\"https:\/\/wordpress.nibis.de\/gsglocke\/schulweg\/\">Weiterlesen<span class=\"screen-reader-text\"> Weiterlesen<\/span><\/a><\/p>\n","protected":false},"author":9194184,"featured_media":0,"parent":0,"menu_order":0,"comment_status":"closed","ping_status":"closed","template":"","meta":{"footnotes":""},"class_list":["post-115","page","type-page","status-publish","hentry"],"_links":{"self":[{"href":"https:\/\/wordpress.nibis.de\/gsglocke\/wp-json\/wp\/v2\/pages\/115","targetHints":{"allow":["GET"]}}],"collection":[{"href":"https:\/\/wordpress.nibis.de\/gsglocke\/wp-json\/wp\/v2\/pages"}],"about":[{"href":"https:\/\/wordpress.nibis.de\/gsglocke\/wp-json\/wp\/v2\/types\/page"}],"author":[{"embeddable":true,"href":"https:\/\/wordpress.nibis.de\/gsglocke\/wp-json\/wp\/v2\/users\/9194184"}],"replies":[{"embeddable":true,"href":"https:\/\/wordpress.nibis.de\/gsglocke\/wp-json\/wp\/v2\/comments?post=115"}],"version-history":[{"count":4,"href":"https:\/\/wordpress.nibis.de\/gsglocke\/wp-json\/wp\/v2\/pages\/115\/revisions"}],"predecessor-version":[{"id":123,"href":"https:\/\/wordpress.nibis.de\/gsglocke\/wp-json\/wp\/v2\/pages\/115\/revisions\/123"}],"wp:attachment":[{"href":"https:\/\/wordpress.nibis.de\/gsglocke\/wp-json\/wp\/v2\/media?parent=115"}],"curies":[{"name":"wp","href":"https:\/\/api.w.org\/{rel}","templated":true}]}}