{"id":127,"date":"2023-03-16T14:26:22","date_gmt":"2023-03-16T13:26:22","guid":{"rendered":"https:\/\/wordpress.nibis.de\/gsglocke\/?page_id=127"},"modified":"2023-03-22T12:06:48","modified_gmt":"2023-03-22T11:06:48","slug":"schulalltag","status":"publish","type":"page","link":"https:\/\/wordpress.nibis.de\/gsglocke\/schulalltag\/","title":{"rendered":"Schulalltag"},"content":{"rendered":"\n<div class=\"wp-block-media-text alignwide is-stacked-on-mobile is-style-tw-shadow\"><figure class=\"wp-block-media-text__media\"><img loading=\"lazy\" decoding=\"async\" width=\"1024\" height=\"576\" src=\"https:\/\/wordpress.nibis.de\/gsglocke\/files\/2023\/03\/education-g0ea753606_1920-1024x576.jpg\" alt=\"\" class=\"wp-image-128 size-full\" srcset=\"https:\/\/wordpress.nibis.de\/gsglocke\/files\/2023\/03\/education-g0ea753606_1920-1024x576.jpg 1024w, https:\/\/wordpress.nibis.de\/gsglocke\/files\/2023\/03\/education-g0ea753606_1920-300x169.jpg 300w, https:\/\/wordpress.nibis.de\/gsglocke\/files\/2023\/03\/education-g0ea753606_1920-768x432.jpg 768w, https:\/\/wordpress.nibis.de\/gsglocke\/files\/2023\/03\/education-g0ea753606_1920-1536x864.jpg 1536w, https:\/\/wordpress.nibis.de\/gsglocke\/files\/2023\/03\/education-g0ea753606_1920-480x270.jpg 480w, https:\/\/wordpress.nibis.de\/gsglocke\/files\/2023\/03\/education-g0ea753606_1920.jpg 1920w\" sizes=\"auto, (max-width: 1024px) 100vw, 1024px\" \/><\/figure><div class=\"wp-block-media-text__content\">\n<p class=\"has-vivid-red-color has-text-color has-medium-font-size\">Lernen hei\u00dft die Welt entdecken<\/p>\n<\/div><\/div>\n\n\n\n<p><\/p>\n\n\n\n<p>Der Schulalltag an der Glockenbergschule ist so bunt, wie das Leben. Wir bieten unseren Sch\u00fclerinnen und Sch\u00fclern abwechslungsreiche Lernaktivit\u00e4ten inner- und au\u00dferhalb der Schule an. Durch die gro\u00dfartige Lage mit der N\u00e4he zu den Kleinst\u00e4dten Buchholz und Buxtehude, einer guten Anbindung an die Hansestadt Hamburg, eingebettet in die Flusslandschaft der Este und am Rand der L\u00fcneburger Heide k\u00f6nnen wir Lernerlebnisse schaffen. <\/p>\n\n\n\n<p>Manchmal braucht es aber auch nur kurze Wege, denn die zahlreichen Verbindungen vor Ort zur B\u00fccherei, zur Feuerwehr und Polizei, zum Altenheim und verschiedenen Unternehmen in der Samtgemeinde machen anschauliches Lernen mit allen Sinnen m\u00f6glich. <\/p>\n\n\n\n<figure class=\"wp-block-pullquote has-border-color has-vivid-cyan-blue-border-color\"><blockquote><p><a href=\"https:\/\/wordpress.nibis.de\/gsglocke\/ein-tag-am-glockenberg\/\" data-type=\"page\" data-id=\"142\">ein Schultag am Glockenberg<\/a><\/p><\/blockquote><\/figure>\n\n\n\n<figure class=\"wp-block-pullquote has-border-color has-vivid-cyan-blue-border-color\"><blockquote><p><a href=\"https:\/\/wordpress.nibis.de\/gsglocke\/gesunde-schule\/\" data-type=\"page\" data-id=\"187\">gesunde Schule<\/a><\/p><\/blockquote><\/figure>\n\n\n\n<figure class=\"wp-block-pullquote has-border-color has-vivid-cyan-blue-border-color\"><blockquote><p><a href=\"https:\/\/wordpress.nibis.de\/gsglocke\/schulleben\/traditionen\/\" data-type=\"page\" data-id=\"133\">aktive Schule<\/a><\/p><\/blockquote><\/figure>\n\n\n\n<p><\/p>\n","protected":false},"excerpt":{"rendered":"<p>Lernen hei\u00dft die Welt entdecken Der Schulalltag an der Glockenbergschule ist so bunt, wie das Leben. Wir bieten unseren Sch\u00fclerinnen und Sch\u00fclern abwechslungsreiche Lernaktivit\u00e4ten inner- und au\u00dferhalb der Schule an. Durch die gro\u00dfartige Lage mit der N\u00e4he zu den Kleinst\u00e4dten Buchholz und Buxtehude, einer guten Anbindung an die Hansestadt Hamburg, eingebettet in die Flusslandschaft der Este und am Rand der L\u00fcneburger Heide k\u00f6nnen wir Lernerlebnisse schaffen. Manchmal braucht es aber auch nur kurze Wege, denn die zahlreichen Verbindungen vor Ort&#8230;<\/p>\n<p class=\"read-more\"><a class=\"btn btn-default\" href=\"https:\/\/wordpress.nibis.de\/gsglocke\/schulalltag\/\">Weiterlesen<span class=\"screen-reader-text\"> Weiterlesen<\/span><\/a><\/p>\n","protected":false},"author":9194184,"featured_media":0,"parent":0,"menu_order":0,"comment_status":"closed","ping_status":"closed","template":"","meta":{"footnotes":""},"class_list":["post-127","page","type-page","status-publish","hentry"],"_links":{"self":[{"href":"https:\/\/wordpress.nibis.de\/gsglocke\/wp-json\/wp\/v2\/pages\/127","targetHints":{"allow":["GET"]}}],"collection":[{"href":"https:\/\/wordpress.nibis.de\/gsglocke\/wp-json\/wp\/v2\/pages"}],"about":[{"href":"https:\/\/wordpress.nibis.de\/gsglocke\/wp-json\/wp\/v2\/types\/page"}],"author":[{"embeddable":true,"href":"https:\/\/wordpress.nibis.de\/gsglocke\/wp-json\/wp\/v2\/users\/9194184"}],"replies":[{"embeddable":true,"href":"https:\/\/wordpress.nibis.de\/gsglocke\/wp-json\/wp\/v2\/comments?post=127"}],"version-history":[{"count":8,"href":"https:\/\/wordpress.nibis.de\/gsglocke\/wp-json\/wp\/v2\/pages\/127\/revisions"}],"predecessor-version":[{"id":230,"href":"https:\/\/wordpress.nibis.de\/gsglocke\/wp-json\/wp\/v2\/pages\/127\/revisions\/230"}],"wp:attachment":[{"href":"https:\/\/wordpress.nibis.de\/gsglocke\/wp-json\/wp\/v2\/media?parent=127"}],"curies":[{"name":"wp","href":"https:\/\/api.w.org\/{rel}","templated":true}]}}