{"id":14,"date":"2023-03-08T10:03:59","date_gmt":"2023-03-08T09:03:59","guid":{"rendered":"https:\/\/wordpress.nibis.de\/gsglocke\/?page_id=14"},"modified":"2023-03-22T12:28:47","modified_gmt":"2023-03-22T11:28:47","slug":"kontakt","status":"publish","type":"page","link":"https:\/\/wordpress.nibis.de\/gsglocke\/kontakt\/","title":{"rendered":"Kontakt"},"content":{"rendered":"\n<div class=\"wp-block-media-text alignwide is-stacked-on-mobile is-style-tw-shadow\"><figure class=\"wp-block-media-text__media\"><img loading=\"lazy\" decoding=\"async\" width=\"1024\" height=\"683\" src=\"https:\/\/wordpress.nibis.de\/gsglocke\/files\/2023\/03\/pexels-markus-winkler-4159962-1024x683.jpg\" alt=\"\" class=\"wp-image-69 size-full\" srcset=\"https:\/\/wordpress.nibis.de\/gsglocke\/files\/2023\/03\/pexels-markus-winkler-4159962-1024x683.jpg 1024w, https:\/\/wordpress.nibis.de\/gsglocke\/files\/2023\/03\/pexels-markus-winkler-4159962-300x200.jpg 300w, https:\/\/wordpress.nibis.de\/gsglocke\/files\/2023\/03\/pexels-markus-winkler-4159962-768x512.jpg 768w, https:\/\/wordpress.nibis.de\/gsglocke\/files\/2023\/03\/pexels-markus-winkler-4159962-1536x1024.jpg 1536w, https:\/\/wordpress.nibis.de\/gsglocke\/files\/2023\/03\/pexels-markus-winkler-4159962-2048x1365.jpg 2048w, https:\/\/wordpress.nibis.de\/gsglocke\/files\/2023\/03\/pexels-markus-winkler-4159962-405x270.jpg 405w\" sizes=\"auto, (max-width: 1024px) 100vw, 1024px\" \/><\/figure><div class=\"wp-block-media-text__content\">\n<p class=\"has-text-align-left has-medium-font-size\">halten Sie Kontakt<\/p>\n<\/div><\/div>\n\n\n\n<p><\/p>\n\n\n\n<p><\/p>\n\n\n\n<figure class=\"wp-block-pullquote has-border-color has-vivid-cyan-blue-border-color\"><blockquote><p>04165\/9999815<\/p><cite>Kranken-Anrufbeantworter<\/cite><\/blockquote><\/figure>\n\n\n\n<p><\/p>\n\n\n\n<p>Liebe Eltern, liebe Sch\u00fclerinnen und Sch\u00fcler,<br>unser Sekretariat ist von <strong>Montag bis Freitag in der Zeit von 8.30 Uhr bis 12.30 Uhr<\/strong> besetzt. <\/p>\n\n\n\n<p>Frau Korkisch ist Ihre erste Ansprechpartnerin, wenn Sie uns kontaktieren m\u00f6chten. <\/p>\n\n\n\n<p>Sie erreichen das Sekretariat unter<\/p>\n\n\n\n<ul class=\"wp-block-list\"><li>Telefon: (0 41 65) 99 99 8 &#8211; 0<\/li><li>E-Mail:&nbsp;<a href=\"ma&#105;&#108;&#116;&#111;&#x3a;&#x73;&#x65;&#x6b;&#x72;et&#97;&#114;&#105;&#97;&#x74;&#x40;&#x67;&#x72;&#x75;nd&#115;&#99;&#104;&#117;&#x6c;&#x65;&#x2d;&#x68;&#x6f;lle&#110;&#115;&#116;&#x65;&#x64;&#x74;&#x2e;&#x64;e\" target=\"_blank\" rel=\"noreferrer noopener\">&#x73;&#101;&#107;&#x72;&#x65;&#116;&#97;&#x72;&#x69;&#97;&#116;&#x40;&#x67;&#114;&#117;&#x6e;&#x64;&#115;&#99;&#x68;&#x75;&#108;&#101;&#x2d;&#x68;&#111;&#108;&#x6c;&#x65;&#110;&#115;&#x74;&#x65;&#100;&#116;&#x2e;&#x64;&#101;<\/a><\/li><\/ul>\n\n\n\n<p> <\/p>\n\n\n\n<p>Bitte sprechen Sie Frau Korkisch an, wenn Sie<\/p>\n\n\n\n<ul class=\"wp-block-list\"><li>Ihre Kontaktdaten \u00e4ndern m\u00f6chten<\/li><li>wegen Schulwechsel An- und Abmeldungen von der Glockenbergschule vornehmen m\u00f6chten<\/li><li>dringende R\u00fcckrufe von Lehrerinnen und Lehrern ben\u00f6tigen<\/li><\/ul>\n\n\n\n<p><\/p>\n\n\n\n<p><\/p>\n\n\n\n<p>Unsere Lehrerinnen und Lehrer erreichen Sie unter ihrer jeweiligen E-Mail-Adressen. Diese sind nach folgendem Muster aufgebaut:<\/p>\n\n\n\n<p>ersterBuchstabeVorname.Nachname(at)grundschule-hollenstedt.de<\/p>\n\n\n\n<p>Wir behalten uns eine Antwortzeit von 48 Stunden vor.<br>Bei dringenden Angelegenheiten ist das Kollegium \u00fcber das Sekretariat erreichbar. <\/p>\n","protected":false},"excerpt":{"rendered":"<p>halten Sie Kontakt 04165\/9999815 Kranken-Anrufbeantworter Liebe Eltern, liebe Sch\u00fclerinnen und Sch\u00fcler,unser Sekretariat ist von Montag bis Freitag in der Zeit von 8.30 Uhr bis 12.30 Uhr besetzt. Frau Korkisch ist Ihre erste Ansprechpartnerin, wenn Sie uns kontaktieren m\u00f6chten. Sie erreichen das Sekretariat unter Telefon: (0 41 65) 99 99 8 &#8211; 0 E-Mail:&nbsp;&#x73;&#101;k&#x72;&#x65;&#116;a&#x72;&#x69;&#97;t&#x40;&#103;r&#x75;&#x6e;&#100;s&#x63;&#x68;&#117;l&#x65;&#45;&#104;&#x6f;&#x6c;&#108;e&#x6e;&#x73;&#116;e&#x64;&#116;&#46;d&#x65; Bitte sprechen Sie Frau Korkisch an, wenn Sie Ihre Kontaktdaten \u00e4ndern m\u00f6chten wegen Schulwechsel An- und Abmeldungen von der Glockenbergschule vornehmen m\u00f6chten dringende R\u00fcckrufe von Lehrerinnen und&#8230;<\/p>\n<p class=\"read-more\"><a class=\"btn btn-default\" href=\"https:\/\/wordpress.nibis.de\/gsglocke\/kontakt\/\">Weiterlesen<span class=\"screen-reader-text\"> Weiterlesen<\/span><\/a><\/p>\n","protected":false},"author":9194184,"featured_media":0,"parent":0,"menu_order":0,"comment_status":"closed","ping_status":"closed","template":"","meta":{"footnotes":""},"class_list":["post-14","page","type-page","status-publish","hentry"],"_links":{"self":[{"href":"https:\/\/wordpress.nibis.de\/gsglocke\/wp-json\/wp\/v2\/pages\/14","targetHints":{"allow":["GET"]}}],"collection":[{"href":"https:\/\/wordpress.nibis.de\/gsglocke\/wp-json\/wp\/v2\/pages"}],"about":[{"href":"https:\/\/wordpress.nibis.de\/gsglocke\/wp-json\/wp\/v2\/types\/page"}],"author":[{"embeddable":true,"href":"https:\/\/wordpress.nibis.de\/gsglocke\/wp-json\/wp\/v2\/users\/9194184"}],"replies":[{"embeddable":true,"href":"https:\/\/wordpress.nibis.de\/gsglocke\/wp-json\/wp\/v2\/comments?post=14"}],"version-history":[{"count":5,"href":"https:\/\/wordpress.nibis.de\/gsglocke\/wp-json\/wp\/v2\/pages\/14\/revisions"}],"predecessor-version":[{"id":238,"href":"https:\/\/wordpress.nibis.de\/gsglocke\/wp-json\/wp\/v2\/pages\/14\/revisions\/238"}],"wp:attachment":[{"href":"https:\/\/wordpress.nibis.de\/gsglocke\/wp-json\/wp\/v2\/media?parent=14"}],"curies":[{"name":"wp","href":"https:\/\/api.w.org\/{rel}","templated":true}]}}