{"id":155,"date":"2023-03-16T20:25:54","date_gmt":"2023-03-16T19:25:54","guid":{"rendered":"https:\/\/wordpress.nibis.de\/gsglocke\/?page_id=155"},"modified":"2023-03-22T14:48:49","modified_gmt":"2023-03-22T13:48:49","slug":"ganztag","status":"publish","type":"page","link":"https:\/\/wordpress.nibis.de\/gsglocke\/ganztag\/","title":{"rendered":"Ganztag"},"content":{"rendered":"\n<div class=\"wp-block-media-text alignwide is-stacked-on-mobile is-style-tw-shadow\"><figure class=\"wp-block-media-text__media\"><img loading=\"lazy\" decoding=\"async\" width=\"1024\" height=\"678\" src=\"https:\/\/wordpress.nibis.de\/gsglocke\/files\/2023\/03\/pexels-pixabay-256520-1024x678.jpg\" alt=\"\" class=\"wp-image-234 size-full\" srcset=\"https:\/\/wordpress.nibis.de\/gsglocke\/files\/2023\/03\/pexels-pixabay-256520-1024x678.jpg 1024w, https:\/\/wordpress.nibis.de\/gsglocke\/files\/2023\/03\/pexels-pixabay-256520-300x199.jpg 300w, https:\/\/wordpress.nibis.de\/gsglocke\/files\/2023\/03\/pexels-pixabay-256520-768x509.jpg 768w, https:\/\/wordpress.nibis.de\/gsglocke\/files\/2023\/03\/pexels-pixabay-256520-1536x1017.jpg 1536w, https:\/\/wordpress.nibis.de\/gsglocke\/files\/2023\/03\/pexels-pixabay-256520-2048x1356.jpg 2048w, https:\/\/wordpress.nibis.de\/gsglocke\/files\/2023\/03\/pexels-pixabay-256520-408x270.jpg 408w\" sizes=\"auto, (max-width: 1024px) 100vw, 1024px\" \/><\/figure><div class=\"wp-block-media-text__content\">\n<p class=\"has-text-align-left has-medium-font-size\"><span style=\"color:#cf2e2e\" class=\"tadv-color\">Hausaufgaben, Mittagessen, Freizeit<\/span><\/p>\n<\/div><\/div>\n\n\n\n<p><\/p>\n\n\n\n<p>Die Glockenbergschule ist eine offene Ganztagsschule und betreut die Sch\u00fclerinnen und Sch\u00fcler bei Bedarf bis 17 Uhr. Im Rahmen der Ganztagsschule gibt es t\u00e4glich ein warmes Mittagessen von einem externen Anbieter. Montags bis donnerstags findet eine lehrerbegleitete Hausaufgabenbetreuung statt. Im Anschluss daran k\u00f6nnen verschiedene Angebote besucht werden.\u00a0<\/p>\n\n\n\n<p>Eine verbindliche Anmeldung&nbsp;erfolgt immer im vorangehenden Halbjahr, bzw. mit Einreichung der Anmeldeunterlagen. Das bietet sowohl der Schule als auch den Familien eine gro\u00dfe Planungssicherheit.&nbsp;<\/p>\n\n\n\n<p>Bei Abmeldungen oder Fragen wenden Sie sich bitte an Frau Steiner oder Frau Hack per Mail an:<br><a href=\"&#x6d;&#x61;&#105;&#108;t&#x6f;&#x3a;&#x67;&#97;nz&#x74;&#x61;&#103;&#64;g&#x72;&#x75;&#x6e;&#100;sc&#x68;&#x75;&#108;&#101;-&#x68;&#x6f;&#x6c;&#108;en&#x73;&#x74;&#101;&#100;t&#x2e;&#x64;&#x65;\" target=\"_blank\" rel=\"noreferrer noopener\">&#x67;&#x61;&#x6e;&#x7a;&#x74;&#x61;&#103;&#64;&#103;&#114;unds&#x63;&#x68;&#x75;&#x6c;&#x65;&#x2d;&#104;&#111;&#108;&#108;&#101;nst&#x65;&#x64;&#x74;&#x2e;&#x64;&#x65;<\/a><\/p>\n\n\n\n<p>Bei Fragen bez\u00fcglich des Mittagessens wenden Sie sich bitte an:<br><a href=\"mai&#108;&#116;&#111;&#58;&#x6c;&#x65;&#x63;&#x6b;&#x65;&#x72;&#x2d;ess&#101;&#110;&#64;&#103;&#114;&#x75;&#x6e;&#x64;&#x73;&#x63;&#x68;ule-&#104;&#111;&#108;&#108;&#x65;&#x6e;&#x73;&#x74;&#x65;&#x64;t&#46;de\">l&#101;&#99;&#x6b;&#x65;&#x72;&#x2d;e&#115;&#115;&#101;&#x6e;&#x40;&#x67;ru&#110;&#100;&#x73;&#x63;&#x68;ul&#101;&#45;&#x68;&#x6f;&#x6c;le&#110;&#115;&#x74;&#x65;&#x64;t&#46;&#100;&#101;<\/a><\/p>\n\n\n\n<p>Angebote im Ganztag im Schuljahr 2022\/2023<\/p>\n\n\n\n<figure class=\"wp-block-table is-style-stripes\"><table><tbody><tr><td><\/td><td><strong>Montag<\/strong><\/td><td><strong>Dienstag<\/strong><\/td><td><strong>Mittwoch<\/strong><\/td><td><strong>Donnerstag<\/strong><\/td><\/tr><tr><td><\/td><td>Sport AG (1\/2)<\/td><td>Musik AG (1\/2)<\/td><td>Tanz AG(1\/2)<\/td><td><\/td><\/tr><tr><td><\/td><td>AG Werken (3\/4)<\/td><td>Sport AG (3\/4)<\/td><td>Zumba (3\/4)<\/td><td>AG N\u00e4hen (3\/4)<\/td><\/tr><tr><td><\/td><td><\/td><td>PC AG (3\/4)<\/td><td><\/td><td><\/td><\/tr><tr><td><\/td><td>freies Spiel auf dem Schulhof, basteln, malen, spielen (alle)<\/td><td>freies Spiel auf dem Schulhof, basteln, malen, spielen (alle)<\/td><td>freies Spiel auf dem Schulhof, basteln, malen, spielen (alle)<\/td><td>freies Spiel auf dem Schulhof, basteln, malen, spielen (alle)<\/td><\/tr><\/tbody><\/table><\/figure>\n\n\n\n<p><\/p>\n","protected":false},"excerpt":{"rendered":"<p>Hausaufgaben, Mittagessen, Freizeit Die Glockenbergschule ist eine offene Ganztagsschule und betreut die Sch\u00fclerinnen und Sch\u00fcler bei Bedarf bis 17 Uhr. Im Rahmen der Ganztagsschule gibt es t\u00e4glich ein warmes Mittagessen von einem externen Anbieter. Montags bis donnerstags findet eine lehrerbegleitete Hausaufgabenbetreuung statt. Im Anschluss daran k\u00f6nnen verschiedene Angebote besucht werden.\u00a0 Eine verbindliche Anmeldung&nbsp;erfolgt immer im vorangehenden Halbjahr, bzw. mit Einreichung der Anmeldeunterlagen. Das bietet sowohl der Schule als auch den Familien eine gro\u00dfe Planungssicherheit.&nbsp; Bei Abmeldungen oder Fragen wenden Sie&#8230;<\/p>\n<p class=\"read-more\"><a class=\"btn btn-default\" href=\"https:\/\/wordpress.nibis.de\/gsglocke\/ganztag\/\">Weiterlesen<span class=\"screen-reader-text\"> Weiterlesen<\/span><\/a><\/p>\n","protected":false},"author":9194184,"featured_media":0,"parent":0,"menu_order":0,"comment_status":"closed","ping_status":"closed","template":"","meta":{"footnotes":""},"class_list":["post-155","page","type-page","status-publish","hentry"],"_links":{"self":[{"href":"https:\/\/wordpress.nibis.de\/gsglocke\/wp-json\/wp\/v2\/pages\/155","targetHints":{"allow":["GET"]}}],"collection":[{"href":"https:\/\/wordpress.nibis.de\/gsglocke\/wp-json\/wp\/v2\/pages"}],"about":[{"href":"https:\/\/wordpress.nibis.de\/gsglocke\/wp-json\/wp\/v2\/types\/page"}],"author":[{"embeddable":true,"href":"https:\/\/wordpress.nibis.de\/gsglocke\/wp-json\/wp\/v2\/users\/9194184"}],"replies":[{"embeddable":true,"href":"https:\/\/wordpress.nibis.de\/gsglocke\/wp-json\/wp\/v2\/comments?post=155"}],"version-history":[{"count":6,"href":"https:\/\/wordpress.nibis.de\/gsglocke\/wp-json\/wp\/v2\/pages\/155\/revisions"}],"predecessor-version":[{"id":240,"href":"https:\/\/wordpress.nibis.de\/gsglocke\/wp-json\/wp\/v2\/pages\/155\/revisions\/240"}],"wp:attachment":[{"href":"https:\/\/wordpress.nibis.de\/gsglocke\/wp-json\/wp\/v2\/media?parent=155"}],"curies":[{"name":"wp","href":"https:\/\/api.w.org\/{rel}","templated":true}]}}