{"id":196,"date":"2023-03-22T11:02:51","date_gmt":"2023-03-22T10:02:51","guid":{"rendered":"https:\/\/wordpress.nibis.de\/gsglocke\/?page_id=196"},"modified":"2023-03-22T11:56:14","modified_gmt":"2023-03-22T10:56:14","slug":"service","status":"publish","type":"page","link":"https:\/\/wordpress.nibis.de\/gsglocke\/service\/","title":{"rendered":"Service"},"content":{"rendered":"\n<div class=\"wp-block-media-text alignwide is-stacked-on-mobile is-style-tw-shadow\"><figure class=\"wp-block-media-text__media\"><img loading=\"lazy\" decoding=\"async\" width=\"1024\" height=\"683\" src=\"https:\/\/wordpress.nibis.de\/gsglocke\/files\/2023\/03\/pexels-karolina-grabowska-5412500-1024x683.jpg\" alt=\"\" class=\"wp-image-197 size-full\" srcset=\"https:\/\/wordpress.nibis.de\/gsglocke\/files\/2023\/03\/pexels-karolina-grabowska-5412500-1024x683.jpg 1024w, https:\/\/wordpress.nibis.de\/gsglocke\/files\/2023\/03\/pexels-karolina-grabowska-5412500-300x200.jpg 300w, https:\/\/wordpress.nibis.de\/gsglocke\/files\/2023\/03\/pexels-karolina-grabowska-5412500-768x512.jpg 768w, https:\/\/wordpress.nibis.de\/gsglocke\/files\/2023\/03\/pexels-karolina-grabowska-5412500-1536x1024.jpg 1536w, https:\/\/wordpress.nibis.de\/gsglocke\/files\/2023\/03\/pexels-karolina-grabowska-5412500-2048x1365.jpg 2048w, https:\/\/wordpress.nibis.de\/gsglocke\/files\/2023\/03\/pexels-karolina-grabowska-5412500-405x270.jpg 405w\" sizes=\"auto, (max-width: 1024px) 100vw, 1024px\" \/><\/figure><div class=\"wp-block-media-text__content\">\n<p class=\"has-text-align-left has-medium-font-size\"><span style=\"color:#fcb900\" class=\"tadv-color\">Informationen zum Download<\/span><\/p>\n<\/div><\/div>\n\n\n\n<p><\/p>\n\n\n\n<p>Auf dieser Seite stellen wir Ihnen viele Informationen und die notwendigen <strong>Formulare<\/strong> zum Download bereit. Des Weiteren finden Sie Links zu <strong>Hilfeangeboten<\/strong> in herausfordernden Situationen, zum <strong>Kultusministerium<\/strong>, zur <strong>Landesschulbeh\u00f6rde<\/strong> und zum <strong>Landkreis<\/strong> Harburg.<\/p>\n\n\n\n<p>Sollten Sie Fragen haben, sprechen Sie uns gerne an. Wir sind gerne f\u00fcr Sie da.<\/p>\n\n\n\n<figure class=\"wp-block-pullquote has-border-color has-vivid-cyan-blue-border-color\"><blockquote><p>Formulare f\u00fcr das Schulleben<\/p><\/blockquote><\/figure>\n\n\n\n<div class=\"wp-block-file\"><a id=\"wp-block-file--media-6bf429b1-0ee2-4d6f-9b4d-82cbc094a1ec\" href=\"https:\/\/wordpress.nibis.de\/gsglocke\/files\/2023\/03\/Anmeldung-Fruehbetreuung.pdf\">Anmeldung-Fruehbetreuung<\/a><a href=\"https:\/\/wordpress.nibis.de\/gsglocke\/files\/2023\/03\/Anmeldung-Fruehbetreuung.pdf\" class=\"wp-block-file__button\" download aria-describedby=\"wp-block-file--media-6bf429b1-0ee2-4d6f-9b4d-82cbc094a1ec\">Herunterladen<\/a><\/div>\n\n\n\n<div class=\"wp-block-file\"><a id=\"wp-block-file--media-0210a39e-3a58-4575-a625-d8ade25f16bd\" href=\"https:\/\/wordpress.nibis.de\/gsglocke\/files\/2023\/03\/Entbindung-der-Schweigeplicht.pdf\">Entbindung-der-Schweigeplicht<\/a><a href=\"https:\/\/wordpress.nibis.de\/gsglocke\/files\/2023\/03\/Entbindung-der-Schweigeplicht.pdf\" class=\"wp-block-file__button\" download aria-describedby=\"wp-block-file--media-0210a39e-3a58-4575-a625-d8ade25f16bd\">Herunterladen<\/a><\/div>\n\n\n\n<div class=\"wp-block-file\"><a id=\"wp-block-file--media-b9499cde-7198-45b7-9ab7-1c9ada3cf741\" href=\"https:\/\/wordpress.nibis.de\/gsglocke\/files\/2023\/03\/Antrag-auf-Unterrichtsbefreiung.pdf\">Antrag-auf-Unterrichtsbefreiung<\/a><a href=\"https:\/\/wordpress.nibis.de\/gsglocke\/files\/2023\/03\/Antrag-auf-Unterrichtsbefreiung.pdf\" class=\"wp-block-file__button\" download aria-describedby=\"wp-block-file--media-b9499cde-7198-45b7-9ab7-1c9ada3cf741\">Herunterladen<\/a><\/div>\n\n\n\n<div class=\"wp-block-file\"><a id=\"wp-block-file--media-b53cf9b1-2499-498e-8d68-18e9cc8bf8a5\" href=\"https:\/\/wordpress.nibis.de\/gsglocke\/files\/2023\/03\/Einverstaendnis-E-Mail-Korrespondenz.pdf\">Einverstaendnis-E-Mail-Korrespondenz<\/a><a href=\"https:\/\/wordpress.nibis.de\/gsglocke\/files\/2023\/03\/Einverstaendnis-E-Mail-Korrespondenz.pdf\" class=\"wp-block-file__button\" download aria-describedby=\"wp-block-file--media-b53cf9b1-2499-498e-8d68-18e9cc8bf8a5\">Herunterladen<\/a><\/div>\n\n\n\n<div class=\"wp-block-file\"><a id=\"wp-block-file--media-320fa30b-926d-4208-9a8c-ab9871162355\" href=\"https:\/\/wordpress.nibis.de\/gsglocke\/files\/2023\/03\/Einverstaendniserklaerung-Bild-und-Film.pdf\">Einverstaendniserklaerung-Bild-und-Film<\/a><a href=\"https:\/\/wordpress.nibis.de\/gsglocke\/files\/2023\/03\/Einverstaendniserklaerung-Bild-und-Film.pdf\" class=\"wp-block-file__button\" download aria-describedby=\"wp-block-file--media-320fa30b-926d-4208-9a8c-ab9871162355\">Herunterladen<\/a><\/div>\n\n\n\n<div class=\"wp-block-file\"><a id=\"wp-block-file--media-d10b4a11-91e4-4521-b9cd-2da8d28f4839\" href=\"https:\/\/wordpress.nibis.de\/gsglocke\/files\/2023\/03\/Elterninformation-zum-Datenschutz.pdf\">Elterninformation-zum-Datenschutz<\/a><a href=\"https:\/\/wordpress.nibis.de\/gsglocke\/files\/2023\/03\/Elterninformation-zum-Datenschutz.pdf\" class=\"wp-block-file__button\" download aria-describedby=\"wp-block-file--media-d10b4a11-91e4-4521-b9cd-2da8d28f4839\">Herunterladen<\/a><\/div>\n\n\n\n<div class=\"wp-block-file\"><a id=\"wp-block-file--media-2d8dc5c4-5100-4a72-a107-213f01221f76\" href=\"https:\/\/wordpress.nibis.de\/gsglocke\/files\/2023\/03\/Erklaerung-zur-Klassenreise.pdf\">Erklaerung-zur-Klassenreise<\/a><a href=\"https:\/\/wordpress.nibis.de\/gsglocke\/files\/2023\/03\/Erklaerung-zur-Klassenreise.pdf\" class=\"wp-block-file__button\" download aria-describedby=\"wp-block-file--media-2d8dc5c4-5100-4a72-a107-213f01221f76\">Herunterladen<\/a><\/div>\n\n\n\n<div class=\"wp-block-file\"><a id=\"wp-block-file--media-d4469ccc-d9b7-4ad6-8e77-917a32c3d788\" href=\"https:\/\/wordpress.nibis.de\/gsglocke\/files\/2023\/03\/KFZ-Haftungsfreistellung.pdf\">KFZ-Haftungsfreistellung<\/a><a href=\"https:\/\/wordpress.nibis.de\/gsglocke\/files\/2023\/03\/KFZ-Haftungsfreistellung.pdf\" class=\"wp-block-file__button\" download aria-describedby=\"wp-block-file--media-d4469ccc-d9b7-4ad6-8e77-917a32c3d788\">Herunterladen<\/a><\/div>\n\n\n\n<div class=\"wp-block-file\"><a id=\"wp-block-file--media-e2f65c94-1c5d-42ed-805b-1a82be8d46d3\" href=\"https:\/\/wordpress.nibis.de\/gsglocke\/files\/2023\/03\/Antrag-auf-Genehmigung-des-Besuchs-einer-Schule-ausserhalb-des-zustaendigen-Schulbezirks.pdf\">Antrag-auf-Genehmigung-des-Besuchs-einer-Schule-ausserhalb-des-zustaendigen-Schulbezirks<\/a><a href=\"https:\/\/wordpress.nibis.de\/gsglocke\/files\/2023\/03\/Antrag-auf-Genehmigung-des-Besuchs-einer-Schule-ausserhalb-des-zustaendigen-Schulbezirks.pdf\" class=\"wp-block-file__button\" download aria-describedby=\"wp-block-file--media-e2f65c94-1c5d-42ed-805b-1a82be8d46d3\">Herunterladen<\/a><\/div>\n\n\n\n<div class=\"wp-block-file\"><a id=\"wp-block-file--media-975686c1-414d-4fb7-a2c3-8c0691a25256\" href=\"https:\/\/wordpress.nibis.de\/gsglocke\/files\/2023\/03\/Stundenplan-Glockenbergschule.pdf\">Stundenplan-Glockenbergschule<\/a><a href=\"https:\/\/wordpress.nibis.de\/gsglocke\/files\/2023\/03\/Stundenplan-Glockenbergschule.pdf\" class=\"wp-block-file__button\" download aria-describedby=\"wp-block-file--media-975686c1-414d-4fb7-a2c3-8c0691a25256\">Herunterladen<\/a><\/div>\n\n\n\n<figure class=\"wp-block-pullquote has-border-color has-vivid-cyan-blue-border-color has-small-font-size\"><blockquote><p>Gesundheit<\/p><cite>in der Schule treffen sich kleine und gro\u00dfe Menschen mit\u00a0starken\u00a0Charakteren. Jede Pers\u00f6nlichkeit hat St\u00e4rken und Schw\u00e4chen, erf\u00e4hrt in seinem Zuhause eigene Gewohnheiten, Traditionen und jede Familie hat eigene Werte, nach denen sie lebt.\u00a0<br>All diese individuellen Eigenschaften machen es manchmal ganz aufregend zusammen zu arbeiten und zu lernen. Es gibt Situationen, in denen Eltern, Kinder und Lehrerinnen und Lehrer verunsichert sind und sich \u00fcber Verhalten, Schw\u00e4chen und St\u00e4rken informieren m\u00f6chten.\u00a0<br>An dieser Stelle bieten wir Ihnen einen einf\u00fchrenden \u00dcberblick \u00fcber besonders heraufordernde Entwicklungsbilder bei Sch\u00fclerinnen und Sch\u00fclern. Sprechen Sie uns gerne an, bleiben Sie mit uns in Kontakt und haben Sie Vertrauen in uns, in sich und in die Kinder, dass uns eine Zusammenarbeit im Sinne der Kinder gelingen wird.\u00a0<\/cite><\/blockquote><\/figure>\n\n\n\n<div class=\"wp-block-file\"><a id=\"wp-block-file--media-b065fb17-2a54-4570-8ee6-f079eed5c530\" href=\"https:\/\/wordpress.nibis.de\/gsglocke\/files\/2023\/03\/Masernschutzimpfung.pdf\">Masernschutzimpfung<\/a><a href=\"https:\/\/wordpress.nibis.de\/gsglocke\/files\/2023\/03\/Masernschutzimpfung.pdf\" class=\"wp-block-file__button\" download aria-describedby=\"wp-block-file--media-b065fb17-2a54-4570-8ee6-f079eed5c530\">Herunterladen<\/a><\/div>\n\n\n\n<div class=\"wp-block-file\"><a id=\"wp-block-file--media-43e5878c-d2f6-4906-9fa8-d9c73688ab64\" href=\"https:\/\/wordpress.nibis.de\/gsglocke\/files\/2023\/03\/Merkblatt-Laeuse.pdf\">Merkblatt-Laeuse<\/a><a href=\"https:\/\/wordpress.nibis.de\/gsglocke\/files\/2023\/03\/Merkblatt-Laeuse.pdf\" class=\"wp-block-file__button\" download aria-describedby=\"wp-block-file--media-43e5878c-d2f6-4906-9fa8-d9c73688ab64\">Herunterladen<\/a><\/div>\n\n\n\n<div class=\"wp-block-file\"><a id=\"wp-block-file--media-5ee7a0ad-d8ba-4882-a3b9-7feabe534ff9\" href=\"https:\/\/wordpress.nibis.de\/gsglocke\/files\/2023\/03\/Merkblatt-Zecken.pdf\">Merkblatt-Zecken<\/a><a href=\"https:\/\/wordpress.nibis.de\/gsglocke\/files\/2023\/03\/Merkblatt-Zecken.pdf\" class=\"wp-block-file__button\" download aria-describedby=\"wp-block-file--media-5ee7a0ad-d8ba-4882-a3b9-7feabe534ff9\">Herunterladen<\/a><\/div>\n\n\n\n<p><\/p>\n\n\n\n<p>Erste Informationen in speziellen Situationen<\/p>\n\n\n\n<ul class=\"wp-block-list\"><li>ADHS &#8211; Aufmerksamkeitsdefizitsyndrom <a href=\"https:\/\/www.bundesgesundheitsministerium.de\/themen\/praevention\/kindergesundheit\/aufmerksamkeitsdefizitsyndrom.html#:~:text=Charakteristisch%20f%C3%BCr%20ADHS%20sind%20folgende,Impulsivit%C3%A4t%20(un%C3%BCberlegtes%20Handeln)\" target=\"_blank\" rel=\"noreferrer noopener\">https:\/\/www.bundesgesundheitsministerium.de\/themen\/praevention\/kindergesundheit\/aufmerksamkeitsdefizitsyndrom<\/a><\/li><\/ul>\n\n\n\n<ul class=\"wp-block-list\"><li>Autismus &#8211; Autismusspektrum <br><a href=\"https:\/\/gesund.bund.de\/autismus#auf-einen-blick\" data-type=\"URL\" data-id=\"https:\/\/gesund.bund.de\/autismus#auf-einen-blick\" target=\"_blank\" rel=\"noreferrer noopener\">https:\/\/gesund.bund.de\/autismus#auf-einen-blick<\/a><\/li><\/ul>\n\n\n\n<ul class=\"wp-block-list\"><li>Dyskalkulie<br><a rel=\"noreferrer noopener\" href=\"https:\/\/www.bvl-legasthenie.de\/dyskalkulie\" target=\"_blank\">https:\/\/www.bvl-legasthenie.de\/dyskalkulie<\/a><\/li><\/ul>\n\n\n\n<ul class=\"wp-block-list\"><li>Lese-Rechtschreibschw\u00e4che<br><a href=\"https:\/\/www.bvl-legasthenie.de\" target=\"_blank\" rel=\"noreferrer noopener\">https:\/\/www.bvl-legasthenie.de<\/a><\/li><\/ul>\n\n\n\n<ul class=\"wp-block-list\"><li>Sprachf\u00f6rderung<br><a rel=\"noreferrer noopener\" href=\"https:\/\/www.mk.niedersachsen.de\/startseite\/schule\/lehrkrafte_und_nichtlehrendes_personal\/sprachbildung_und_interkulturelle_bildung\/sprachbildung-und-interkulturelle-bildung-206007.html\" target=\"_blank\">https:\/\/www.mk.niedersachsen.de\/startseite\/schule\/lehrkrafte_und_nichtlehrendes_personal\/sprachbildung_und_interkulturelle_bildung\/sprachbildung-und-interkulturelle-bildung-206007.html<\/a><\/li><\/ul>\n\n\n\n<p><\/p>\n\n\n\n<p><strong>Sexuelle Gewalt an M\u00e4dchen und Jungen<\/strong><br>Beratungsstellen:<br><br>Der Kinderschutzbund (Beratung von Eltern und Professionellen)<br>Neue Stra\u00dfe 13<br>21244 Buchholz<br>Tel.: 04181-38 06 36<br>&#x69;&#110;f&#x6f;&#x40;&#100;k&#x73;&#x62;&#45;l&#x6b;&#x68;&#97;r&#x62;&#x75;&#114;g&#x2e;&#100;&#101;<br>https:\/\/dksb-lkharburg.de\/<br><br><br>Stiftung Opferhilfe Niedersachsen (Psychosoziale Beratung der Opfer)<br>Regionalb\u00fcro Stade<br>Wilhadikirchhof 3<br>21682 Stade<br>Tel.: 04141-4030430<br><br>Regionalb\u00fcro L\u00fcneburg<br>Bei der St. Lambertikirche 8<br>21335 L\u00fcneburg<br>Tel.: 04131-727 19 10<br><br>Weisser Ring (Opferschutz)<br>Infotelefon und Opfer-Notruf\u00a0116 006<br><br>Au\u00dfenstelle Kreis Harburg<br>04181-2018920<br>0151-55164733<\/p>\n\n\n\n<figure class=\"wp-block-pullquote\"><blockquote><p>Kultusministerium, Landesschulbeh\u00f6rde, Landkreis Harburg<\/p><\/blockquote><\/figure>\n\n\n\n<ul class=\"wp-block-list\"><li>Sch\u00fclerbef\u00f6rderung im Landkreis Harburg &#8211; Busfahrkarten, HVV-Sch\u00fclerabo, Fahrkartenersatz<br><a href=\"https:\/\/portal.landkreis-harburg.de\/dienstleistungen\/schuelerbefoerderung\" target=\"_blank\" rel=\"noreferrer noopener\">https:\/\/portal.landkreis-harburg.de\/dienstleistungen\/schuelerbefoerderung<\/a><\/li><li>Fahrpl\u00e4ne der KVG <br><a href=\"https:\/\/www.kvg-bus.de\/fahrplaene\/landkreis-harburg\/fahrplaene\/\" target=\"_blank\" rel=\"noreferrer noopener\">https:\/\/www.kvg-bus.de\/fahrplaene\/landkreis-harburg\/fahrplaene\/<\/a><\/li><li>Ausfall der Sch\u00fclerbef\u00f6rderung &#8211; Schulausfall<br><a href=\"https:\/\/www.landkreis-harburg.de\/buergerservice\/dienstleistungen\/schulausfall-ausfall-der-schuelerbefoerderung-901000967-0.html?myMedium=1\" target=\"_blank\" rel=\"noreferrer noopener\">https:\/\/www.landkreis-harburg.de\/buergerservice\/dienstleistungen\/schulausfall-ausfall-der-schuelerbefoerderung-901000967-0.html?myMedium=1<\/a><\/li><li>Schulen im Landkreis Harburg<br><a href=\"https:\/\/www.landkreis-harburg.de\/portal\/seiten\/die-schulen-901002652-20100.html\" target=\"_blank\" rel=\"noreferrer noopener\">https:\/\/www.landkreis-harburg.de\/portal\/seiten\/die-schulen-901002652-20100.html<\/a><\/li><\/ul>\n\n\n\n<ul class=\"wp-block-list\"><li>das Nieders\u00e4chsische Kultusministerium stellt alle aktuellen Informationen zur Arbeit an der Grundschule f\u00fcr Sie bereit.<br><a href=\"https:\/\/www.mk.niedersachsen.de\/startseite\/schule\/unsere_schulen\/allgemein_bildende_schulen\/grundschule\/\" target=\"_blank\" rel=\"noreferrer noopener\">https:\/\/www.mk.niedersachsen.de\/startseite\/schule\/unsere_schulen\/allgemein_bildende_schulen\/grundschule\/<\/a><\/li><\/ul>\n\n\n\n<ul class=\"wp-block-list\"><li>Das Regionale Landesamt f\u00fcr Schule und Bildung steht Sch\u00fclerinnen und Sch\u00fclern, Eltern und Erziehungsberechtigten unterst\u00fctzend zur Seite. <br><a href=\"https:\/\/bildungsportal-niedersachsen.de\/beratung-unterstuetzung\/sus-erziehungsberechtigte\" target=\"_blank\" rel=\"noreferrer noopener\">https:\/\/bildungsportal-niedersachsen.de\/beratung-unterstuetzung\/sus-erziehungsberechtigte<\/a><\/li><\/ul>\n\n\n\n<p><\/p>\n","protected":false},"excerpt":{"rendered":"<p>Informationen zum Download Auf dieser Seite stellen wir Ihnen viele Informationen und die notwendigen Formulare zum Download bereit. Des Weiteren finden Sie Links zu Hilfeangeboten in herausfordernden Situationen, zum Kultusministerium, zur Landesschulbeh\u00f6rde und zum Landkreis Harburg. Sollten Sie Fragen haben, sprechen Sie uns gerne an. Wir sind gerne f\u00fcr Sie da. Formulare f\u00fcr das Schulleben Gesundheit in der Schule treffen sich kleine und gro\u00dfe Menschen mit\u00a0starken\u00a0Charakteren. Jede Pers\u00f6nlichkeit hat St\u00e4rken und Schw\u00e4chen, erf\u00e4hrt in seinem Zuhause eigene Gewohnheiten, Traditionen und&#8230;<\/p>\n<p class=\"read-more\"><a class=\"btn btn-default\" href=\"https:\/\/wordpress.nibis.de\/gsglocke\/service\/\">Weiterlesen<span class=\"screen-reader-text\"> Weiterlesen<\/span><\/a><\/p>\n","protected":false},"author":9194184,"featured_media":0,"parent":0,"menu_order":0,"comment_status":"closed","ping_status":"closed","template":"","meta":{"footnotes":""},"class_list":["post-196","page","type-page","status-publish","hentry"],"_links":{"self":[{"href":"https:\/\/wordpress.nibis.de\/gsglocke\/wp-json\/wp\/v2\/pages\/196","targetHints":{"allow":["GET"]}}],"collection":[{"href":"https:\/\/wordpress.nibis.de\/gsglocke\/wp-json\/wp\/v2\/pages"}],"about":[{"href":"https:\/\/wordpress.nibis.de\/gsglocke\/wp-json\/wp\/v2\/types\/page"}],"author":[{"embeddable":true,"href":"https:\/\/wordpress.nibis.de\/gsglocke\/wp-json\/wp\/v2\/users\/9194184"}],"replies":[{"embeddable":true,"href":"https:\/\/wordpress.nibis.de\/gsglocke\/wp-json\/wp\/v2\/comments?post=196"}],"version-history":[{"count":5,"href":"https:\/\/wordpress.nibis.de\/gsglocke\/wp-json\/wp\/v2\/pages\/196\/revisions"}],"predecessor-version":[{"id":218,"href":"https:\/\/wordpress.nibis.de\/gsglocke\/wp-json\/wp\/v2\/pages\/196\/revisions\/218"}],"wp:attachment":[{"href":"https:\/\/wordpress.nibis.de\/gsglocke\/wp-json\/wp\/v2\/media?parent=196"}],"curies":[{"name":"wp","href":"https:\/\/api.w.org\/{rel}","templated":true}]}}