{"id":241,"date":"2023-03-22T17:32:47","date_gmt":"2023-03-22T16:32:47","guid":{"rendered":"https:\/\/wordpress.nibis.de\/gsglocke\/?page_id=241"},"modified":"2023-03-22T18:04:39","modified_gmt":"2023-03-22T17:04:39","slug":"einschulung","status":"publish","type":"page","link":"https:\/\/wordpress.nibis.de\/gsglocke\/einschulung\/","title":{"rendered":"Einschulung"},"content":{"rendered":"\n<div class=\"wp-block-media-text alignwide is-stacked-on-mobile is-style-tw-shadow\"><figure class=\"wp-block-media-text__media\"><img loading=\"lazy\" decoding=\"async\" width=\"1024\" height=\"683\" src=\"https:\/\/wordpress.nibis.de\/gsglocke\/files\/2023\/03\/pexels-markus-spiske-5714824-1024x683.jpg\" alt=\"\" class=\"wp-image-242 size-full\" srcset=\"https:\/\/wordpress.nibis.de\/gsglocke\/files\/2023\/03\/pexels-markus-spiske-5714824-1024x683.jpg 1024w, https:\/\/wordpress.nibis.de\/gsglocke\/files\/2023\/03\/pexels-markus-spiske-5714824-300x200.jpg 300w, https:\/\/wordpress.nibis.de\/gsglocke\/files\/2023\/03\/pexels-markus-spiske-5714824-768x512.jpg 768w, https:\/\/wordpress.nibis.de\/gsglocke\/files\/2023\/03\/pexels-markus-spiske-5714824-1536x1024.jpg 1536w, https:\/\/wordpress.nibis.de\/gsglocke\/files\/2023\/03\/pexels-markus-spiske-5714824-2048x1365.jpg 2048w, https:\/\/wordpress.nibis.de\/gsglocke\/files\/2023\/03\/pexels-markus-spiske-5714824-405x270.jpg 405w\" sizes=\"auto, (max-width: 1024px) 100vw, 1024px\" \/><\/figure><div class=\"wp-block-media-text__content\">\n<p class=\"has-text-align-left has-medium-font-size\"><span style=\"color:#9b51e0\" class=\"tadv-color\">Willkommen an der Glockenbergschule<\/span> <\/p>\n<\/div><\/div>\n\n\n\n<p><\/p>\n\n\n\n<p>Herzlich Willkommen an der Glockenbergschule!<\/p>\n\n\n\n<p><\/p>\n\n\n\n<p class=\"has-vivid-cyan-blue-color has-text-color\"><strong>Die Schnuppertage f\u00fcr die neuen Erstkl\u00e4ssler finden am 2. und 3. Mai 2023 statt.<\/strong><\/p>\n\n\n\n<p class=\"has-vivid-cyan-blue-color has-text-color\"><strong>Termine f\u00fcr die Schulralley: 4. Mai 2023, 5. Mai 2023, 17. Mai 2023 in Abstimmung mit den KiTas der Samtgemeinde.<\/strong><\/p>\n\n\n\n<p class=\"has-vivid-cyan-blue-color has-text-color\"><strong>Erster Elternabend mit Bekanntgabe der Klassenleitung, Materialliste, Informationen zur Einschulung: 26. Juni 2023 um 18 Uhr.<\/strong><\/p>\n\n\n\n<p>In jedem Jahr hei\u00dfen wir unsere neuen Sch\u00fclerinnen und Sch\u00fcler mit einer Einschulungsfeier willkommen. Erfahrungsgem\u00e4\u00df haben Kinder und Eltern viele Fragen rund um den ersten Schultag und die Vorbereitungen. Daf\u00fcr haben wir eine Reihe von pdf-Dokumenten hinterlegt, die hoffentlich alle offenen Fragen kl\u00e4ren. <\/p>\n\n\n\n<p>Das Kollegium der Glockenbergschule freut sich auf eine sch\u00f6ne Einschulungsfeier am<\/p>\n\n\n\n<p><strong>19. August 2023&nbsp;<\/strong>mit unseren k\u00fcnftigen Erstkl\u00e4sslern!<\/p>\n\n\n\n<p>Bitte ber\u00fccksichtigen Sie, dass die nachfolgenden Informationen nur eine Orientierung zum Ablauf in der Schule darstellen und sich kurzfristig noch \u00e4ndern k\u00f6nnen. <\/p>\n\n\n\n<figure class=\"wp-block-table is-style-stripes\"><table><tbody><tr><td><strong>F\u00fcr die 1a<\/strong><br>8.00 bis 8.30 Uhr<\/td><td>Klassenlehrer*in:Einschulungsfeier in der kleinen Sporthalle<\/td><\/tr><tr><td>8.30 bis 9.00 Uhr<\/td><td>1. Unterrichtsstunde im Klassenraum. Die Eltern und Geschwister warten auf dem gro\u00dfen Schulhof. Anschlie\u00dfend k\u00f6nnen noch Fotos im Klassenraum gemacht werden.<\/td><\/tr><tr><td><strong>F\u00fcr die 1b<\/strong><br>9.00 bis 9.30 Uhr<\/td><td>Klassenlehrer*in <br>Einschulungsfeier in der kleinen Sporthalle<\/td><\/tr><tr><td>9.30 bis 10.00 Uhr<\/td><td>1. Unterrichtsstunde im Klassenraum. Die Eltern und Geschwister warten auf dem gro\u00dfen Schulhof. Anschlie\u00dfend k\u00f6nnen noch Fotos im Klassenraum gemacht werden.<\/td><\/tr><tr><td><strong>F\u00fcr die 1c<\/strong><br>10.00 bis 10.30 Uhr<\/td><td>Klassenlehrer*in<br>&nbsp;Einschulungsfeier in der kleinen Sporthalle<\/td><\/tr><tr><td>10.30 bis 11.00 Uhr<\/td><td>1. Unterrichtsstunde im Klassenraum. Die Eltern und Geschwister warten auf dem gro\u00dfen Schulhof. Anschlie\u00dfend k\u00f6nnen noch Fotos im Klassenraum gemacht werden.<\/td><\/tr><tr><td><strong>F\u00fcr die 1d<\/strong><br>11.00 bis 11.30 Uhr<\/td><td>Klassenlehrer*in<br>Einschulungsfeier in der kleinen Sporthalle<\/td><\/tr><tr><td>11.30 Uhr bis 12.00 Uhr<\/td><td>1. Unterrichtsstunde im Klassenraum. Die Eltern und Geschwister warten auf dem gro\u00dfen Schulhof. Anschlie\u00dfend k\u00f6nnen noch Fotos Klassenraum gemacht werden.<\/td><\/tr><tr><td><strong>F\u00fcr die 1e<\/strong><br>12.00 bis 12.30 Uhr<\/td><td>Klassenlehrer*in<br>Einschulungsfeier in der kleinen Sporthalle<\/td><\/tr><tr><td>12.30 Uhr bis 13.00Uhr<\/td><td>1. Unterrichtsstunde im Klassenraum. Die Eltern und Geschwister warten auf dem gro\u00dfen Schulhof. Anschlie\u00dfend k\u00f6nnen noch Fotos im Klassenraum gemacht werden.<\/td><\/tr><\/tbody><\/table><\/figure>\n\n\n\n<div class=\"wp-block-file\"><a id=\"wp-block-file--media-92e719e4-0a5a-4c2c-b5f4-f12106624995\" href=\"https:\/\/wordpress.nibis.de\/gsglocke\/files\/2023\/03\/Informationen-zur-Einschulung.pdf\">Informationen-zur-Einschulung<\/a><a href=\"https:\/\/wordpress.nibis.de\/gsglocke\/files\/2023\/03\/Informationen-zur-Einschulung.pdf\" class=\"wp-block-file__button\" download aria-describedby=\"wp-block-file--media-92e719e4-0a5a-4c2c-b5f4-f12106624995\">Herunterladen<\/a><\/div>\n\n\n\n<div class=\"wp-block-file\"><a id=\"wp-block-file--media-76cca647-4704-4597-b733-b1f92492035c\" href=\"https:\/\/wordpress.nibis.de\/gsglocke\/files\/2023\/03\/Informationen-zur-Schulanmeldung.pdf\">Informationen-zur-Schulanmeldung<\/a><a href=\"https:\/\/wordpress.nibis.de\/gsglocke\/files\/2023\/03\/Informationen-zur-Schulanmeldung.pdf\" class=\"wp-block-file__button\" download aria-describedby=\"wp-block-file--media-76cca647-4704-4597-b733-b1f92492035c\">Herunterladen<\/a><\/div>\n\n\n\n<div class=\"wp-block-file\"><a id=\"wp-block-file--media-eacba312-58d7-42fe-befb-518f3597cbe9\" href=\"https:\/\/wordpress.nibis.de\/gsglocke\/files\/2023\/03\/Beginn-der-Schulpflicht-Auszug-aus-dem-Niedersaechsischem-Schulgesetz.pdf\">Beginn-der-Schulpflicht-Auszug-aus-dem-Niedersaechsischem-Schulgesetz<\/a><a href=\"https:\/\/wordpress.nibis.de\/gsglocke\/files\/2023\/03\/Beginn-der-Schulpflicht-Auszug-aus-dem-Niedersaechsischem-Schulgesetz.pdf\" class=\"wp-block-file__button\" download aria-describedby=\"wp-block-file--media-eacba312-58d7-42fe-befb-518f3597cbe9\">Herunterladen<\/a><\/div>\n","protected":false},"excerpt":{"rendered":"<p>Willkommen an der Glockenbergschule Herzlich Willkommen an der Glockenbergschule! Die Schnuppertage f\u00fcr die neuen Erstkl\u00e4ssler finden am 2. und 3. Mai 2023 statt. Termine f\u00fcr die Schulralley: 4. Mai 2023, 5. Mai 2023, 17. Mai 2023 in Abstimmung mit den KiTas der Samtgemeinde. Erster Elternabend mit Bekanntgabe der Klassenleitung, Materialliste, Informationen zur Einschulung: 26. Juni 2023 um 18 Uhr. In jedem Jahr hei\u00dfen wir unsere neuen Sch\u00fclerinnen und Sch\u00fcler mit einer Einschulungsfeier willkommen. Erfahrungsgem\u00e4\u00df haben Kinder und Eltern viele Fragen&#8230;<\/p>\n<p class=\"read-more\"><a class=\"btn btn-default\" href=\"https:\/\/wordpress.nibis.de\/gsglocke\/einschulung\/\">Weiterlesen<span class=\"screen-reader-text\"> Weiterlesen<\/span><\/a><\/p>\n","protected":false},"author":9194184,"featured_media":0,"parent":0,"menu_order":0,"comment_status":"closed","ping_status":"closed","template":"","meta":{"footnotes":""},"class_list":["post-241","page","type-page","status-publish","hentry"],"_links":{"self":[{"href":"https:\/\/wordpress.nibis.de\/gsglocke\/wp-json\/wp\/v2\/pages\/241","targetHints":{"allow":["GET"]}}],"collection":[{"href":"https:\/\/wordpress.nibis.de\/gsglocke\/wp-json\/wp\/v2\/pages"}],"about":[{"href":"https:\/\/wordpress.nibis.de\/gsglocke\/wp-json\/wp\/v2\/types\/page"}],"author":[{"embeddable":true,"href":"https:\/\/wordpress.nibis.de\/gsglocke\/wp-json\/wp\/v2\/users\/9194184"}],"replies":[{"embeddable":true,"href":"https:\/\/wordpress.nibis.de\/gsglocke\/wp-json\/wp\/v2\/comments?post=241"}],"version-history":[{"count":5,"href":"https:\/\/wordpress.nibis.de\/gsglocke\/wp-json\/wp\/v2\/pages\/241\/revisions"}],"predecessor-version":[{"id":256,"href":"https:\/\/wordpress.nibis.de\/gsglocke\/wp-json\/wp\/v2\/pages\/241\/revisions\/256"}],"wp:attachment":[{"href":"https:\/\/wordpress.nibis.de\/gsglocke\/wp-json\/wp\/v2\/media?parent=241"}],"curies":[{"name":"wp","href":"https:\/\/api.w.org\/{rel}","templated":true}]}}