{"id":25,"date":"2023-03-08T10:14:44","date_gmt":"2023-03-08T09:14:44","guid":{"rendered":"https:\/\/wordpress.nibis.de\/gsglocke\/?page_id=25"},"modified":"2023-03-17T11:05:50","modified_gmt":"2023-03-17T10:05:50","slug":"impressum","status":"publish","type":"page","link":"https:\/\/wordpress.nibis.de\/gsglocke\/impressum\/","title":{"rendered":"Impressum"},"content":{"rendered":"\n<p>Land Niedersachsen (Dienstanbieter im Sinne des Telemediengesetzes)<br>Das Land Niedersachsen ist eine ist eine juristische Person des \u00f6ffentlichen Rechts vertreten durch:<br><\/p>\n\n\n\n<p>Schulleitung: Sandra Pankow-Waller<br>stellvertretende Schulleitung: Constanze Haase<br><br>Glockenbergschule Hollenstedt<br>Am Glockenberg 2<br>21279 Hollenstedt<br><br>Telefon: 04165 &#8211; 99998 0<br>Telefax: 04165 -99998 10<br>E-Mail: <br>Die Glockenbergschule ist eine K\u00f6rperschaft des \u00f6ffentlichen Rechts.<br>Schulische Datenschutzbeauftragte: <\/p>\n\n\n\n<p><strong>Verantwortlicher <\/strong>f\u00fcr redaktionell-journalistische Angebote i. S. d. \u00a7 55 Abs. 2 Rundfunkstaatsvertrag: Sandra Pankow-Waller<br>Glockenbergschule Hollenstedt<br>Am Glockenberg 2<br>21279 Hollenstedt<br><br><strong>Zust\u00e4ndige Aufsichtsbeh\u00f6rde:<\/strong><br>Landesschulbeh\u00f6rde<br>Zentrale und Abteilung L\u00fcneburg<br>Auf der Hude 2<br>21339 L\u00fcneburg<br>Postfach: 21 20<br>21311 L\u00fcneburg<br>Telefon: 04131-15-0<br>E-Mail:&nbsp;<a href=\"&#x6d;&#x61;&#x69;&#x6c;&#x74;&#x6f;&#x3a;&#x70;&#x6f;&#x73;&#x74;&#x73;&#x74;&#x65;&#x6c;&#x6c;&#x65;&#x40;&#x6c;&#x73;&#x63;&#x68;&#98;&#45;&#108;&#103;&#46;&#110;&#105;&#101;&#100;&#101;&#114;&#115;&#97;&#99;&#104;sen&#46;de\">&#112;o&#x73;t&#x73;&#116;&#x65;&#108;&#x6c;&#101;&#64;&#x6c;s&#x63;&#104;&#x62;&#45;&#x6c;&#103;&#x2e;&#110;i&#x65;d&#x65;&#114;&#x73;&#97;&#x63;&#104;s&#x65;n&#x2e;&#100;&#x65;<\/a><br><\/p>\n\n\n\n<p>Disclaimer<br>Diese Website beinhaltet externe Links. Deren Inhalte entziehen sich unserer Einflussnahme, sodass eine Gew\u00e4hr f\u00fcr solche Inhalte von uns nicht \u00fcbernommen werden kann. <\/p>\n\n\n\n<p>Die Verantwortung liegt stets beim jeweiligen Betreiber der externen Seiten. Zum Zeitpunkt der Verkn\u00fcpfung der externen Links waren keine Rechtsverst\u00f6\u00dfe ersichtlich. Die permanente \u00dcberwachung fremder Inhalte auf Rechtsverst\u00f6\u00dfe ohne konkrete Hinweise in uns nicht zumutbar.<br><br>Sollten wir Kenntnis von Rechtsverletzungen erlangen, werden wir die entsprechenden externen Links unverz\u00fcglich entfernen. <\/p>\n\n\n\n<p><\/p>\n\n\n\n<p><a href=\"https:\/\/wordpress.nibis.de\/gsglocke\/impressum\/datenschutzerklaerung-eu-dsgvo\/\" data-type=\"page\" data-id=\"168\">Datenschutzerkl\u00e4rung<\/a><\/p>\n","protected":false},"excerpt":{"rendered":"<p>Land Niedersachsen (Dienstanbieter im Sinne des Telemediengesetzes)Das Land Niedersachsen ist eine ist eine juristische Person des \u00f6ffentlichen Rechts vertreten durch: Schulleitung: Sandra Pankow-Wallerstellvertretende Schulleitung: Constanze Haase Glockenbergschule HollenstedtAm Glockenberg 221279 Hollenstedt Telefon: 04165 &#8211; 99998 0Telefax: 04165 -99998 10E-Mail: Die Glockenbergschule ist eine K\u00f6rperschaft des \u00f6ffentlichen Rechts.Schulische Datenschutzbeauftragte: Verantwortlicher f\u00fcr redaktionell-journalistische Angebote i. S. d. \u00a7 55 Abs. 2 Rundfunkstaatsvertrag: Sandra Pankow-WallerGlockenbergschule HollenstedtAm Glockenberg 221279 Hollenstedt Zust\u00e4ndige Aufsichtsbeh\u00f6rde:Landesschulbeh\u00f6rdeZentrale und Abteilung L\u00fcneburgAuf der Hude 221339 L\u00fcneburgPostfach: 21 2021311 L\u00fcneburgTelefon: 04131-15-0E-Mail:&nbsp;&#112;&#x6f;&#115;&#x74;&#115;&#x74;e&#x6c;l&#101;&#x40;&#108;&#x73;&#99;&#x68;b&#x2d;l&#103;&#x2e;&#110;&#x69;&#101;&#x64;&#101;&#x72;s&#x61;c&#104;&#x73;&#101;&#x6e;&#46;&#x64;e DisclaimerDiese&#8230;<\/p>\n<p class=\"read-more\"><a class=\"btn btn-default\" href=\"https:\/\/wordpress.nibis.de\/gsglocke\/impressum\/\">Weiterlesen<span class=\"screen-reader-text\"> Weiterlesen<\/span><\/a><\/p>\n","protected":false},"author":9194184,"featured_media":0,"parent":0,"menu_order":0,"comment_status":"closed","ping_status":"closed","template":"","meta":{"footnotes":""},"class_list":["post-25","page","type-page","status-publish","hentry"],"_links":{"self":[{"href":"https:\/\/wordpress.nibis.de\/gsglocke\/wp-json\/wp\/v2\/pages\/25","targetHints":{"allow":["GET"]}}],"collection":[{"href":"https:\/\/wordpress.nibis.de\/gsglocke\/wp-json\/wp\/v2\/pages"}],"about":[{"href":"https:\/\/wordpress.nibis.de\/gsglocke\/wp-json\/wp\/v2\/types\/page"}],"author":[{"embeddable":true,"href":"https:\/\/wordpress.nibis.de\/gsglocke\/wp-json\/wp\/v2\/users\/9194184"}],"replies":[{"embeddable":true,"href":"https:\/\/wordpress.nibis.de\/gsglocke\/wp-json\/wp\/v2\/comments?post=25"}],"version-history":[{"count":4,"href":"https:\/\/wordpress.nibis.de\/gsglocke\/wp-json\/wp\/v2\/pages\/25\/revisions"}],"predecessor-version":[{"id":171,"href":"https:\/\/wordpress.nibis.de\/gsglocke\/wp-json\/wp\/v2\/pages\/25\/revisions\/171"}],"wp:attachment":[{"href":"https:\/\/wordpress.nibis.de\/gsglocke\/wp-json\/wp\/v2\/media?parent=25"}],"curies":[{"name":"wp","href":"https:\/\/api.w.org\/{rel}","templated":true}]}}