{"id":21,"date":"2024-10-08T17:15:01","date_gmt":"2024-10-08T15:15:01","guid":{"rendered":"https:\/\/wordpress.nibis.de\/gsgm\/?page_id=21"},"modified":"2025-12-04T20:48:00","modified_gmt":"2025-12-04T19:48:00","slug":"ganztag","status":"publish","type":"page","link":"https:\/\/wordpress.nibis.de\/gsgm\/ganztag\/","title":{"rendered":"Ganztag &#8222;Tintenklecks&#8220;"},"content":{"rendered":"\n<p>Unsere offene Ganztagsschule \u201cTintenklecks\u201d bietet allen Kindern im Anschluss an die Unterrichtszeit oder die Kurzbetreuung (5. Stunde) eine Versorgung bis in den Nachmittag. Die Kinder werden von <strong>montags bis donnerstags<\/strong> mit einem warmen Mittagessen, einer Hausaufgabenbetreuung und weiteren Aktivit\u00e4ten bis sp\u00e4testens 15:30 Uhr versorgt und besch\u00e4ftigt.<br>WICHTIG: Neuanmeldungen und \u00c4nderungen f\u00fcr den Ganztag sind&nbsp;<strong>nur zum Halbjahr m\u00f6glich<\/strong>&nbsp;und werden zu festen Terminen abgefragt!<br>Hier gelangen Sie direkt zum Anmeldeformular:  <\/p>\n\n\n\n<div class=\"wp-block-file\"><a id=\"wp-block-file--media-51d1b56a-6242-4d97-934e-78125c40c47f\" href=\"https:\/\/wordpress.nibis.de\/gsgm\/files\/2025\/12\/Abfrage-GT-2.SHJ-25.26-1.pdf\" target=\"_blank\" rel=\"noreferrer noopener\">Abfrage GT 2.SHJ 25.26<\/a><a href=\"https:\/\/wordpress.nibis.de\/gsgm\/files\/2025\/12\/Abfrage-GT-2.SHJ-25.26-1.pdf\" class=\"wp-block-file__button wp-element-button\" download aria-describedby=\"wp-block-file--media-51d1b56a-6242-4d97-934e-78125c40c47f\">Herunterladen<\/a><\/div>\n\n\n\n<p class=\"has-black-color has-text-color\"><br><strong>Ablauf: Mittagessen \u2013 Hausaufgabenbetreuung \u2013 Angebote &amp; freies Spiel<\/strong><br><br>Das <strong>Mittagessen in der Schulmensa<\/strong> nehmen die Kinder zwischen 13:00 Uhr &#8211; 13:45 Uhr gemeinsam in festen Gruppen (Klassenstufe 1\/2 und anschlie\u00dfend Klassenstufe 3\/4) ein.<br>Unsere Schule arbeitet mit dem <strong>Dienstleistungsunternehmen \u201eDie Kantine\u201c<\/strong> aus Barsinghausen zusammen, das uns mit den Mahlzeiten beliefert. Es kann t\u00e4glich zwischen zwei Gerichten ausgew\u00e4hlt werden. Die <strong>Essensbestellung <\/strong>nehmen Sie von <strong>zu Hause<\/strong> aus vor. Daf\u00fcr ist eine vorherige <strong>Anmeldung bei der Kantine notwendig<\/strong>, zu der Sie \u00fcber folgendem <strong>Link<\/strong> gelangen: <a href=\"https:\/\/die-kantine-barsinghausen.de\/anmeldung\/\">Anmeldung | Die Kantine Barsinghausen<\/a><br><br>Nach dem Essen findet von 13:45 Uhr \u2013 14:45 Uhr die <strong>Hausaufgabenbetreuung<\/strong> statt. Hierf\u00fcr teilen sich die Kinder jahrgangsweise auf verschiedene Klassenr\u00e4ume auf und erledigen dort unter der Aufsicht von p\u00e4dagogischen Mitarbeitenden oder einer Lehrerin ihre Schulaufgaben. <strong>WICHTIG<\/strong>: Hierbei handelt es sich jedoch ausschlie\u00dflich um eine <strong>Hausaufgaben<span style=\"text-decoration: underline\" class=\"underline\">betreuung<\/span><\/strong> und <strong>NICHT <\/strong>um eine <strong>Hausaufgaben<span style=\"text-decoration: underline\" class=\"underline\">hilfe<\/span><\/strong>! Das bedeutet, dass die Erziehungsberechtigten die Vollst\u00e4ndigkeit und Richtigkeit der Hausaufgaben bitte t\u00e4glich selbst \u00fcberpr\u00fcfen m\u00fcssen und Aufgaben, wie beispielsweise das Abh\u00f6ren von Gedichten oder das Lernen f\u00fcr Klassenarbeiten, nicht in der Betreuung erledigt werden k\u00f6nnen. Selbstverst\u00e4ndlich erhalten die Kinder so weit wie m\u00f6glich Unterst\u00fctzung, wenn sie Verst\u00e4ndnisprobleme haben. Allerdings geh\u00f6ren Sch\u00fclerinnen und Sch\u00fcler aus verschiedenen Klassen und Klassenstufen mit unterschiedlichen Hausaufgaben in unterschiedlichen F\u00e4chern einer Gruppe an, wodurch ein gemeinsames oder individuelles Aufarbeiten, Erkl\u00e4ren oder F\u00f6rdern nicht geleistet werden kann!<br><br><strong>Wir bieten derzeit drei Abholzeiten\/ Schlusszeiten im Ganztag an:<\/strong> <br><br><span style=\"text-decoration: underline\" class=\"underline\">1. Zeit<\/span>: <strong>13:45 Uhr <\/strong><br>(WICHTIG: Der Taxibus nach Barrigsen und Holtensen f\u00e4hrt <strong>montags <\/strong><span style=\"text-decoration: underline\" class=\"underline\"><strong>nicht<\/strong><\/span> zu dieser Uhrzeit!)<br><br><span style=\"text-decoration: underline\" class=\"underline\">2. Zeit<\/span>: <strong>14:45 Uhr <\/strong><br>(WICHTIG: Der Taxibus nach Barrigsen und Holtensen f\u00e4hrt <strong><span style=\"text-decoration: underline\" class=\"underline\">nie<\/span><\/strong> zu dieser Uhrzeit!)<br><br><span style=\"text-decoration: underline\" class=\"underline\">3. Zeit<\/span>: <strong>15:30 Uhr <\/strong><\/p>\n","protected":false},"excerpt":{"rendered":"<p>Unsere offene Ganztagsschule \u201cTintenklecks\u201d bietet allen Kindern im Anschluss an die Unterrichtszeit oder die Kurzbetreuung (5. Stunde) eine Versorgung bis in den Nachmittag. Die Kinder werden von montags bis donnerstags mit einem warmen Mittagessen, einer Hausaufgabenbetreuung und weiteren Aktivit\u00e4ten bis &hellip; <a href=\"https:\/\/wordpress.nibis.de\/gsgm\/ganztag\/\">Weiterlesen <span class=\"meta-nav\">&rarr;<\/span><\/a><\/p>\n","protected":false},"author":9194418,"featured_media":0,"parent":0,"menu_order":0,"comment_status":"closed","ping_status":"closed","template":"onecolumn-page.php","meta":{"footnotes":""},"class_list":["post-21","page","type-page","status-publish","hentry"],"_links":{"self":[{"href":"https:\/\/wordpress.nibis.de\/gsgm\/wp-json\/wp\/v2\/pages\/21","targetHints":{"allow":["GET"]}}],"collection":[{"href":"https:\/\/wordpress.nibis.de\/gsgm\/wp-json\/wp\/v2\/pages"}],"about":[{"href":"https:\/\/wordpress.nibis.de\/gsgm\/wp-json\/wp\/v2\/types\/page"}],"author":[{"embeddable":true,"href":"https:\/\/wordpress.nibis.de\/gsgm\/wp-json\/wp\/v2\/users\/9194418"}],"replies":[{"embeddable":true,"href":"https:\/\/wordpress.nibis.de\/gsgm\/wp-json\/wp\/v2\/comments?post=21"}],"version-history":[{"count":19,"href":"https:\/\/wordpress.nibis.de\/gsgm\/wp-json\/wp\/v2\/pages\/21\/revisions"}],"predecessor-version":[{"id":702,"href":"https:\/\/wordpress.nibis.de\/gsgm\/wp-json\/wp\/v2\/pages\/21\/revisions\/702"}],"wp:attachment":[{"href":"https:\/\/wordpress.nibis.de\/gsgm\/wp-json\/wp\/v2\/media?parent=21"}],"curies":[{"name":"wp","href":"https:\/\/api.w.org\/{rel}","templated":true}]}}