{"id":23,"date":"2024-10-08T17:13:14","date_gmt":"2024-10-08T15:13:14","guid":{"rendered":"https:\/\/wordpress.nibis.de\/gsgm\/?page_id=23"},"modified":"2025-08-14T16:31:05","modified_gmt":"2025-08-14T14:31:05","slug":"foerderverein","status":"publish","type":"page","link":"https:\/\/wordpress.nibis.de\/gsgm\/foerderverein\/","title":{"rendered":"F\u00f6rderverein"},"content":{"rendered":"\n<p>Der F\u00f6rderverein der Grundschule ist ein gemeinn\u00fctziger Verein, der sich lediglich \u00fcber die Mitgliedsbeitr\u00e4ge und Einnahmen aus Aktionen wie der Verpflegung bei der Einschulungsfeier finanziert.<br>Wir haben es uns zur Aufgabe gemacht, die Grundschule finanziell dort zu unterst\u00fctzen, wo sonst manchmal das Geld fehlt. Dadurch wird unseren Kindern erm\u00f6glicht, auf vielf\u00e4ltige Art und Weise an der Schule zu lernen und sich in den Pausen zu besch\u00e4ftigen.<\/p>\n\n\n\n<p>Folgende Projekte sind nur ein Auszug all dessen, was in den zur\u00fcckliegenden Jahren durch den F\u00f6rderverein realisiert werden konnte:<\/p>\n\n\n\n<div class=\"wp-block-image\"><figure class=\"alignright size-full is-resized\"><img loading=\"lazy\" decoding=\"async\" src=\"https:\/\/wordpress.nibis.de\/gsgm\/files\/2024\/10\/Unbenannt.png\" alt=\"\" class=\"wp-image-192\" width=\"200\" height=\"121\" srcset=\"https:\/\/wordpress.nibis.de\/gsgm\/files\/2024\/10\/Unbenannt.png 318w, https:\/\/wordpress.nibis.de\/gsgm\/files\/2024\/10\/Unbenannt-300x182.png 300w\" sizes=\"auto, (max-width: 200px) 100vw, 200px\" \/><\/figure><\/div>\n\n\n\n<ul class=\"wp-block-list\"><li>Autorenlesungen<\/li><li>B\u00fccher f\u00fcr die Bibliothek<\/li><li>Mitmachzirkus<\/li><li>B\u00fchnenbeleuchtung in der Pausenhalle<\/li><li>KAPLA-Steine<\/li><li>Nestschaukel<\/li><li>Kletterger\u00fcst<\/li><li>Baumhaus<\/li><li>Mitspielbank<\/li><li>Roller<\/li><li>Spielsachen f\u00fcr die Pausenausleihe<\/li><\/ul>\n\n\n\n<p>M\u00f6chten Sie die Kinder der Schule beim Lernen, Entdecken und Erleben mit einem selbst w\u00e4hlbaren Jahresbeitrag (mindestens 15 \u20ac) unterst\u00fctzen? Wir freuen uns \u00fcber jedes neue Mitglied \u2013 egal ob Eltern, Gro\u00dfeltern, Tante, Onkel oder Freunde. <br>Sie k\u00f6nnen den Aufnahmeantrag <a href=\"https:\/\/wordpress.nibis.de\/gsgm\/files\/2025\/08\/Beitrittserklaerung_inkl_Datenschutz_2025_08_13.pdf\" target=\"_blank\" rel=\"noreferrer noopener\">hier<\/a> direkt herunterladen.<br><br>Auch einmalige Spenden nehmen wir gern entgegen. Schreiben Sie uns daf\u00fcr eine kurze Mail an die untenstehende Adresse.<br>Neben einer finanziellen Unterst\u00fctzung freut sich nicht nur der Verein \u00fcber zus\u00e4tzliches Engagement und aktive Mitarbeit, sondern auch die ganze Schule und vor allem die Kinde<br><br>F\u00fcr Anregungen oder Nachfragen erreichen Sie die Vorsitzende Frau Seebode und ihre Stellvertreterin Frau Burgemeister unter der Mailadresse: <br><strong>&#102;o&#x65;r&#x64;e&#x72;v&#x65;r&#x65;i&#x6e;&#64;&#x67;&#115;&#x2d;&#103;&#x6d;&#46;&#x64;&#101; <\/strong><br><\/p>\n\n\n\n<p>Die folgenden Bilder bieten einen Einblick in die bisher unterst\u00fctzten Projekte:<br><\/p>\n\n\n\n\t\t<!-- MasterSlider -->\n\t\t<div id=\"P_MS69d0301c319d3\" class=\"master-slider-parent msl ms-parent-id-2\" style=\"max-width:800px;\">\n\n\t\t\t\n\t\t\t<!-- MasterSlider Main -->\n\t\t\t<div id=\"MS69d0301c319d3\" class=\"master-slider ms-skin-default\" >\n\t\t\t\t \t\t\t\t \n\t\t\t\t<div  class=\"ms-slide\" data-delay=\"3\" data-fill-mode=\"fill\"  >\n\t\t\t\t\t<img decoding=\"async\" src=\"https:\/\/wordpress.nibis.de\/gsgm\/wp-content\/plugins\/master-slider\/public\/assets\/css\/blank.gif\" alt=\"\" title=\"\" data-src=\"https:\/\/wordpress.nibis.de\/gsgm\/files\/2024\/10\/IMG-20241011-WA0011-1.jpg\" \/>\n\n\n\t<img decoding=\"async\" class=\"ms-thumb\" src=\"https:\/\/wordpress.nibis.de\/gsgm\/files\/2024\/10\/IMG-20241011-WA0011-1-140x80.jpg\" alt=\"\" \/>\n\t<div class=\"ms-thumb\" ><div class=\"ms-tab-context\"><div class=\"&quot;ms-tab-context&quot;\"><\/div><\/div>\n<\/div>\n\t\t\t\t<\/div>\n\t\t\t\t<div  class=\"ms-slide\" data-delay=\"3\" data-fill-mode=\"fill\"  >\n\t\t\t\t\t<img decoding=\"async\" src=\"https:\/\/wordpress.nibis.de\/gsgm\/wp-content\/plugins\/master-slider\/public\/assets\/css\/blank.gif\" alt=\"\" title=\"\" data-src=\"https:\/\/wordpress.nibis.de\/gsgm\/files\/2024\/10\/IMG-20241011-WA0016.jpg\" \/>\n\n\n\t<img decoding=\"async\" class=\"ms-thumb\" src=\"https:\/\/wordpress.nibis.de\/gsgm\/files\/2024\/10\/IMG-20241011-WA0016-140x80.jpg\" alt=\"\" \/>\n\t<div class=\"ms-thumb\" ><div class=\"ms-tab-context\"><div class=\"&quot;ms-tab-context&quot;\"><\/div><\/div>\n<\/div>\n\t\t\t\t<\/div>\n\t\t\t\t<div  class=\"ms-slide\" data-delay=\"3\" data-fill-mode=\"fill\"  >\n\t\t\t\t\t<img decoding=\"async\" src=\"https:\/\/wordpress.nibis.de\/gsgm\/wp-content\/plugins\/master-slider\/public\/assets\/css\/blank.gif\" alt=\"\" title=\"\" data-src=\"https:\/\/wordpress.nibis.de\/gsgm\/files\/2024\/10\/IMG-20241011-WA0013.jpg\" \/>\n\n\n\t<img decoding=\"async\" class=\"ms-thumb\" src=\"https:\/\/wordpress.nibis.de\/gsgm\/files\/2024\/10\/IMG-20241011-WA0013-140x80.jpg\" alt=\"\" \/>\n\t<div class=\"ms-thumb\" ><div class=\"ms-tab-context\"><div class=\"&quot;ms-tab-context&quot;\"><\/div><\/div>\n<\/div>\n\t\t\t\t<\/div>\n\t\t\t\t<div  class=\"ms-slide\" data-delay=\"3\" data-fill-mode=\"fill\"  >\n\t\t\t\t\t<img decoding=\"async\" src=\"https:\/\/wordpress.nibis.de\/gsgm\/wp-content\/plugins\/master-slider\/public\/assets\/css\/blank.gif\" alt=\"\" title=\"\" data-src=\"https:\/\/wordpress.nibis.de\/gsgm\/files\/2024\/10\/IMG-20241011-WA0012-1.jpg\" \/>\n\n\n\t<img decoding=\"async\" class=\"ms-thumb\" src=\"https:\/\/wordpress.nibis.de\/gsgm\/files\/2024\/10\/IMG-20241011-WA0012-1-140x80.jpg\" alt=\"\" \/>\n\t<div class=\"ms-thumb\" ><div class=\"ms-tab-context\"><div class=\"&quot;ms-tab-context&quot;\"><\/div><\/div>\n<\/div>\n\t\t\t\t<\/div>\n\t\t\t\t<div  class=\"ms-slide\" data-delay=\"3\" data-fill-mode=\"fill\"  >\n\t\t\t\t\t<img decoding=\"async\" src=\"https:\/\/wordpress.nibis.de\/gsgm\/wp-content\/plugins\/master-slider\/public\/assets\/css\/blank.gif\" alt=\"\" title=\"\" data-src=\"https:\/\/wordpress.nibis.de\/gsgm\/files\/2024\/10\/IMG-20241011-WA0014-1.jpg\" \/>\n\n\n\t<img decoding=\"async\" class=\"ms-thumb\" src=\"https:\/\/wordpress.nibis.de\/gsgm\/files\/2024\/10\/IMG-20241011-WA0014-1-140x80.jpg\" alt=\"\" \/>\n\t<div class=\"ms-thumb\" ><div class=\"ms-tab-context\"><div class=\"&quot;ms-tab-context&quot;\"><\/div><\/div>\n<\/div>\n\t\t\t\t<\/div>\n\t\t\t\t<div  class=\"ms-slide\" data-delay=\"3\" data-fill-mode=\"fill\"  >\n\t\t\t\t\t<img decoding=\"async\" src=\"https:\/\/wordpress.nibis.de\/gsgm\/wp-content\/plugins\/master-slider\/public\/assets\/css\/blank.gif\" alt=\"\" title=\"\" data-src=\"https:\/\/wordpress.nibis.de\/gsgm\/files\/2025\/05\/20241220_145842.jpg\" \/>\n\n\n\t<img decoding=\"async\" class=\"ms-thumb\" src=\"https:\/\/wordpress.nibis.de\/gsgm\/files\/2025\/05\/20241220_145842-140x80.jpg\" alt=\"\" \/>\n\t<div class=\"ms-thumb\" ><div class=\"ms-tab-context\"><div class=\"&quot;ms-tab-context&quot;\"><\/div><\/div>\n<\/div>\n\t\t\t\t<\/div>\n\t\t\t\t<div  class=\"ms-slide\" data-delay=\"3\" data-fill-mode=\"fill\"  >\n\t\t\t\t\t<img decoding=\"async\" src=\"https:\/\/wordpress.nibis.de\/gsgm\/wp-content\/plugins\/master-slider\/public\/assets\/css\/blank.gif\" alt=\"\" title=\"\" data-src=\"https:\/\/wordpress.nibis.de\/gsgm\/files\/2024\/10\/4EF89E4B-43FE-4AAA-9973-B81DD1085256-scaled.jpeg\" \/>\n\n\n\t<img decoding=\"async\" class=\"ms-thumb\" src=\"https:\/\/wordpress.nibis.de\/gsgm\/files\/2024\/10\/4EF89E4B-43FE-4AAA-9973-B81DD1085256-scaled-140x80.jpeg\" alt=\"\" \/>\n\t<div class=\"ms-thumb\" ><div class=\"ms-tab-context\"><div class=\"&quot;ms-tab-context&quot;\"><\/div><\/div>\n<\/div>\n\t\t\t\t<\/div>\n\t\t\t\t<div  class=\"ms-slide\" data-delay=\"3\" data-fill-mode=\"fill\"  >\n\t\t\t\t\t<img decoding=\"async\" src=\"https:\/\/wordpress.nibis.de\/gsgm\/wp-content\/plugins\/master-slider\/public\/assets\/css\/blank.gif\" alt=\"\" title=\"\" data-src=\"https:\/\/wordpress.nibis.de\/gsgm\/files\/2024\/10\/B2485301-4452-4459-8862-11073F5EB62F-scaled.jpeg\" \/>\n\n\n\t<img decoding=\"async\" class=\"ms-thumb\" src=\"https:\/\/wordpress.nibis.de\/gsgm\/files\/2024\/10\/B2485301-4452-4459-8862-11073F5EB62F-scaled-140x80.jpeg\" alt=\"\" \/>\n\t<div class=\"ms-thumb\" ><div class=\"ms-tab-context\"><div class=\"&quot;ms-tab-context&quot;\"><\/div><\/div>\n<\/div>\n\t\t\t\t<\/div>\n\t\t\t\t<div  class=\"ms-slide\" data-delay=\"3\" data-fill-mode=\"fill\"  >\n\t\t\t\t\t<img decoding=\"async\" src=\"https:\/\/wordpress.nibis.de\/gsgm\/wp-content\/plugins\/master-slider\/public\/assets\/css\/blank.gif\" alt=\"\" title=\"\" data-src=\"https:\/\/wordpress.nibis.de\/gsgm\/files\/2024\/10\/20220421_173843-scaled.jpg\" \/>\n\n\n\t<img decoding=\"async\" class=\"ms-thumb\" src=\"https:\/\/wordpress.nibis.de\/gsgm\/files\/2024\/10\/20220421_173843-scaled-140x80.jpg\" alt=\"\" \/>\n\t<div class=\"ms-thumb\" ><div class=\"ms-tab-context\"><div class=\"&quot;ms-tab-context&quot;\"><\/div><\/div>\n<\/div>\n\t\t\t\t<\/div>\n\t\t\t\t<div  class=\"ms-slide\" data-delay=\"3\" data-fill-mode=\"fill\"  >\n\t\t\t\t\t<img decoding=\"async\" src=\"https:\/\/wordpress.nibis.de\/gsgm\/wp-content\/plugins\/master-slider\/public\/assets\/css\/blank.gif\" alt=\"\" title=\"\" data-src=\"https:\/\/wordpress.nibis.de\/gsgm\/files\/2024\/10\/20220421_173436-scaled.jpg\" \/>\n\n\n\t<img decoding=\"async\" class=\"ms-thumb\" src=\"https:\/\/wordpress.nibis.de\/gsgm\/files\/2024\/10\/20220421_173436-scaled-140x80.jpg\" alt=\"\" \/>\n\t<div class=\"ms-thumb\" ><div class=\"ms-tab-context\"><div class=\"&quot;ms-tab-context&quot;\"><\/div><\/div>\n<\/div>\n\t\t\t\t<\/div>\n\t\t\t\t<div  class=\"ms-slide\" data-delay=\"3\" data-fill-mode=\"fill\"  >\n\t\t\t\t\t<img decoding=\"async\" src=\"https:\/\/wordpress.nibis.de\/gsgm\/wp-content\/plugins\/master-slider\/public\/assets\/css\/blank.gif\" alt=\"\" title=\"\" data-src=\"https:\/\/wordpress.nibis.de\/gsgm\/files\/2024\/10\/20220421_173747-scaled.jpg\" \/>\n\n\n\t<img decoding=\"async\" class=\"ms-thumb\" src=\"https:\/\/wordpress.nibis.de\/gsgm\/files\/2024\/10\/20220421_173747-scaled-140x80.jpg\" alt=\"\" \/>\n\t<div class=\"ms-thumb\" ><div class=\"ms-tab-context\"><div class=\"&quot;ms-tab-context&quot;\"><\/div><\/div>\n<\/div>\n\t\t\t\t<\/div>\n\t\t\t\t<div  class=\"ms-slide\" data-delay=\"3\" data-fill-mode=\"center\"  >\n\t\t\t\t\t<img decoding=\"async\" src=\"https:\/\/wordpress.nibis.de\/gsgm\/wp-content\/plugins\/master-slider\/public\/assets\/css\/blank.gif\" alt=\"\" title=\"\" data-src=\"https:\/\/wordpress.nibis.de\/gsgm\/files\/2025\/08\/Screenshot-2025-08-01-112011.jpg\" \/>\n\n\n\t<img decoding=\"async\" class=\"ms-thumb\" src=\"https:\/\/wordpress.nibis.de\/gsgm\/files\/2025\/08\/Screenshot-2025-08-01-112011-140x80.jpg\" alt=\"\" \/>\n\t<div class=\"ms-thumb\" ><div class=\"ms-tab-context\"><div class=\"&quot;ms-tab-context&quot;\"><\/div><\/div>\n<\/div>\n\t\t\t\t<\/div>\n\t\t\t\t<div  class=\"ms-slide\" data-delay=\"3\" data-fill-mode=\"fill\"  >\n\t\t\t\t\t<img decoding=\"async\" src=\"https:\/\/wordpress.nibis.de\/gsgm\/wp-content\/plugins\/master-slider\/public\/assets\/css\/blank.gif\" alt=\"\" title=\"\" data-src=\"https:\/\/wordpress.nibis.de\/gsgm\/files\/2024\/10\/IMG-20241011-WA0010-1.jpg\" \/>\n\n\n\t<img decoding=\"async\" class=\"ms-thumb\" src=\"https:\/\/wordpress.nibis.de\/gsgm\/files\/2024\/10\/IMG-20241011-WA0010-1-140x80.jpg\" alt=\"\" \/>\n\t<div class=\"ms-thumb\" ><div class=\"ms-tab-context\"><div class=\"&quot;ms-tab-context&quot;\"><\/div><\/div>\n<\/div>\n\t\t\t\t<\/div>\n\t\t\t\t<div  class=\"ms-slide\" data-delay=\"3\" data-fill-mode=\"fill\"  >\n\t\t\t\t\t<img decoding=\"async\" src=\"https:\/\/wordpress.nibis.de\/gsgm\/wp-content\/plugins\/master-slider\/public\/assets\/css\/blank.gif\" alt=\"\" title=\"\" data-src=\"https:\/\/wordpress.nibis.de\/gsgm\/files\/2024\/10\/IMG_0366-1-scaled.jpg\" \/>\n\n\n\t<img decoding=\"async\" class=\"ms-thumb\" src=\"https:\/\/wordpress.nibis.de\/gsgm\/files\/2024\/10\/IMG_0366-1-scaled-140x80.jpg\" alt=\"\" \/>\n\t<div class=\"ms-thumb\" ><div class=\"ms-tab-context\"><div class=\"&quot;ms-tab-context&quot;\"><\/div><\/div>\n<\/div>\n\t\t\t\t<\/div>\n\t\t\t\t<div  class=\"ms-slide\" data-delay=\"3\" data-fill-mode=\"fill\"  >\n\t\t\t\t\t<img decoding=\"async\" src=\"https:\/\/wordpress.nibis.de\/gsgm\/wp-content\/plugins\/master-slider\/public\/assets\/css\/blank.gif\" alt=\"\" title=\"\" data-src=\"https:\/\/wordpress.nibis.de\/gsgm\/files\/2024\/10\/DSC_9148-scaled.jpg\" \/>\n\n\n\t<img decoding=\"async\" class=\"ms-thumb\" src=\"https:\/\/wordpress.nibis.de\/gsgm\/files\/2024\/10\/DSC_9148-scaled-140x80.jpg\" alt=\"\" \/>\n\t<div class=\"ms-thumb\" ><div class=\"ms-tab-context\"><div class=\"&quot;ms-tab-context&quot;\"><\/div><\/div>\n<\/div>\n\t\t\t\t<\/div>\n\t\t\t\t<div  class=\"ms-slide\" data-delay=\"3\" data-fill-mode=\"fill\"  >\n\t\t\t\t\t<img decoding=\"async\" src=\"https:\/\/wordpress.nibis.de\/gsgm\/wp-content\/plugins\/master-slider\/public\/assets\/css\/blank.gif\" alt=\"\" title=\"\" data-src=\"https:\/\/wordpress.nibis.de\/gsgm\/files\/2024\/10\/20190517_180436-scaled.jpg\" \/>\n\n\n\t<img decoding=\"async\" class=\"ms-thumb\" src=\"https:\/\/wordpress.nibis.de\/gsgm\/files\/2024\/10\/20190517_180436-scaled-140x80.jpg\" alt=\"\" \/>\n\t<div class=\"ms-thumb\" ><div class=\"ms-tab-context\"><div class=\"&quot;ms-tab-context&quot;\"><\/div><\/div>\n<\/div>\n\t\t\t\t<\/div>\n\t\t\t\t<div  class=\"ms-slide\" data-delay=\"3\" data-fill-mode=\"fill\"  >\n\t\t\t\t\t<img decoding=\"async\" src=\"https:\/\/wordpress.nibis.de\/gsgm\/wp-content\/plugins\/master-slider\/public\/assets\/css\/blank.gif\" alt=\"\" title=\"\" data-src=\"https:\/\/wordpress.nibis.de\/gsgm\/files\/2024\/10\/IMG-20241011-WA0017.jpg\" \/>\n\n\n\t<img decoding=\"async\" class=\"ms-thumb\" src=\"https:\/\/wordpress.nibis.de\/gsgm\/files\/2024\/10\/IMG-20241011-WA0017-140x80.jpg\" alt=\"\" \/>\n\t<div class=\"ms-thumb\" ><div class=\"ms-tab-context\"><div class=\"&quot;ms-tab-context&quot;\"><\/div><\/div>\n<\/div>\n\t\t\t\t<\/div>\n\t\t\t\t<div  class=\"ms-slide\" data-delay=\"3\" data-fill-mode=\"fill\"  >\n\t\t\t\t\t<img decoding=\"async\" src=\"https:\/\/wordpress.nibis.de\/gsgm\/wp-content\/plugins\/master-slider\/public\/assets\/css\/blank.gif\" alt=\"\" title=\"\" data-src=\"https:\/\/wordpress.nibis.de\/gsgm\/files\/2025\/08\/Screenshot-2025-08-01-112354.jpg\" \/>\n\n\n\t<img decoding=\"async\" class=\"ms-thumb\" src=\"https:\/\/wordpress.nibis.de\/gsgm\/files\/2025\/08\/Screenshot-2025-08-01-112354-140x80.jpg\" alt=\"\" \/>\n\t<div class=\"ms-thumb\" ><div class=\"ms-tab-context\"><div class=\"&quot;ms-tab-context&quot;\"><\/div><\/div>\n<\/div>\n\t\t\t\t<\/div>\n\t\t\t\t<div  class=\"ms-slide\" data-delay=\"3\" data-fill-mode=\"fill\"  >\n\t\t\t\t\t<img decoding=\"async\" src=\"https:\/\/wordpress.nibis.de\/gsgm\/wp-content\/plugins\/master-slider\/public\/assets\/css\/blank.gif\" alt=\"\" title=\"\" data-src=\"https:\/\/wordpress.nibis.de\/gsgm\/files\/2025\/09\/IMG-20250917-WA0000.jpg\" \/>\n\n\n\t<img decoding=\"async\" class=\"ms-thumb\" src=\"https:\/\/wordpress.nibis.de\/gsgm\/files\/2025\/09\/IMG-20250917-WA0000-140x80.jpg\" alt=\"\" \/>\n\t<div class=\"ms-thumb\" ><div class=\"ms-tab-context\"><div class=\"&quot;ms-tab-context&quot;\"><\/div><\/div>\n<\/div>\n\t\t\t\t<\/div>\n\t\t\t\t<div  class=\"ms-slide\" data-delay=\"3\" data-fill-mode=\"fill\"  >\n\t\t\t\t\t<img decoding=\"async\" src=\"https:\/\/wordpress.nibis.de\/gsgm\/wp-content\/plugins\/master-slider\/public\/assets\/css\/blank.gif\" alt=\"\" title=\"\" data-src=\"https:\/\/wordpress.nibis.de\/gsgm\/files\/2025\/10\/Kletterwand.jpg\" \/>\n\n\n\t<img decoding=\"async\" class=\"ms-thumb\" src=\"https:\/\/wordpress.nibis.de\/gsgm\/files\/2025\/10\/Kletterwand-140x80.jpg\" alt=\"\" \/>\n\t<div class=\"ms-thumb\" ><div class=\"ms-tab-context\"><div class=\"&quot;ms-tab-context&quot;\"><\/div><\/div>\n<\/div>\n\t\t\t\t<\/div>\n\n\t\t\t<\/div>\n\t\t\t<!-- END MasterSlider Main -->\n\n\t\t\t \n\t\t<\/div>\n\t\t<!-- END MasterSlider -->\n\n\t\t<script>\n\t\t(function ( $ ) {\n\t\t\t\"use strict\";\n\n\t\t\t$(function () {\n\t\t\t\tvar masterslider_19d3 = new MasterSlider();\n\n\t\t\t\t\/\/ slider controls\n\t\t\t\tmasterslider_19d3.control('arrows'     ,{ autohide:false, overVideo:true  });\t\t\t\tmasterslider_19d3.control('bullets'    ,{ autohide:false, overVideo:true, dir:'h', align:'bottom' , margin:10  });\n\n\t\t\t\tmasterslider_19d3.control('thumblist'  ,{ autohide:false, overVideo:true, dir:'h', speed:17, inset:false, arrows:false, hover:false, customClass:'', align:'bottom',type:'thumbs', margin:5, width:140, height:80, space:5, fillMode:'fill'  });\n\t\t\t\t\/\/ slider setup\n\t\t\t\tmasterslider_19d3.setup(\"MS69d0301c319d3\", {\n\t\t\t\t\t\twidth           : 800,\n\t\t\t\t\t\theight          : 800,\n\t\t\t\t\t\tminHeight       : 0,\n\t\t\t\t\t\tspace           : 0,\n\t\t\t\t\t\tstart           : 1,\n\t\t\t\t\t\tgrabCursor      : true,\n\t\t\t\t\t\tswipe           : true,\n\t\t\t\t\t\tmouse           : true,\n\t\t\t\t\t\tlayout          : \"boxed\",\n\t\t\t\t\t\twheel           : false,\n\t\t\t\t\t\tautoplay        : false,\n\t\t\t\t\t\tinstantStartLayers:false,\n\t\t\t\t\t\tloop            : false,\n\t\t\t\t\t\tshuffle         : false,\n\t\t\t\t\t\tpreload         : 0,\n\t\t\t\t\t\theightLimit     : true,\n\t\t\t\t\t\tautoHeight      : false,\n\t\t\t\t\t\tsmoothHeight    : true,\n\t\t\t\t\t\tendPause        : false,\n\t\t\t\t\t\toverPause       : true,\n\t\t\t\t\t\tfillMode        : \"fill\",\n\t\t\t\t\t\tcenterControls  : true,\n\t\t\t\t\t\tstartOnAppear   : false,\n\t\t\t\t\t\tlayersMode      : \"center\",\n\t\t\t\t\t\thideLayers      : false,\n\t\t\t\t\t\tfullscreenMargin: 0,\n\t\t\t\t\t\tspeed           : 20,\n\t\t\t\t\t\tdir             : \"h\",\n\t\t\t\t\t\tparallaxMode    : 'swipe',\n\t\t\t\t\t\tview            : \"basic\"\n\t\t\t\t});\n\n\t\t\t\t\n\t\t\t\twindow.masterslider_instances = window.masterslider_instances || [];\n\t\t\t\twindow.masterslider_instances.push( masterslider_19d3 );\n\t\t\t });\n\n\t\t})(jQuery);\n\t\t<\/script>\n\n","protected":false},"excerpt":{"rendered":"<p>Der F\u00f6rderverein der Grundschule ist ein gemeinn\u00fctziger Verein, der sich lediglich \u00fcber die Mitgliedsbeitr\u00e4ge und Einnahmen aus Aktionen wie der Verpflegung bei der Einschulungsfeier finanziert.Wir haben es uns zur Aufgabe gemacht, die Grundschule finanziell dort zu unterst\u00fctzen, wo sonst manchmal &hellip; <a href=\"https:\/\/wordpress.nibis.de\/gsgm\/foerderverein\/\">Weiterlesen <span class=\"meta-nav\">&rarr;<\/span><\/a><\/p>\n","protected":false},"author":9194418,"featured_media":0,"parent":0,"menu_order":0,"comment_status":"closed","ping_status":"closed","template":"onecolumn-page.php","meta":{"footnotes":""},"class_list":["post-23","page","type-page","status-publish","hentry"],"_links":{"self":[{"href":"https:\/\/wordpress.nibis.de\/gsgm\/wp-json\/wp\/v2\/pages\/23","targetHints":{"allow":["GET"]}}],"collection":[{"href":"https:\/\/wordpress.nibis.de\/gsgm\/wp-json\/wp\/v2\/pages"}],"about":[{"href":"https:\/\/wordpress.nibis.de\/gsgm\/wp-json\/wp\/v2\/types\/page"}],"author":[{"embeddable":true,"href":"https:\/\/wordpress.nibis.de\/gsgm\/wp-json\/wp\/v2\/users\/9194418"}],"replies":[{"embeddable":true,"href":"https:\/\/wordpress.nibis.de\/gsgm\/wp-json\/wp\/v2\/comments?post=23"}],"version-history":[{"count":24,"href":"https:\/\/wordpress.nibis.de\/gsgm\/wp-json\/wp\/v2\/pages\/23\/revisions"}],"predecessor-version":[{"id":684,"href":"https:\/\/wordpress.nibis.de\/gsgm\/wp-json\/wp\/v2\/pages\/23\/revisions\/684"}],"wp:attachment":[{"href":"https:\/\/wordpress.nibis.de\/gsgm\/wp-json\/wp\/v2\/media?parent=23"}],"curies":[{"name":"wp","href":"https:\/\/api.w.org\/{rel}","templated":true}]}}