{"id":25,"date":"2024-10-08T17:13:58","date_gmt":"2024-10-08T15:13:58","guid":{"rendered":"https:\/\/wordpress.nibis.de\/gsgm\/?page_id=25"},"modified":"2025-08-14T16:18:47","modified_gmt":"2025-08-14T14:18:47","slug":"kontakt","status":"publish","type":"page","link":"https:\/\/wordpress.nibis.de\/gsgm\/kontakt\/","title":{"rendered":"Kontakt"},"content":{"rendered":"\n<p>Grundschule Gro\u00df Munzel<br>Am Steinhof 8<br>30890 Barsinghausen<br><br>Das Sekretariat ist &#8211; au\u00dfer mittwochs &#8211; t\u00e4glich von <strong>8:00 Uhr &#8211; 13:00 Uhr<\/strong> besetzt. <\/p>\n\n\n\n<p>\u260e Telefon Sekretariat (Frau Haller):<br>05105\/7743850 <br><br>\ud83d\udcf1Diensthandy Hausmeister (Herr Scholz):<br>0163\/7743006<br><br>\u2709 E-Mail (Sekretariat &#8211; Frau Haller): <br>&#115;&#x65;&#x6b;r&#101;&#x74;a&#114;&#x69;&#x61;&#116;&#x40;&#x67;s&#45;&#x67;m&#46;&#x64;&#x65; <br><br>\u2709 E-Mail (Schulleitung &#8211; Frau Ziegler): <br>&#x73;&#99;h&#x75;&#x6c;&#108;e&#x69;&#116;u&#x6e;&#x67;&#64;g&#x73;&#45;g&#x6d;&#x2e;&#100;e<br><\/p>\n\n\n\n<p>Alle Lehrkr\u00e4fte sind f\u00fcr Sie&nbsp;<strong>per E-Mail<\/strong>&nbsp;nach folgendem Muster \u00fcber&nbsp;<strong>IServ&nbsp;<\/strong>erreichbar:<\/p>\n\n\n\n<p><strong>&#118;o&#x72;n&#x61;m&#x65;&#46;&#x6e;&#97;&#x63;&#104;&#x6e;&#97;&#x6d;&#101;&#64;&#103;s&#x2d;g&#x6d;&#46;&#x64;&#101;<\/strong><br><br><\/p>\n\n\n\n<figure class=\"wp-block-image size-large\"><img loading=\"lazy\" decoding=\"async\" width=\"1024\" height=\"632\" src=\"https:\/\/wordpress.nibis.de\/gsgm\/files\/2024\/10\/Screenshot-2024-10-10-122852-1024x632.png\" alt=\"\" class=\"wp-image-118\" srcset=\"https:\/\/wordpress.nibis.de\/gsgm\/files\/2024\/10\/Screenshot-2024-10-10-122852-1024x632.png 1024w, https:\/\/wordpress.nibis.de\/gsgm\/files\/2024\/10\/Screenshot-2024-10-10-122852-300x185.png 300w, https:\/\/wordpress.nibis.de\/gsgm\/files\/2024\/10\/Screenshot-2024-10-10-122852-768x474.png 768w, https:\/\/wordpress.nibis.de\/gsgm\/files\/2024\/10\/Screenshot-2024-10-10-122852.png 1268w\" sizes=\"auto, (max-width: 1024px) 100vw, 1024px\" \/><figcaption>Auszug aus Google Maps<\/figcaption><\/figure>\n\n\n\n<p><a href=\"https:\/\/maps.app.goo.gl\/ErUuPjinXzENtVL36\">https:\/\/maps.app.goo.gl\/ErUuPjinXzENtVL36<\/a><\/p>\n","protected":false},"excerpt":{"rendered":"<p>Grundschule Gro\u00df MunzelAm Steinhof 830890 Barsinghausen Das Sekretariat ist &#8211; au\u00dfer mittwochs &#8211; t\u00e4glich von 8:00 Uhr &#8211; 13:00 Uhr besetzt. \u260e Telefon Sekretariat (Frau Haller):05105\/7743850 \ud83d\udcf1Diensthandy Hausmeister (Herr Scholz):0163\/7743006 \u2709 E-Mail (Sekretariat &#8211; Frau Haller): &#x73;&#x65;&#107;&#114;&#101;t&#x61;&#x72;&#x69;&#97;&#116;&#64;g&#x73;&#x2d;&#x67;&#109;&#46;d&#x65; \u2709 E-Mail (Schulleitung &hellip; <a href=\"https:\/\/wordpress.nibis.de\/gsgm\/kontakt\/\">Weiterlesen <span class=\"meta-nav\">&rarr;<\/span><\/a><\/p>\n","protected":false},"author":9194418,"featured_media":0,"parent":0,"menu_order":0,"comment_status":"closed","ping_status":"closed","template":"onecolumn-page.php","meta":{"footnotes":""},"class_list":["post-25","page","type-page","status-publish","hentry"],"_links":{"self":[{"href":"https:\/\/wordpress.nibis.de\/gsgm\/wp-json\/wp\/v2\/pages\/25","targetHints":{"allow":["GET"]}}],"collection":[{"href":"https:\/\/wordpress.nibis.de\/gsgm\/wp-json\/wp\/v2\/pages"}],"about":[{"href":"https:\/\/wordpress.nibis.de\/gsgm\/wp-json\/wp\/v2\/types\/page"}],"author":[{"embeddable":true,"href":"https:\/\/wordpress.nibis.de\/gsgm\/wp-json\/wp\/v2\/users\/9194418"}],"replies":[{"embeddable":true,"href":"https:\/\/wordpress.nibis.de\/gsgm\/wp-json\/wp\/v2\/comments?post=25"}],"version-history":[{"count":23,"href":"https:\/\/wordpress.nibis.de\/gsgm\/wp-json\/wp\/v2\/pages\/25\/revisions"}],"predecessor-version":[{"id":627,"href":"https:\/\/wordpress.nibis.de\/gsgm\/wp-json\/wp\/v2\/pages\/25\/revisions\/627"}],"wp:attachment":[{"href":"https:\/\/wordpress.nibis.de\/gsgm\/wp-json\/wp\/v2\/media?parent=25"}],"curies":[{"name":"wp","href":"https:\/\/api.w.org\/{rel}","templated":true}]}}