{"id":27,"date":"2024-10-08T17:12:18","date_gmt":"2024-10-08T15:12:18","guid":{"rendered":"https:\/\/wordpress.nibis.de\/gsgm\/?page_id=27"},"modified":"2025-08-14T16:20:17","modified_gmt":"2025-08-14T14:20:17","slug":"datenschutz","status":"publish","type":"page","link":"https:\/\/wordpress.nibis.de\/gsgm\/datenschutz\/","title":{"rendered":"Datenschutz"},"content":{"rendered":"\n<h3 class=\"wp-block-heading\"><strong><span style=\"text-decoration: underline\" class=\"underline\">Datenschutzerkl\u00e4run<\/span><\/strong><span style=\"text-decoration: underline\" class=\"underline\"><strong>g (EU-DSGVO)<\/strong><\/span><\/h3>\n\n\n\n<p><strong>I. Name und Anschrift des Verantwortlichen<\/strong><br>Grundschule Gro\u00df Munzel<br>Am Steinhof 8<br>30890 Barsinghausen<br>Telefon: 05105\/7743850<br>E-Mail: s&#101;&#x6b;&#x72;&#x65;t&#97;&#x72;&#x69;&#x61;t&#64;&#x67;&#x73;&#x2d;g&#109;&#x2e;&#x64;&#x65; <br><br><strong>Vertretungsberechtigt<\/strong><br>Sonja Ziegler, Schulleiterin<\/p>\n\n\n\n<p><strong>II. <strong>Kontaktdaten der oder des beh\u00f6rdlichen Datenschutzbeauftragten<\/strong><\/strong><br>Telefon: 05105\/7743850<br>E-Mail: &#x6e;&#105;n&#x61;&#46;b&#x72;&#105;n&#x6b;&#109;a&#x6e;&#110;&#64;&#x67;&#x73;-&#x67;&#x6d;&#46;&#x64;&#x65; <br><br><strong>III. <strong>Name und Anschrift unseres Host-Providers<\/strong><br><\/strong>Nieders\u00e4chsisches Landesinstitut f\u00fcr schulische Qualit\u00e4tsentwicklung (NLQ)<br>vertreten durch die Pr\u00e4sidentin Frau Dr. Elke Richlick<br>Ke\u00dflerstra\u00dfe 52<br>31134 Hildesheim<\/p>\n\n\n\n<p><strong>IV. Bereitstellung der Website und Erstellung von Logfiles<br><\/strong>Bei jedem Aufruf unserer Internetseite erfasst unser System automatisiert Daten und Informationen vom Computersystem des aufrufenden Rechners. Folgende Daten werden hierbei erhoben:<br>(1) Datum und Uhrzeit des Zugriffes<br>(2) Vom System protokollierte Fehler beim Aufruf unserer Seiten<br>(3) Die IP-Adresse des Nutzers<br>(4) Die Betriebssystemversion des Nutzers<br>(5) Der Browsertyp des Nutzers<br>(6) Die vom Nutzer aufgerufene Seite<br>(7) Die Weiterleitung auf eine externe Seite<\/p>\n\n\n\n<p>Die Daten werden in den Logfiles gespeichert. Eine Speicherung dieser Daten zusammen mit anderen personenbezogenen Daten des Nutzers findet nicht statt. Zweck der Datenspeicherung ist technische Optimierung unserer Internetseite. Rechtsgrundlage f\u00fcr die vor\u00fcbergehende Speicherung der Daten ist Art. 6 Abs.1 lit.f DSGVO.<\/p>\n\n\n\n<p>Die Daten werden f\u00fcr 8 Wochen gespeichert, sie werden lediglich statistisch ausgewertet. Danach werden sie gel\u00f6scht.<br><br><strong>V. Verwendung von Cookies<br><\/strong>Beim Anmelden in WordPress werden Cookies eingerichtet, um die Anmeldeinformationen und Anzeigeoptionen zu speichern. Anmelde-Cookies verfallen nach zwei Tagen und Cookies f\u00fcr die Anzeigeoptionen nach einem Jahr. Falls Sie bei der Anmeldung \u201eAngemeldet bleiben\u201c ausgew\u00e4hlt haben, wird Ihre Anmeldung zwei Wochen lang aufrechterhalten. Mit der Abmeldung aus Ihrem Konto werden die Anmelde-Cookies gel\u00f6scht.<br><br><strong>VI. Speicherung personenbezogener Daten bei Kontaktaufnahme<\/strong><br>Sofern Sie per E-Mail den Kontakt mit uns aufnehmen, werden die von Ihnen \u00fcbermittelten personenbezogenen Daten automatisch gespeichert. Diese Daten werden f\u00fcr Zwecke der Bearbeitung Ihres Anliegens und der Kontaktaufnahme mit Ihnen gespeichert.<br><br>Wenn Sie Gebrauch von unserem Kontaktformular machen, werden die folgenden personenbezogenen Daten von Ihnen gespeichert: Ihr Name, Ihre Anschrift, Ihre E-Mail-Adresse.<\/p>\n\n\n\n<p>Die L\u00f6schung der Daten erfolgt, sobald deren Speicherung f\u00fcr die Bearbeitung Ihres Anliegens nicht mehr erforderlich ist.<br><br><strong>VII. Kontaktformulare<\/strong><br>Wenn Sie einen Kommentar auf unserer Website schreiben, kann das eine Einwilligung sein, Ihren Namen, E-Mailadresse und Website in Cookies zu speichern. Dies ist eine Komfortfunktion, damit Sie nicht, wenn Sie einen weiteren Kommentar schreiben, all diese Daten erneut eingeben m\u00fcssen. Diese Cookies werden ein Jahr lang gespeichert.<br><br><strong>VIII. Medien<\/strong><br>Wenn Sie ein registrierter Benutzer sind und Fotos auf diese Website laden, sollten Sie vermeiden Fotos mit einer EXIF-GPS-Standort hochzuladen. Besucher dieser Website k\u00f6nnten Fotos, die auf dieser Website gespeichert sind, herunterladen und deren Standort-Informationen extrahieren.<br><br><strong><strong>IX. Eingebettete Inhalte von anderen Websites<\/strong><br><\/strong>Beitr\u00e4ge auf dieser Website k\u00f6nnen eingebettete Inhalte beinhalten (z. B. Videos, Bilder, Beitr\u00e4ge etc.). Eingebettete Inhalte von anderen Websites verhalten sich exakt so, als ob der Besucher die andere Website besucht h\u00e4tte.<br>Diese Websites k\u00f6nnen Daten \u00fcber Sie sammeln, Cookies benutzen, zus\u00e4tzliche Tracking-Dienste von Dritten einbetten und Ihre Interaktion mit diesem eingebetteten Inhalt aufzeichnen, inklusive Ihrer Interaktion mit dem eingebetteten Inhalt, falls Sie ein Konto haben und auf dieser Website angemeldet sind.<br><br><strong><strong>X. Betroffenenrechte<\/strong><\/strong><br>Sie k\u00f6nnen folgende Rechte geltend machen:<br><br><em>\u2022 Auskunft\/ Akteneinsicht<\/em><br>Gem. Art. 15 DSGVO haben Sie das Recht, Auskunft bzw. Akteneinsicht \u00fcber die von uns verarbeiteten personenbezogenen Daten zu erhalten.<br><br>\u2022<em> Berichtigung<\/em><br>Sind bei uns gespeicherte personenbezogene Daten unrichtig oder unvollst\u00e4ndig, haben Sie gem. Art. 16 DSGVO das Recht, diese berichtigen bzw. vervollst\u00e4ndigen zu lassen.<br><br>\u2022 <em>L\u00f6schung<\/em><br>Art. 17 DSGVO normiert das Recht auf L\u00f6schung personenbezogener Daten. Dieses Recht steht Ihnen insbesondere dann zu, wenn die Speicherung der personenbezogenen Daten zur Erf\u00fcllung unserer gesetzlichen Aufgaben nicht mehr erforderlich ist oder Sie Ihre Einwilligung zur Datenverarbeitung mit Wirkung f\u00fcr die Zukunft widerrufen haben.<br><br>\u2022<em> Einschr\u00e4nkung der Verarbeitung<\/em><br>Gem. Art. 18 DSGVO k\u00f6nnen Sie die Einschr\u00e4nkung der personenbezogenen Daten verlangen, wenn<br>\u2013 die Richtigkeit der Daten von Ihnen bestritten wird<br>\u2013 die Verarbeitung unrechtm\u00e4\u00dfig ist, Sie aber deren L\u00f6schung ablehnen<br>\u2013 wir die Daten nicht mehr ben\u00f6tigen, Sie jedoch diese zur Geltendmachung, Aus\u00fcbung oder Verteidigung von Rechtsanspr\u00fcchen ben\u00f6tigen<br>\u2013 oder Sie gem\u00e4\u00df Art. 21 DSGVO Widerspruch gegen die Verarbeitung eingelegt haben<br><br>\u2022<em> Widerspruch<\/em><br>Sie k\u00f6nnen bei Gr\u00fcnden, die sich aus Ihrer besonderen Situation ergeben, ein Widerspruchsrecht geltend machen. Gem. Art. 21 DSGVO ist jedoch zu ber\u00fccksichtigten, ob schutzw\u00fcrdige Gr\u00fcnde f\u00fcr die Verarbeitung vorliegen oder die Verarbeitung der Geltendmachung, Aus\u00fcbung oder Verteidigung von Rechtsanspr\u00fcchen dient.<br><br><em>\u2022 Daten\u00fcbertragbarkeit<\/em><br>Ist die Verarbeitung Ihrer Daten mit Hilfe eines automatisierten Verfahrens erfolgt, haben Sie gem. Art. 20 DSGVO das Recht, die Daten in einem g\u00e4ngigen und maschinenlesbaren Format zu erhalten und an eine andere Schule zu \u00fcbermitteln bzw. durch uns \u00fcbermitteln zu lassen.<br><br>\u2022<em> Widerruf der Einwilligung<\/em><br>Sie haben gem. Art. 7 Absatz 3 DSGVO das Recht, uns erteilte Einwilligungen jederzeit mit Wirkung f\u00fcr die Zukunft zu widerrufen.<br><br>\u2022<em> Beschwerde<\/em><br>Art. 77 DSGVO normiert ein Beschwerderecht bei der Aufsichtsbeh\u00f6rde. Die f\u00fcr uns zust\u00e4ndige Aufsichtsbeh\u00f6rde ist die Landesbeauftragte f\u00fcr den Datenschutz Niedersachsen, Prinzenstra\u00dfe 5, 30159 Hannover. E-Mail: pos&#116;&#115;&#116;&#x65;&#x6c;&#x6c;&#x65;&#x40;&#x6c;fd&#46;&#110;&#105;&#101;&#100;&#x65;&#x72;&#x73;&#x61;&#x63;&#x68;sen&#46;&#100;&#101;<\/p>\n\n\n\n<p><\/p>\n\n\n\n<p><\/p>\n","protected":false},"excerpt":{"rendered":"<p>Datenschutzerkl\u00e4rung (EU-DSGVO) I. Name und Anschrift des VerantwortlichenGrundschule Gro\u00df MunzelAm Steinhof 830890 BarsinghausenTelefon: 05105\/7743850E-Mail: s&#101;&#x6b;&#x72;&#x65;t&#97;&#x72;&#x69;&#x61;t&#64;&#x67;&#x73;&#x2d;g&#109;&#x2e;&#x64;&#x65; VertretungsberechtigtSonja Ziegler, Schulleiterin II. Kontaktdaten der oder des beh\u00f6rdlichen DatenschutzbeauftragtenTelefon: 05105\/7743850E-Mail: &#x6e;&#x69;&#x6e;&#x61;&#46;&#98;&#114;&#105;nkm&#x61;&#x6e;&#x6e;&#x40;&#x67;&#115;&#45;&#103;m&#46;d&#x65; III. Name und Anschrift unseres Host-ProvidersNieders\u00e4chsisches Landesinstitut f\u00fcr schulische Qualit\u00e4tsentwicklung (NLQ)vertreten durch die &hellip; <a href=\"https:\/\/wordpress.nibis.de\/gsgm\/datenschutz\/\">Weiterlesen <span class=\"meta-nav\">&rarr;<\/span><\/a><\/p>\n","protected":false},"author":9194418,"featured_media":0,"parent":0,"menu_order":0,"comment_status":"closed","ping_status":"closed","template":"onecolumn-page.php","meta":{"footnotes":""},"class_list":["post-27","page","type-page","status-publish","hentry"],"_links":{"self":[{"href":"https:\/\/wordpress.nibis.de\/gsgm\/wp-json\/wp\/v2\/pages\/27","targetHints":{"allow":["GET"]}}],"collection":[{"href":"https:\/\/wordpress.nibis.de\/gsgm\/wp-json\/wp\/v2\/pages"}],"about":[{"href":"https:\/\/wordpress.nibis.de\/gsgm\/wp-json\/wp\/v2\/types\/page"}],"author":[{"embeddable":true,"href":"https:\/\/wordpress.nibis.de\/gsgm\/wp-json\/wp\/v2\/users\/9194418"}],"replies":[{"embeddable":true,"href":"https:\/\/wordpress.nibis.de\/gsgm\/wp-json\/wp\/v2\/comments?post=27"}],"version-history":[{"count":13,"href":"https:\/\/wordpress.nibis.de\/gsgm\/wp-json\/wp\/v2\/pages\/27\/revisions"}],"predecessor-version":[{"id":628,"href":"https:\/\/wordpress.nibis.de\/gsgm\/wp-json\/wp\/v2\/pages\/27\/revisions\/628"}],"wp:attachment":[{"href":"https:\/\/wordpress.nibis.de\/gsgm\/wp-json\/wp\/v2\/media?parent=27"}],"curies":[{"name":"wp","href":"https:\/\/api.w.org\/{rel}","templated":true}]}}