{"id":270,"date":"2024-12-28T17:53:06","date_gmt":"2024-12-28T16:53:06","guid":{"rendered":"https:\/\/wordpress.nibis.de\/gsgm\/?page_id=270"},"modified":"2025-09-26T16:48:14","modified_gmt":"2025-09-26T14:48:14","slug":"gremien-zustaendigkeiten","status":"publish","type":"page","link":"https:\/\/wordpress.nibis.de\/gsgm\/gremien-zustaendigkeiten\/","title":{"rendered":"Gremien &amp; Zust\u00e4ndigkeiten"},"content":{"rendered":"\n<p><br>Die Leitung der einzelnen <strong>Fachkonferenzen<\/strong> wird derzeit von folgenden Lehrkr\u00e4ften ausge\u00fcbt: <br><br><strong>Deutsch:<\/strong>                               Frau Wenger<br><br><strong>Mathematik:<\/strong>                       Frau Schr\u00f6der<br><br><strong>Sachunterricht: <\/strong>               Frau Gantzke<br><br><strong>Englisch:<\/strong>                              Frau Horndasch<br><br><strong>Religion:<\/strong>                               Frau Hohenstein<br><br><strong>Kunst, Werken, Textil:<\/strong>  Frau Wildhage <br><br><strong>Musik:<\/strong>                                    Frau Horndasch<br><br><strong>Sport:<\/strong>                                     Frau Brinkmann<br><br><br><br>Im <strong>Schulvorstand<\/strong> wirken derzeit folgende Lehrkr\u00e4fte sowie Eltern mit: <br><br><span style=\"text-decoration: underline\" class=\"underline\">Lehrkr\u00e4fte:<\/span><\/p>\n\n\n\n<figure class=\"wp-block-table is-style-regular has-small-font-size\"><table class=\"has-fixed-layout\"><thead><tr><th>Vorsitzende<\/th><th>Stellvertretung<\/th><\/tr><\/thead><tbody><tr><td>Frau Ziegler<\/td><td>Frau Brinkmann<\/td><\/tr><tr><td>Frau Horndasch<\/td><td>Frau Hohenstein<\/td><\/tr><tr><td>Frau Wildhage<\/td><td>Frau Gantzke <\/td><\/tr><tr><td>Frau Schr\u00f6der<\/td><td><\/td><\/tr><\/tbody><\/table><\/figure>\n\n\n\n<p><span style=\"text-decoration: underline\" class=\"underline\">Eltern<\/span>: <\/p>\n\n\n\n<figure class=\"wp-block-table is-style-regular has-small-font-size\"><table><thead><tr><th>Vorsitzende<\/th><th>Stellvertretung<\/th><\/tr><\/thead><tbody><tr><td>Frau Felkel<\/td><td>Frau Heinemann<\/td><\/tr><tr><td>Frau Maage<\/td><td>Frau Volker<\/td><\/tr><tr><td>Frau Seebode<\/td><td>Herr Okon<\/td><\/tr><\/tbody><\/table><\/figure>\n\n\n\n<p><br><br>Den <strong>Vorstand des Schulelternrates<\/strong> bilden:<br><br><span style=\"text-decoration: underline\" class=\"underline\">Vorsitz<\/span>: Frau Seebode<br><span style=\"text-decoration: underline\" class=\"underline\">Stellvertretung<\/span>: Frau Maage, Frau Blankwater<\/p>\n\n\n\n<p><br><br>Folgende <strong>Eltern<\/strong> nehmen an den <strong>Gesamtkonferenzen<\/strong> teil: <br><br><span style=\"text-decoration: underline\" class=\"underline\">Vorsitzende<\/span>: Frau Maage, Frau Felkel, Frau Heinemann, Herr Okon<br><span style=\"text-decoration: underline\" class=\"underline\">Stellvertretung<\/span>: Frau Seebode, Frau Schlune<br><br><br><br>F\u00fcr Fragen oder Anliegen zur Arbeit der <strong>Lesementoren<\/strong> oder in der <strong>B\u00fccherei<\/strong> stehen Ihnen folgende Ansprechpartnerinnen zur Verf\u00fcgung: <br><br>Lesementoren:                 Frau Hohenstein<br><br>B\u00fccherei:                           Frau Wenger, Frau Gantzke<\/p>\n","protected":false},"excerpt":{"rendered":"<p>Die Leitung der einzelnen Fachkonferenzen wird derzeit von folgenden Lehrkr\u00e4ften ausge\u00fcbt: Deutsch: Frau Wenger Mathematik: Frau Schr\u00f6der Sachunterricht: Frau Gantzke Englisch: Frau Horndasch Religion: Frau Hohenstein Kunst, Werken, Textil: Frau Wildhage Musik: Frau Horndasch Sport: Frau Brinkmann Im Schulvorstand wirken &hellip; <a href=\"https:\/\/wordpress.nibis.de\/gsgm\/gremien-zustaendigkeiten\/\">Weiterlesen <span class=\"meta-nav\">&rarr;<\/span><\/a><\/p>\n","protected":false},"author":9194418,"featured_media":0,"parent":0,"menu_order":0,"comment_status":"closed","ping_status":"closed","template":"onecolumn-page.php","meta":{"footnotes":""},"class_list":["post-270","page","type-page","status-publish","hentry"],"_links":{"self":[{"href":"https:\/\/wordpress.nibis.de\/gsgm\/wp-json\/wp\/v2\/pages\/270","targetHints":{"allow":["GET"]}}],"collection":[{"href":"https:\/\/wordpress.nibis.de\/gsgm\/wp-json\/wp\/v2\/pages"}],"about":[{"href":"https:\/\/wordpress.nibis.de\/gsgm\/wp-json\/wp\/v2\/types\/page"}],"author":[{"embeddable":true,"href":"https:\/\/wordpress.nibis.de\/gsgm\/wp-json\/wp\/v2\/users\/9194418"}],"replies":[{"embeddable":true,"href":"https:\/\/wordpress.nibis.de\/gsgm\/wp-json\/wp\/v2\/comments?post=270"}],"version-history":[{"count":13,"href":"https:\/\/wordpress.nibis.de\/gsgm\/wp-json\/wp\/v2\/pages\/270\/revisions"}],"predecessor-version":[{"id":658,"href":"https:\/\/wordpress.nibis.de\/gsgm\/wp-json\/wp\/v2\/pages\/270\/revisions\/658"}],"wp:attachment":[{"href":"https:\/\/wordpress.nibis.de\/gsgm\/wp-json\/wp\/v2\/media?parent=270"}],"curies":[{"name":"wp","href":"https:\/\/api.w.org\/{rel}","templated":true}]}}