{"id":29,"date":"2024-10-08T17:13:37","date_gmt":"2024-10-08T15:13:37","guid":{"rendered":"https:\/\/wordpress.nibis.de\/gsgm\/?page_id=29"},"modified":"2025-08-08T12:57:01","modified_gmt":"2025-08-08T10:57:01","slug":"impressum","status":"publish","type":"page","link":"https:\/\/wordpress.nibis.de\/gsgm\/impressum\/","title":{"rendered":"Impressum"},"content":{"rendered":"\n<p>Land Niedersachsen (Diensteanbieter im Sinne des Telemediengesetzes)<\/p>\n\n\n\n<p>Das Land Niedersachsen ist eine juristische Person des \u00f6ffentlichen Rechts vertreten durch<br><br>Sonja Ziegler, Schulleiterin<br><br>Grundschule Gro\u00df Munzel<br>Am Steinhof 8<br>30890 Barsinghausen<br>Tel.: \u00a005105\/7743850\u00a0<br>E-Mail: &#115;&#x65;&#107;&#x72;e&#x74;a&#114;&#x69;&#97;&#x74;&#64;&#x67;s&#45;&#x67;&#109;&#x2e;d&#x65;<br>Schulische Datenschutzbeauftragte: Sonja Ziegler<br>\u00a0\u00a0\u00a0\u00a0\u00a0\u00a0\u00a0\u00a0\u00a0\u00a0\u00a0\u00a0\u00a0\u00a0\u00a0\u00a0\u00a0\u00a0\u00a0\u00a0\u00a0\u00a0\u00a0\u00a0\u00a0\u00a0\u00a0\u00a0\u00a0\u00a0\u00a0\u00a0\u00a0\u00a0\u00a0\u00a0\u00a0\u00a0\u00a0\u00a0\u00a0\u00a0\u00a0\u00a0\u00a0\u00a0\u00a0\u00a0\u00a0\u00a0\u00a0\u00a0\u00a0\u00a0\u00a0\u00a0\u00a0\u00a0\u00a0\u00a0\u00a0\u00a0<\/p>\n\n\n\n<p>Verantwortlicher f\u00fcr redaktionell-journalistische Angebote i. S. d .\u00a755\u00a0 Abs.2 Rundfunkstaatsvertrag:\u00a0 \u00a0 \u00a0 \u00a0 \u00a0 \u00a0 \u00a0 \u00a0 \u00a0 \u00a0<br>Sonja Ziegler<br>Grundschule Gro\u00df Munzel<br>Am Steinhof 8<br>30890 Barsinghausen<br>Tel.: \u00a005105\/7743850\u00a0\u00a0\u00a0 \u00a0 \u00a0 \u00a0 \u00a0 \u00a0 \u00a0 \u00a0 \u00a0 \u00a0 \u00a0 \u00a0 \u00a0 \u00a0 \u00a0 \u00a0 \u00a0 \u00a0 \u00a0 \u00a0 \u00a0 \u00a0 \u00a0 \u00a0 \u00a0 \u00a0 \u00a0 \u00a0 \u00a0 \u00a0 \u00a0 \u00a0 \u00a0 \u00a0 \u00a0 \u00a0 \u00a0 \u00a0 \u00a0 \u00a0 \u00a0 \u00a0 \u00a0 \u00a0 \u00a0 \u00a0 \u00a0 \u00a0\u00a0\u00a0\u00a0\u00a0\u00a0\u00a0\u00a0\u00a0\u00a0\u00a0\u00a0\u00a0\u00a0\u00a0\u00a0\u00a0\u00a0\u00a0\u00a0\u00a0\u00a0\u00a0\u00a0\u00a0\u00a0\u00a0\u00a0\u00a0\u00a0\u00a0\u00a0\u00a0\u00a0\u00a0\u00a0\u00a0\u00a0\u00a0\u00a0\u00a0\u00a0\u00a0\u00a0\u00a0\u00a0\u00a0\u00a0\u00a0\u00a0\u00a0\u00a0\u00a0\u00a0\u00a0\u00a0\u00a0\u00a0\u00a0\u00a0\u00a0\u00a0\u00a0\u00a0\u00a0\u00a0\u00a0\u00a0\u00a0\u00a0\u00a0\u00a0\u00a0\u00a0\u00a0\u00a0\u00a0\u00a0\u00a0\u00a0\u00a0\u00a0\u00a0\u00a0\u00a0\u00a0\u00a0\u00a0\u00a0\u00a0\u00a0\u00a0\u00a0\u00a0\u00a0\u00a0\u00a0\u00a0\u00a0\u00a0\u00a0\u00a0\u00a0\u00a0\u00a0\u00a0\u00a0\u00a0\u00a0\u00a0\u00a0\u00a0\u00a0\u00a0\u00a0\u00a0 <\/p>\n\n\n\n<p>Disclaimer<\/p>\n\n\n\n<p>Diese Webseite beinhaltet externe Links. Deren Inhalte entziehen sich unserer Einflussnahme, sodass eine Gew\u00e4hr f\u00fcr solche Inhalte von uns nicht \u00fcbernommen werden kann.<br><br>Die Verantwortung liegt stets beim jeweiligen Betreiber der externen Seiten. Zum Zeitpunkt der Verkn\u00fcpfung der externen Links waren keine Rechtsverst\u00f6\u00dfe ersichtlich. Die permanente \u00dcberwachung fremder Inhalte auf Rechtsverst\u00f6\u00dfe ohne konkrete Hinweise ist uns nicht zumutbar.<br><br>Sollten wir Kenntnis von Rechtsverletzungen erlangen, werden wir die entsprechenden externen Links unverz\u00fcglich entfernen.<\/p>\n\n\n\n<p><\/p>\n","protected":false},"excerpt":{"rendered":"<p>Land Niedersachsen (Diensteanbieter im Sinne des Telemediengesetzes) Das Land Niedersachsen ist eine juristische Person des \u00f6ffentlichen Rechts vertreten durch Sonja Ziegler, Schulleiterin Grundschule Gro\u00df MunzelAm Steinhof 830890 BarsinghausenTel.: \u00a005105\/7743850\u00a0E-Mail: &#x73;&#101;k&#x72;&#101;t&#x61;&#114;i&#x61;&#116;&#64;&#x67;&#115;-&#x67;&#109;&#46;&#x64;&#101;Schulische Datenschutzbeauftragte: Sonja Ziegler\u00a0\u00a0\u00a0\u00a0\u00a0\u00a0\u00a0\u00a0\u00a0\u00a0\u00a0\u00a0\u00a0\u00a0\u00a0\u00a0\u00a0\u00a0\u00a0\u00a0\u00a0\u00a0\u00a0\u00a0\u00a0\u00a0\u00a0\u00a0\u00a0\u00a0\u00a0\u00a0\u00a0\u00a0\u00a0\u00a0\u00a0\u00a0\u00a0\u00a0\u00a0\u00a0\u00a0\u00a0\u00a0\u00a0\u00a0\u00a0\u00a0\u00a0\u00a0\u00a0\u00a0\u00a0\u00a0\u00a0\u00a0\u00a0\u00a0\u00a0\u00a0\u00a0 Verantwortlicher f\u00fcr redaktionell-journalistische Angebote i. S. d &hellip; <a href=\"https:\/\/wordpress.nibis.de\/gsgm\/impressum\/\">Weiterlesen <span class=\"meta-nav\">&rarr;<\/span><\/a><\/p>\n","protected":false},"author":9194418,"featured_media":0,"parent":0,"menu_order":0,"comment_status":"closed","ping_status":"closed","template":"onecolumn-page.php","meta":{"footnotes":""},"class_list":["post-29","page","type-page","status-publish","hentry"],"_links":{"self":[{"href":"https:\/\/wordpress.nibis.de\/gsgm\/wp-json\/wp\/v2\/pages\/29","targetHints":{"allow":["GET"]}}],"collection":[{"href":"https:\/\/wordpress.nibis.de\/gsgm\/wp-json\/wp\/v2\/pages"}],"about":[{"href":"https:\/\/wordpress.nibis.de\/gsgm\/wp-json\/wp\/v2\/types\/page"}],"author":[{"embeddable":true,"href":"https:\/\/wordpress.nibis.de\/gsgm\/wp-json\/wp\/v2\/users\/9194418"}],"replies":[{"embeddable":true,"href":"https:\/\/wordpress.nibis.de\/gsgm\/wp-json\/wp\/v2\/comments?post=29"}],"version-history":[{"count":7,"href":"https:\/\/wordpress.nibis.de\/gsgm\/wp-json\/wp\/v2\/pages\/29\/revisions"}],"predecessor-version":[{"id":611,"href":"https:\/\/wordpress.nibis.de\/gsgm\/wp-json\/wp\/v2\/pages\/29\/revisions\/611"}],"wp:attachment":[{"href":"https:\/\/wordpress.nibis.de\/gsgm\/wp-json\/wp\/v2\/media?parent=29"}],"curies":[{"name":"wp","href":"https:\/\/api.w.org\/{rel}","templated":true}]}}