{"id":326,"date":"2025-04-30T17:15:24","date_gmt":"2025-04-30T15:15:24","guid":{"rendered":"https:\/\/wordpress.nibis.de\/gsgm\/?page_id=326"},"modified":"2025-08-01T08:26:38","modified_gmt":"2025-08-01T06:26:38","slug":"praktika-fsj","status":"publish","type":"page","link":"https:\/\/wordpress.nibis.de\/gsgm\/praktika-fsj\/","title":{"rendered":"Praktika &amp; FSJ"},"content":{"rendered":"\n<p><strong>FSJ an der Grundschule in Gro\u00df Munzel<\/strong><br><br>Aktuell haben wir eine Jahrespraktikantin und einen Jahrespraktikanten der Alice-Salomon-Schule besch\u00e4ftigt, aber auch die Berufsfachschule in Neustadt ist f\u00fcr unsere Praktikantinnen und Praktikanten ein m\u00f6glicher Ausgangspunkt.<br><br>Die Grundschule in Gro\u00df Munzel sucht interessierte Leute, die ein abwechslungsreiches <strong>Freiwilliges Soziales Jahr<\/strong> <strong>(FSJ)<\/strong> in freundlicher Umgebung ableisten m\u00f6chten, um in dieser Zeit Klarheit \u00fcber einen m\u00f6glichen Berufswunsch zu bekommen, neue Erfahrungen zu sammeln oder ein Wartejahr auf einen m\u00f6glichen Studienplatz zu \u00fcberbr\u00fccken. Manche Sch\u00fclerInnen im Abschlussjahr suchen auch einen Praktikumsplatz f\u00fcr ein Jahr <strong>(Jahrespraktikum)<\/strong>, um dort die erforderliche praktische Qualifikation f\u00fcr das Fachabitur zur erlangen. <br><br>Du suchst: <br>&#8211; berufliche Orientierung (LehrerInnen, ErzieherInnen, p\u00e4d. MitarbeiterInnen)<br>&#8211; ein Jahr Abstand zu deiner Schulausbildung<br>&#8211; sportfreundliche Aufgaben mit Kindern<br>&#8211; ein aufgeschlossenes Team<br>&#8211; tolle Kinder<br><\/p>\n\n\n\n<p>Wir bieten dir genau das. Die Erfahrungen der vergangenen Jahre zeigen, dass sich sowohl Jahrespraktikantinnen &amp; Jahrespraktikanten als auch FSJlerInnen bei uns wohlgef\u00fchlt haben und die Arbeit mit den Kindern und die kollegiale Zusammenarbeit sehr gesch\u00e4tzt haben.<br><br>Wir sind Einsatzstelle \u00fcber den ASC G\u00f6ttingen und stellen gern den Kontakt her. Interessierte k\u00f6nnen sich unverbindlich bei uns melden oder auch pers\u00f6nlichen Kontakt suchen.<br><br>Aus arbeitsrechtlichen Gr\u00fcnden ist ein 14-t\u00e4giges <strong>Schulpraktikum<\/strong> erst <strong>ab<\/strong> einem Alter von <strong>16 Jahren <\/strong>m\u00f6glich. <br><\/p>\n\n\n\n<p><br><\/p>\n","protected":false},"excerpt":{"rendered":"<p>FSJ an der Grundschule in Gro\u00df Munzel Aktuell haben wir eine Jahrespraktikantin und einen Jahrespraktikanten der Alice-Salomon-Schule besch\u00e4ftigt, aber auch die Berufsfachschule in Neustadt ist f\u00fcr unsere Praktikantinnen und Praktikanten ein m\u00f6glicher Ausgangspunkt. Die Grundschule in Gro\u00df Munzel sucht interessierte &hellip; <a href=\"https:\/\/wordpress.nibis.de\/gsgm\/praktika-fsj\/\">Weiterlesen <span class=\"meta-nav\">&rarr;<\/span><\/a><\/p>\n","protected":false},"author":9194418,"featured_media":0,"parent":0,"menu_order":0,"comment_status":"closed","ping_status":"closed","template":"onecolumn-page.php","meta":{"footnotes":""},"class_list":["post-326","page","type-page","status-publish","hentry"],"_links":{"self":[{"href":"https:\/\/wordpress.nibis.de\/gsgm\/wp-json\/wp\/v2\/pages\/326","targetHints":{"allow":["GET"]}}],"collection":[{"href":"https:\/\/wordpress.nibis.de\/gsgm\/wp-json\/wp\/v2\/pages"}],"about":[{"href":"https:\/\/wordpress.nibis.de\/gsgm\/wp-json\/wp\/v2\/types\/page"}],"author":[{"embeddable":true,"href":"https:\/\/wordpress.nibis.de\/gsgm\/wp-json\/wp\/v2\/users\/9194418"}],"replies":[{"embeddable":true,"href":"https:\/\/wordpress.nibis.de\/gsgm\/wp-json\/wp\/v2\/comments?post=326"}],"version-history":[{"count":6,"href":"https:\/\/wordpress.nibis.de\/gsgm\/wp-json\/wp\/v2\/pages\/326\/revisions"}],"predecessor-version":[{"id":582,"href":"https:\/\/wordpress.nibis.de\/gsgm\/wp-json\/wp\/v2\/pages\/326\/revisions\/582"}],"wp:attachment":[{"href":"https:\/\/wordpress.nibis.de\/gsgm\/wp-json\/wp\/v2\/media?parent=326"}],"curies":[{"name":"wp","href":"https:\/\/api.w.org\/{rel}","templated":true}]}}