{"id":328,"date":"2025-04-30T17:15:48","date_gmt":"2025-04-30T15:15:48","guid":{"rendered":"https:\/\/wordpress.nibis.de\/gsgm\/?page_id=328"},"modified":"2025-06-05T20:19:40","modified_gmt":"2025-06-05T18:19:40","slug":"elternsprechtag","status":"publish","type":"page","link":"https:\/\/wordpress.nibis.de\/gsgm\/elternsprechtag\/","title":{"rendered":"Elternsprechtag"},"content":{"rendered":"\n<p>Der Elternsprechtag stellt eine M\u00f6glichkeit f\u00fcr Eltern dar, sich mit der Klassenlehrerin bzw. dem Klassenlehrer des Kindes \u00fcber den aktuellen Stand der schulischen Entwicklung auszutauschen. Die Elternsprechtage finden bei uns in der Regel einmal pro Halbjahr statt, meist im M\u00e4rz\/April und im Oktober\/November. Eine Einladung zum Elternsprechtag erhalten Sie von der Klassenlehrerin bzw. dem Klassenlehrer.   <\/p>\n","protected":false},"excerpt":{"rendered":"<p>Der Elternsprechtag stellt eine M\u00f6glichkeit f\u00fcr Eltern dar, sich mit der Klassenlehrerin bzw. dem Klassenlehrer des Kindes \u00fcber den aktuellen Stand der schulischen Entwicklung auszutauschen. Die Elternsprechtage finden bei uns in der Regel einmal pro Halbjahr statt, meist im M\u00e4rz\/April &hellip; <a href=\"https:\/\/wordpress.nibis.de\/gsgm\/elternsprechtag\/\">Weiterlesen <span class=\"meta-nav\">&rarr;<\/span><\/a><\/p>\n","protected":false},"author":9194418,"featured_media":0,"parent":0,"menu_order":0,"comment_status":"closed","ping_status":"closed","template":"onecolumn-page.php","meta":{"footnotes":""},"class_list":["post-328","page","type-page","status-publish","hentry"],"_links":{"self":[{"href":"https:\/\/wordpress.nibis.de\/gsgm\/wp-json\/wp\/v2\/pages\/328","targetHints":{"allow":["GET"]}}],"collection":[{"href":"https:\/\/wordpress.nibis.de\/gsgm\/wp-json\/wp\/v2\/pages"}],"about":[{"href":"https:\/\/wordpress.nibis.de\/gsgm\/wp-json\/wp\/v2\/types\/page"}],"author":[{"embeddable":true,"href":"https:\/\/wordpress.nibis.de\/gsgm\/wp-json\/wp\/v2\/users\/9194418"}],"replies":[{"embeddable":true,"href":"https:\/\/wordpress.nibis.de\/gsgm\/wp-json\/wp\/v2\/comments?post=328"}],"version-history":[{"count":2,"href":"https:\/\/wordpress.nibis.de\/gsgm\/wp-json\/wp\/v2\/pages\/328\/revisions"}],"predecessor-version":[{"id":415,"href":"https:\/\/wordpress.nibis.de\/gsgm\/wp-json\/wp\/v2\/pages\/328\/revisions\/415"}],"wp:attachment":[{"href":"https:\/\/wordpress.nibis.de\/gsgm\/wp-json\/wp\/v2\/media?parent=328"}],"curies":[{"name":"wp","href":"https:\/\/api.w.org\/{rel}","templated":true}]}}