{"id":330,"date":"2025-04-30T17:16:12","date_gmt":"2025-04-30T15:16:12","guid":{"rendered":"https:\/\/wordpress.nibis.de\/gsgm\/?page_id=330"},"modified":"2025-05-02T13:52:08","modified_gmt":"2025-05-02T11:52:08","slug":"mitwirkungsmoeglichkeiten","status":"publish","type":"page","link":"https:\/\/wordpress.nibis.de\/gsgm\/mitwirkungsmoeglichkeiten\/","title":{"rendered":"Mitwirkungsm\u00f6glichkeiten"},"content":{"rendered":"\n<p>In den letzten Jahren hat sich die Elternarbeit an unserer Schule in allen Gremien bew\u00e4hrt. Wir haben viele Eltern, die sich in den verschiedenen Gremien engagieren. Dar\u00fcber freuen wir uns und bedanken uns f\u00fcr die gute Zusammenarbeit!<\/p>\n\n\n\n<p>Nachfolgend m\u00f6chten wir Ihnen erkl\u00e4ren, was Sie in den verschiedenen R\u00e4ten erwartet und wie Sie hier mitwirken k\u00f6nnen.<\/p>\n","protected":false},"excerpt":{"rendered":"<p>In den letzten Jahren hat sich die Elternarbeit an unserer Schule in allen Gremien bew\u00e4hrt. Wir haben viele Eltern, die sich in den verschiedenen Gremien engagieren. Dar\u00fcber freuen wir uns und bedanken uns f\u00fcr die gute Zusammenarbeit! Nachfolgend m\u00f6chten wir &hellip; <a href=\"https:\/\/wordpress.nibis.de\/gsgm\/mitwirkungsmoeglichkeiten\/\">Weiterlesen <span class=\"meta-nav\">&rarr;<\/span><\/a><\/p>\n","protected":false},"author":9194418,"featured_media":0,"parent":0,"menu_order":0,"comment_status":"closed","ping_status":"closed","template":"","meta":{"footnotes":""},"class_list":["post-330","page","type-page","status-publish","hentry"],"_links":{"self":[{"href":"https:\/\/wordpress.nibis.de\/gsgm\/wp-json\/wp\/v2\/pages\/330","targetHints":{"allow":["GET"]}}],"collection":[{"href":"https:\/\/wordpress.nibis.de\/gsgm\/wp-json\/wp\/v2\/pages"}],"about":[{"href":"https:\/\/wordpress.nibis.de\/gsgm\/wp-json\/wp\/v2\/types\/page"}],"author":[{"embeddable":true,"href":"https:\/\/wordpress.nibis.de\/gsgm\/wp-json\/wp\/v2\/users\/9194418"}],"replies":[{"embeddable":true,"href":"https:\/\/wordpress.nibis.de\/gsgm\/wp-json\/wp\/v2\/comments?post=330"}],"version-history":[{"count":3,"href":"https:\/\/wordpress.nibis.de\/gsgm\/wp-json\/wp\/v2\/pages\/330\/revisions"}],"predecessor-version":[{"id":366,"href":"https:\/\/wordpress.nibis.de\/gsgm\/wp-json\/wp\/v2\/pages\/330\/revisions\/366"}],"wp:attachment":[{"href":"https:\/\/wordpress.nibis.de\/gsgm\/wp-json\/wp\/v2\/media?parent=330"}],"curies":[{"name":"wp","href":"https:\/\/api.w.org\/{rel}","templated":true}]}}