{"id":334,"date":"2025-04-30T17:18:50","date_gmt":"2025-04-30T15:18:50","guid":{"rendered":"https:\/\/wordpress.nibis.de\/gsgm\/?page_id=334"},"modified":"2025-07-29T10:03:52","modified_gmt":"2025-07-29T08:03:52","slug":"lesementoren-lernhelfende","status":"publish","type":"page","link":"https:\/\/wordpress.nibis.de\/gsgm\/lesementoren-lernhelfende\/","title":{"rendered":"Lesementoren &amp; LernhelferInnen"},"content":{"rendered":"\n<p><strong><span style=\"text-decoration: underline\" class=\"underline\">Der Verein&nbsp;<em>MENTOR<\/em> <em>&#8211; Die Leselernhelfer Barsinghausen &#8211; Schaumburg e.V.<\/em><\/span><\/strong><br><em><br><\/em>\u201eKeine Chance ohne Bildung\u201c&nbsp;\u2013 so lautet das Motto des Vereins. Die Lesementorinnen und Lesementoren konzentrieren sich auf Kinder, die Unterst\u00fctzung beim Lesen lernen ben\u00f6tigen.<br><br><strong>Warum gibt es MENTOR e.V.?<\/strong><br>Lesen ist eine tolle Sache, wenn man es richtig kann. Leider lesen Kinder und Jugendliche immer weniger. Dabei f\u00f6rdert Lesen Fantasie und Sprachkompetenz. <br><br><strong>Wie funktioniert es?<\/strong><br>Lesehelferinnen oder Lesehelfer treffen sich einmal pro Woche mit einem Sch\u00fcler\/ einer Sch\u00fclerin zum gemeinsamen Lesen und Sprechen in der Schule. Dabei werden keine p\u00e4dagogischen Kenntnisse vorausgesetzt. Ziel ist es, die Freude am Lesen weiterzugeben. <br><br><strong>Was Sie mitbringen m\u00fcssen? <\/strong><br>Sie sollten lediglich Spa\u00df am Lesen und Freude am Umgang mit Kindern haben. Der Verein k\u00fcmmert sich um alles andere.<br><br>Aktuell sind acht Ehrenamtliche an unserer Schule t\u00e4tig, die Kinder in Einzelbetreuung im Lesen schulen und die Freude am Lesen st\u00e4rken. <br><em>Mentor e.V. <\/em>ist auch f\u00fcr Interessierte offen und bietet regelm\u00e4\u00dfige Schulungen f\u00fcr die ehrenamtliche T\u00e4tigkeit mit den Kindern an.<br><br>Weitere Informationen zur Arbeit des Vereins sowie Kontaktm\u00f6glichkeiten finden Sie auf der <strong>Internetseite<\/strong>: <a href=\"https:\/\/mentor-barsinghausen-schaumburg.de\/\">Home<\/a> .<br><br><br><br><span style=\"text-decoration: underline\" class=\"underline\"><strong>LernhelferInnen<\/strong><\/span><br><br>Wir freuen uns ebenso \u00fcber Erwachsene, die uns dabei unterst\u00fctzen m\u00f6chten, Kinder auch in anderen Lernbereichen (z. B. beim \u00dcben des Einmaleins in Mathe) individuell zu f\u00f6rdern und zu begleiten.  <br><strong>Melden Sie sich bei Interesse gern im Sekretariat unserer Schule.<\/strong><\/p>\n","protected":false},"excerpt":{"rendered":"<p>Der Verein&nbsp;MENTOR &#8211; Die Leselernhelfer Barsinghausen &#8211; Schaumburg e.V.\u201eKeine Chance ohne Bildung\u201c&nbsp;\u2013 so lautet das Motto des Vereins. Die Lesementorinnen und Lesementoren konzentrieren sich auf Kinder, die Unterst\u00fctzung beim Lesen lernen ben\u00f6tigen. Warum gibt es MENTOR e.V.?Lesen ist eine tolle &hellip; <a href=\"https:\/\/wordpress.nibis.de\/gsgm\/lesementoren-lernhelfende\/\">Weiterlesen <span class=\"meta-nav\">&rarr;<\/span><\/a><\/p>\n","protected":false},"author":9194418,"featured_media":0,"parent":0,"menu_order":0,"comment_status":"closed","ping_status":"closed","template":"onecolumn-page.php","meta":{"footnotes":""},"class_list":["post-334","page","type-page","status-publish","hentry"],"_links":{"self":[{"href":"https:\/\/wordpress.nibis.de\/gsgm\/wp-json\/wp\/v2\/pages\/334","targetHints":{"allow":["GET"]}}],"collection":[{"href":"https:\/\/wordpress.nibis.de\/gsgm\/wp-json\/wp\/v2\/pages"}],"about":[{"href":"https:\/\/wordpress.nibis.de\/gsgm\/wp-json\/wp\/v2\/types\/page"}],"author":[{"embeddable":true,"href":"https:\/\/wordpress.nibis.de\/gsgm\/wp-json\/wp\/v2\/users\/9194418"}],"replies":[{"embeddable":true,"href":"https:\/\/wordpress.nibis.de\/gsgm\/wp-json\/wp\/v2\/comments?post=334"}],"version-history":[{"count":10,"href":"https:\/\/wordpress.nibis.de\/gsgm\/wp-json\/wp\/v2\/pages\/334\/revisions"}],"predecessor-version":[{"id":566,"href":"https:\/\/wordpress.nibis.de\/gsgm\/wp-json\/wp\/v2\/pages\/334\/revisions\/566"}],"wp:attachment":[{"href":"https:\/\/wordpress.nibis.de\/gsgm\/wp-json\/wp\/v2\/media?parent=334"}],"curies":[{"name":"wp","href":"https:\/\/api.w.org\/{rel}","templated":true}]}}