{"id":343,"date":"2025-04-30T17:31:59","date_gmt":"2025-04-30T15:31:59","guid":{"rendered":"https:\/\/wordpress.nibis.de\/gsgm\/?page_id=343"},"modified":"2025-06-05T20:20:04","modified_gmt":"2025-06-05T18:20:04","slug":"klassenelternvertretung","status":"publish","type":"page","link":"https:\/\/wordpress.nibis.de\/gsgm\/klassenelternvertretung\/","title":{"rendered":"Klassenelternvertretung"},"content":{"rendered":"\n<p>Die Eltern einer Klassengemeinschaft w\u00e4hlen in Klasse 1 und in Klasse 3 verschiedene SprecherInnen f\u00fcr alle Eltern. Die gew\u00e4hlten Elternvertretungen sind AnsprechpartnerInnen sowohl f\u00fcr alle Eltern als auch f\u00fcr die Lehrkr\u00e4fte. Inhaltlich geht es sowohl um die Gestaltung der Klassengemeinschaft , z.B. Feste, Ausfl\u00fcge oder auch m\u00f6gliche Klassenreisen, um die Weitergabe von Informationen und die Organisation von Veranstaltungen, um die Einladung zu Elternabenden, aber auch um die Vertretung der Elternschaft, wenn es zu unliebsamen Ma\u00dfnahmen nach Konflikten kommen w\u00fcrde. Das passiert nur selten, aber auch hier sind Elternvertretungen gefragt.<\/p>\n\n\n\n<p>Au\u00dferdem werden Elternvertretungen f\u00fcr die Zeugniskonferenzen gew\u00e4hlt. Auch hier sind Eltern beratend t\u00e4tig, allerdings nicht stimmberechtigt. In diesem Bereich ist eine besonders hohe Diskretion wichtig, da dem Datenschutz der einzelnen Kinder entsprochen werden muss. Diese Arbeit ist Vertrauensarbeit.<\/p>\n","protected":false},"excerpt":{"rendered":"<p>Die Eltern einer Klassengemeinschaft w\u00e4hlen in Klasse 1 und in Klasse 3 verschiedene SprecherInnen f\u00fcr alle Eltern. Die gew\u00e4hlten Elternvertretungen sind AnsprechpartnerInnen sowohl f\u00fcr alle Eltern als auch f\u00fcr die Lehrkr\u00e4fte. Inhaltlich geht es sowohl um die Gestaltung der Klassengemeinschaft &hellip; <a href=\"https:\/\/wordpress.nibis.de\/gsgm\/klassenelternvertretung\/\">Weiterlesen <span class=\"meta-nav\">&rarr;<\/span><\/a><\/p>\n","protected":false},"author":9194418,"featured_media":0,"parent":0,"menu_order":0,"comment_status":"closed","ping_status":"closed","template":"onecolumn-page.php","meta":{"footnotes":""},"class_list":["post-343","page","type-page","status-publish","hentry"],"_links":{"self":[{"href":"https:\/\/wordpress.nibis.de\/gsgm\/wp-json\/wp\/v2\/pages\/343","targetHints":{"allow":["GET"]}}],"collection":[{"href":"https:\/\/wordpress.nibis.de\/gsgm\/wp-json\/wp\/v2\/pages"}],"about":[{"href":"https:\/\/wordpress.nibis.de\/gsgm\/wp-json\/wp\/v2\/types\/page"}],"author":[{"embeddable":true,"href":"https:\/\/wordpress.nibis.de\/gsgm\/wp-json\/wp\/v2\/users\/9194418"}],"replies":[{"embeddable":true,"href":"https:\/\/wordpress.nibis.de\/gsgm\/wp-json\/wp\/v2\/comments?post=343"}],"version-history":[{"count":2,"href":"https:\/\/wordpress.nibis.de\/gsgm\/wp-json\/wp\/v2\/pages\/343\/revisions"}],"predecessor-version":[{"id":368,"href":"https:\/\/wordpress.nibis.de\/gsgm\/wp-json\/wp\/v2\/pages\/343\/revisions\/368"}],"wp:attachment":[{"href":"https:\/\/wordpress.nibis.de\/gsgm\/wp-json\/wp\/v2\/media?parent=343"}],"curies":[{"name":"wp","href":"https:\/\/api.w.org\/{rel}","templated":true}]}}