{"id":354,"date":"2025-05-02T13:46:54","date_gmt":"2025-05-02T11:46:54","guid":{"rendered":"https:\/\/wordpress.nibis.de\/gsgm\/?page_id=354"},"modified":"2025-06-05T20:21:54","modified_gmt":"2025-06-05T18:21:54","slug":"gesamtkonferenz","status":"publish","type":"page","link":"https:\/\/wordpress.nibis.de\/gsgm\/gesamtkonferenz\/","title":{"rendered":"Gesamtkonferenz"},"content":{"rendered":"\n<p>Die Gesamtkonferenz besteht aus allen Beteiligten an einer Schule. Hier sind alle Lehrkr\u00e4fte, alle p\u00e4dagogischen MitarbeiterInnen und gew\u00e4hlte Elternvertretungen stimmberechtigt. Beschl\u00fcsse aus den Fachkonferenzen werden hier zur Abstimmung gebracht. Es wird auch \u00fcber die Arbeit des F\u00f6rdervereins berichtet und wesentliche Vorhaben im Schulalltag m\u00fcssen ebenfalls hier vorgestellt und beschlossen werden.<\/p>\n","protected":false},"excerpt":{"rendered":"<p>Die Gesamtkonferenz besteht aus allen Beteiligten an einer Schule. Hier sind alle Lehrkr\u00e4fte, alle p\u00e4dagogischen MitarbeiterInnen und gew\u00e4hlte Elternvertretungen stimmberechtigt. Beschl\u00fcsse aus den Fachkonferenzen werden hier zur Abstimmung gebracht. Es wird auch \u00fcber die Arbeit des F\u00f6rdervereins berichtet und wesentliche &hellip; <a href=\"https:\/\/wordpress.nibis.de\/gsgm\/gesamtkonferenz\/\">Weiterlesen <span class=\"meta-nav\">&rarr;<\/span><\/a><\/p>\n","protected":false},"author":9194418,"featured_media":0,"parent":0,"menu_order":0,"comment_status":"closed","ping_status":"closed","template":"onecolumn-page.php","meta":{"footnotes":""},"class_list":["post-354","page","type-page","status-publish","hentry"],"_links":{"self":[{"href":"https:\/\/wordpress.nibis.de\/gsgm\/wp-json\/wp\/v2\/pages\/354","targetHints":{"allow":["GET"]}}],"collection":[{"href":"https:\/\/wordpress.nibis.de\/gsgm\/wp-json\/wp\/v2\/pages"}],"about":[{"href":"https:\/\/wordpress.nibis.de\/gsgm\/wp-json\/wp\/v2\/types\/page"}],"author":[{"embeddable":true,"href":"https:\/\/wordpress.nibis.de\/gsgm\/wp-json\/wp\/v2\/users\/9194418"}],"replies":[{"embeddable":true,"href":"https:\/\/wordpress.nibis.de\/gsgm\/wp-json\/wp\/v2\/comments?post=354"}],"version-history":[{"count":2,"href":"https:\/\/wordpress.nibis.de\/gsgm\/wp-json\/wp\/v2\/pages\/354\/revisions"}],"predecessor-version":[{"id":375,"href":"https:\/\/wordpress.nibis.de\/gsgm\/wp-json\/wp\/v2\/pages\/354\/revisions\/375"}],"wp:attachment":[{"href":"https:\/\/wordpress.nibis.de\/gsgm\/wp-json\/wp\/v2\/media?parent=354"}],"curies":[{"name":"wp","href":"https:\/\/api.w.org\/{rel}","templated":true}]}}