{"id":356,"date":"2025-05-02T13:47:08","date_gmt":"2025-05-02T11:47:08","guid":{"rendered":"https:\/\/wordpress.nibis.de\/gsgm\/?page_id=356"},"modified":"2025-06-05T20:22:14","modified_gmt":"2025-06-05T18:22:14","slug":"schulvorstand-2","status":"publish","type":"page","link":"https:\/\/wordpress.nibis.de\/gsgm\/schulvorstand-2\/","title":{"rendered":"Schulvorstand"},"content":{"rendered":"\n<p>Der Schulvorstand ist das wichtigste Gremien f\u00fcr Entscheidungen, die die ganze Schule betreffen. Der Vorstand setzt sich aus drei Elternvertretungen, drei Lehrkr\u00e4ften und der Schulleitung zusammen. Hier werden Projekte verabschiedet (z.B. Zirkusprojekt) und auch die Entscheidung f\u00fcr oder gegen die Besetzung einer neuen F\u00fchrungsstelle (z.B. Schulleitung) werden hier entschieden.<\/p>\n\n\n\n<p>Der Schulvorstand entlastet die Schulleitung in jedem Jahr von ihrer finanziellen Verantwortung und pr\u00fcft die Ausgaben.<\/p>\n","protected":false},"excerpt":{"rendered":"<p>Der Schulvorstand ist das wichtigste Gremien f\u00fcr Entscheidungen, die die ganze Schule betreffen. Der Vorstand setzt sich aus drei Elternvertretungen, drei Lehrkr\u00e4ften und der Schulleitung zusammen. Hier werden Projekte verabschiedet (z.B. Zirkusprojekt) und auch die Entscheidung f\u00fcr oder gegen die &hellip; <a href=\"https:\/\/wordpress.nibis.de\/gsgm\/schulvorstand-2\/\">Weiterlesen <span class=\"meta-nav\">&rarr;<\/span><\/a><\/p>\n","protected":false},"author":9194418,"featured_media":0,"parent":0,"menu_order":0,"comment_status":"closed","ping_status":"closed","template":"onecolumn-page.php","meta":{"footnotes":""},"class_list":["post-356","page","type-page","status-publish","hentry"],"_links":{"self":[{"href":"https:\/\/wordpress.nibis.de\/gsgm\/wp-json\/wp\/v2\/pages\/356","targetHints":{"allow":["GET"]}}],"collection":[{"href":"https:\/\/wordpress.nibis.de\/gsgm\/wp-json\/wp\/v2\/pages"}],"about":[{"href":"https:\/\/wordpress.nibis.de\/gsgm\/wp-json\/wp\/v2\/types\/page"}],"author":[{"embeddable":true,"href":"https:\/\/wordpress.nibis.de\/gsgm\/wp-json\/wp\/v2\/users\/9194418"}],"replies":[{"embeddable":true,"href":"https:\/\/wordpress.nibis.de\/gsgm\/wp-json\/wp\/v2\/comments?post=356"}],"version-history":[{"count":2,"href":"https:\/\/wordpress.nibis.de\/gsgm\/wp-json\/wp\/v2\/pages\/356\/revisions"}],"predecessor-version":[{"id":376,"href":"https:\/\/wordpress.nibis.de\/gsgm\/wp-json\/wp\/v2\/pages\/356\/revisions\/376"}],"wp:attachment":[{"href":"https:\/\/wordpress.nibis.de\/gsgm\/wp-json\/wp\/v2\/media?parent=356"}],"curies":[{"name":"wp","href":"https:\/\/api.w.org\/{rel}","templated":true}]}}