{"id":48,"date":"2024-10-08T17:26:38","date_gmt":"2024-10-08T15:26:38","guid":{"rendered":"https:\/\/wordpress.nibis.de\/gsgm\/?page_id=48"},"modified":"2025-07-12T15:50:17","modified_gmt":"2025-07-12T13:50:17","slug":"allgemeines","status":"publish","type":"page","link":"https:\/\/wordpress.nibis.de\/gsgm\/allgemeines\/","title":{"rendered":"Allgemeine Informationen"},"content":{"rendered":"\n<p><\/p>\n\n\n\n<p><strong>Witterungsbedingte Unterrichtsausf\u00e4lle<\/strong><br><br>Im Winter kann es passieren, dass die Schule witterungsbedingt ausfallen muss. Das bedeutet f\u00fcr Sie, dass Sie sich fr\u00fchzeitig \u00fcber das Radio oder im Internet \u00fcber die Lage informieren sollten. Bei angek\u00fcndigtem Unterrichtsausfall findet zwar kein regul\u00e4rer Unterricht statt, aber es gibt eine Notfallbetreuung. Sie als Eltern entscheiden aber auch bei anderen extremen Witterungsbedingungen, ob Sie Ihrem Kind den Schulweg zumuten k\u00f6nnen. <br><br>Wir versuchen, Sie \u00fcber IServ zu informieren, weisen aber darauf hin, dass Sie gut beraten sind, wenn Sie die Nachrichten auf der Verkehrsmeldezentrale (siehe unten) ab 6 Uhr morgens verfolgen.<\/p>\n\n\n\n<p>Alle wichtigen Informationen k\u00f6nnen Sie \u00fcber folgende Internetadresse abrufen:<br><a href=\"https:\/\/www.vmz-niedersachsen.de\/schulausfall\/\">Schulausf\u00e4lle | VMZNDS<\/a><\/p>\n\n\n\n<p>\u201eIst zu erwarten, dass w\u00e4hrend der Unterrichtszeit (wenn die Kinder bereits in der Schule sind) extreme Witterungsverh\u00e4ltnisse auftreten, die eine schwerwiegende Gef\u00e4hrdung der Sch\u00fcler auf dem Heimweg erwarten lassen, so entscheidet die Schulleiterin \u00fcber eine vorzeitige Beendigung des Unterrichts.\u201c <br>Bitte stellen Sie stets sicher, dass Sie f\u00fcr uns im Notfall erreichbar sind.<br><br><strong>Infektionsschutz<\/strong><br><br>In Gemeinschaftseinrichtungen wie Kinderg\u00e4rten oder Schulen befinden sich viele Menschen auf engem Raum. Daher k\u00f6nnen sich hier Infektionskrankheiten besonders leicht ausbreiten. <br>Ausf\u00fchrliche Hinweise zum Infektionsschutz, z. B. \u00fcber meldepflichtige Krankheiten, k\u00f6nnen Sie im Schulplaner (Hausaufgabenheft) Ihres Kindes nachlesen. <br><br><strong>Schulobst<\/strong><br><br>Unsere Schule nimmt an dem &#8222;EU-Schulprogramm Niedersachsen&#8220; teil. <br>Das EU-Schulprogramm unterst\u00fctzt die kostenlose Verteilung von Obst und Gem\u00fcse in der gesamten Europ\u00e4ischen Union.\u00a0Ziel des Programmes ist es, Kinder f\u00fcr eine ausgewogene und gesunde Ern\u00e4hrung zu begeistern.<br>Wir werden einmal pro Woche mit Obst und Gem\u00fcse beliefert. F\u00fcr jede Klasse steht ein Korb mit wechselndem Angebot zur Verf\u00fcgung und soll eine Erg\u00e4nzung zum eigenen Fr\u00fchst\u00fcck darstellen.<br>Weitere Informationen zum EU-Schulprogramm erhalten Sie unter folgendem Link: <br><a href=\"https:\/\/www.schulprogramm.niedersachsen.de\/informationen-fuer-bildungseinrichtungen\/\">Informationen f\u00fcr Bildungseinrichtungen \u2013 EU-Schulprogramm Niedersachsen<\/a><br><br><\/p>\n","protected":false},"excerpt":{"rendered":"<p>Witterungsbedingte Unterrichtsausf\u00e4lle Im Winter kann es passieren, dass die Schule witterungsbedingt ausfallen muss. Das bedeutet f\u00fcr Sie, dass Sie sich fr\u00fchzeitig \u00fcber das Radio oder im Internet \u00fcber die Lage informieren sollten. Bei angek\u00fcndigtem Unterrichtsausfall findet zwar kein regul\u00e4rer Unterricht &hellip; <a href=\"https:\/\/wordpress.nibis.de\/gsgm\/allgemeines\/\">Weiterlesen <span class=\"meta-nav\">&rarr;<\/span><\/a><\/p>\n","protected":false},"author":9194418,"featured_media":0,"parent":0,"menu_order":0,"comment_status":"closed","ping_status":"closed","template":"onecolumn-page.php","meta":{"footnotes":""},"class_list":["post-48","page","type-page","status-publish","hentry"],"_links":{"self":[{"href":"https:\/\/wordpress.nibis.de\/gsgm\/wp-json\/wp\/v2\/pages\/48","targetHints":{"allow":["GET"]}}],"collection":[{"href":"https:\/\/wordpress.nibis.de\/gsgm\/wp-json\/wp\/v2\/pages"}],"about":[{"href":"https:\/\/wordpress.nibis.de\/gsgm\/wp-json\/wp\/v2\/types\/page"}],"author":[{"embeddable":true,"href":"https:\/\/wordpress.nibis.de\/gsgm\/wp-json\/wp\/v2\/users\/9194418"}],"replies":[{"embeddable":true,"href":"https:\/\/wordpress.nibis.de\/gsgm\/wp-json\/wp\/v2\/comments?post=48"}],"version-history":[{"count":13,"href":"https:\/\/wordpress.nibis.de\/gsgm\/wp-json\/wp\/v2\/pages\/48\/revisions"}],"predecessor-version":[{"id":484,"href":"https:\/\/wordpress.nibis.de\/gsgm\/wp-json\/wp\/v2\/pages\/48\/revisions\/484"}],"wp:attachment":[{"href":"https:\/\/wordpress.nibis.de\/gsgm\/wp-json\/wp\/v2\/media?parent=48"}],"curies":[{"name":"wp","href":"https:\/\/api.w.org\/{rel}","templated":true}]}}