{"id":50,"date":"2024-10-08T17:26:57","date_gmt":"2024-10-08T15:26:57","guid":{"rendered":"https:\/\/wordpress.nibis.de\/gsgm\/?page_id=50"},"modified":"2025-08-01T08:06:30","modified_gmt":"2025-08-01T06:06:30","slug":"wir-stellen-uns-vor","status":"publish","type":"page","link":"https:\/\/wordpress.nibis.de\/gsgm\/wir-stellen-uns-vor\/","title":{"rendered":"Die Schule"},"content":{"rendered":"\n<p>Unsere Schule befindet sich in Gro\u00df Munzel und liegt etwa 20 km westlich von Hannover. Zu unserem Einzugsgebiet geh\u00f6ren derzeit folgende Ortsteile:<br>Ostermunzel, Barrigsen, Gro\u00df Munzel, Holtensen und Landringhausen.<br><br>Der Unterricht findet in zwei separaten Schulgeb\u00e4uden statt. Das gro\u00dfz\u00fcgige Au\u00dfengel\u00e4nde &#8211;  das unsere Geb\u00e4ude umgibt &#8211; und der innenliegende Schulhof bieten den Kindern vielf\u00e4ltige Bewegungsm\u00f6glichkeiten und Ruhezonen. <\/p>\n\n\n\n<figure class=\"wp-block-image size-large is-style-tw-frame\"><img loading=\"lazy\" decoding=\"async\" width=\"1024\" height=\"461\" src=\"https:\/\/wordpress.nibis.de\/gsgm\/files\/2025\/07\/20250404_134011-1024x461.jpg\" alt=\"\" class=\"wp-image-521\" srcset=\"https:\/\/wordpress.nibis.de\/gsgm\/files\/2025\/07\/20250404_134011-1024x461.jpg 1024w, https:\/\/wordpress.nibis.de\/gsgm\/files\/2025\/07\/20250404_134011-300x135.jpg 300w, https:\/\/wordpress.nibis.de\/gsgm\/files\/2025\/07\/20250404_134011-768x346.jpg 768w, https:\/\/wordpress.nibis.de\/gsgm\/files\/2025\/07\/20250404_134011-1536x691.jpg 1536w, https:\/\/wordpress.nibis.de\/gsgm\/files\/2025\/07\/20250404_134011-2048x922.jpg 2048w\" sizes=\"auto, (max-width: 1024px) 100vw, 1024px\" \/><\/figure>\n\n\n\n<div class=\"wp-block-group\"><div class=\"wp-block-group__inner-container is-layout-flow wp-block-group-is-layout-flow\">\n<div class=\"wp-block-image is-style-tw-frame\"><figure class=\"aligncenter size-full\"><img loading=\"lazy\" decoding=\"async\" width=\"2560\" height=\"1152\" src=\"https:\/\/wordpress.nibis.de\/gsgm\/files\/2025\/05\/20240829_090730-scaled.jpg\" alt=\"\" class=\"wp-image-397\" srcset=\"https:\/\/wordpress.nibis.de\/gsgm\/files\/2025\/05\/20240829_090730-scaled.jpg 2560w, https:\/\/wordpress.nibis.de\/gsgm\/files\/2025\/05\/20240829_090730-300x135.jpg 300w, https:\/\/wordpress.nibis.de\/gsgm\/files\/2025\/05\/20240829_090730-1024x461.jpg 1024w, https:\/\/wordpress.nibis.de\/gsgm\/files\/2025\/05\/20240829_090730-768x346.jpg 768w, https:\/\/wordpress.nibis.de\/gsgm\/files\/2025\/05\/20240829_090730-1536x691.jpg 1536w, https:\/\/wordpress.nibis.de\/gsgm\/files\/2025\/05\/20240829_090730-2048x922.jpg 2048w\" sizes=\"auto, (max-width: 2560px) 100vw, 2560px\" \/><\/figure><\/div>\n<\/div><\/div>\n\n\n\n<figure class=\"wp-block-image size-large is-resized is-style-tw-frame\"><img loading=\"lazy\" decoding=\"async\" src=\"https:\/\/wordpress.nibis.de\/gsgm\/files\/2025\/07\/20250404_134134-1024x461.jpg\" alt=\"\" class=\"wp-image-520\" width=\"670\" height=\"301\" srcset=\"https:\/\/wordpress.nibis.de\/gsgm\/files\/2025\/07\/20250404_134134-1024x461.jpg 1024w, https:\/\/wordpress.nibis.de\/gsgm\/files\/2025\/07\/20250404_134134-300x135.jpg 300w, https:\/\/wordpress.nibis.de\/gsgm\/files\/2025\/07\/20250404_134134-768x346.jpg 768w, https:\/\/wordpress.nibis.de\/gsgm\/files\/2025\/07\/20250404_134134-1536x691.jpg 1536w, https:\/\/wordpress.nibis.de\/gsgm\/files\/2025\/07\/20250404_134134-2048x922.jpg 2048w\" sizes=\"auto, (max-width: 670px) 100vw, 670px\" \/><\/figure>\n\n\n\n<p><\/p>\n","protected":false},"excerpt":{"rendered":"<p>Unsere Schule befindet sich in Gro\u00df Munzel und liegt etwa 20 km westlich von Hannover. Zu unserem Einzugsgebiet geh\u00f6ren derzeit folgende Ortsteile:Ostermunzel, Barrigsen, Gro\u00df Munzel, Holtensen und Landringhausen. Der Unterricht findet in zwei separaten Schulgeb\u00e4uden statt. Das gro\u00dfz\u00fcgige Au\u00dfengel\u00e4nde &#8211; &hellip; <a href=\"https:\/\/wordpress.nibis.de\/gsgm\/wir-stellen-uns-vor\/\">Weiterlesen <span class=\"meta-nav\">&rarr;<\/span><\/a><\/p>\n","protected":false},"author":9194418,"featured_media":0,"parent":0,"menu_order":0,"comment_status":"closed","ping_status":"closed","template":"onecolumn-page.php","meta":{"footnotes":""},"class_list":["post-50","page","type-page","status-publish","hentry"],"_links":{"self":[{"href":"https:\/\/wordpress.nibis.de\/gsgm\/wp-json\/wp\/v2\/pages\/50","targetHints":{"allow":["GET"]}}],"collection":[{"href":"https:\/\/wordpress.nibis.de\/gsgm\/wp-json\/wp\/v2\/pages"}],"about":[{"href":"https:\/\/wordpress.nibis.de\/gsgm\/wp-json\/wp\/v2\/types\/page"}],"author":[{"embeddable":true,"href":"https:\/\/wordpress.nibis.de\/gsgm\/wp-json\/wp\/v2\/users\/9194418"}],"replies":[{"embeddable":true,"href":"https:\/\/wordpress.nibis.de\/gsgm\/wp-json\/wp\/v2\/comments?post=50"}],"version-history":[{"count":17,"href":"https:\/\/wordpress.nibis.de\/gsgm\/wp-json\/wp\/v2\/pages\/50\/revisions"}],"predecessor-version":[{"id":573,"href":"https:\/\/wordpress.nibis.de\/gsgm\/wp-json\/wp\/v2\/pages\/50\/revisions\/573"}],"wp:attachment":[{"href":"https:\/\/wordpress.nibis.de\/gsgm\/wp-json\/wp\/v2\/media?parent=50"}],"curies":[{"name":"wp","href":"https:\/\/api.w.org\/{rel}","templated":true}]}}