{"id":56,"date":"2024-10-08T17:28:25","date_gmt":"2024-10-08T15:28:25","guid":{"rendered":"https:\/\/wordpress.nibis.de\/gsgm\/?page_id=56"},"modified":"2025-08-14T17:44:54","modified_gmt":"2025-08-14T15:44:54","slug":"kooperationen","status":"publish","type":"page","link":"https:\/\/wordpress.nibis.de\/gsgm\/kooperationen\/","title":{"rendered":"Kooperationen"},"content":{"rendered":"\n<p><br><strong>Kooperationsverbund Begabungsf\u00f6rderung<\/strong><br>Unsere Schule ist Mitglied im Kooperationsverbund &#8222;F\u00f6rderung besonderer Begabungen&#8220;.  Zusammen mit den anderen Barsingh\u00e4user Grundschulen und den weiterf\u00fchrenden Schulen arbeiten wir daran, durch gemeinsame Konzepte sicherzustellen, dass besondere Begabungen von Sch\u00fclerinnen und Sch\u00fclern fr\u00fchzeitig erkannt sowie individuell gef\u00f6rdert werden. <br>Einmal im Jahr findet im Rahmen des Hochbegabtenverbundes Barsinghausen ein \u201eTalentetag\u201c zu einem ausgew\u00e4hlten Thema statt, an dem die Sch\u00fclerinnen und Sch\u00fcler teilnehmen k\u00f6nnen. <br>Weitere Informationen zum Kooperationsverbund finden Sie hier: <a href=\"https:\/\/www.mk.niedersachsen.de\/startseite\/schule\/lehrkrafte_und_nichtlehrendes_personal\/unterricht\/begabungsforderung\/begabungsforderung-6499.html\">Begabungsf\u00f6rderung | Nds. Kultusministerium<\/a> .<br><br><strong>Verein Mentor e.V.<\/strong><br>Unterst\u00fctzung beim individuellen Lesen bietet der Verein <em>Mentor e.V. <\/em>an. Aktuell sind acht Ehrenamtliche an unserer Schule t\u00e4tig, die Kinder in Einzelbetreuung im Lesen schulen und die Freude am Lesen st\u00e4rken. Unsere gut ausgestattete Bibliothek steht ihnen und den Kindern dabei zur Verf\u00fcgung. &#8222;Mentor e.V.&#8220; ist auch f\u00fcr Interessierte offen und bietet regelm\u00e4\u00dfige Schulungen f\u00fcr die ehrenamtliche T\u00e4tigkeit mit den Kindern an. <\/p>\n\n\n\n<p><strong>Projekt zur Energieberatung<\/strong><br>Seit dem Schuljahr 2024\/25 nimmt die Schule an einem Programm zur &#8222;Energieberatung&#8220; mit dem Unternehmen &#8222;e&amp;u energieb\u00fcro&#8220; aus Bielefeld teil &#8211; mit dem Ziel zur Einsparung von Ressourcen unter Einbezug der Kinder, der MitarbeiterInnen, dem Hausmeister und der Geb\u00e4udewirtschaft. Das Beratungskonzept wird von der Stadt Barsinghausen als Tr\u00e4ger finanziert und unterst\u00fctzt.<br><br><strong>TSV Gro\u00df Munzel &amp; Handballverein Barsinghausen<\/strong><br>Die GS kooperiert seit vielen Jahren mit dem TSV Gro\u00df Munzel und dem Handballverein Barsinghausen. So stellt der TSV\/Handballverein zusammen mit der Schule j\u00e4hrlich eine FSJlerin\/einen FSJler f\u00fcr die Ganztagsbetreuung und zur Unterst\u00fctzung im Sport\/beim Schwimmen ein. Je nach Neigung der FreiwilligendienstlerInnen werden entsprechende Bewegungsangebote gemacht (z.B. Schnuppertraining Tennis, M\u00e4dchenfu\u00dfball, Handball, Schwimmunterricht). <\/p>\n\n\n\n<p><strong>Freiwillige Feuerwehr Gro\u00df Munzel<\/strong><br>Die Zusammenarbeit mit der Feuerwehr zieht sich unabh\u00e4ngig von einer festen Kooperation durch das Jahr. J\u00e4hrlich finden Evakuierungs\u00fcbungen unter Leitung der Freiwilligen Feuerwehr Gro\u00df Munzel statt. Viele Kinder sind aktiv in der Kinderfeuerwehr. <\/p>\n\n\n\n<p><strong>LandFrauen<\/strong><br>Im 3. Jahrgang bieten die<em> LandFrauen<\/em> ihre Unterst\u00fctzung im Bereich &#8222;Kochen und gesunde Ern\u00e4hrung&#8220; zus\u00e4tzlich zum Sachunterricht an. <\/p>\n\n\n\n<p><strong>Fuchsbau<\/strong><br>Auf Wunsch arbeiten die h\u00f6heren Jahrg\u00e4nge mit dem Hospizdienst\/dem Fuchsbau zum Thema &#8222;Tod und Sterben&#8220; zusammen. Alle Kinder machen Verlusterfahrungen und die Erfahrung zeigt, dass eine Projektwoche zu diesem Thema Ber\u00fchrungs\u00e4ngste nimmt und Sicherheit gibt.<\/p>\n","protected":false},"excerpt":{"rendered":"<p>Kooperationsverbund Begabungsf\u00f6rderungUnsere Schule ist Mitglied im Kooperationsverbund &#8222;F\u00f6rderung besonderer Begabungen&#8220;. Zusammen mit den anderen Barsingh\u00e4user Grundschulen und den weiterf\u00fchrenden Schulen arbeiten wir daran, durch gemeinsame Konzepte sicherzustellen, dass besondere Begabungen von Sch\u00fclerinnen und Sch\u00fclern fr\u00fchzeitig erkannt sowie individuell gef\u00f6rdert werden. &hellip; <a href=\"https:\/\/wordpress.nibis.de\/gsgm\/kooperationen\/\">Weiterlesen <span class=\"meta-nav\">&rarr;<\/span><\/a><\/p>\n","protected":false},"author":9194418,"featured_media":0,"parent":0,"menu_order":0,"comment_status":"closed","ping_status":"closed","template":"onecolumn-page.php","meta":{"footnotes":""},"class_list":["post-56","page","type-page","status-publish","hentry"],"_links":{"self":[{"href":"https:\/\/wordpress.nibis.de\/gsgm\/wp-json\/wp\/v2\/pages\/56","targetHints":{"allow":["GET"]}}],"collection":[{"href":"https:\/\/wordpress.nibis.de\/gsgm\/wp-json\/wp\/v2\/pages"}],"about":[{"href":"https:\/\/wordpress.nibis.de\/gsgm\/wp-json\/wp\/v2\/types\/page"}],"author":[{"embeddable":true,"href":"https:\/\/wordpress.nibis.de\/gsgm\/wp-json\/wp\/v2\/users\/9194418"}],"replies":[{"embeddable":true,"href":"https:\/\/wordpress.nibis.de\/gsgm\/wp-json\/wp\/v2\/comments?post=56"}],"version-history":[{"count":6,"href":"https:\/\/wordpress.nibis.de\/gsgm\/wp-json\/wp\/v2\/pages\/56\/revisions"}],"predecessor-version":[{"id":639,"href":"https:\/\/wordpress.nibis.de\/gsgm\/wp-json\/wp\/v2\/pages\/56\/revisions\/639"}],"wp:attachment":[{"href":"https:\/\/wordpress.nibis.de\/gsgm\/wp-json\/wp\/v2\/media?parent=56"}],"curies":[{"name":"wp","href":"https:\/\/api.w.org\/{rel}","templated":true}]}}