{"id":74,"date":"2024-10-08T17:35:39","date_gmt":"2024-10-08T15:35:39","guid":{"rendered":"https:\/\/wordpress.nibis.de\/gsgm\/?page_id=74"},"modified":"2025-08-14T16:47:37","modified_gmt":"2025-08-14T14:47:37","slug":"busfahr-und-abholzeiten","status":"publish","type":"page","link":"https:\/\/wordpress.nibis.de\/gsgm\/busfahr-und-abholzeiten\/","title":{"rendered":"Busfahr-\/Abholzeiten"},"content":{"rendered":"\n<p>Sofern die Kinder nicht zu Fu\u00df nach Hause gehen k\u00f6nnen, werden sie von Bussen zur Schule und auch wieder nach Hause bef\u00f6rdert. Sch\u00fclerinnen und Sch\u00fcler aus den Ortschaften Barrigsen und Holtensen werden in einem Taxi-Bus gefahren.<br>Falls Sie Ihr Kind von der Schule abholen, m\u00f6chten wir Sie eindringlich darum bitten, sich an die <strong>vorgegebenen Abholzeiten<\/strong> (in der Tabelle gr\u00fcn markiert) zu halten! <br><br><span style=\"text-decoration: underline\" class=\"underline\">Hinweis:<\/span> Gleichen Sie die hier aufgef\u00fchrten Busfahrzeiten ggf. noch einmal mit den aktuellen Fahrpl\u00e4nen der <a href=\"https:\/\/www.uestra.de\/fahrplan\/auskunft\/\">\u00dcSTRA<\/a> ab. <br><\/p>\n\n\n\n<div data-wp-interactive=\"core\/file\" class=\"wp-block-file\"><object data-wp-bind--hidden=\"!state.hasPdfPreview\" hidden class=\"wp-block-file__embed\" data=\"https:\/\/wordpress.nibis.de\/gsgm\/files\/2025\/08\/Bus-und-Abholzeiten.pdf\" type=\"application\/pdf\" style=\"width:100%;height:600px\" aria-label=\"Einbettung von Einbettung von Bus-und Abholzeiten..\"><\/object><a id=\"wp-block-file--media-47e4a70b-7824-4bdf-8273-1bccbcd4b5d4\" href=\"https:\/\/wordpress.nibis.de\/gsgm\/files\/2025\/08\/Bus-und-Abholzeiten.pdf\">Bus-und Abholzeiten<\/a><a href=\"https:\/\/wordpress.nibis.de\/gsgm\/files\/2025\/08\/Bus-und-Abholzeiten.pdf\" class=\"wp-block-file__button\" download aria-describedby=\"wp-block-file--media-47e4a70b-7824-4bdf-8273-1bccbcd4b5d4\">Herunterladen<\/a><\/div>\n","protected":false},"excerpt":{"rendered":"<p>Sofern die Kinder nicht zu Fu\u00df nach Hause gehen k\u00f6nnen, werden sie von Bussen zur Schule und auch wieder nach Hause bef\u00f6rdert. Sch\u00fclerinnen und Sch\u00fcler aus den Ortschaften Barrigsen und Holtensen werden in einem Taxi-Bus gefahren.Falls Sie Ihr Kind von &hellip; <a href=\"https:\/\/wordpress.nibis.de\/gsgm\/busfahr-und-abholzeiten\/\">Weiterlesen <span class=\"meta-nav\">&rarr;<\/span><\/a><\/p>\n","protected":false},"author":9194418,"featured_media":0,"parent":0,"menu_order":0,"comment_status":"closed","ping_status":"closed","template":"onecolumn-page.php","meta":{"footnotes":""},"class_list":["post-74","page","type-page","status-publish","hentry"],"_links":{"self":[{"href":"https:\/\/wordpress.nibis.de\/gsgm\/wp-json\/wp\/v2\/pages\/74","targetHints":{"allow":["GET"]}}],"collection":[{"href":"https:\/\/wordpress.nibis.de\/gsgm\/wp-json\/wp\/v2\/pages"}],"about":[{"href":"https:\/\/wordpress.nibis.de\/gsgm\/wp-json\/wp\/v2\/types\/page"}],"author":[{"embeddable":true,"href":"https:\/\/wordpress.nibis.de\/gsgm\/wp-json\/wp\/v2\/users\/9194418"}],"replies":[{"embeddable":true,"href":"https:\/\/wordpress.nibis.de\/gsgm\/wp-json\/wp\/v2\/comments?post=74"}],"version-history":[{"count":14,"href":"https:\/\/wordpress.nibis.de\/gsgm\/wp-json\/wp\/v2\/pages\/74\/revisions"}],"predecessor-version":[{"id":635,"href":"https:\/\/wordpress.nibis.de\/gsgm\/wp-json\/wp\/v2\/pages\/74\/revisions\/635"}],"wp:attachment":[{"href":"https:\/\/wordpress.nibis.de\/gsgm\/wp-json\/wp\/v2\/media?parent=74"}],"curies":[{"name":"wp","href":"https:\/\/api.w.org\/{rel}","templated":true}]}}