{"id":11,"date":"2016-05-11T10:46:09","date_gmt":"2016-05-11T08:46:09","guid":{"rendered":"http:\/\/wordpress.nibis.de\/gsgrabst\/?page_id=11"},"modified":"2023-09-18T21:30:12","modified_gmt":"2023-09-18T19:30:12","slug":"schule","status":"publish","type":"page","link":"https:\/\/wordpress.nibis.de\/gsgrabst\/schule\/","title":{"rendered":"Zur geschichtlichen Entwicklung unserer Schule"},"content":{"rendered":"<p>Seit dem 1. November 1903 gab es in Grabstede zwei Schulen. Um diesen Umstand ein Ende zu setzen, wurde im Jahr 1962 in Grabstede der Grundstein f\u00fcr eine neues, gemeinsames Schulgeb\u00e4ude gelegt, das im August des darauffolgenden Jahres bezogen wurde. Unterrichtet wurde in der neuen Volksschule die Klassen 1 &#8211; 8. Der Sportplatz wurde sp\u00e4ter angelegt.<\/p>\n<p>Im Jahre 1965 wurden die Nachbarschulen aufgel\u00f6st. Seitdem kommen auch die Sch\u00fcler und Sch\u00fclerinnen aus Bockhornerfeld, J\u00fchrdenerfeld, Moorwinkelsdamm, Bredehorn und Goelriehenfeld zum Unterricht nach Grabstede. Sp\u00e4ter kam dann noch Osterforde dazu.<\/p>\n<p>Die dringend notwendige Turnhalle wurde erst wesentlich sp\u00e4ter als das Schulgeb\u00e4ude gebaut und im Juni 1975 eingeweiht. Noch heute wird sie f\u00fcr den Schul- und Vereinssport und durch den Kindergarten intensiv genutzt.<\/p>\n<p>Mit der Einf\u00fchrung der Grundschule als Schulform im Jahre 1968 wurde aus der Volksschule Grabstede sukzessiv die Grundschule Grabstede.<\/p>\n<p>Seit dem 01. August 2000 ist die Grundschule Grabstede eine verl\u00e4ssliche Grundschule. Die Verl\u00e4sslichkeit zeichnet sich durch die t\u00e4gliche, verl\u00e4ssliche Betreuung der Sch\u00fclerinnen bis 12.40 Uhr aus. Gew\u00e4hrleistet wird das durch unsere p\u00e4dagogischen Mitarbeiterinnen. Mittlerweile bietet die Schule auch eine Fr\u00fchbetreuung von 7.00 Uhr bis 8.00 Uhr an, die \u00fcber die Gemeinde Bockhorn organisiert wird.<\/p>\n<p>Zurzeit besuchen ca. 80 Sch\u00fcler und Sch\u00fclerinnen die Grundschule Grabstede.<\/p>\n<p>Unsere Schule ist gepr\u00e4gt von der d\u00f6rflichen Einheit und l\u00e4ndlichen Umgebung.<\/p>\n<p>\u00a0<\/p>\n<h2><strong><em>Unterrichts-<\/em><em>und Pausenzeiten<\/em><\/strong><\/h2>\n<table style=\"border-collapse: collapse;width: 102.932%;height: 272px\">\n<tbody>\n<tr style=\"height: 32px\">\n<td style=\"width: 31.962%;height: 32px\">7:00 &#8211; 7:55<\/td>\n<td style=\"width: 70.9696%;height: 32px\">Fr\u00fchbetreuung Angebot der Gemeinde (kostenpflichtig)<\/td>\n<\/tr>\n<tr>\n<td style=\"width: 31.962%\">ab 7:40<\/td>\n<td style=\"width: 70.9696%\">\u00d6ffnung der Schule, Aufsicht durch Lehrkraft<\/td>\n<\/tr>\n<tr style=\"height: 32px\">\n<td style=\"width: 31.962%;height: 32px\">8:05 &#8211; 8:50<\/td>\n<td style=\"width: 70.9696%;height: 32px\">1te Stunde<\/td>\n<\/tr>\n<tr style=\"height: 32px\">\n<td style=\"width: 31.962%;height: 32px\">8:55 &#8211; 9:40<\/td>\n<td style=\"width: 70.9696%;height: 32px\">2te Stunde<\/td>\n<\/tr>\n<tr style=\"height: 32px\">\n<td style=\"width: 31.962%;height: 32px\">9:40 &#8211; 10:05<\/td>\n<td style=\"width: 70.9696%;height: 32px\">Hofpause<\/td>\n<\/tr>\n<tr style=\"height: 32px\">\n<td style=\"width: 31.962%;height: 32px\">10:05 &#8211; 10:50<\/td>\n<td style=\"width: 70.9696%;height: 32px\">3te Stunde<\/td>\n<\/tr>\n<tr style=\"height: 32px\">\n<td style=\"width: 31.962%;height: 32px\">10.55 &#8211; 11.40<\/td>\n<td style=\"width: 70.9696%;height: 32px\">4te Stunde<\/td>\n<\/tr>\n<tr style=\"height: 38px\">\n<td style=\"width: 31.962%;height: 38px\">11:40 &#8211; 11:55<\/td>\n<td style=\"width: 70.9696%;height: 38px\">Hofpause<\/td>\n<\/tr>\n<tr>\n<td style=\"width: 31.962%\">11.55 &#8211; 12.40<\/td>\n<td style=\"width: 70.9696%\">5te Stunde\u00a0 \u00a0(Betreuungszeit f\u00fcr Klasse 1 und 2)<\/td>\n<\/tr>\n<tr style=\"height: 32px\">\n<td style=\"width: 31.962%;height: 32px\">12:45 &#8211; 13:30<\/td>\n<td style=\"width: 70.9696%;height: 32px\">6te Stunde<\/td>\n<\/tr>\n<tr>\n<td style=\"width: 31.962%\">bis 15:00<\/td>\n<td style=\"width: 70.9696%\">Ganztag (Dienstag-Donnerstag)<\/td>\n<\/tr>\n<\/tbody>\n<\/table>\n\n","protected":false},"excerpt":{"rendered":"<p>Seit dem 1. November 1903 gab es in Grabstede zwei Schulen. Um diesen Umstand ein Ende zu setzen, wurde im Jahr 1962 in Grabstede der Grundstein f\u00fcr eine neues, gemeinsames Schulgeb\u00e4ude gelegt, das im August des darauffolgenden Jahres bezogen wurde. &hellip; <a href=\"https:\/\/wordpress.nibis.de\/gsgrabst\/schule\/\">Weiterlesen <span class=\"meta-nav\">&rarr;<\/span><\/a><\/p>\n","protected":false},"author":885,"featured_media":0,"parent":0,"menu_order":0,"comment_status":"closed","ping_status":"closed","template":"","meta":{"footnotes":""},"class_list":["post-11","page","type-page","status-publish","hentry"],"_links":{"self":[{"href":"https:\/\/wordpress.nibis.de\/gsgrabst\/wp-json\/wp\/v2\/pages\/11","targetHints":{"allow":["GET"]}}],"collection":[{"href":"https:\/\/wordpress.nibis.de\/gsgrabst\/wp-json\/wp\/v2\/pages"}],"about":[{"href":"https:\/\/wordpress.nibis.de\/gsgrabst\/wp-json\/wp\/v2\/types\/page"}],"author":[{"embeddable":true,"href":"https:\/\/wordpress.nibis.de\/gsgrabst\/wp-json\/wp\/v2\/users\/885"}],"replies":[{"embeddable":true,"href":"https:\/\/wordpress.nibis.de\/gsgrabst\/wp-json\/wp\/v2\/comments?post=11"}],"version-history":[{"count":8,"href":"https:\/\/wordpress.nibis.de\/gsgrabst\/wp-json\/wp\/v2\/pages\/11\/revisions"}],"predecessor-version":[{"id":497,"href":"https:\/\/wordpress.nibis.de\/gsgrabst\/wp-json\/wp\/v2\/pages\/11\/revisions\/497"}],"wp:attachment":[{"href":"https:\/\/wordpress.nibis.de\/gsgrabst\/wp-json\/wp\/v2\/media?parent=11"}],"curies":[{"name":"wp","href":"https:\/\/api.w.org\/{rel}","templated":true}]}}