{"id":14,"date":"2016-05-11T10:45:52","date_gmt":"2016-05-11T08:45:52","guid":{"rendered":"http:\/\/wordpress.nibis.de\/gsgrabst\/?page_id=14"},"modified":"2024-04-12T08:10:47","modified_gmt":"2024-04-12T06:10:47","slug":"kontakt","status":"publish","type":"page","link":"https:\/\/wordpress.nibis.de\/gsgrabst\/kontakt\/","title":{"rendered":"Kontakt"},"content":{"rendered":"<hr>\n<p><strong>Anschrift<\/strong><\/p>\n<div>Grundschule Grabstede<\/div>\n<div>Achterlandsweg 4<\/div>\n<div>26345 Bockhorn<\/div>\n<div>Telefon: 04452 &#8211; 471 (Anrufbeantworter)<\/div>\n<div>Fax: 04452 &#8211; 70 83 91<\/div>\n<div>Email: &#x67;&#115;&#x2e;&#x67;&#114;&#x61;&#x62;&#115;&#x74;&#x65;&#100;&#x65;&#x40;e&#x77;&#x65;t&#x65;&#108;&#46;&#x6e;&#101;t<\/div>\n<div>&nbsp;<\/div>\n<hr>\n<p><strong>Schulleitung<\/strong><\/p>\n<p>Ann D\u00f6bler<\/p>\n<hr>\n<p><strong>Sekretariat<\/strong><\/p>\n<p>Frau L\u00fcbben<\/p>\n<hr>\n<p><strong>\u00d6ffnungszeiten des Sekretariats<\/strong><\/p>\n<div>Montag:&nbsp; &nbsp; &nbsp; &nbsp; &nbsp; 7.30 &#8211; 12.00 Uhr<\/div>\n<div>Dienstag:&nbsp; &nbsp; &nbsp; &nbsp; geschlossen<\/div>\n<div>Mittwoch: &nbsp; &nbsp; &nbsp; &nbsp;7.30 &#8211; 12.00 Uhr<\/div>\n<div>Donnerstag:&nbsp; &nbsp;7.30 &#8211; 12.00 Uhr<\/div>\n<div>Freitag:&nbsp; &nbsp; &nbsp; &nbsp; &nbsp; &nbsp;geschlossen<\/div>\n<div>&nbsp;<\/div>\n<hr>\n\n\n<p><strong>AnmeldungIserv<\/strong><\/p>\n\n\n","protected":false},"excerpt":{"rendered":"<p>Anschrift Grundschule Grabstede Achterlandsweg 4 26345 Bockhorn Telefon: 04452 &#8211; 471 (Anrufbeantworter) Fax: 04452 &#8211; 70 83 91 Email: &#103;&#x73;&#46;&#x67;&#114;&#x61;&#98;&#x73;t&#x65;d&#x65;&#64;&#x65;w&#101;&#x74;&#101;&#x6c;&#46;&#x6e;&#101;&#x74; &nbsp; Schulleitung Ann D\u00f6bler Sekretariat Frau L\u00fcbben \u00d6ffnungszeiten des Sekretariats Montag:&nbsp; &nbsp; &nbsp; &nbsp; &nbsp; 7.30 &#8211; 12.00 Uhr Dienstag:&nbsp; &hellip; <a href=\"https:\/\/wordpress.nibis.de\/gsgrabst\/kontakt\/\">Weiterlesen <span class=\"meta-nav\">&rarr;<\/span><\/a><\/p>\n","protected":false},"author":885,"featured_media":0,"parent":0,"menu_order":0,"comment_status":"closed","ping_status":"closed","template":"","meta":{"footnotes":""},"class_list":["post-14","page","type-page","status-publish","hentry"],"_links":{"self":[{"href":"https:\/\/wordpress.nibis.de\/gsgrabst\/wp-json\/wp\/v2\/pages\/14","targetHints":{"allow":["GET"]}}],"collection":[{"href":"https:\/\/wordpress.nibis.de\/gsgrabst\/wp-json\/wp\/v2\/pages"}],"about":[{"href":"https:\/\/wordpress.nibis.de\/gsgrabst\/wp-json\/wp\/v2\/types\/page"}],"author":[{"embeddable":true,"href":"https:\/\/wordpress.nibis.de\/gsgrabst\/wp-json\/wp\/v2\/users\/885"}],"replies":[{"embeddable":true,"href":"https:\/\/wordpress.nibis.de\/gsgrabst\/wp-json\/wp\/v2\/comments?post=14"}],"version-history":[{"count":17,"href":"https:\/\/wordpress.nibis.de\/gsgrabst\/wp-json\/wp\/v2\/pages\/14\/revisions"}],"predecessor-version":[{"id":608,"href":"https:\/\/wordpress.nibis.de\/gsgrabst\/wp-json\/wp\/v2\/pages\/14\/revisions\/608"}],"wp:attachment":[{"href":"https:\/\/wordpress.nibis.de\/gsgrabst\/wp-json\/wp\/v2\/media?parent=14"}],"curies":[{"name":"wp","href":"https:\/\/api.w.org\/{rel}","templated":true}]}}