{"id":180,"date":"2017-03-19T21:27:37","date_gmt":"2017-03-19T20:27:37","guid":{"rendered":"http:\/\/wordpress.nibis.de\/gsgrabst\/?page_id=180"},"modified":"2024-01-31T08:57:26","modified_gmt":"2024-01-31T07:57:26","slug":"umweltschule","status":"publish","type":"page","link":"https:\/\/wordpress.nibis.de\/gsgrabst\/umweltschule\/","title":{"rendered":"Umweltschule"},"content":{"rendered":"\n<p>Wir haben uns f\u00fcr das Projekt Umweltschule in Europa Projektzeitraum 2015 &#8211; 2017&nbsp; beworben und machen uns damit auf dem Weg zur Umweltschule.<\/p>\n\n\n\n<p>Innerhalb dieses Projektes wird das Ziel verfolgt, innerhalb eines bestimmten Zeitraumes konkrete Ma\u00dfnahmen zu erarbeiten und umzusetzen, die das umweltgerechten Verhalten sensibilisieren und f\u00f6rdern sollen (siehe Umweltschule in Europa &#8211; Nieders\u00e4chsische Landesschulbeh\u00f6rde).<\/p>\n\n\n\n<p>Link:&nbsp;<a href=\"https:\/\/www.landesschulbehoerde-niedersachsen.de\/bu\/schulen\/schulentwicklung\/bne\/umweltschule\" target=\"_blank\" rel=\"noopener\">https:\/\/www.landesschulbehoerde-niedersachsen.de\/bu\/schulen\/schulentwicklung\/bne\/umweltschule<\/a><\/p>\n\n\n\n<p>Die innerhalb dieses Projektes zu bearbeiteten Handlungsfelder umfassen folgende Themenbereiche:<\/p>\n\n\n\n<ol class=\"wp-block-list\"><li>M\u00fcll &#8211; Trennung &#8211; Entsorgung &#8211; Vermeidung<\/li><li>Wasser &#8211; Ressource &#8211; Umgang<\/li><\/ol>\n\n\n\n<p>Datei:&nbsp;<a href=\"http:\/\/wordpress.nibis.de\/gsgrabst\/files\/2017\/03\/Pr\u00e4sentation-Umweltschule.pdf\">Pr\u00e4sentation Umweltschule<\/a><\/p>\n\n\n\n<p>Weitere regelm\u00e4\u00dfige Projekte k\u00f6nnen hier eingesehen werden:<\/p>\n\n\n\n<p><strong>1. Draussenschule<\/strong><\/p>\n\n\n\n<div class=\"wp-block-image\"><figure class=\"alignright size-full is-resized\"><a href=\"https:\/\/wordpress.nibis.de\/gsgrabst\/files\/2024\/01\/Gewaesserforscher.png\"><img loading=\"lazy\" decoding=\"async\" src=\"https:\/\/wordpress.nibis.de\/gsgrabst\/files\/2024\/01\/Gewaesserforscher.png\" alt=\"\" class=\"wp-image-569\" width=\"158\" height=\"155\" \/><\/a><figcaption>Gew\u00e4sserforscher<\/figcaption><\/figure><\/div>\n\n\n\n<div class=\"wp-block-image\"><figure class=\"alignleft size-full is-resized\"><a href=\"https:\/\/wordpress.nibis.de\/gsgrabst\/files\/2024\/01\/Altes-Schwimmbad.png\"><img loading=\"lazy\" decoding=\"async\" src=\"https:\/\/wordpress.nibis.de\/gsgrabst\/files\/2024\/01\/Altes-Schwimmbad.png\" alt=\"\" class=\"wp-image-566\" width=\"169\" height=\"155\" \/><\/a><figcaption>altes Schwimmbad<\/figcaption><\/figure><\/div>\n\n\n\n<div class=\"wp-block-image\"><figure class=\"aligncenter size-full\"><a href=\"https:\/\/wordpress.nibis.de\/gsgrabst\/files\/2024\/01\/Bodenbild-Baum.png\"><img loading=\"lazy\" decoding=\"async\" width=\"128\" height=\"128\" src=\"https:\/\/wordpress.nibis.de\/gsgrabst\/files\/2024\/01\/Bodenbild-Baum.png\" alt=\"\" class=\"wp-image-568\" \/><\/a><figcaption>Bodenbild<\/figcaption><\/figure><\/div>\n\n\n\n<div class=\"wp-block-group\"><div class=\"wp-block-group__inner-container is-layout-flow wp-block-group-is-layout-flow\"><\/div><\/div>\n\n\n\n<p>An einem Tag in der Woche verbringen die Sch\u00fclerInnen 3 Schulstunden auf unserem Au\u00dfengel\u00e4nde (altes Schwimmbad). Die Klasse startet in der Pause und begibt sich gemeinsam mit Frau Str\u00f6\u00dfner und einer Waldp\u00e4dagogin zu Fu\u00df zum Drau\u00dfengel\u00e4nde. Dieses Projekt findet \u00fcber ein Jahr statt, damit alle vier Jahreszeiten dort erlebt werden k\u00f6nnen. Wir starten im 2ten Schulhalbjahr (Februar) mit Klasse 2 und enden im ersten Halbjahr des Jahrganges 3 (Sommerferien).<\/p>\n\n\n\n<p><strong>2. Nistkastenbau<\/strong><\/p>\n\n\n\n<figure class=\"wp-block-image\"><a href=\"http:\/\/wordpress.nibis.de\/gsgrabst\/files\/2017\/03\/DSC_0043-e1491771374191.jpg\"><img loading=\"lazy\" decoding=\"async\" width=\"150\" height=\"150\" src=\"http:\/\/wordpress.nibis.de\/gsgrabst\/files\/2017\/03\/DSC_0043-e1491771374191-150x150.jpg\" alt=\"\" class=\"wp-image-378\" \/><\/a><\/figure>\n\n\n\n<figure class=\"wp-block-image\"><a href=\"http:\/\/wordpress.nibis.de\/gsgrabst\/files\/2017\/03\/DSC_0041.jpg\"><img loading=\"lazy\" decoding=\"async\" width=\"150\" height=\"150\" src=\"http:\/\/wordpress.nibis.de\/gsgrabst\/files\/2017\/03\/DSC_0041-150x150.jpg\" alt=\"\" class=\"wp-image-377\" \/><\/a><\/figure>\n\n\n\n<figure class=\"wp-block-image\"><a href=\"http:\/\/wordpress.nibis.de\/gsgrabst\/files\/2017\/03\/DSC_0036.jpg\"><img loading=\"lazy\" decoding=\"async\" width=\"150\" height=\"150\" src=\"http:\/\/wordpress.nibis.de\/gsgrabst\/files\/2017\/03\/DSC_0036-150x150.jpg\" alt=\"\" class=\"wp-image-376\" \/><\/a><\/figure>\n\n\n\n<p><strong>3. Obstwiese<\/strong><\/p>\n\n\n\n<p>Auf dem Dorfplatz in Grabstede haben wir mit den Sch\u00fclerinnen Obstb\u00e4ume gepflanzt und&nbsp; eine Blumenwiese angelegt. In regelm\u00e4\u00dfigen Abst\u00e4nden besuchen die Sch\u00fclerInnen die Obstwiese und schauen nach dem Rechten. Im Fr\u00fchjahr wurde unter sachkundiger Anleitung der R\u00fcckschnitt der B\u00e4ume vorgenommen und erkl\u00e4rt. W\u00e4hrend der l\u00e4ngeren Trockenperiode im Sommer mussten die B\u00e4ume gew\u00e4ssert werden&#8230;&#8230;.<\/p>\n\n\n\n<figure class=\"wp-block-image size-large\"><a href=\"https:\/\/wordpress.nibis.de\/gsgrabst\/files\/2024\/01\/Streuobstwiese-Ueberblick-scaled.jpg\"><img loading=\"lazy\" decoding=\"async\" width=\"1024\" height=\"498\" src=\"https:\/\/wordpress.nibis.de\/gsgrabst\/files\/2024\/01\/Streuobstwiese-Ueberblick-1024x498.jpg\" alt=\"\" class=\"wp-image-570\" srcset=\"https:\/\/wordpress.nibis.de\/gsgrabst\/files\/2024\/01\/Streuobstwiese-Ueberblick-1024x498.jpg 1024w, https:\/\/wordpress.nibis.de\/gsgrabst\/files\/2024\/01\/Streuobstwiese-Ueberblick-300x146.jpg 300w, https:\/\/wordpress.nibis.de\/gsgrabst\/files\/2024\/01\/Streuobstwiese-Ueberblick-768x373.jpg 768w, https:\/\/wordpress.nibis.de\/gsgrabst\/files\/2024\/01\/Streuobstwiese-Ueberblick-1536x747.jpg 1536w, https:\/\/wordpress.nibis.de\/gsgrabst\/files\/2024\/01\/Streuobstwiese-Ueberblick-2048x996.jpg 2048w, https:\/\/wordpress.nibis.de\/gsgrabst\/files\/2024\/01\/Streuobstwiese-Ueberblick-500x243.jpg 500w\" sizes=\"auto, (max-width: 1024px) 100vw, 1024px\" \/><\/a><\/figure>\n\n\n\n<p><strong>4.&nbsp;<\/strong><strong>Schulgarten<\/strong><\/p>\n\n\n\n<figure class=\"wp-block-image\"><a href=\"http:\/\/wordpress.nibis.de\/gsgrabst\/files\/2017\/03\/IMG_2309.jpg\"><img loading=\"lazy\" decoding=\"async\" width=\"150\" height=\"150\" src=\"http:\/\/wordpress.nibis.de\/gsgrabst\/files\/2017\/03\/IMG_2309-150x150.jpg\" alt=\"\" class=\"wp-image-413\" \/><\/a><\/figure>\n\n\n\n<figure class=\"wp-block-image\"><a href=\"http:\/\/wordpress.nibis.de\/gsgrabst\/files\/2017\/03\/IMG_2311.jpg\"><img loading=\"lazy\" decoding=\"async\" width=\"150\" height=\"150\" src=\"http:\/\/wordpress.nibis.de\/gsgrabst\/files\/2017\/03\/IMG_2311-150x150.jpg\" alt=\"\" class=\"wp-image-414\" \/><\/a><\/figure>\n\n\n\n<figure class=\"wp-block-image\"><a href=\"http:\/\/wordpress.nibis.de\/gsgrabst\/files\/2017\/03\/IMG_2315.jpg\"><img loading=\"lazy\" decoding=\"async\" width=\"150\" height=\"150\" src=\"http:\/\/wordpress.nibis.de\/gsgrabst\/files\/2017\/03\/IMG_2315-150x150.jpg\" alt=\"\" class=\"wp-image-415\" \/><\/a><\/figure>\n\n\n\n<figure class=\"wp-block-image\"><a href=\"http:\/\/wordpress.nibis.de\/gsgrabst\/files\/2017\/03\/IMG_2323.jpg\"><img loading=\"lazy\" decoding=\"async\" width=\"150\" height=\"150\" src=\"http:\/\/wordpress.nibis.de\/gsgrabst\/files\/2017\/03\/IMG_2323-150x150.jpg\" alt=\"\" class=\"wp-image-419\" \/><\/a><\/figure>\n\n\n\n<figure class=\"wp-block-image\"><a href=\"http:\/\/wordpress.nibis.de\/gsgrabst\/files\/2017\/03\/IMG_2327.jpg\"><img loading=\"lazy\" decoding=\"async\" width=\"150\" height=\"150\" src=\"http:\/\/wordpress.nibis.de\/gsgrabst\/files\/2017\/03\/IMG_2327-150x150.jpg\" alt=\"\" class=\"wp-image-420\" \/><\/a><\/figure>\n","protected":false},"excerpt":{"rendered":"<p>Wir haben uns f\u00fcr das Projekt Umweltschule in Europa Projektzeitraum 2015 &#8211; 2017&nbsp; beworben und machen uns damit auf dem Weg zur Umweltschule. Innerhalb dieses Projektes wird das Ziel verfolgt, innerhalb eines bestimmten Zeitraumes konkrete Ma\u00dfnahmen zu erarbeiten und umzusetzen, &hellip; <a href=\"https:\/\/wordpress.nibis.de\/gsgrabst\/umweltschule\/\">Weiterlesen <span class=\"meta-nav\">&rarr;<\/span><\/a><\/p>\n","protected":false},"author":885,"featured_media":0,"parent":0,"menu_order":0,"comment_status":"closed","ping_status":"closed","template":"","meta":{"footnotes":""},"class_list":["post-180","page","type-page","status-publish","hentry"],"_links":{"self":[{"href":"https:\/\/wordpress.nibis.de\/gsgrabst\/wp-json\/wp\/v2\/pages\/180","targetHints":{"allow":["GET"]}}],"collection":[{"href":"https:\/\/wordpress.nibis.de\/gsgrabst\/wp-json\/wp\/v2\/pages"}],"about":[{"href":"https:\/\/wordpress.nibis.de\/gsgrabst\/wp-json\/wp\/v2\/types\/page"}],"author":[{"embeddable":true,"href":"https:\/\/wordpress.nibis.de\/gsgrabst\/wp-json\/wp\/v2\/users\/885"}],"replies":[{"embeddable":true,"href":"https:\/\/wordpress.nibis.de\/gsgrabst\/wp-json\/wp\/v2\/comments?post=180"}],"version-history":[{"count":20,"href":"https:\/\/wordpress.nibis.de\/gsgrabst\/wp-json\/wp\/v2\/pages\/180\/revisions"}],"predecessor-version":[{"id":571,"href":"https:\/\/wordpress.nibis.de\/gsgrabst\/wp-json\/wp\/v2\/pages\/180\/revisions\/571"}],"wp:attachment":[{"href":"https:\/\/wordpress.nibis.de\/gsgrabst\/wp-json\/wp\/v2\/media?parent=180"}],"curies":[{"name":"wp","href":"https:\/\/api.w.org\/{rel}","templated":true}]}}