{"id":195,"date":"2017-03-19T22:24:29","date_gmt":"2017-03-19T21:24:29","guid":{"rendered":"http:\/\/wordpress.nibis.de\/gsgrabst\/?page_id=195"},"modified":"2017-03-28T21:46:31","modified_gmt":"2017-03-28T19:46:31","slug":"schuelervertretung","status":"publish","type":"page","link":"https:\/\/wordpress.nibis.de\/gsgrabst\/schuelervertretung\/","title":{"rendered":"Sch\u00fclervertretung"},"content":{"rendered":"<p>Um das Verst\u00e4ndnis f\u00fcr demokratische Verhaltensweisen und Prozesse zu entwickeln und zu festigen w\u00e4hlen wir in allen Klassen Klassensprecher und Klassensprecherinnen.<\/p>\n<p>Diese nehmen dann in regelm\u00e4\u00dfigen Abst\u00e4nden an den sogenannten SV-Sitzungen teil.<\/p>\n<p>Hier lernen die Sch\u00fclerinnen und Sch\u00fcler ihre Klasse zu vertreten und k\u00f6nnen im Interesse der Schulgemeinschaft Vorschl\u00e4ge einbringen und gemeinsam nach L\u00f6sungen suchen.<\/p>\n<p>Zum Rat geh\u00f6ren alle Klassensprecherinnen und Klassensprecher der Klassen 1 &#8211; 4.<\/p>\n","protected":false},"excerpt":{"rendered":"<p>Um das Verst\u00e4ndnis f\u00fcr demokratische Verhaltensweisen und Prozesse zu entwickeln und zu festigen w\u00e4hlen wir in allen Klassen Klassensprecher und Klassensprecherinnen. Diese nehmen dann in regelm\u00e4\u00dfigen Abst\u00e4nden an den sogenannten SV-Sitzungen teil. Hier lernen die Sch\u00fclerinnen und Sch\u00fcler ihre Klasse &hellip; <a href=\"https:\/\/wordpress.nibis.de\/gsgrabst\/schuelervertretung\/\">Weiterlesen <span class=\"meta-nav\">&rarr;<\/span><\/a><\/p>\n","protected":false},"author":885,"featured_media":0,"parent":0,"menu_order":0,"comment_status":"closed","ping_status":"closed","template":"","meta":{"footnotes":""},"class_list":["post-195","page","type-page","status-publish","hentry"],"_links":{"self":[{"href":"https:\/\/wordpress.nibis.de\/gsgrabst\/wp-json\/wp\/v2\/pages\/195","targetHints":{"allow":["GET"]}}],"collection":[{"href":"https:\/\/wordpress.nibis.de\/gsgrabst\/wp-json\/wp\/v2\/pages"}],"about":[{"href":"https:\/\/wordpress.nibis.de\/gsgrabst\/wp-json\/wp\/v2\/types\/page"}],"author":[{"embeddable":true,"href":"https:\/\/wordpress.nibis.de\/gsgrabst\/wp-json\/wp\/v2\/users\/885"}],"replies":[{"embeddable":true,"href":"https:\/\/wordpress.nibis.de\/gsgrabst\/wp-json\/wp\/v2\/comments?post=195"}],"version-history":[{"count":5,"href":"https:\/\/wordpress.nibis.de\/gsgrabst\/wp-json\/wp\/v2\/pages\/195\/revisions"}],"predecessor-version":[{"id":284,"href":"https:\/\/wordpress.nibis.de\/gsgrabst\/wp-json\/wp\/v2\/pages\/195\/revisions\/284"}],"wp:attachment":[{"href":"https:\/\/wordpress.nibis.de\/gsgrabst\/wp-json\/wp\/v2\/media?parent=195"}],"curies":[{"name":"wp","href":"https:\/\/api.w.org\/{rel}","templated":true}]}}