{"id":199,"date":"2017-03-19T22:25:46","date_gmt":"2017-03-19T21:25:46","guid":{"rendered":"http:\/\/wordpress.nibis.de\/gsgrabst\/?page_id=199"},"modified":"2024-01-31T09:08:21","modified_gmt":"2024-01-31T08:08:21","slug":"sportfoerderunterricht","status":"publish","type":"page","link":"https:\/\/wordpress.nibis.de\/gsgrabst\/sportfoerderunterricht\/","title":{"rendered":"Sportf\u00f6rderunterricht"},"content":{"rendered":"<p>\u201eF\u00f6rdern durch Bewegung\u201c wird zus\u00e4tzlich zum Sportunterricht mit 1 Wochenstunde f\u00fcr Klasse 1 und einer Wochenstunde f\u00fcr Klasse 2 erteilt.<br \/>F\u00fcr Sch\u00fcler, die im Einvernehmen mit den Erziehungsberechtigten ausgew\u00e4hlt werden, ist die Teilnahme f\u00fcr ein Schulhalbjahr vorgesehen.<\/p>\n<p>Ort: Sporthalle. Sportkleidung wird ben\u00f6tigt.<\/p>\n\n","protected":false},"excerpt":{"rendered":"<p>\u201eF\u00f6rdern durch Bewegung\u201c wird zus\u00e4tzlich zum Sportunterricht mit 1 Wochenstunde f\u00fcr Klasse 1 und einer Wochenstunde f\u00fcr Klasse 2 erteilt.F\u00fcr Sch\u00fcler, die im Einvernehmen mit den Erziehungsberechtigten ausgew\u00e4hlt werden, ist die Teilnahme f\u00fcr ein Schulhalbjahr vorgesehen. Ort: Sporthalle. Sportkleidung wird &hellip; <a href=\"https:\/\/wordpress.nibis.de\/gsgrabst\/sportfoerderunterricht\/\">Weiterlesen <span class=\"meta-nav\">&rarr;<\/span><\/a><\/p>\n","protected":false},"author":885,"featured_media":0,"parent":0,"menu_order":0,"comment_status":"closed","ping_status":"closed","template":"","meta":{"footnotes":""},"class_list":["post-199","page","type-page","status-publish","hentry"],"_links":{"self":[{"href":"https:\/\/wordpress.nibis.de\/gsgrabst\/wp-json\/wp\/v2\/pages\/199","targetHints":{"allow":["GET"]}}],"collection":[{"href":"https:\/\/wordpress.nibis.de\/gsgrabst\/wp-json\/wp\/v2\/pages"}],"about":[{"href":"https:\/\/wordpress.nibis.de\/gsgrabst\/wp-json\/wp\/v2\/types\/page"}],"author":[{"embeddable":true,"href":"https:\/\/wordpress.nibis.de\/gsgrabst\/wp-json\/wp\/v2\/users\/885"}],"replies":[{"embeddable":true,"href":"https:\/\/wordpress.nibis.de\/gsgrabst\/wp-json\/wp\/v2\/comments?post=199"}],"version-history":[{"count":5,"href":"https:\/\/wordpress.nibis.de\/gsgrabst\/wp-json\/wp\/v2\/pages\/199\/revisions"}],"predecessor-version":[{"id":579,"href":"https:\/\/wordpress.nibis.de\/gsgrabst\/wp-json\/wp\/v2\/pages\/199\/revisions\/579"}],"wp:attachment":[{"href":"https:\/\/wordpress.nibis.de\/gsgrabst\/wp-json\/wp\/v2\/media?parent=199"}],"curies":[{"name":"wp","href":"https:\/\/api.w.org\/{rel}","templated":true}]}}