{"id":201,"date":"2017-03-19T22:25:56","date_gmt":"2017-03-19T21:25:56","guid":{"rendered":"http:\/\/wordpress.nibis.de\/gsgrabst\/?page_id=201"},"modified":"2024-06-15T10:59:50","modified_gmt":"2024-06-15T08:59:50","slug":"morgenkreis","status":"publish","type":"page","link":"https:\/\/wordpress.nibis.de\/gsgrabst\/morgenkreis\/","title":{"rendered":"Morgenkreis"},"content":{"rendered":"\n<figure class=\"wp-block-image size-large\"><img loading=\"lazy\" decoding=\"async\" width=\"1024\" height=\"498\" src=\"https:\/\/wordpress.nibis.de\/gsgrabst\/files\/2024\/01\/Schulauffuehrung-1024x498.jpg\" alt=\"\" class=\"wp-image-580\" srcset=\"https:\/\/wordpress.nibis.de\/gsgrabst\/files\/2024\/01\/Schulauffuehrung-1024x498.jpg 1024w, https:\/\/wordpress.nibis.de\/gsgrabst\/files\/2024\/01\/Schulauffuehrung-300x146.jpg 300w, https:\/\/wordpress.nibis.de\/gsgrabst\/files\/2024\/01\/Schulauffuehrung-768x373.jpg 768w, https:\/\/wordpress.nibis.de\/gsgrabst\/files\/2024\/01\/Schulauffuehrung-1536x747.jpg 1536w, https:\/\/wordpress.nibis.de\/gsgrabst\/files\/2024\/01\/Schulauffuehrung-2048x996.jpg 2048w, https:\/\/wordpress.nibis.de\/gsgrabst\/files\/2024\/01\/Schulauffuehrung-500x243.jpg 500w\" sizes=\"auto, (max-width: 1024px) 100vw, 1024px\" \/><\/figure>\n\n\n\n<p>Am letzten Tag vor den Ferien treffen wir uns mit allen Klassen in der Eingangshalle. Dort findet in der 1ten und 2ten Stunde, je nach L\u00e4nge des Programms ein Morgenkreis statt. Die Sch\u00fclerInnen tragen Gedichte vor, spielen Theaterst\u00fccke, tanzen, es werden eventuelle Urkunden \u00fcberreicht (Matheolympiade, ADAC-Turnier), &#8230; und wir singen gemeinsam.<\/p>\n","protected":false},"excerpt":{"rendered":"<p>Am letzten Tag vor den Ferien treffen wir uns mit allen Klassen in der Eingangshalle. Dort findet in der 1ten und 2ten Stunde, je nach L\u00e4nge des Programms ein Morgenkreis statt. Die Sch\u00fclerInnen tragen Gedichte vor, spielen Theaterst\u00fccke, tanzen, es &hellip; <a href=\"https:\/\/wordpress.nibis.de\/gsgrabst\/morgenkreis\/\">Weiterlesen <span class=\"meta-nav\">&rarr;<\/span><\/a><\/p>\n","protected":false},"author":885,"featured_media":0,"parent":0,"menu_order":0,"comment_status":"closed","ping_status":"closed","template":"","meta":{"footnotes":""},"class_list":["post-201","page","type-page","status-publish","hentry"],"_links":{"self":[{"href":"https:\/\/wordpress.nibis.de\/gsgrabst\/wp-json\/wp\/v2\/pages\/201","targetHints":{"allow":["GET"]}}],"collection":[{"href":"https:\/\/wordpress.nibis.de\/gsgrabst\/wp-json\/wp\/v2\/pages"}],"about":[{"href":"https:\/\/wordpress.nibis.de\/gsgrabst\/wp-json\/wp\/v2\/types\/page"}],"author":[{"embeddable":true,"href":"https:\/\/wordpress.nibis.de\/gsgrabst\/wp-json\/wp\/v2\/users\/885"}],"replies":[{"embeddable":true,"href":"https:\/\/wordpress.nibis.de\/gsgrabst\/wp-json\/wp\/v2\/comments?post=201"}],"version-history":[{"count":4,"href":"https:\/\/wordpress.nibis.de\/gsgrabst\/wp-json\/wp\/v2\/pages\/201\/revisions"}],"predecessor-version":[{"id":660,"href":"https:\/\/wordpress.nibis.de\/gsgrabst\/wp-json\/wp\/v2\/pages\/201\/revisions\/660"}],"wp:attachment":[{"href":"https:\/\/wordpress.nibis.de\/gsgrabst\/wp-json\/wp\/v2\/media?parent=201"}],"curies":[{"name":"wp","href":"https:\/\/api.w.org\/{rel}","templated":true}]}}