{"id":203,"date":"2017-03-19T22:26:06","date_gmt":"2017-03-19T21:26:06","guid":{"rendered":"http:\/\/wordpress.nibis.de\/gsgrabst\/?page_id=203"},"modified":"2017-03-28T22:35:35","modified_gmt":"2017-03-28T20:35:35","slug":"buecherei","status":"publish","type":"page","link":"https:\/\/wordpress.nibis.de\/gsgrabst\/buecherei\/","title":{"rendered":"B\u00fccherei"},"content":{"rendered":"<p>In unseren kleinen Schulb\u00fccherei k\u00f6nnen die Sch\u00fclerinnen und Sch\u00fcler immer dienstags und donnerstags w\u00e4hrend der 1. gro\u00dfen Pause B\u00fccher ausleihen.<\/p>\n<p><a href=\"http:\/\/wordpress.nibis.de\/gsgrabst\/files\/2017\/03\/IMG_9581.jpg\"><img loading=\"lazy\" decoding=\"async\" class=\"alignnone wp-image-289 size-medium\" src=\"http:\/\/wordpress.nibis.de\/gsgrabst\/files\/2017\/03\/IMG_9581-e1490732568696-200x300.jpg\" alt=\"\" width=\"200\" height=\"300\" srcset=\"https:\/\/wordpress.nibis.de\/gsgrabst\/files\/2017\/03\/IMG_9581-e1490732568696-200x300.jpg 200w, https:\/\/wordpress.nibis.de\/gsgrabst\/files\/2017\/03\/IMG_9581-e1490732568696.jpg 683w\" sizes=\"auto, (max-width: 200px) 100vw, 200px\" \/><\/a> <a href=\"http:\/\/wordpress.nibis.de\/gsgrabst\/files\/2017\/03\/IMG_9584.jpg\"><img loading=\"lazy\" decoding=\"async\" class=\"size-medium wp-image-291 alignright\" src=\"http:\/\/wordpress.nibis.de\/gsgrabst\/files\/2017\/03\/IMG_9584-300x200.jpg\" alt=\"\" width=\"300\" height=\"200\" srcset=\"https:\/\/wordpress.nibis.de\/gsgrabst\/files\/2017\/03\/IMG_9584-300x200.jpg 300w, https:\/\/wordpress.nibis.de\/gsgrabst\/files\/2017\/03\/IMG_9584-768x512.jpg 768w, https:\/\/wordpress.nibis.de\/gsgrabst\/files\/2017\/03\/IMG_9584.jpg 1024w, https:\/\/wordpress.nibis.de\/gsgrabst\/files\/2017\/03\/IMG_9584-450x300.jpg 450w\" sizes=\"auto, (max-width: 300px) 100vw, 300px\" \/><\/a> <a href=\"http:\/\/wordpress.nibis.de\/gsgrabst\/files\/2017\/03\/IMG_9585.jpg\"><img loading=\"lazy\" decoding=\"async\" class=\"alignnone wp-image-292 size-medium\" src=\"http:\/\/wordpress.nibis.de\/gsgrabst\/files\/2017\/03\/IMG_9585-e1490732598917-200x300.jpg\" alt=\"\" width=\"200\" height=\"300\" srcset=\"https:\/\/wordpress.nibis.de\/gsgrabst\/files\/2017\/03\/IMG_9585-e1490732598917-200x300.jpg 200w, https:\/\/wordpress.nibis.de\/gsgrabst\/files\/2017\/03\/IMG_9585-e1490732598917.jpg 683w\" sizes=\"auto, (max-width: 200px) 100vw, 200px\" \/><\/a> <a href=\"http:\/\/wordpress.nibis.de\/gsgrabst\/files\/2017\/03\/IMG_9588.jpg\"><img loading=\"lazy\" decoding=\"async\" class=\"size-medium wp-image-295 alignright\" src=\"http:\/\/wordpress.nibis.de\/gsgrabst\/files\/2017\/03\/IMG_9588-300x200.jpg\" alt=\"\" width=\"300\" height=\"200\" srcset=\"https:\/\/wordpress.nibis.de\/gsgrabst\/files\/2017\/03\/IMG_9588-300x200.jpg 300w, https:\/\/wordpress.nibis.de\/gsgrabst\/files\/2017\/03\/IMG_9588-768x512.jpg 768w, https:\/\/wordpress.nibis.de\/gsgrabst\/files\/2017\/03\/IMG_9588.jpg 1024w, https:\/\/wordpress.nibis.de\/gsgrabst\/files\/2017\/03\/IMG_9588-450x300.jpg 450w\" sizes=\"auto, (max-width: 300px) 100vw, 300px\" \/><\/a> <a href=\"http:\/\/wordpress.nibis.de\/gsgrabst\/files\/2017\/03\/IMG_9595.jpg\"><img loading=\"lazy\" decoding=\"async\" class=\"wp-image-300 alignleft\" src=\"http:\/\/wordpress.nibis.de\/gsgrabst\/files\/2017\/03\/IMG_9595-e1490732695787-200x300.jpg\" alt=\"\" width=\"200\" height=\"300\" srcset=\"https:\/\/wordpress.nibis.de\/gsgrabst\/files\/2017\/03\/IMG_9595-e1490732695787-200x300.jpg 200w, https:\/\/wordpress.nibis.de\/gsgrabst\/files\/2017\/03\/IMG_9595-e1490732695787.jpg 683w\" sizes=\"auto, (max-width: 200px) 100vw, 200px\" \/><\/a><a href=\"http:\/\/wordpress.nibis.de\/gsgrabst\/files\/2017\/03\/IMG_9590.jpg\"><img loading=\"lazy\" decoding=\"async\" class=\"size-medium wp-image-297 alignleft\" src=\"http:\/\/wordpress.nibis.de\/gsgrabst\/files\/2017\/03\/IMG_9590-300x200.jpg\" alt=\"\" width=\"300\" height=\"200\" srcset=\"https:\/\/wordpress.nibis.de\/gsgrabst\/files\/2017\/03\/IMG_9590-300x200.jpg 300w, https:\/\/wordpress.nibis.de\/gsgrabst\/files\/2017\/03\/IMG_9590-768x512.jpg 768w, https:\/\/wordpress.nibis.de\/gsgrabst\/files\/2017\/03\/IMG_9590.jpg 1024w, https:\/\/wordpress.nibis.de\/gsgrabst\/files\/2017\/03\/IMG_9590-450x300.jpg 450w\" sizes=\"auto, (max-width: 300px) 100vw, 300px\" \/><\/a><\/p>\n","protected":false},"excerpt":{"rendered":"<p>In unseren kleinen Schulb\u00fccherei k\u00f6nnen die Sch\u00fclerinnen und Sch\u00fcler immer dienstags und donnerstags w\u00e4hrend der 1. gro\u00dfen Pause B\u00fccher ausleihen.<\/p>\n","protected":false},"author":885,"featured_media":0,"parent":0,"menu_order":0,"comment_status":"closed","ping_status":"closed","template":"","meta":{"footnotes":""},"class_list":["post-203","page","type-page","status-publish","hentry"],"_links":{"self":[{"href":"https:\/\/wordpress.nibis.de\/gsgrabst\/wp-json\/wp\/v2\/pages\/203","targetHints":{"allow":["GET"]}}],"collection":[{"href":"https:\/\/wordpress.nibis.de\/gsgrabst\/wp-json\/wp\/v2\/pages"}],"about":[{"href":"https:\/\/wordpress.nibis.de\/gsgrabst\/wp-json\/wp\/v2\/types\/page"}],"author":[{"embeddable":true,"href":"https:\/\/wordpress.nibis.de\/gsgrabst\/wp-json\/wp\/v2\/users\/885"}],"replies":[{"embeddable":true,"href":"https:\/\/wordpress.nibis.de\/gsgrabst\/wp-json\/wp\/v2\/comments?post=203"}],"version-history":[{"count":6,"href":"https:\/\/wordpress.nibis.de\/gsgrabst\/wp-json\/wp\/v2\/pages\/203\/revisions"}],"predecessor-version":[{"id":360,"href":"https:\/\/wordpress.nibis.de\/gsgrabst\/wp-json\/wp\/v2\/pages\/203\/revisions\/360"}],"wp:attachment":[{"href":"https:\/\/wordpress.nibis.de\/gsgrabst\/wp-json\/wp\/v2\/media?parent=203"}],"curies":[{"name":"wp","href":"https:\/\/api.w.org\/{rel}","templated":true}]}}