{"id":205,"date":"2017-03-19T22:26:32","date_gmt":"2017-03-19T21:26:32","guid":{"rendered":"http:\/\/wordpress.nibis.de\/gsgrabst\/?page_id=205"},"modified":"2017-04-09T22:47:13","modified_gmt":"2017-04-09T20:47:13","slug":"konzepte","status":"publish","type":"page","link":"https:\/\/wordpress.nibis.de\/gsgrabst\/konzepte\/","title":{"rendered":"Konzepte"},"content":{"rendered":"<p>Download:\u00a0<a href=\"http:\/\/wordpress.nibis.de\/gsgrabst\/files\/2017\/03\/Leits\u00e4tze-der-Schule.pdf\">Leits\u00e4tze der Schule<\/a><\/p>\n<p>Download:\u00a0<a href=\"http:\/\/wordpress.nibis.de\/gsgrabst\/files\/2017\/03\/Schulordnung.pdf\">Schulordnung<\/a><\/p>\n<p>Folgende Konzepte sind im Sekretariat der Schule einsehbar und werden auf den Elternabenden vorgestellt:<\/p>\n<ul style=\"list-style-type: disc\">\n<li>Beschwerdekonzept<\/li>\n<li>Betreuungskonzept<\/li>\n<li>Erziehungskonzept<\/li>\n<li>F\u00f6rderkonzept<\/li>\n<li>Fortbildungskonzept<\/li>\n<li>Hausaufgabenkonzept<\/li>\n<li>Methodenkonzept<\/li>\n<li>Pr\u00e4ventionskonzept<\/li>\n<li>Schuleingangsdiagnostik<\/li>\n<li>Schulsozialarbeit<\/li>\n<li>Sch\u00fclervertretung<\/li>\n<li>Soziales Lernen<\/li>\n<li>Sprachf\u00f6rderung<\/li>\n<li>Sportf\u00f6rderung<\/li>\n<li>Vertretungskonzept<\/li>\n<\/ul>\n","protected":false},"excerpt":{"rendered":"<p>Download:\u00a0Leits\u00e4tze der Schule Download:\u00a0Schulordnung Folgende Konzepte sind im Sekretariat der Schule einsehbar und werden auf den Elternabenden vorgestellt: Beschwerdekonzept Betreuungskonzept Erziehungskonzept F\u00f6rderkonzept Fortbildungskonzept Hausaufgabenkonzept Methodenkonzept Pr\u00e4ventionskonzept Schuleingangsdiagnostik Schulsozialarbeit Sch\u00fclervertretung Soziales Lernen Sprachf\u00f6rderung Sportf\u00f6rderung Vertretungskonzept<\/p>\n","protected":false},"author":885,"featured_media":0,"parent":0,"menu_order":0,"comment_status":"closed","ping_status":"closed","template":"","meta":{"footnotes":""},"class_list":["post-205","page","type-page","status-publish","hentry"],"_links":{"self":[{"href":"https:\/\/wordpress.nibis.de\/gsgrabst\/wp-json\/wp\/v2\/pages\/205","targetHints":{"allow":["GET"]}}],"collection":[{"href":"https:\/\/wordpress.nibis.de\/gsgrabst\/wp-json\/wp\/v2\/pages"}],"about":[{"href":"https:\/\/wordpress.nibis.de\/gsgrabst\/wp-json\/wp\/v2\/types\/page"}],"author":[{"embeddable":true,"href":"https:\/\/wordpress.nibis.de\/gsgrabst\/wp-json\/wp\/v2\/users\/885"}],"replies":[{"embeddable":true,"href":"https:\/\/wordpress.nibis.de\/gsgrabst\/wp-json\/wp\/v2\/comments?post=205"}],"version-history":[{"count":9,"href":"https:\/\/wordpress.nibis.de\/gsgrabst\/wp-json\/wp\/v2\/pages\/205\/revisions"}],"predecessor-version":[{"id":375,"href":"https:\/\/wordpress.nibis.de\/gsgrabst\/wp-json\/wp\/v2\/pages\/205\/revisions\/375"}],"wp:attachment":[{"href":"https:\/\/wordpress.nibis.de\/gsgrabst\/wp-json\/wp\/v2\/media?parent=205"}],"curies":[{"name":"wp","href":"https:\/\/api.w.org\/{rel}","templated":true}]}}