{"id":22,"date":"2016-05-11T10:45:30","date_gmt":"2016-05-11T08:45:30","guid":{"rendered":"http:\/\/wordpress.nibis.de\/gsgrabst\/?page_id=22"},"modified":"2024-09-06T09:17:02","modified_gmt":"2024-09-06T07:17:02","slug":"kollegium","status":"publish","type":"page","link":"https:\/\/wordpress.nibis.de\/gsgrabst\/kollegium\/","title":{"rendered":"Kollegium"},"content":{"rendered":"\n<p><strong>Klassenlehrerinnen<\/strong><\/p>\n\n\n\n<p><\/p>\n\n\n\n\n\n<p><strong>Klasse 1a: <\/strong>Frau D\u00f6bler<\/p>\n\n\n\n<p><strong>Klasse 1b:<\/strong> Frau Wolfram<\/p>\n\n\n\n<figure class=\"wp-block-image size-large is-resized\"><a href=\"https:\/\/wordpress.nibis.de\/gsgrabst\/files\/2024\/04\/Kaja-scaled.jpg\"><img loading=\"lazy\" decoding=\"async\" src=\"https:\/\/wordpress.nibis.de\/gsgrabst\/files\/2024\/04\/Kaja-771x1024.jpg\" alt=\"\" class=\"wp-image-611\" width=\"314\" height=\"433\" \/><\/a><\/figure>\n\n\n\n<p><strong>Klasse 2<\/strong>: Frau Kretschmer<\/p>\n\n\n\n<p><strong>Klasse 3a: <\/strong>Frau Stoffers<\/p>\n\n\n\n<p><strong>Klasse 3b:<\/strong> Frau Griese<\/p>\n\n\n\n<p><strong>Klasse 4:<\/strong> Frau Str\u00f6\u00dfner<\/p>\n\n\n\n<figure class=\"wp-block-image size-large is-resized\"><a href=\"https:\/\/wordpress.nibis.de\/gsgrabst\/files\/2024\/01\/elke-1-scaled.jpg\"><img loading=\"lazy\" decoding=\"async\" src=\"https:\/\/wordpress.nibis.de\/gsgrabst\/files\/2024\/01\/elke-1-771x1024.jpg\" alt=\"\" class=\"wp-image-540\" width=\"358\" height=\"485\" \/><\/a><figcaption><strong>Frau Str\u00f6\u00dfner mit Laska<\/strong><\/figcaption><\/figure>\n\n\n\n\n\n<p><strong>Fachlehrerinnen:<\/strong> Frau Wolfram und Frau Kaup<\/p>\n\n\n\n<figure class=\"wp-block-image size-large is-resized\"><a href=\"https:\/\/wordpress.nibis.de\/gsgrabst\/files\/2024\/04\/Steffi-scaled.jpg\"><img loading=\"lazy\" decoding=\"async\" src=\"https:\/\/wordpress.nibis.de\/gsgrabst\/files\/2024\/04\/Steffi-771x1024.jpg\" alt=\"\" class=\"wp-image-612\" width=\"318\" height=\"435\" \/><\/a><figcaption><strong>Frau Kaup<\/strong><\/figcaption><\/figure>\n\n\n\n<figure class=\"wp-block-image size-large is-resized\"><a href=\"https:\/\/wordpress.nibis.de\/gsgrabst\/files\/2024\/01\/anna-scaled.jpg\"><img decoding=\"async\" src=\"https:\/\/wordpress.nibis.de\/gsgrabst\/files\/2024\/04\/anna-edited-scaled.jpg\" alt=\"\" class=\"wp-image-613\" width=\"340\" srcset=\"https:\/\/wordpress.nibis.de\/gsgrabst\/files\/2024\/04\/anna-edited-scaled.jpg 1905w, https:\/\/wordpress.nibis.de\/gsgrabst\/files\/2024\/04\/anna-edited-223x300.jpg 223w, https:\/\/wordpress.nibis.de\/gsgrabst\/files\/2024\/04\/anna-edited-762x1024.jpg 762w, https:\/\/wordpress.nibis.de\/gsgrabst\/files\/2024\/04\/anna-edited-768x1032.jpg 768w, https:\/\/wordpress.nibis.de\/gsgrabst\/files\/2024\/04\/anna-edited-1143x1536.jpg 1143w, https:\/\/wordpress.nibis.de\/gsgrabst\/files\/2024\/04\/anna-edited-1524x2048.jpg 1524w\" sizes=\"(max-width: 1905px) 100vw, 1905px\" \/><\/a><figcaption><strong>Frau Ahlers mit <\/strong>Kalle<\/figcaption><\/figure>\n\n\n\n<hr class=\"wp-block-separator\" \/>\n\n\n\n<p><strong>F\u00f6rderschullehrerin:<\/strong> Frau Ahlers<\/p>\n\n\n\n<figure class=\"wp-block-image\"><a href=\"http:\/\/wordpress.nibis.de\/gsgrabst\/files\/2016\/05\/IMG_0149.jpg\"><img loading=\"lazy\" decoding=\"async\" width=\"300\" height=\"200\" src=\"http:\/\/wordpress.nibis.de\/gsgrabst\/files\/2016\/05\/IMG_0149-300x200.jpg\" alt=\"\" class=\"wp-image-230\" srcset=\"https:\/\/wordpress.nibis.de\/gsgrabst\/files\/2016\/05\/IMG_0149-300x200.jpg 300w, https:\/\/wordpress.nibis.de\/gsgrabst\/files\/2016\/05\/IMG_0149-768x512.jpg 768w, https:\/\/wordpress.nibis.de\/gsgrabst\/files\/2016\/05\/IMG_0149.jpg 1024w, https:\/\/wordpress.nibis.de\/gsgrabst\/files\/2016\/05\/IMG_0149-450x300.jpg 450w\" sizes=\"auto, (max-width: 300px) 100vw, 300px\" \/><\/a><figcaption><strong>Frau Ahlers<\/strong><\/figcaption><\/figure>\n\n\n\n\n\n<p><strong>Bundesfreiwilligendienst<\/strong>: <\/p>\n","protected":false},"excerpt":{"rendered":"<p>Klassenlehrerinnen Klasse 1a: Frau D\u00f6bler Klasse 1b: Frau Wolfram Klasse 2: Frau Kretschmer Klasse 3a: Frau Stoffers Klasse 3b: Frau Griese Klasse 4: Frau Str\u00f6\u00dfner Fachlehrerinnen: Frau Wolfram und Frau Kaup F\u00f6rderschullehrerin: Frau Ahlers Bundesfreiwilligendienst:<\/p>\n","protected":false},"author":885,"featured_media":0,"parent":0,"menu_order":0,"comment_status":"closed","ping_status":"closed","template":"","meta":{"footnotes":""},"class_list":["post-22","page","type-page","status-publish","hentry"],"_links":{"self":[{"href":"https:\/\/wordpress.nibis.de\/gsgrabst\/wp-json\/wp\/v2\/pages\/22","targetHints":{"allow":["GET"]}}],"collection":[{"href":"https:\/\/wordpress.nibis.de\/gsgrabst\/wp-json\/wp\/v2\/pages"}],"about":[{"href":"https:\/\/wordpress.nibis.de\/gsgrabst\/wp-json\/wp\/v2\/types\/page"}],"author":[{"embeddable":true,"href":"https:\/\/wordpress.nibis.de\/gsgrabst\/wp-json\/wp\/v2\/users\/885"}],"replies":[{"embeddable":true,"href":"https:\/\/wordpress.nibis.de\/gsgrabst\/wp-json\/wp\/v2\/comments?post=22"}],"version-history":[{"count":25,"href":"https:\/\/wordpress.nibis.de\/gsgrabst\/wp-json\/wp\/v2\/pages\/22\/revisions"}],"predecessor-version":[{"id":689,"href":"https:\/\/wordpress.nibis.de\/gsgrabst\/wp-json\/wp\/v2\/pages\/22\/revisions\/689"}],"wp:attachment":[{"href":"https:\/\/wordpress.nibis.de\/gsgrabst\/wp-json\/wp\/v2\/media?parent=22"}],"curies":[{"name":"wp","href":"https:\/\/api.w.org\/{rel}","templated":true}]}}