{"id":255,"date":"2017-03-26T20:43:16","date_gmt":"2017-03-26T18:43:16","guid":{"rendered":"http:\/\/wordpress.nibis.de\/gsgrabst\/?page_id=255"},"modified":"2023-09-14T09:14:33","modified_gmt":"2023-09-14T07:14:33","slug":"foerderverein-der-grundschule-grabstede","status":"publish","type":"page","link":"https:\/\/wordpress.nibis.de\/gsgrabst\/schule\/foerderverein-der-grundschule-grabstede\/","title":{"rendered":"F\u00f6rderverein der Grundschule Grabstede"},"content":{"rendered":"<p>Der Verein zur F\u00f6rderung der Grundschule Grabstede engagiert sich seit vielen Jahren mit seiner Arbeit und\u00a0seinen Aktivit\u00e4ten f\u00fcr alle Kinder der Schule, um diesen wichtigen Lebensabschnitt mitgestalten zu k\u00f6nnen.<\/p>\n<p><strong>Diese Aktivit\u00e4ten beinhalten:<\/strong><\/p>\n<ul>\n<li>j\u00e4hrlicher Flohmarkt mit Aktivit\u00e4ten<\/li>\n<li>Unterst\u00fctzung anderer Vereine oder Veranstaltungen durch Kinderbelustigung, Schminken o.\u00e4.<\/li>\n<li>Ostereier- und Nikolausaktion<\/li>\n<li>Organisation des Weihnachtsbaumes f\u00fcr die Pausenhalle<\/li>\n<li>Ferienpassaktion<\/li>\n<li>Spenden sammeln<\/li>\n<li>M\u00fcllsammeln<\/li>\n<\/ul>\n<p><strong>Folgendes wurde bereits angeschafft:<\/strong><\/p>\n<ul>\n<li>Holzb\u00e4nke f\u00fcr den Au\u00dfenbereich<\/li>\n<li>Mitmachzirkus<\/li>\n<li>B\u00fccher<\/li>\n<li>Spiele f\u00fcr drinnen und drau\u00dfen<\/li>\n<li>Spielplatzger\u00e4te<\/li>\n<li>Spiele und Ger\u00e4te f\u00fcr die Turnhalle<\/li>\n<\/ul>\n<p><strong>Wie kann man den F\u00f6rderverein unterst\u00fctzen?<\/strong><\/p>\n<p>Einfach Mitglied werden!<\/p>\n<p>Beitrittserkl\u00e4rung<\/p>\n<p>Egal ob passiv oder aktiv &#8211; jeder ist willkommen!\u00a0Auch \u00fcber Spenden freuen wir uns jederzeit!<\/p>\n<p><strong>Vorstand des F\u00f6rdervereins:<\/strong><\/p>\n<ol>\n<li>Vorsitzende: Petra Osterkamp (04452-7079047)<\/li>\n<li>Vorsitzende: Jannifer Gerdes (04452-708971)<\/li>\n<\/ol>\n<p>Kassenwartin: Lisa Bockmeyer<\/p>\n<p>Schriftf\u00fchrerin: Karina Sommerfeld<\/p>\n<p>Wir freuen uns auf euch!<\/p>\n<p>(F\u00fcr den Inhalt diese Textes ist der F\u00f6rderverein der Grundschule Grabstede verantwortlich.)<\/p>\n","protected":false},"excerpt":{"rendered":"<p>Der Verein zur F\u00f6rderung der Grundschule Grabstede engagiert sich seit vielen Jahren mit seiner Arbeit und\u00a0seinen Aktivit\u00e4ten f\u00fcr alle Kinder der Schule, um diesen wichtigen Lebensabschnitt mitgestalten zu k\u00f6nnen. Diese Aktivit\u00e4ten beinhalten: j\u00e4hrlicher Flohmarkt mit Aktivit\u00e4ten Unterst\u00fctzung anderer Vereine oder &hellip; <a href=\"https:\/\/wordpress.nibis.de\/gsgrabst\/schule\/foerderverein-der-grundschule-grabstede\/\">Weiterlesen <span class=\"meta-nav\">&rarr;<\/span><\/a><\/p>\n","protected":false},"author":885,"featured_media":0,"parent":11,"menu_order":0,"comment_status":"closed","ping_status":"closed","template":"","meta":{"footnotes":""},"class_list":["post-255","page","type-page","status-publish","hentry"],"_links":{"self":[{"href":"https:\/\/wordpress.nibis.de\/gsgrabst\/wp-json\/wp\/v2\/pages\/255","targetHints":{"allow":["GET"]}}],"collection":[{"href":"https:\/\/wordpress.nibis.de\/gsgrabst\/wp-json\/wp\/v2\/pages"}],"about":[{"href":"https:\/\/wordpress.nibis.de\/gsgrabst\/wp-json\/wp\/v2\/types\/page"}],"author":[{"embeddable":true,"href":"https:\/\/wordpress.nibis.de\/gsgrabst\/wp-json\/wp\/v2\/users\/885"}],"replies":[{"embeddable":true,"href":"https:\/\/wordpress.nibis.de\/gsgrabst\/wp-json\/wp\/v2\/comments?post=255"}],"version-history":[{"count":7,"href":"https:\/\/wordpress.nibis.de\/gsgrabst\/wp-json\/wp\/v2\/pages\/255\/revisions"}],"predecessor-version":[{"id":459,"href":"https:\/\/wordpress.nibis.de\/gsgrabst\/wp-json\/wp\/v2\/pages\/255\/revisions\/459"}],"up":[{"embeddable":true,"href":"https:\/\/wordpress.nibis.de\/gsgrabst\/wp-json\/wp\/v2\/pages\/11"}],"wp:attachment":[{"href":"https:\/\/wordpress.nibis.de\/gsgrabst\/wp-json\/wp\/v2\/media?parent=255"}],"curies":[{"name":"wp","href":"https:\/\/api.w.org\/{rel}","templated":true}]}}