{"id":506,"date":"2023-09-22T14:00:04","date_gmt":"2023-09-22T12:00:04","guid":{"rendered":"https:\/\/wordpress.nibis.de\/gsgrabst\/?page_id=506"},"modified":"2023-09-22T14:00:04","modified_gmt":"2023-09-22T12:00:04","slug":"klasse-2000","status":"publish","type":"page","link":"https:\/\/wordpress.nibis.de\/gsgrabst\/projekte\/klasse-2000\/","title":{"rendered":"Klasse 2000"},"content":{"rendered":"\n<p><img loading=\"lazy\" decoding=\"async\" class=\"alignright\" src=\"https:\/\/www.klasse2000.de\/typo3conf\/ext\/klasse200_theme\/Resources\/Public\/Images\/logo.png\" alt=\"Klaro\" width=\"182\" height=\"182\" \/><br \/>Kinder lernen mit Klasse2000, wie ihr K\u00f6rper funktioniert und was sie selbst f\u00fcr ihre Gesundheit tun k\u00f6nnen. So entsteht eine positive Einstellung zum eigenen K\u00f6rper und der eigenen Gesundheit,\u00a0 pers\u00f6nliche und soziale Fertigkeiten werden gef\u00f6rdert.<\/p>\n<p><a href=\"https:\/\/www.klasse2000.de\/\">Klasse2000 &#8211; Gesundheitsf\u00f6rderung und Pr\u00e4vention f\u00fcr Kinder<\/a><\/p>\n","protected":false},"excerpt":{"rendered":"<p>Kinder lernen mit Klasse2000, wie ihr K\u00f6rper funktioniert und was sie selbst f\u00fcr ihre Gesundheit tun k\u00f6nnen. So entsteht eine positive Einstellung zum eigenen K\u00f6rper und der eigenen Gesundheit,\u00a0 pers\u00f6nliche und soziale Fertigkeiten werden gef\u00f6rdert. Klasse2000 &#8211; Gesundheitsf\u00f6rderung und Pr\u00e4vention &hellip; <a href=\"https:\/\/wordpress.nibis.de\/gsgrabst\/projekte\/klasse-2000\/\">Weiterlesen <span class=\"meta-nav\">&rarr;<\/span><\/a><\/p>\n","protected":false},"author":885,"featured_media":0,"parent":98,"menu_order":0,"comment_status":"closed","ping_status":"closed","template":"","meta":{"footnotes":""},"class_list":["post-506","page","type-page","status-publish","hentry"],"_links":{"self":[{"href":"https:\/\/wordpress.nibis.de\/gsgrabst\/wp-json\/wp\/v2\/pages\/506","targetHints":{"allow":["GET"]}}],"collection":[{"href":"https:\/\/wordpress.nibis.de\/gsgrabst\/wp-json\/wp\/v2\/pages"}],"about":[{"href":"https:\/\/wordpress.nibis.de\/gsgrabst\/wp-json\/wp\/v2\/types\/page"}],"author":[{"embeddable":true,"href":"https:\/\/wordpress.nibis.de\/gsgrabst\/wp-json\/wp\/v2\/users\/885"}],"replies":[{"embeddable":true,"href":"https:\/\/wordpress.nibis.de\/gsgrabst\/wp-json\/wp\/v2\/comments?post=506"}],"version-history":[{"count":2,"href":"https:\/\/wordpress.nibis.de\/gsgrabst\/wp-json\/wp\/v2\/pages\/506\/revisions"}],"predecessor-version":[{"id":508,"href":"https:\/\/wordpress.nibis.de\/gsgrabst\/wp-json\/wp\/v2\/pages\/506\/revisions\/508"}],"up":[{"embeddable":true,"href":"https:\/\/wordpress.nibis.de\/gsgrabst\/wp-json\/wp\/v2\/pages\/98"}],"wp:attachment":[{"href":"https:\/\/wordpress.nibis.de\/gsgrabst\/wp-json\/wp\/v2\/media?parent=506"}],"curies":[{"name":"wp","href":"https:\/\/api.w.org\/{rel}","templated":true}]}}