{"id":61,"date":"2016-05-11T11:04:49","date_gmt":"2016-05-11T09:04:49","guid":{"rendered":"http:\/\/wordpress.nibis.de\/gsgrabst\/?page_id=61"},"modified":"2025-04-04T16:12:52","modified_gmt":"2025-04-04T14:12:52","slug":"aktuelles","status":"publish","type":"page","link":"https:\/\/wordpress.nibis.de\/gsgrabst\/aktuelles\/","title":{"rendered":"Aktuelles"},"content":{"rendered":"\n<p>DIE BR\u00dcCKEN \u00a0\u00a0\u00a0\u00a0\u00a0\u00a0\u00a0\u00a0\u00a0\u00a0\u00a0\u00a0\u00a0\u00a0\u00a0\u00a0\u00a0\u00a0\u00a0\u00a0\u00a0\u00a0\u00a0\u00a0\u00a0\u00a0\u00a0\u00a0\u00a0\u00a0\u00a0\u00a0\u00a0\u00a0\u00a0\u00a0\u00a0\u00a0\u00a0\u00a0\u00a0\u00a0\u00a0\u00a0\u00a0\u00a0\u00a0\u00a0\u00a0\u00a0\u00a0\u00a0\u00a0\u00a0\u00a0\u00a0\u00a0\u00a0\u00a0\u00a0\u00a0\u00a0\u00a0\u00a0\u00a0\u00a0\u00a0\u00a0\u00a0\u00a0\u00a0\u00a0<\/p>\n<p>Im Sachunterricht haben wir gerade das Thema Br\u00fccken.<\/p>\n<p>Es gibt viele verschiedene Br\u00fccken auf der Welt (z.B.:\u00a0 die Golden-Gate-Bridge.)<\/p>\n<p>In Sachunterricht haben wir versucht eine Leonardo-da-Vinci-Br\u00fccke aus Holzst\u00e4ben zu bauen.<\/p>\n<p>Es gibt viele verschiedene Arten Br\u00fccken zu bauen (z.b. Bogenbr\u00fccken oder H\u00e4ngebr\u00fccken.)<\/p>\n<p>Mit Pappe, Musterklammern und Schaschlikspie\u00dfen haben wir Fachwerkbr\u00fccken selber gebaut.<\/p>\n<p>Wir haben auch Videos \u00fcber Br\u00fccken geguckt.<\/p>\n<p>In der Klasse haben wir auch Bilder \u00fcber Br\u00fccken h\u00e4ngen.<\/p>\n<p>Zum Abschluss bauen wir unsere eigenen Br\u00fccken.<\/p>\n<p>Geschrieben von: Ida.Pa, Luisa,Lina,Frieda,Lev.<\/p>\n\n\n\n<p><a href=\"https:\/\/wordpress.nibis.de\/gsgrabst\/files\/2025\/04\/1743774320397.jpg\"><img loading=\"lazy\" decoding=\"async\" class=\"alignnone size-medium wp-image-710\" src=\"https:\/\/wordpress.nibis.de\/gsgrabst\/files\/2025\/04\/1743774320397-300x300.jpg\" alt=\"\" width=\"300\" height=\"300\" srcset=\"https:\/\/wordpress.nibis.de\/gsgrabst\/files\/2025\/04\/1743774320397-300x300.jpg 300w, https:\/\/wordpress.nibis.de\/gsgrabst\/files\/2025\/04\/1743774320397-1024x1024.jpg 1024w, https:\/\/wordpress.nibis.de\/gsgrabst\/files\/2025\/04\/1743774320397-150x150.jpg 150w, https:\/\/wordpress.nibis.de\/gsgrabst\/files\/2025\/04\/1743774320397-768x768.jpg 768w, https:\/\/wordpress.nibis.de\/gsgrabst\/files\/2025\/04\/1743774320397-1536x1536.jpg 1536w, https:\/\/wordpress.nibis.de\/gsgrabst\/files\/2025\/04\/1743774320397.jpg 1920w\" sizes=\"auto, (max-width: 300px) 100vw, 300px\" \/><\/a><\/p>\n\n\n\n<p><strong>M\u00fcllsammelaktion<\/strong><\/p>\n\n\n\n<p>Einmal im Jahr gehen wir mit allen Klassen dur den Ort und sammeln M\u00fcll. Hierzu haben einige Sch\u00fclerInnen eine kleinen Bericht geschrieben.<\/p>\n\n\n\n<figure class=\"wp-block-image size-large\"><a href=\"https:\/\/wordpress.nibis.de\/gsgrabst\/files\/2025\/04\/1743774320366.jpg\"><img loading=\"lazy\" decoding=\"async\" width=\"768\" height=\"1024\" src=\"https:\/\/wordpress.nibis.de\/gsgrabst\/files\/2025\/04\/1743774320366-768x1024.jpg\" alt=\"\" class=\"wp-image-705\" srcset=\"https:\/\/wordpress.nibis.de\/gsgrabst\/files\/2025\/04\/1743774320366-768x1024.jpg 768w, https:\/\/wordpress.nibis.de\/gsgrabst\/files\/2025\/04\/1743774320366-225x300.jpg 225w, https:\/\/wordpress.nibis.de\/gsgrabst\/files\/2025\/04\/1743774320366-1152x1536.jpg 1152w, https:\/\/wordpress.nibis.de\/gsgrabst\/files\/2025\/04\/1743774320366.jpg 1536w\" sizes=\"auto, (max-width: 768px) 100vw, 768px\" \/><\/a><\/figure>\n\n\n\n<p>&nbsp;&nbsp;&nbsp;&nbsp;&nbsp;&nbsp;&nbsp;&nbsp;&nbsp;&nbsp;&nbsp;&nbsp;&nbsp;&nbsp;&nbsp;&nbsp;&nbsp;&nbsp;&nbsp;&nbsp;&nbsp;&nbsp;&nbsp;&nbsp;&nbsp;&nbsp;&nbsp;&nbsp;&nbsp;&nbsp;&nbsp;&nbsp;&nbsp;&nbsp;&nbsp;&nbsp;&nbsp;&nbsp;&nbsp;&nbsp;&nbsp;&nbsp;&nbsp;&nbsp;&nbsp;&nbsp;&nbsp;&nbsp;&nbsp;&nbsp;&nbsp;&nbsp;&nbsp;&nbsp;&nbsp;&nbsp;&nbsp;&nbsp;&nbsp;&nbsp;&nbsp;&nbsp; <strong>Die M\u00fcllsammelaktion<\/strong><\/p>\n\n\n\n<p>&nbsp;&nbsp;&nbsp;&nbsp;&nbsp;&nbsp;&nbsp;&nbsp;&nbsp;&nbsp;&nbsp;&nbsp;&nbsp;&nbsp;&nbsp;&nbsp;&nbsp;&nbsp;&nbsp;&nbsp;&nbsp;&nbsp;&nbsp;&nbsp; Die Klasse 3a und 3b haben M\u00fcll gesammelt.<\/p>\n\n\n\n<ol class=\"wp-block-list\" type=\"1\"><li>Wir haben M\u00fcll gesammelt und folgendes gefunden. Ein Grillgitter ein Feuerzeug und viele Zigaretten ,eine ganze Silofolie gefunden. wir haben 4 M\u00fclls\u00e4cke voll gemacht.Und haben zum Schluss einen leckeren Kuchen bekommen. Der war so lecker!<br><\/li><\/ol>\n\n\n\n<figure class=\"wp-block-image\"><img decoding=\"async\" src=\"https:\/\/wordpress.nibis.de\/d1010c01-20c8-4b69-9730-6a99af92bafc\" alt=\"\" \/><\/figure>\n\n\n\n<p>&nbsp;&nbsp;&nbsp;&nbsp;&nbsp;&nbsp;&nbsp;&nbsp;&nbsp;&nbsp;&nbsp;&nbsp;&nbsp;&nbsp;&nbsp;&nbsp;&nbsp;&nbsp;&nbsp;&nbsp;&nbsp;&nbsp;&nbsp;&nbsp;&nbsp;&nbsp;&nbsp;&nbsp;&nbsp;&nbsp;&nbsp;&nbsp;&nbsp; Die M\u00fcllsammelaktion<\/p>\n\n\n\n<p><strong>Wir haben M\u00fcll gesammelt die 3a und&nbsp; die 3b haben zusammen gesammelt.<\/strong><\/p>\n\n\n\n<p><strong>Wir haben sogar ein Grillrosst, eine Autofelge und ein kaputtes Rohr gefunden und eine<br>Silofolie und vieles mehr. Wir sind zwischen Grabstede und Bockhorn gelaufen.<\/strong><\/p>\n\n\n\n<p><strong>Als wir zur\u00fcck gekommen sind, haben wir jeder ein St\u00fcck Kuchen bekommen.<\/strong><\/p>\n\n\n\n<figure class=\"wp-block-image size-large\"><a href=\"https:\/\/wordpress.nibis.de\/gsgrabst\/files\/2025\/04\/1743774320389.jpg\"><img loading=\"lazy\" decoding=\"async\" width=\"768\" height=\"1024\" src=\"https:\/\/wordpress.nibis.de\/gsgrabst\/files\/2025\/04\/1743774320389-768x1024.jpg\" alt=\"\" class=\"wp-image-703\" srcset=\"https:\/\/wordpress.nibis.de\/gsgrabst\/files\/2025\/04\/1743774320389-768x1024.jpg 768w, https:\/\/wordpress.nibis.de\/gsgrabst\/files\/2025\/04\/1743774320389-225x300.jpg 225w, https:\/\/wordpress.nibis.de\/gsgrabst\/files\/2025\/04\/1743774320389-1152x1536.jpg 1152w, https:\/\/wordpress.nibis.de\/gsgrabst\/files\/2025\/04\/1743774320389.jpg 1536w\" sizes=\"auto, (max-width: 768px) 100vw, 768px\" \/><\/a><\/figure>\n\n\n\n<h2 class=\"wp-block-heading\">Buddeltag<\/h2>\n\n\n\n<p>Zum Abschlu\u00df des Schuljahres verbrachten wir am 19.06. mit allen Klassen gemeinsam einen tollen Tag in Dangast. Jedes Kind durfte eine Spielsache mitnehmen und so ging es bei strahlendem Sonnenschein an den Strand. F\u00fcr jeden war etwas dabei. Sei es das H\u00fcpfkissen, der Spielplatz, der Schlick oder auch sp\u00e4ter das Baden im Wasser. Als uns der Bus um 12:00 Uhr wieder abholte waren alle erstaunt, dass der Vormittag schon um war.&nbsp;<strong>Das war ein toller Tag!<\/strong><\/p>\n\n\n\n<figure class=\"wp-block-gallery has-nested-images columns-default is-cropped wp-block-gallery-1 is-layout-flex wp-block-gallery-is-layout-flex\">\n<figure class=\"wp-block-image size-large\"><a href=\"https:\/\/wordpress.nibis.de\/gsgrabst\/files\/2024\/06\/dangast4.jpg\"><img loading=\"lazy\" decoding=\"async\" width=\"768\" height=\"1024\" data-id=\"679\" src=\"https:\/\/wordpress.nibis.de\/gsgrabst\/files\/2024\/06\/dangast4-768x1024.jpg\" alt=\"\" class=\"wp-image-679\" srcset=\"https:\/\/wordpress.nibis.de\/gsgrabst\/files\/2024\/06\/dangast4-768x1024.jpg 768w, https:\/\/wordpress.nibis.de\/gsgrabst\/files\/2024\/06\/dangast4-225x300.jpg 225w, https:\/\/wordpress.nibis.de\/gsgrabst\/files\/2024\/06\/dangast4-1152x1536.jpg 1152w, https:\/\/wordpress.nibis.de\/gsgrabst\/files\/2024\/06\/dangast4.jpg 1536w\" sizes=\"auto, (max-width: 768px) 100vw, 768px\" \/><\/a><figcaption>H\u00fcpfkissen<\/figcaption><\/figure>\n\n\n\n<figure class=\"wp-block-image size-large\"><a href=\"https:\/\/wordpress.nibis.de\/gsgrabst\/files\/2024\/06\/dangast-6.jpg\"><img loading=\"lazy\" decoding=\"async\" width=\"1024\" height=\"771\" data-id=\"675\" src=\"https:\/\/wordpress.nibis.de\/gsgrabst\/files\/2024\/06\/dangast-6-1024x771.jpg\" alt=\"\" class=\"wp-image-675\" srcset=\"https:\/\/wordpress.nibis.de\/gsgrabst\/files\/2024\/06\/dangast-6-1024x771.jpg 1024w, https:\/\/wordpress.nibis.de\/gsgrabst\/files\/2024\/06\/dangast-6-300x226.jpg 300w, https:\/\/wordpress.nibis.de\/gsgrabst\/files\/2024\/06\/dangast-6-768x578.jpg 768w, https:\/\/wordpress.nibis.de\/gsgrabst\/files\/2024\/06\/dangast-6-1536x1157.jpg 1536w, https:\/\/wordpress.nibis.de\/gsgrabst\/files\/2024\/06\/dangast-6-398x300.jpg 398w, https:\/\/wordpress.nibis.de\/gsgrabst\/files\/2024\/06\/dangast-6.jpg 2048w\" sizes=\"auto, (max-width: 1024px) 100vw, 1024px\" \/><\/a><\/figure>\n\n\n\n<figure class=\"wp-block-image size-large\"><a href=\"https:\/\/wordpress.nibis.de\/gsgrabst\/files\/2024\/06\/Dangast1.jpg\"><img loading=\"lazy\" decoding=\"async\" width=\"768\" height=\"1024\" data-id=\"676\" src=\"https:\/\/wordpress.nibis.de\/gsgrabst\/files\/2024\/06\/Dangast1-768x1024.jpg\" alt=\"\" class=\"wp-image-676\" srcset=\"https:\/\/wordpress.nibis.de\/gsgrabst\/files\/2024\/06\/Dangast1-768x1024.jpg 768w, https:\/\/wordpress.nibis.de\/gsgrabst\/files\/2024\/06\/Dangast1-225x300.jpg 225w, https:\/\/wordpress.nibis.de\/gsgrabst\/files\/2024\/06\/Dangast1-1152x1536.jpg 1152w, https:\/\/wordpress.nibis.de\/gsgrabst\/files\/2024\/06\/Dangast1.jpg 1536w\" sizes=\"auto, (max-width: 768px) 100vw, 768px\" \/><\/a><\/figure>\n\n\n\n<figure class=\"wp-block-image size-large\"><a href=\"https:\/\/wordpress.nibis.de\/gsgrabst\/files\/2024\/06\/dangast8.jpg\"><img loading=\"lazy\" decoding=\"async\" width=\"768\" height=\"1024\" data-id=\"680\" src=\"https:\/\/wordpress.nibis.de\/gsgrabst\/files\/2024\/06\/dangast8-768x1024.jpg\" alt=\"\" class=\"wp-image-680\" srcset=\"https:\/\/wordpress.nibis.de\/gsgrabst\/files\/2024\/06\/dangast8-768x1024.jpg 768w, https:\/\/wordpress.nibis.de\/gsgrabst\/files\/2024\/06\/dangast8-225x300.jpg 225w, https:\/\/wordpress.nibis.de\/gsgrabst\/files\/2024\/06\/dangast8-1152x1536.jpg 1152w, https:\/\/wordpress.nibis.de\/gsgrabst\/files\/2024\/06\/dangast8.jpg 1536w\" sizes=\"auto, (max-width: 768px) 100vw, 768px\" \/><\/a><\/figure>\n\n\n\n<figure class=\"wp-block-image size-large\"><a href=\"https:\/\/wordpress.nibis.de\/gsgrabst\/files\/2024\/06\/dangast5.jpg\"><img loading=\"lazy\" decoding=\"async\" width=\"771\" height=\"1024\" data-id=\"678\" src=\"https:\/\/wordpress.nibis.de\/gsgrabst\/files\/2024\/06\/dangast5-771x1024.jpg\" alt=\"\" class=\"wp-image-678\" srcset=\"https:\/\/wordpress.nibis.de\/gsgrabst\/files\/2024\/06\/dangast5-771x1024.jpg 771w, https:\/\/wordpress.nibis.de\/gsgrabst\/files\/2024\/06\/dangast5-226x300.jpg 226w, https:\/\/wordpress.nibis.de\/gsgrabst\/files\/2024\/06\/dangast5-768x1020.jpg 768w, https:\/\/wordpress.nibis.de\/gsgrabst\/files\/2024\/06\/dangast5-1157x1536.jpg 1157w, https:\/\/wordpress.nibis.de\/gsgrabst\/files\/2024\/06\/dangast5.jpg 1542w\" sizes=\"auto, (max-width: 771px) 100vw, 771px\" \/><\/a><\/figure>\n\n\n\n<figure class=\"wp-block-image size-large\"><a href=\"https:\/\/wordpress.nibis.de\/gsgrabst\/files\/2024\/06\/dangast7.jpg\"><img loading=\"lazy\" decoding=\"async\" width=\"768\" height=\"1024\" data-id=\"677\" src=\"https:\/\/wordpress.nibis.de\/gsgrabst\/files\/2024\/06\/dangast7-768x1024.jpg\" alt=\"\" class=\"wp-image-677\" srcset=\"https:\/\/wordpress.nibis.de\/gsgrabst\/files\/2024\/06\/dangast7-768x1024.jpg 768w, https:\/\/wordpress.nibis.de\/gsgrabst\/files\/2024\/06\/dangast7-225x300.jpg 225w, https:\/\/wordpress.nibis.de\/gsgrabst\/files\/2024\/06\/dangast7-1152x1536.jpg 1152w, https:\/\/wordpress.nibis.de\/gsgrabst\/files\/2024\/06\/dangast7.jpg 1536w\" sizes=\"auto, (max-width: 768px) 100vw, 768px\" \/><\/a><\/figure>\n\n\n\n<figure class=\"wp-block-image size-large\"><a href=\"https:\/\/wordpress.nibis.de\/gsgrabst\/files\/2024\/06\/Dangast2.jpg\"><img loading=\"lazy\" decoding=\"async\" width=\"768\" height=\"1024\" data-id=\"674\" src=\"https:\/\/wordpress.nibis.de\/gsgrabst\/files\/2024\/06\/Dangast2-768x1024.jpg\" alt=\"\" class=\"wp-image-674\" srcset=\"https:\/\/wordpress.nibis.de\/gsgrabst\/files\/2024\/06\/Dangast2-768x1024.jpg 768w, https:\/\/wordpress.nibis.de\/gsgrabst\/files\/2024\/06\/Dangast2-225x300.jpg 225w, https:\/\/wordpress.nibis.de\/gsgrabst\/files\/2024\/06\/Dangast2-1152x1536.jpg 1152w, https:\/\/wordpress.nibis.de\/gsgrabst\/files\/2024\/06\/Dangast2.jpg 1200w\" sizes=\"auto, (max-width: 768px) 100vw, 768px\" \/><\/a><figcaption>Schlick<\/figcaption><\/figure>\n\n\n\n<figure class=\"wp-block-image size-large\"><a href=\"https:\/\/wordpress.nibis.de\/gsgrabst\/files\/2024\/06\/dangast11.jpg\"><img loading=\"lazy\" decoding=\"async\" width=\"768\" height=\"1024\" data-id=\"682\" src=\"https:\/\/wordpress.nibis.de\/gsgrabst\/files\/2024\/06\/dangast11-768x1024.jpg\" alt=\"\" class=\"wp-image-682\" srcset=\"https:\/\/wordpress.nibis.de\/gsgrabst\/files\/2024\/06\/dangast11-768x1024.jpg 768w, https:\/\/wordpress.nibis.de\/gsgrabst\/files\/2024\/06\/dangast11-225x300.jpg 225w, https:\/\/wordpress.nibis.de\/gsgrabst\/files\/2024\/06\/dangast11-1152x1536.jpg 1152w, https:\/\/wordpress.nibis.de\/gsgrabst\/files\/2024\/06\/dangast11.jpg 1536w\" sizes=\"auto, (max-width: 768px) 100vw, 768px\" \/><\/a><\/figure>\n\n\n\n<figure class=\"wp-block-image size-large\"><a href=\"https:\/\/wordpress.nibis.de\/gsgrabst\/files\/2024\/06\/dangast9.jpg\"><img loading=\"lazy\" decoding=\"async\" width=\"768\" height=\"1024\" data-id=\"681\" src=\"https:\/\/wordpress.nibis.de\/gsgrabst\/files\/2024\/06\/dangast9-768x1024.jpg\" alt=\"\" class=\"wp-image-681\" srcset=\"https:\/\/wordpress.nibis.de\/gsgrabst\/files\/2024\/06\/dangast9-768x1024.jpg 768w, https:\/\/wordpress.nibis.de\/gsgrabst\/files\/2024\/06\/dangast9-225x300.jpg 225w, https:\/\/wordpress.nibis.de\/gsgrabst\/files\/2024\/06\/dangast9-1152x1536.jpg 1152w, https:\/\/wordpress.nibis.de\/gsgrabst\/files\/2024\/06\/dangast9.jpg 1536w\" sizes=\"auto, (max-width: 768px) 100vw, 768px\" \/><\/a><figcaption>Seehund<\/figcaption><\/figure>\n\n\n\n<figure class=\"wp-block-image size-large\"><a href=\"https:\/\/wordpress.nibis.de\/gsgrabst\/files\/2024\/06\/dangast3.jpg\"><img loading=\"lazy\" decoding=\"async\" width=\"536\" height=\"1024\" data-id=\"684\" src=\"https:\/\/wordpress.nibis.de\/gsgrabst\/files\/2024\/06\/dangast3-536x1024.jpg\" alt=\"\" class=\"wp-image-684\" srcset=\"https:\/\/wordpress.nibis.de\/gsgrabst\/files\/2024\/06\/dangast3-536x1024.jpg 536w, https:\/\/wordpress.nibis.de\/gsgrabst\/files\/2024\/06\/dangast3-157x300.jpg 157w, https:\/\/wordpress.nibis.de\/gsgrabst\/files\/2024\/06\/dangast3-768x1469.jpg 768w, https:\/\/wordpress.nibis.de\/gsgrabst\/files\/2024\/06\/dangast3-803x1536.jpg 803w, https:\/\/wordpress.nibis.de\/gsgrabst\/files\/2024\/06\/dangast3.jpg 1071w\" sizes=\"auto, (max-width: 536px) 100vw, 536px\" \/><\/a><\/figure>\n\n\n\n<figure class=\"wp-block-image size-large\"><a href=\"https:\/\/wordpress.nibis.de\/gsgrabst\/files\/2024\/06\/dangast10.jpg\"><img loading=\"lazy\" decoding=\"async\" width=\"796\" height=\"1024\" data-id=\"685\" src=\"https:\/\/wordpress.nibis.de\/gsgrabst\/files\/2024\/06\/dangast10-796x1024.jpg\" alt=\"\" class=\"wp-image-685\" srcset=\"https:\/\/wordpress.nibis.de\/gsgrabst\/files\/2024\/06\/dangast10-796x1024.jpg 796w, https:\/\/wordpress.nibis.de\/gsgrabst\/files\/2024\/06\/dangast10-233x300.jpg 233w, https:\/\/wordpress.nibis.de\/gsgrabst\/files\/2024\/06\/dangast10-768x988.jpg 768w, https:\/\/wordpress.nibis.de\/gsgrabst\/files\/2024\/06\/dangast10.jpg 1194w\" sizes=\"auto, (max-width: 796px) 100vw, 796px\" \/><\/a><\/figure>\n\n\n\n<figure class=\"wp-block-image size-large\"><a href=\"https:\/\/wordpress.nibis.de\/gsgrabst\/files\/2024\/06\/1718829744777.jpg\"><img loading=\"lazy\" decoding=\"async\" width=\"768\" height=\"1024\" data-id=\"683\" src=\"https:\/\/wordpress.nibis.de\/gsgrabst\/files\/2024\/06\/1718829744777-768x1024.jpg\" alt=\"\" class=\"wp-image-683\" srcset=\"https:\/\/wordpress.nibis.de\/gsgrabst\/files\/2024\/06\/1718829744777-768x1024.jpg 768w, https:\/\/wordpress.nibis.de\/gsgrabst\/files\/2024\/06\/1718829744777-225x300.jpg 225w, https:\/\/wordpress.nibis.de\/gsgrabst\/files\/2024\/06\/1718829744777-1152x1536.jpg 1152w, https:\/\/wordpress.nibis.de\/gsgrabst\/files\/2024\/06\/1718829744777.jpg 1536w\" sizes=\"auto, (max-width: 768px) 100vw, 768px\" \/><\/a><\/figure>\n<\/figure>\n\n\n\n<p><strong>Skipping Hearts<\/strong><\/p>\n\n\n\n<p>Am Montag den 17.06.2024 fand ein 2st\u00fcndiger Workshop &#8222;Seilspringen&#8220; f\u00fcr die 4te Klasse statt. Im Anschluss (4te Stunde) demonstrieren die Kinder f\u00fcr alle Interessierten, was sie erlernt bw. erarbeitet haben.<\/p>\n\n\n\n<p><\/p>\n\n\n\n<figure class=\"wp-block-image size-full\"><a href=\"https:\/\/wordpress.nibis.de\/gsgrabst\/files\/2024\/06\/Skipping_Hearts_Pressetext.pdf-Adobe-Acrobat-Reader-64-bit-12.06.2024-08_31_56.png\"><img loading=\"lazy\" decoding=\"async\" width=\"469\" height=\"652\" src=\"https:\/\/wordpress.nibis.de\/gsgrabst\/files\/2024\/06\/Skipping_Hearts_Pressetext.pdf-Adobe-Acrobat-Reader-64-bit-12.06.2024-08_31_56.png\" alt=\"\" class=\"wp-image-647\" srcset=\"https:\/\/wordpress.nibis.de\/gsgrabst\/files\/2024\/06\/Skipping_Hearts_Pressetext.pdf-Adobe-Acrobat-Reader-64-bit-12.06.2024-08_31_56.png 469w, https:\/\/wordpress.nibis.de\/gsgrabst\/files\/2024\/06\/Skipping_Hearts_Pressetext.pdf-Adobe-Acrobat-Reader-64-bit-12.06.2024-08_31_56-216x300.png 216w\" sizes=\"auto, (max-width: 469px) 100vw, 469px\" \/><\/a><\/figure>\n\n\n\n<p><strong>Abschlussfahrt nach Langeoog<\/strong><\/p>\n\n\n\n<p>Die 4te Klasse verbrachte zum Abschluss ihrer Grundschulzeit einen wundervollen Tag auf Langeoog. Das Wetter konnte die Stimmung nicht tr\u00fcben. Die \u00dcberfahrt mit der F\u00e4hre und die anschlie\u00dfende Fahrt mit der Inselbahn waren gleich die ersten Higlights. Anschlie\u00dfend wurde der Ort erkundigt und ausgiebig am Strand gespielt. Abends kehrten alle begeistert und ersch\u00f6pft ans Festland zur\u00fcck. Das war ein toller Tag!<\/p>\n\n\n\n<figure class=\"wp-block-gallery has-nested-images columns-default is-cropped is-style-tw-img-rounded wp-block-gallery-2 is-layout-flex wp-block-gallery-is-layout-flex\">\n<figure class=\"wp-block-image size-large\"><a href=\"https:\/\/wordpress.nibis.de\/gsgrabst\/files\/2024\/06\/wasserturm-1.jpg\"><img loading=\"lazy\" decoding=\"async\" width=\"768\" height=\"1024\" data-id=\"658\" src=\"https:\/\/wordpress.nibis.de\/gsgrabst\/files\/2024\/06\/wasserturm-1-768x1024.jpg\" alt=\"\" class=\"wp-image-658\" srcset=\"https:\/\/wordpress.nibis.de\/gsgrabst\/files\/2024\/06\/wasserturm-1-768x1024.jpg 768w, https:\/\/wordpress.nibis.de\/gsgrabst\/files\/2024\/06\/wasserturm-1-225x300.jpg 225w, https:\/\/wordpress.nibis.de\/gsgrabst\/files\/2024\/06\/wasserturm-1-1152x1536.jpg 1152w, https:\/\/wordpress.nibis.de\/gsgrabst\/files\/2024\/06\/wasserturm-1.jpg 1200w\" sizes=\"auto, (max-width: 768px) 100vw, 768px\" \/><\/a><figcaption>Wasserturm <\/figcaption><\/figure>\n\n\n\n<figure class=\"wp-block-image size-large\"><a href=\"https:\/\/wordpress.nibis.de\/gsgrabst\/files\/2024\/06\/strand2-1.jpg\"><img loading=\"lazy\" decoding=\"async\" width=\"768\" height=\"1024\" data-id=\"657\" src=\"https:\/\/wordpress.nibis.de\/gsgrabst\/files\/2024\/06\/strand2-1-768x1024.jpg\" alt=\"\" class=\"wp-image-657\" srcset=\"https:\/\/wordpress.nibis.de\/gsgrabst\/files\/2024\/06\/strand2-1-768x1024.jpg 768w, https:\/\/wordpress.nibis.de\/gsgrabst\/files\/2024\/06\/strand2-1-225x300.jpg 225w, https:\/\/wordpress.nibis.de\/gsgrabst\/files\/2024\/06\/strand2-1-1152x1536.jpg 1152w, https:\/\/wordpress.nibis.de\/gsgrabst\/files\/2024\/06\/strand2-1.jpg 1200w\" sizes=\"auto, (max-width: 768px) 100vw, 768px\" \/><\/a><\/figure>\n<\/figure>\n\n\n\n<figure class=\"wp-block-gallery has-nested-images columns-default is-cropped is-style-tw-img-rounded wp-block-gallery-3 is-layout-flex wp-block-gallery-is-layout-flex\">\n<figure class=\"wp-block-image size-large\"><a href=\"https:\/\/wordpress.nibis.de\/gsgrabst\/files\/2024\/06\/strand1.jpg\"><img loading=\"lazy\" decoding=\"async\" width=\"768\" height=\"1024\" data-id=\"654\" src=\"https:\/\/wordpress.nibis.de\/gsgrabst\/files\/2024\/06\/strand1-768x1024.jpg\" alt=\"\" class=\"wp-image-654\" srcset=\"https:\/\/wordpress.nibis.de\/gsgrabst\/files\/2024\/06\/strand1-768x1024.jpg 768w, https:\/\/wordpress.nibis.de\/gsgrabst\/files\/2024\/06\/strand1-225x300.jpg 225w, https:\/\/wordpress.nibis.de\/gsgrabst\/files\/2024\/06\/strand1-1152x1536.jpg 1152w, https:\/\/wordpress.nibis.de\/gsgrabst\/files\/2024\/06\/strand1.jpg 1200w\" sizes=\"auto, (max-width: 768px) 100vw, 768px\" \/><\/a><\/figure>\n\n\n\n<figure class=\"wp-block-image size-large\"><a href=\"https:\/\/wordpress.nibis.de\/gsgrabst\/files\/2024\/06\/inselbahn.jpg\"><img loading=\"lazy\" decoding=\"async\" width=\"768\" height=\"1024\" data-id=\"653\" src=\"https:\/\/wordpress.nibis.de\/gsgrabst\/files\/2024\/06\/inselbahn-768x1024.jpg\" alt=\"\" class=\"wp-image-653\" srcset=\"https:\/\/wordpress.nibis.de\/gsgrabst\/files\/2024\/06\/inselbahn-768x1024.jpg 768w, https:\/\/wordpress.nibis.de\/gsgrabst\/files\/2024\/06\/inselbahn-225x300.jpg 225w, https:\/\/wordpress.nibis.de\/gsgrabst\/files\/2024\/06\/inselbahn-1152x1536.jpg 1152w, https:\/\/wordpress.nibis.de\/gsgrabst\/files\/2024\/06\/inselbahn.jpg 1200w\" sizes=\"auto, (max-width: 768px) 100vw, 768px\" \/><\/a><figcaption>Inselbahn<\/figcaption><\/figure>\n<\/figure>\n\n\n\n<p><strong>Fasching<\/strong><\/p>\n\n\n\n<p>Am Faschingsdienstag wurde ordentlich gefeiert. Alle Kinder durften verkleidet zur Schule kommen. Es wurde getanzt, gelacht und gespielt. Mit einer gro\u00dfen Polonaise ging es zum Fr\u00fchst\u00fccksbuffet, welches durch Eltern vorbereitet und unterst\u00fctzt wurde. Danach durften die Kost\u00fcme auf dem Laufsteg pr\u00e4sentiert werden,. Es war wie jedes Jahr wieder ein tolller Tag.<\/p>\n\n\n\n<figure class=\"wp-block-gallery has-nested-images columns-default is-cropped wp-block-gallery-4 is-layout-flex wp-block-gallery-is-layout-flex\">\n<figure class=\"wp-block-image size-large\"><a href=\"https:\/\/wordpress.nibis.de\/gsgrabst\/files\/2024\/02\/Fasching-1-scaled.jpg\"><img loading=\"lazy\" decoding=\"async\" width=\"1024\" height=\"603\" data-id=\"587\" src=\"https:\/\/wordpress.nibis.de\/gsgrabst\/files\/2024\/02\/Fasching-1-1024x603.jpg\" alt=\"\" class=\"wp-image-587\" srcset=\"https:\/\/wordpress.nibis.de\/gsgrabst\/files\/2024\/02\/Fasching-1-1024x603.jpg 1024w, https:\/\/wordpress.nibis.de\/gsgrabst\/files\/2024\/02\/Fasching-1-300x177.jpg 300w, https:\/\/wordpress.nibis.de\/gsgrabst\/files\/2024\/02\/Fasching-1-768x452.jpg 768w, https:\/\/wordpress.nibis.de\/gsgrabst\/files\/2024\/02\/Fasching-1-1536x905.jpg 1536w, https:\/\/wordpress.nibis.de\/gsgrabst\/files\/2024\/02\/Fasching-1-2048x1206.jpg 2048w, https:\/\/wordpress.nibis.de\/gsgrabst\/files\/2024\/02\/Fasching-1-500x294.jpg 500w\" sizes=\"auto, (max-width: 1024px) 100vw, 1024px\" \/><\/a><\/figure>\n\n\n\n<figure class=\"wp-block-image size-large\"><a href=\"https:\/\/wordpress.nibis.de\/gsgrabst\/files\/2024\/02\/FAsching-2-scaled.jpg\"><img loading=\"lazy\" decoding=\"async\" width=\"663\" height=\"1024\" data-id=\"588\" src=\"https:\/\/wordpress.nibis.de\/gsgrabst\/files\/2024\/02\/FAsching-2-663x1024.jpg\" alt=\"\" class=\"wp-image-588\" srcset=\"https:\/\/wordpress.nibis.de\/gsgrabst\/files\/2024\/02\/FAsching-2-663x1024.jpg 663w, https:\/\/wordpress.nibis.de\/gsgrabst\/files\/2024\/02\/FAsching-2-194x300.jpg 194w, https:\/\/wordpress.nibis.de\/gsgrabst\/files\/2024\/02\/FAsching-2-768x1186.jpg 768w, https:\/\/wordpress.nibis.de\/gsgrabst\/files\/2024\/02\/FAsching-2-995x1536.jpg 995w, https:\/\/wordpress.nibis.de\/gsgrabst\/files\/2024\/02\/FAsching-2-1326x2048.jpg 1326w, https:\/\/wordpress.nibis.de\/gsgrabst\/files\/2024\/02\/FAsching-2-scaled.jpg 1658w\" sizes=\"auto, (max-width: 663px) 100vw, 663px\" \/><\/a><\/figure>\n\n\n\n<figure class=\"wp-block-image size-large\"><a href=\"https:\/\/wordpress.nibis.de\/gsgrabst\/files\/2024\/02\/Fasching-3-scaled.jpg\"><img loading=\"lazy\" decoding=\"async\" width=\"600\" height=\"1024\" data-id=\"589\" src=\"https:\/\/wordpress.nibis.de\/gsgrabst\/files\/2024\/02\/Fasching-3-600x1024.jpg\" alt=\"\" class=\"wp-image-589\" srcset=\"https:\/\/wordpress.nibis.de\/gsgrabst\/files\/2024\/02\/Fasching-3-600x1024.jpg 600w, https:\/\/wordpress.nibis.de\/gsgrabst\/files\/2024\/02\/Fasching-3-176x300.jpg 176w, https:\/\/wordpress.nibis.de\/gsgrabst\/files\/2024\/02\/Fasching-3-768x1310.jpg 768w, https:\/\/wordpress.nibis.de\/gsgrabst\/files\/2024\/02\/Fasching-3-900x1536.jpg 900w, https:\/\/wordpress.nibis.de\/gsgrabst\/files\/2024\/02\/Fasching-3-1200x2048.jpg 1200w, https:\/\/wordpress.nibis.de\/gsgrabst\/files\/2024\/02\/Fasching-3-scaled.jpg 1500w\" sizes=\"auto, (max-width: 600px) 100vw, 600px\" \/><\/a><\/figure>\n<\/figure>\n\n\n\n\n\n<p><strong>Autorenlesung<\/strong><\/p>\n\n\n\n<p>Am Dienstag den 12.09.2023 hatten wir Besuch von Frau Jenta. <img decoding=\"async\" src=\"https:\/\/th.bing.com\/th\/id\/OIP.2ihGoI6OxQQdI64uc2sNqAHaEK?pid=ImgDet&amp;rs=1\" alt=\"(Plus) Huderin Karin Jenta schreibt schon am vierten Kinderbuch | DKO\"><br>Sie hat uns aus ihrem neusten Buch &#8222;Zwei starke Generationen&#8220;&nbsp; vorgelesen und sich mit den Sch\u00fclerInnen dar\u00fcber ausgetauscht. Sechs Geschichten zeigen, dass \u00e4ltere sehr viel von j\u00fcngeren Menschen lernen k\u00f6nnen und umgekehrt.<br>Im Anschlu\u00df bekam jedes Kind, dank der Unterst\u00fctzung des Landtechnischen Lohnbetriebs Enno Brunken ein Exemplar des Buches und eine Autogrammkarte geschenkt.<br>Ein Exemplar des vorherigen Buches &#8222;Ist unser Wald in Gefahr&#8220; gab es f\u00fcr die B\u00fccherei.<\/p>\n\n\n\n<p><\/p>\n","protected":false},"excerpt":{"rendered":"<p>DIE BR\u00dcCKEN \u00a0\u00a0\u00a0\u00a0\u00a0\u00a0\u00a0\u00a0\u00a0\u00a0\u00a0\u00a0\u00a0\u00a0\u00a0\u00a0\u00a0\u00a0\u00a0\u00a0\u00a0\u00a0\u00a0\u00a0\u00a0\u00a0\u00a0\u00a0\u00a0\u00a0\u00a0\u00a0\u00a0\u00a0\u00a0\u00a0\u00a0\u00a0\u00a0\u00a0\u00a0\u00a0\u00a0\u00a0\u00a0\u00a0\u00a0\u00a0\u00a0\u00a0\u00a0\u00a0\u00a0\u00a0\u00a0\u00a0\u00a0\u00a0\u00a0\u00a0\u00a0\u00a0\u00a0\u00a0\u00a0\u00a0\u00a0\u00a0\u00a0\u00a0\u00a0\u00a0 Im Sachunterricht haben wir gerade das Thema Br\u00fccken. Es gibt viele verschiedene Br\u00fccken auf der Welt (z.B.:\u00a0 die Golden-Gate-Bridge.) In Sachunterricht haben wir versucht eine Leonardo-da-Vinci-Br\u00fccke aus Holzst\u00e4ben zu bauen. Es gibt viele verschiedene Arten Br\u00fccken zu &hellip; <a href=\"https:\/\/wordpress.nibis.de\/gsgrabst\/aktuelles\/\">Weiterlesen <span class=\"meta-nav\">&rarr;<\/span><\/a><\/p>\n","protected":false},"author":885,"featured_media":0,"parent":0,"menu_order":0,"comment_status":"closed","ping_status":"closed","template":"","meta":{"footnotes":""},"class_list":["post-61","page","type-page","status-publish","hentry"],"_links":{"self":[{"href":"https:\/\/wordpress.nibis.de\/gsgrabst\/wp-json\/wp\/v2\/pages\/61","targetHints":{"allow":["GET"]}}],"collection":[{"href":"https:\/\/wordpress.nibis.de\/gsgrabst\/wp-json\/wp\/v2\/pages"}],"about":[{"href":"https:\/\/wordpress.nibis.de\/gsgrabst\/wp-json\/wp\/v2\/types\/page"}],"author":[{"embeddable":true,"href":"https:\/\/wordpress.nibis.de\/gsgrabst\/wp-json\/wp\/v2\/users\/885"}],"replies":[{"embeddable":true,"href":"https:\/\/wordpress.nibis.de\/gsgrabst\/wp-json\/wp\/v2\/comments?post=61"}],"version-history":[{"count":23,"href":"https:\/\/wordpress.nibis.de\/gsgrabst\/wp-json\/wp\/v2\/pages\/61\/revisions"}],"predecessor-version":[{"id":711,"href":"https:\/\/wordpress.nibis.de\/gsgrabst\/wp-json\/wp\/v2\/pages\/61\/revisions\/711"}],"wp:attachment":[{"href":"https:\/\/wordpress.nibis.de\/gsgrabst\/wp-json\/wp\/v2\/media?parent=61"}],"curies":[{"name":"wp","href":"https:\/\/api.w.org\/{rel}","templated":true}]}}