{"id":88,"date":"2016-09-08T20:39:48","date_gmt":"2016-09-08T18:39:48","guid":{"rendered":"http:\/\/wordpress.nibis.de\/gsgrabst\/?page_id=88"},"modified":"2025-06-20T17:12:51","modified_gmt":"2025-06-20T15:12:51","slug":"unsere-schulemitarbeiterinnen-und-mitarbeiter","status":"publish","type":"page","link":"https:\/\/wordpress.nibis.de\/gsgrabst\/unsere-schulemitarbeiterinnen-und-mitarbeiter\/","title":{"rendered":"Mitarbeiterinnen und Mitarbeiter"},"content":{"rendered":"\n<hr class=\"wp-block-separator\" \/>\n\n\n\n<p><strong>P\u00e4dagogische Mitarbeiterinnen:\u00a0<\/strong>Frau Bartels, Frau Popken, Frau Twele, Frau Vogel, Frau Tweele<\/p>\n\n\n\n<div class=\"wp-block-group\"><div class=\"wp-block-group__inner-container is-layout-flow wp-block-group-is-layout-flow\">\n<figure class=\"wp-block-gallery has-nested-images columns-default is-cropped is-style-tw-img-rounded wp-block-gallery-1 is-layout-flex wp-block-gallery-is-layout-flex\">\n<figure class=\"wp-block-image size-large\"><a href=\"https:\/\/wordpress.nibis.de\/gsgrabst\/files\/2024\/04\/edda-scaled.jpg\"><img loading=\"lazy\" decoding=\"async\" width=\"1928\" height=\"2560\" data-id=\"620\" src=\"https:\/\/wordpress.nibis.de\/gsgrabst\/files\/2024\/04\/edda-scaled.jpg\" alt=\"\" class=\"wp-image-620\" srcset=\"https:\/\/wordpress.nibis.de\/gsgrabst\/files\/2024\/04\/edda-scaled.jpg 1928w, https:\/\/wordpress.nibis.de\/gsgrabst\/files\/2024\/04\/edda-226x300.jpg 226w, https:\/\/wordpress.nibis.de\/gsgrabst\/files\/2024\/04\/edda-771x1024.jpg 771w, https:\/\/wordpress.nibis.de\/gsgrabst\/files\/2024\/04\/edda-768x1020.jpg 768w, https:\/\/wordpress.nibis.de\/gsgrabst\/files\/2024\/04\/edda-1157x1536.jpg 1157w, https:\/\/wordpress.nibis.de\/gsgrabst\/files\/2024\/04\/edda-1542x2048.jpg 1542w\" sizes=\"auto, (max-width: 1928px) 100vw, 1928px\" \/><\/a><figcaption>Frau Bartels<\/figcaption><\/figure>\n\n\n\n<figure class=\"wp-block-image size-large\"><a href=\"https:\/\/wordpress.nibis.de\/gsgrabst\/files\/2024\/04\/Susanne-1-scaled.jpg\"><img loading=\"lazy\" decoding=\"async\" width=\"1928\" height=\"2560\" data-id=\"618\" src=\"https:\/\/wordpress.nibis.de\/gsgrabst\/files\/2024\/04\/Susanne-1-scaled.jpg\" alt=\"\" class=\"wp-image-618\" srcset=\"https:\/\/wordpress.nibis.de\/gsgrabst\/files\/2024\/04\/Susanne-1-scaled.jpg 1928w, https:\/\/wordpress.nibis.de\/gsgrabst\/files\/2024\/04\/Susanne-1-226x300.jpg 226w, https:\/\/wordpress.nibis.de\/gsgrabst\/files\/2024\/04\/Susanne-1-771x1024.jpg 771w, https:\/\/wordpress.nibis.de\/gsgrabst\/files\/2024\/04\/Susanne-1-768x1020.jpg 768w, https:\/\/wordpress.nibis.de\/gsgrabst\/files\/2024\/04\/Susanne-1-1157x1536.jpg 1157w, https:\/\/wordpress.nibis.de\/gsgrabst\/files\/2024\/04\/Susanne-1-1542x2048.jpg 1542w\" sizes=\"auto, (max-width: 1928px) 100vw, 1928px\" \/><\/a><figcaption>Frau Poppken<\/figcaption><\/figure>\n<\/figure>\n<\/div><\/div>\n\n\n\n<figure class=\"wp-block-gallery has-nested-images columns-default is-cropped is-style-tw-img-rounded wp-block-gallery-2 is-layout-flex wp-block-gallery-is-layout-flex\">\n<figure class=\"wp-block-image size-large\"><a href=\"https:\/\/wordpress.nibis.de\/gsgrabst\/files\/2025\/06\/Daniela-scaled.jpg\"><img loading=\"lazy\" decoding=\"async\" width=\"768\" height=\"1024\" data-id=\"714\" src=\"https:\/\/wordpress.nibis.de\/gsgrabst\/files\/2025\/06\/Daniela-768x1024.jpg\" alt=\"\" class=\"wp-image-714\" srcset=\"https:\/\/wordpress.nibis.de\/gsgrabst\/files\/2025\/06\/Daniela-768x1024.jpg 768w, https:\/\/wordpress.nibis.de\/gsgrabst\/files\/2025\/06\/Daniela-225x300.jpg 225w, https:\/\/wordpress.nibis.de\/gsgrabst\/files\/2025\/06\/Daniela-1152x1536.jpg 1152w, https:\/\/wordpress.nibis.de\/gsgrabst\/files\/2025\/06\/Daniela-1536x2048.jpg 1536w, https:\/\/wordpress.nibis.de\/gsgrabst\/files\/2025\/06\/Daniela-scaled.jpg 1920w\" sizes=\"auto, (max-width: 768px) 100vw, 768px\" \/><\/a><figcaption>Frau Tweele mit Peanut<\/figcaption><\/figure>\n\n\n\n<figure class=\"wp-block-image size-large\"><a href=\"https:\/\/wordpress.nibis.de\/gsgrabst\/files\/2024\/04\/Melanie-1-scaled.jpg\"><img loading=\"lazy\" decoding=\"async\" width=\"1928\" height=\"2560\" data-id=\"628\" src=\"https:\/\/wordpress.nibis.de\/gsgrabst\/files\/2024\/04\/Melanie-1-scaled.jpg\" alt=\"\" class=\"wp-image-628\" srcset=\"https:\/\/wordpress.nibis.de\/gsgrabst\/files\/2024\/04\/Melanie-1-scaled.jpg 1928w, https:\/\/wordpress.nibis.de\/gsgrabst\/files\/2024\/04\/Melanie-1-226x300.jpg 226w, https:\/\/wordpress.nibis.de\/gsgrabst\/files\/2024\/04\/Melanie-1-771x1024.jpg 771w, https:\/\/wordpress.nibis.de\/gsgrabst\/files\/2024\/04\/Melanie-1-768x1020.jpg 768w, https:\/\/wordpress.nibis.de\/gsgrabst\/files\/2024\/04\/Melanie-1-1157x1536.jpg 1157w, https:\/\/wordpress.nibis.de\/gsgrabst\/files\/2024\/04\/Melanie-1-1542x2048.jpg 1542w\" sizes=\"auto, (max-width: 1928px) 100vw, 1928px\" \/><\/a><figcaption>Frau Vogel<\/figcaption><\/figure>\n<\/figure>\n\n\n\n<hr class=\"wp-block-separator\" \/>\n\n\n\n<p><\/p>\n\n\n\n<div class=\"wp-block-group\"><div class=\"wp-block-group__inner-container is-layout-flow wp-block-group-is-layout-flow\"><\/div><\/div>\n\n\n\n<hr class=\"wp-block-separator\" \/>\n\n\n\n<p><\/p>\n\n\n\n\n\n<p><strong>Schulsozialarbeiterin:&nbsp;<\/strong>Inja Boomgaarden und Holger Hei&#8230;<\/p>\n\n\n\n<p>Frau Boomgaarden ist f\u00fcr folgende T\u00e4tigkeiten in der Schule zust\u00e4ndig:<\/p>\n\n\n\n<ul class=\"wp-block-list\"><li>Beratung und Unterst\u00fctzung von Sch\u00fclerinnen und Sch\u00fclern<\/li><li>Beratung von Eltern und Lehrern<\/li><li>Vermittlung zu anderen Dienstleistungsbereichen<\/li><\/ul>\n\n\n\n<p>Erreichbarkeit: Freitags von 8.00 bis 12.00 Uhr in der Schule oder Tel.: 0173-2911641<\/p>\n\n\n\n\n\n<p><strong>Hausmeister:&nbsp;<\/strong>Herr Warnken<\/p>\n\n\n\n<div class=\"wp-block-image\"><figure class=\"aligncenter size-large is-resized\"><a href=\"https:\/\/wordpress.nibis.de\/gsgrabst\/files\/2024\/04\/Haus-scaled.jpg\"><img loading=\"lazy\" decoding=\"async\" src=\"https:\/\/wordpress.nibis.de\/gsgrabst\/files\/2024\/04\/Haus-771x1024.jpg\" alt=\"\" class=\"wp-image-624\" width=\"432\" height=\"578\" \/><\/a><figcaption><strong>Herr Warnken<\/strong><\/figcaption><\/figure><\/div>\n\n\n\n<hr class=\"wp-block-separator\" \/>\n\n\n\n<p><strong>Sekret\u00e4rin:&nbsp;<\/strong>Frau L\u00fcbben<\/p>\n\n\n\n<hr class=\"wp-block-separator\" \/>\n\n\n\n\n\n<div class=\"wp-block-group\"><div class=\"wp-block-group__inner-container is-layout-flow wp-block-group-is-layout-flow\"><\/div><\/div>\n\n\n\n<p><\/p>\n\n\n\n<p><strong>IntegrationsghelferInnen:&nbsp;<\/strong><\/p>\n\n\n\n<p><strong>Bundesfreiwilligendienst:&nbsp;<\/strong> &nbsp;&nbsp;&nbsp;&nbsp;&nbsp;&nbsp;&nbsp;&nbsp; &nbsp;&nbsp; Frau Janika B\u00f6cker und Frau Lana-Zoe Meyer zum Felde<\/p>\n\n\n\n<p><strong>Mensateam:&nbsp;&nbsp;<\/strong>&nbsp;Frau Friedemann, Frau M\u00fcller<\/p>\n\n\n\n<p><strong>Reinigungskr\u00e4fte:&nbsp;<\/strong>Frau Friedemann, Frau Meining, Frau M\u00fcller<\/p>\n\n\n\n<div class=\"wp-block-group\"><div class=\"wp-block-group__inner-container is-layout-flow wp-block-group-is-layout-flow\">\n<div class=\"wp-block-image\"><figure class=\"alignright size-large is-resized\"><a href=\"https:\/\/wordpress.nibis.de\/gsgrabst\/files\/2024\/04\/FRie-1-scaled.jpg\"><img loading=\"lazy\" decoding=\"async\" src=\"https:\/\/wordpress.nibis.de\/gsgrabst\/files\/2024\/04\/FRie-1-771x1024.jpg\" alt=\"\" class=\"wp-image-623\" width=\"255\" height=\"344\" \/><\/a><figcaption><strong>Frau Friedemann<\/strong><\/figcaption><\/figure><\/div>\n\n\n\n<figure class=\"wp-block-image size-large is-resized\"><a href=\"https:\/\/wordpress.nibis.de\/gsgrabst\/files\/2024\/01\/Marlies-scaled.jpg\"><img loading=\"lazy\" decoding=\"async\" src=\"https:\/\/wordpress.nibis.de\/gsgrabst\/files\/2024\/01\/Marlies-771x1024.jpg\" alt=\"\" class=\"wp-image-548\" width=\"261\" height=\"356\" \/><\/a><figcaption><strong>Frau M\u00fcller<\/strong><\/figcaption><\/figure>\n\n\n<\/div><\/div>\n\n\n\n<hr class=\"wp-block-separator\" \/>\n\n\n\n<hr class=\"wp-block-separator\" \/>\n\n\n\n<hr class=\"wp-block-separator\" \/>\n","protected":false},"excerpt":{"rendered":"<p>P\u00e4dagogische Mitarbeiterinnen:\u00a0Frau Bartels, Frau Popken, Frau Twele, Frau Vogel, Frau Tweele Schulsozialarbeiterin:&nbsp;Inja Boomgaarden und Holger Hei&#8230; Frau Boomgaarden ist f\u00fcr folgende T\u00e4tigkeiten in der Schule zust\u00e4ndig: Beratung und Unterst\u00fctzung von Sch\u00fclerinnen und Sch\u00fclern Beratung von Eltern und Lehrern Vermittlung zu &hellip; <a href=\"https:\/\/wordpress.nibis.de\/gsgrabst\/unsere-schulemitarbeiterinnen-und-mitarbeiter\/\">Weiterlesen <span class=\"meta-nav\">&rarr;<\/span><\/a><\/p>\n","protected":false},"author":885,"featured_media":0,"parent":0,"menu_order":0,"comment_status":"closed","ping_status":"closed","template":"","meta":{"footnotes":""},"class_list":["post-88","page","type-page","status-publish","hentry"],"_links":{"self":[{"href":"https:\/\/wordpress.nibis.de\/gsgrabst\/wp-json\/wp\/v2\/pages\/88","targetHints":{"allow":["GET"]}}],"collection":[{"href":"https:\/\/wordpress.nibis.de\/gsgrabst\/wp-json\/wp\/v2\/pages"}],"about":[{"href":"https:\/\/wordpress.nibis.de\/gsgrabst\/wp-json\/wp\/v2\/types\/page"}],"author":[{"embeddable":true,"href":"https:\/\/wordpress.nibis.de\/gsgrabst\/wp-json\/wp\/v2\/users\/885"}],"replies":[{"embeddable":true,"href":"https:\/\/wordpress.nibis.de\/gsgrabst\/wp-json\/wp\/v2\/comments?post=88"}],"version-history":[{"count":37,"href":"https:\/\/wordpress.nibis.de\/gsgrabst\/wp-json\/wp\/v2\/pages\/88\/revisions"}],"predecessor-version":[{"id":716,"href":"https:\/\/wordpress.nibis.de\/gsgrabst\/wp-json\/wp\/v2\/pages\/88\/revisions\/716"}],"wp:attachment":[{"href":"https:\/\/wordpress.nibis.de\/gsgrabst\/wp-json\/wp\/v2\/media?parent=88"}],"curies":[{"name":"wp","href":"https:\/\/api.w.org\/{rel}","templated":true}]}}